{"id":18342,"date":"2025-02-01T16:14:13","date_gmt":"2025-02-01T15:14:13","guid":{"rendered":"https:\/\/boskienasiona.pl\/product\/nasiona-warzyw-na-tasmie-pietruszka-berlinska-korzen-pozna-miazsz-kremowy\/"},"modified":"2026-04-19T06:15:25","modified_gmt":"2026-04-19T04:15:25","slug":"nasiona-warzyw-na-tasmie-pietruszka-berlinska-korzen-pozna-miazsz-kremowy","status":"publish","type":"product","link":"https:\/\/boskienasiona.pl\/en\/produkt\/nasiona-warzyw-na-tasmie-pietruszka-berlinska-korzen-pozna-miazsz-kremowy\/","title":{"rendered":"Nasiona warzyw na ta\u015bmie Pietruszka Berli\u0144ska Korze\u0144 P\u00f3\u017ana mi\u0105\u017csz kremowy"},"content":{"rendered":"<section class=\"section\">\n<div class=\"item item-12\">\n<section class=\"text-item\">\n<h1>Nasiona warzyw na ta\u015bmie Pietruszka Berli\u0144ska Korze\u0144 P\u00f3\u017ana mi\u0105\u017csz kremowy<\/h1>\n<\/section><\/div>\n<\/section>\n<section class=\"section\">\n<div class=\"item item-6\">\n<section class=\"image-item\">\n            <img decoding=\"async\" src=\"https:\/\/upload.cdn.baselinker.com\/products\/3018170\/d0686f52359f2c59f12bcd5cdb57d147.png\" \/><br \/>\n        <\/section>\n<\/p><\/div>\n<div class=\"item item-6\">\n<section class=\"text-item\">\n<p><b>Pietruszka korzeniowa Halblange &#8211;\u00a0Berli\u0144ska\u00a0(p\u00f3\u017ana) &#8211; ta\u015bma<\/b><\/p>\n<p>Petroselinum hortense\u00a0 Hoffm.<\/p>\n<p>Odmiana p\u00f3\u017ana (okres wegetacji 185-205 dni) o\u00a0bardzo dobrych jako\u015bciowo, zdrowych korzeniach i\u00a0li\u015bciach. Korzenie bardzo kszta\u0142tne, d\u0142ugie (22-24 cm), r\u00f3wnomiernie zw\u0119\u017caj\u0105ce\u00a0si\u0119 ku do\u0142owi; maj\u0105 g\u0142adk\u0105, jasn\u0105 sk\u00f3rk\u0119 i\u00a0nie\u00a0rozwidlaj\u0105 si\u0119. Mi\u0105\u017csz aromatyczny, bia\u0142o-kremowy, zwarty. Odporna na\u00a0d\u0142ugie przechowywanie. Doskona\u0142a na\u00a0\u015bwie\u017cy rynek i\u00a0do\u00a0przetw\u00f3rstwa. Wysiew na\u00a0g\u0142\u0119boko\u015b\u0107 1,5-2,5cm od\u00a0po\u0142owy III do\u00a0po\u0142owy V. Mo\u017cna stosowa\u0107 siew ozimy od\u00a0po\u0142owy X-XI.<\/p>\n<p><b>Opakowanie zawiera 6\u00a0m ta\u015bmy nasiennej.<\/b><\/p>\n<\/section><\/div>\n<\/section>\n<section class=\"section\">\n<div class=\"item item-6\">\n<section class=\"image-item\">\n            <img decoding=\"async\" src=\"https:\/\/upload.cdn.baselinker.com\/products\/3018170\/d851848c7ef68a5f07dc0f429e0dc4e1.png\" \/><br \/>\n        <\/section>\n<\/p><\/div>\n<div class=\"item item-6\">\n<section class=\"text-item\">\n<p><b>Nasiona na ta\u015bmie<\/b><\/p>\n<p>S\u0105 to specjalne ta\u015bmy oraz kr\u0105\u017cki naszpikowane nasionami w odpowiednim rozstawie. Nie trzeba wi\u0119c by\u0107 ekspertem, \u017ceby odpowiednio dobra\u0107 odleg\u0142o\u015b\u0107 rozsiewu dla danej ro\u015bliny. Ro\u015bliny nie b\u0119d\u0105 przeszkadza\u0107 sobie nawzajem w rozro\u015bcie, dzi\u0119ki temu plony b\u0119d\u0105 maksymalnie obfite!<\/p>\n<\/section><\/div>\n<\/section>\n<section class=\"section\">\n<div class=\"item item-6\">\n<section class=\"image-item\">\n            <img decoding=\"async\" src=\"https:\/\/upload.cdn.baselinker.com\/products\/3018170\/cbff911ac9303ccfd0b8225ccf4d50db.png\" \/><br \/>\n        <\/section>\n<\/p><\/div>\n<div class=\"item item-6\">\n<section class=\"text-item\">\n<p><b>Wysiew nasion na ta\u015bmie w 4 prostych krokach<\/b><\/p>\n<p><b>1\ufe0f\u20e3 Rozrywamy ta\u015bm\u0119 w miejscu perforacji<\/b><\/p>\n<p><b>2\ufe0f\u20e3 Uk\u0142adamy we wcze\u015bniej przygotowanym rowku<\/b><\/p>\n<p><b>3\ufe0f\u20e3 Roz\u0142o\u017con\u0105 ta\u015bm\u0119 przysypujemy cienk\u0105 warstw\u0105 ziemi<\/b><\/p>\n<p><b>4\ufe0f\u20e3 Na koniec obficie podlewamy<\/b><\/p>\n<\/section><\/div>\n<\/section>\n<section class=\"section\">\n<div class=\"item item-6\">\n<section class=\"image-item\">\n            <img decoding=\"async\" src=\"https:\/\/upload.cdn.baselinker.com\/products\/3018170\/fd5ea17afe541f35285219cf46f55e87.png\" \/><br \/>\n        <\/section>\n<\/p><\/div>\n<div class=\"item item-6\">\n<section class=\"text-item\">\n<p><b>SPRAWDZONA JAKO\u015a\u0106 NASION<\/b><\/p>\n<p>Oferowane przez nas nasiona s\u0105 testowane w <b>Laboratorium Oceny Nasion pod wzgl\u0119dem:<\/b><\/p>\n<p>\u2705<b>kie\u0142kowania<\/b><\/p>\n<p>\u2705<b>wilgotno\u015bci<\/b><\/p>\n<p>\u2705<b>czysto\u015bci ziarna<\/b><\/p>\n<p><b>Dzi\u0119ki czemu udost\u0119pniane nasiona s\u0105 \u015bci\u015ble wyselekcjonowane, tylko wysokiej klasy.<\/b><\/p>\n<p>Torebki zakupione na naszej aukcji s\u0105 w pe\u0142ni bezpieczne, posiadaj\u0105 <b>dat\u0119 wa\u017cno\u015bci i nr partii na opakowaniu.<\/b> Gwarantujemy r\u00f3wnie\u017c jako\u015b\u0107 i oryginalno\u015b\u0107 produkt\u00f3w, poniewa\u017c s\u0105 nabywane bezpo\u015brednio od producenta.<\/p>\n<\/section><\/div>\n<\/section>\n<section class=\"section\">\n<div class=\"item item-6\">\n<section class=\"image-item\">\n            <img decoding=\"async\" src=\"https:\/\/upload.cdn.baselinker.com\/products\/3018170\/d851848c7ef68a5f07dc0f429e0dc4e1.png\" \/><br \/>\n        <\/section>\n<\/p><\/div>\n<div class=\"item item-6\">\n<section class=\"image-item\">\n            <img decoding=\"async\" src=\"https:\/\/upload.cdn.baselinker.com\/products\/3018170\/5d1f02059e85e68a091d217b99a6a750.jpg\" \/><br \/>\n        <\/section>\n<\/p><\/div>\n<\/section>\n","protected":false},"excerpt":{"rendered":"<p>Nasiona warzyw na ta\u015bmie Pietruszka Berli\u0144ska Korze\u0144 P\u00f3\u017ana mi\u0105\u017csz kremowy Pietruszka korzeniowa Halblange &#8211;\u00a0Berli\u0144ska\u00a0(p\u00f3\u017ana) &#8211; ta\u015bma Petroselinum hortense\u00a0 Hoffm. Odmiana p\u00f3\u017ana (okres wegetacji 185-205 dni) o\u00a0bardzo dobrych jako\u015bciowo, zdrowych korzeniach i\u00a0li\u015bciach. Korzenie bardzo kszta\u0142tne, d\u0142ugie (22-24 cm), r\u00f3wnomiernie zw\u0119\u017caj\u0105ce\u00a0si\u0119 ku do\u0142owi; maj\u0105 g\u0142adk\u0105, jasn\u0105 sk\u00f3rk\u0119 i\u00a0nie\u00a0rozwidlaj\u0105 si\u0119. Mi\u0105\u017csz aromatyczny, bia\u0142o-kremowy, zwarty. Odporna na\u00a0d\u0142ugie przechowywanie. Doskona\u0142a&#8230;<\/p>\n","protected":false},"featured_media":18324,"comment_status":"open","ping_status":"closed","template":"","meta":{"inline_featured_image":false},"product_cat":[126,162,184],"product_tag":[],"location":[],"class_list":{"0":"post-18342","1":"product","2":"type-product","3":"status-publish","4":"has-post-thumbnail","6":"product_cat-nasiona-warzyw","7":"product_cat-nasiona","8":"product_cat-nasiona-warzyw-na-tasmie","9":"nt-post-class","10":"","13":"excerpt-none","16":"first","17":"instock","18":"shipping-taxable","19":"purchasable","20":"product-type-simple"},"_links":{"self":[{"href":"https:\/\/boskienasiona.pl\/en\/wp-json\/wp\/v2\/product\/18342","targetHints":{"allow":["GET"]}}],"collection":[{"href":"https:\/\/boskienasiona.pl\/en\/wp-json\/wp\/v2\/product"}],"about":[{"href":"https:\/\/boskienasiona.pl\/en\/wp-json\/wp\/v2\/types\/product"}],"replies":[{"embeddable":true,"href":"https:\/\/boskienasiona.pl\/en\/wp-json\/wp\/v2\/comments?post=18342"}],"version-history":[{"count":1,"href":"https:\/\/boskienasiona.pl\/en\/wp-json\/wp\/v2\/product\/18342\/revisions"}],"predecessor-version":[{"id":22595,"href":"https:\/\/boskienasiona.pl\/en\/wp-json\/wp\/v2\/product\/18342\/revisions\/22595"}],"wp:featuredmedia":[{"embeddable":true,"href":"https:\/\/boskienasiona.pl\/en\/wp-json\/wp\/v2\/media\/18324"}],"wp:attachment":[{"href":"https:\/\/boskienasiona.pl\/en\/wp-json\/wp\/v2\/media?parent=18342"}],"wp:term":[{"taxonomy":"product_cat","embeddable":true,"href":"https:\/\/boskienasiona.pl\/en\/wp-json\/wp\/v2\/product_cat?post=18342"},{"taxonomy":"product_tag","embeddable":true,"href":"https:\/\/boskienasiona.pl\/en\/wp-json\/wp\/v2\/product_tag?post=18342"},{"taxonomy":"location","embeddable":true,"href":"https:\/\/boskienasiona.pl\/en\/wp-json\/wp\/v2\/location?post=18342"}],"curies":[{"name":"wp","href":"https:\/\/api.w.org\/{rel}","templated":true}]}}