{"id":18353,"date":"2025-02-01T16:15:05","date_gmt":"2025-02-01T15:15:05","guid":{"rendered":"https:\/\/boskienasiona.pl\/product\/nasiona-warzyw-bob-bialy-windsor-bialy-plenny\/"},"modified":"2026-04-19T14:16:19","modified_gmt":"2026-04-19T12:16:19","slug":"nasiona-warzyw-bob-bialy-windsor-bialy-plenny","status":"publish","type":"product","link":"https:\/\/boskienasiona.pl\/en\/produkt\/nasiona-warzyw-bob-bialy-windsor-bialy-plenny\/","title":{"rendered":"Nasiona warzyw B\u00d3B BIA\u0141Y WINDSOR BIA\u0141Y Plenny"},"content":{"rendered":"<section class=\"section\">\n<div class=\"item item-12\">\n<section class=\"text-item\">\n<h1>Nasiona warzyw B\u00d3B BIA\u0141Y WINDSOR BIA\u0141Y 50g<\/h1>\n<\/section><\/div>\n<\/section>\n<section class=\"section\">\n<div class=\"item item-6\">\n<section class=\"image-item\">\n            <img decoding=\"async\" src=\"https:\/\/upload.cdn.baselinker.com\/products\/3018170\/6ddd73d0dfdb034623e4d3be3c085625.png\" \/><br \/>\n        <\/section>\n<\/p><\/div>\n<div class=\"item item-6\">\n<section class=\"text-item\">\n<p><b>B\u00f3b Windsor bia\u0142y<\/b><\/p>\n<p>Odmiana \u015brednio wczesna, bardzo plenna. Ro\u015bliny dorastaj\u0105 do\u00a0wysoko\u015bci 120 cm, krzewi\u0105\u00a0si\u0119 s\u0142abo. Na\u00a0ro\u015blinie 6-10 szerokich str\u0105k\u00f3w z\u00a03-4 du\u017cymi, p\u0142askimi nasionami zielonkawobia\u0142ej barwy. Nasiona nale\u017cy wysiewa\u0107 na\u00a0g\u0142\u0119boko\u015b\u0107 4-6\u00a0cm jak najwcze\u015bniej na\u00a0wiosn\u0119 III-V, w\u00a0rz\u0119dy co 30-50\u00a0cm i\u00a0w\u00a0rz\u0119dzie kupowo po\u00a02-3 nasiona co 25 cm. Wymaga gleby ci\u0119\u017cszej, \u017cyznej, zasobnej w\u00a0wilgo\u0107.<\/p>\n<ul>\n<li><b>Opakowanie:<\/b> 50g<\/li>\n<li><b>Siew:<\/b> III- IV<\/li>\n<li><b>Zbi\u00f3r:<\/b> VI-VIII<\/li>\n<li><b>Rozstawa:<\/b> 30\u00a0cm x 25 cm<\/li>\n<\/ul>\n<\/section><\/div>\n<\/section>\n<section class=\"section\">\n<div class=\"item item-6\">\n<section class=\"image-item\">\n            <img decoding=\"async\" src=\"https:\/\/upload.cdn.baselinker.com\/products\/3018170\/45ac58904dd60f1a8dceeba7f6e03411.png\" \/><br \/>\n        <\/section>\n<\/p><\/div>\n<div class=\"item item-6\">\n<section class=\"text-item\">\n<p><b>SPRAWDZONA JAKO\u015a\u0106 NASION<\/b><\/p>\n<p>Oferowane przez nas nasiona s\u0105 testowane w <b>Laboratorium Oceny Nasion pod wzgl\u0119dem:<\/b><\/p>\n<p>\u2705<b>kie\u0142kowania<\/b><\/p>\n<p>\u2705<b>wilgotno\u015bci<\/b><\/p>\n<p>\u2705<b>czysto\u015bci ziarna<\/b><\/p>\n<p><b>Dzi\u0119ki czemu udost\u0119pniane nasiona s\u0105 \u015bci\u015ble wyselekcjonowane, tylko wysokiej klasy.<\/b><\/p>\n<p>Torebki zakupione na naszej aukcji s\u0105 w pe\u0142ni bezpieczne, posiadaj\u0105 <b>dat\u0119 wa\u017cno\u015bci i nr partii na opakowaniu.<\/b> Gwarantujemy r\u00f3wnie\u017c jako\u015b\u0107 i oryginalno\u015b\u0107 produkt\u00f3w, poniewa\u017c s\u0105 nabywane bezpo\u015brednio od producenta.<\/p>\n<\/section><\/div>\n<\/section>\n<section class=\"section\">\n<div class=\"item item-12\">\n<section class=\"image-item\">\n            <img decoding=\"async\" src=\"https:\/\/upload.cdn.baselinker.com\/products\/3018170\/45ac58904dd60f1a8dceeba7f6e03411.png\" \/><br \/>\n        <\/section>\n<\/p><\/div>\n<\/section>\n","protected":false},"excerpt":{"rendered":"<p>Nasiona warzyw B\u00d3B BIA\u0141Y WINDSOR BIA\u0141Y 50g B\u00f3b Windsor bia\u0142y Odmiana \u015brednio wczesna, bardzo plenna. Ro\u015bliny dorastaj\u0105 do\u00a0wysoko\u015bci 120 cm, krzewi\u0105\u00a0si\u0119 s\u0142abo. Na\u00a0ro\u015blinie 6-10 szerokich str\u0105k\u00f3w z\u00a03-4 du\u017cymi, p\u0142askimi nasionami zielonkawobia\u0142ej barwy. Nasiona nale\u017cy wysiewa\u0107 na\u00a0g\u0142\u0119boko\u015b\u0107 4-6\u00a0cm jak najwcze\u015bniej na\u00a0wiosn\u0119 III-V, w\u00a0rz\u0119dy co 30-50\u00a0cm i\u00a0w\u00a0rz\u0119dzie kupowo po\u00a02-3 nasiona co 25 cm. Wymaga gleby ci\u0119\u017cszej, \u017cyznej,&#8230;<\/p>\n","protected":false},"featured_media":18343,"comment_status":"open","ping_status":"closed","template":"","meta":{"inline_featured_image":false},"product_cat":[126,162],"product_tag":[],"location":[],"class_list":{"0":"post-18353","1":"product","2":"type-product","3":"status-publish","4":"has-post-thumbnail","6":"product_cat-nasiona-warzyw","7":"product_cat-nasiona","8":"nt-post-class","9":"","12":"excerpt-none","15":"first","16":"instock","17":"shipping-taxable","18":"purchasable","19":"product-type-simple"},"_links":{"self":[{"href":"https:\/\/boskienasiona.pl\/en\/wp-json\/wp\/v2\/product\/18353","targetHints":{"allow":["GET"]}}],"collection":[{"href":"https:\/\/boskienasiona.pl\/en\/wp-json\/wp\/v2\/product"}],"about":[{"href":"https:\/\/boskienasiona.pl\/en\/wp-json\/wp\/v2\/types\/product"}],"replies":[{"embeddable":true,"href":"https:\/\/boskienasiona.pl\/en\/wp-json\/wp\/v2\/comments?post=18353"}],"version-history":[{"count":0,"href":"https:\/\/boskienasiona.pl\/en\/wp-json\/wp\/v2\/product\/18353\/revisions"}],"wp:featuredmedia":[{"embeddable":true,"href":"https:\/\/boskienasiona.pl\/en\/wp-json\/wp\/v2\/media\/18343"}],"wp:attachment":[{"href":"https:\/\/boskienasiona.pl\/en\/wp-json\/wp\/v2\/media?parent=18353"}],"wp:term":[{"taxonomy":"product_cat","embeddable":true,"href":"https:\/\/boskienasiona.pl\/en\/wp-json\/wp\/v2\/product_cat?post=18353"},{"taxonomy":"product_tag","embeddable":true,"href":"https:\/\/boskienasiona.pl\/en\/wp-json\/wp\/v2\/product_tag?post=18353"},{"taxonomy":"location","embeddable":true,"href":"https:\/\/boskienasiona.pl\/en\/wp-json\/wp\/v2\/location?post=18353"}],"curies":[{"name":"wp","href":"https:\/\/api.w.org\/{rel}","templated":true}]}}