{"id":18370,"date":"2025-02-01T16:15:54","date_gmt":"2025-02-01T15:15:54","guid":{"rendered":"https:\/\/boskienasiona.pl\/product\/nasiona-warzyw-na-tasmie-salata-maslowa-jedrna-7m-odporna-na-zarazy\/"},"modified":"2026-04-19T14:16:21","modified_gmt":"2026-04-19T12:16:21","slug":"nasiona-warzyw-na-tasmie-salata-maslowa-jedrna-7m-odporna-na-zarazy","status":"publish","type":"product","link":"https:\/\/boskienasiona.pl\/en\/produkt\/nasiona-warzyw-na-tasmie-salata-maslowa-jedrna-7m-odporna-na-zarazy\/","title":{"rendered":"Nasiona warzyw na ta\u015bmie Sa\u0142ata Mas\u0142owa J\u0119drna 7m Odporna na zarazy"},"content":{"rendered":"<section class=\"section\">\n<div class=\"item item-12\">\n<section class=\"text-item\">\n<h1>Nasiona warzyw na ta\u015bmie Sa\u0142ata Mas\u0142owa J\u0119drna 7m Odporna na zarazy<\/h1>\n<\/section><\/div>\n<\/section>\n<section class=\"section\">\n<div class=\"item item-6\">\n<section class=\"image-item\">\n            <img decoding=\"async\" src=\"https:\/\/upload.cdn.baselinker.com\/products\/3018170\/21fd842d06ae76ec85a89fcbc5c2e3d3.png\" \/><br \/>\n        <\/section>\n<\/p><\/div>\n<div class=\"item item-6\">\n<section class=\"text-item\">\n<p><b>Nasiona na ta\u015bmie SA\u0141ATA KR\u00d3LOWA MAJOWYCH Wczesna<\/b><\/p>\n<p><b>Sa\u0142ata siewna g\u0142owiasta Kr\u00f3lowa\u00a0Majowych<\/b><\/p>\n<p>Lactuca sativa L. var. capitata<\/p>\n<p>Odmiana wczesna przeznaczona do\u00a0wczesnej uprawy w\u00a0gruncie i\u00a0pod\u00a0os\u0142onami. Tworzy du\u017ce dobrze zamkni\u0119te kuliste g\u0142\u00f3wki o\u00a0j\u0119drnych li\u015bciach. Do\u015b\u0107 odporna na\u00a0m\u0105czniaka rzekomego i\u00a0\u015brednio odporna na\u00a0szar\u0105 ple\u015b\u0144. Dobrze plonuje w\u00a02 roku po\u00a0oborniku, na\u00a0glebach ciep\u0142ych, przewiewnych, dostatecznie wilgotnych. Siew na\u00a0g\u0142\u0119boko\u015b\u0107 1cm wiosn\u0105 IV- V, na\u00a0zbi\u00f3r jesienny w\u00a0VIII.<\/p>\n<ul>\n<li><b>Siew:<\/b> IV-V i\u00a0VIII<\/li>\n<li><b>Zbi\u00f3r:<\/b> po\u0142owa V-VII i\u00a0po\u0142owa IX-X<\/li>\n<li><b>Rozstawa:<\/b> 30-40 x 20-25 cm<\/li>\n<\/ul>\n<p><b>Opakowanie zawiera 7m ta\u015bmy nasiennej.<\/b><\/p>\n<\/section><\/div>\n<\/section>\n<section class=\"section\">\n<div class=\"item item-6\">\n<section class=\"image-item\">\n            <img decoding=\"async\" src=\"https:\/\/upload.cdn.baselinker.com\/products\/3018170\/302c70352647d25c1460781c2b50b9d2.jpg\" \/><br \/>\n        <\/section>\n<\/p><\/div>\n<div class=\"item item-6\">\n<section class=\"text-item\">\n<p><b>NASIONA NA TA\u015aMIE<\/b><\/p>\n<p>S\u0105 to specjalne ta\u015bmy oraz kr\u0105\u017cki naszpikowane nasionami w odpowiednim zag\u0119szczeniu. Precyzyjne zachowanie odleg\u0142o\u015bci na ta\u015bmie eliminuj\u0105c potrzeb\u0119 stosowania przerywki.\u00a0 Wysiew wymaga jedynie wykopania rowka, umieszczenia w nim ta\u015bmy i zasypania ziemi\u0105. T\u0105 prost\u0105 metod\u0105 mo\u017cna wysiewa\u0107 zar\u00f3wno\u00a0nasiona warzyw gruntowych, jak i zio\u0142a czy kwiaty.<\/p>\n<\/section><\/div>\n<\/section>\n<section class=\"section\">\n<div class=\"item item-6\">\n<section class=\"image-item\">\n            <img decoding=\"async\" src=\"https:\/\/upload.cdn.baselinker.com\/products\/3018170\/ffa053464be5b989d06a3d04c2adebb5.png\" \/><br \/>\n        <\/section>\n<\/p><\/div>\n<div class=\"item item-6\">\n<section class=\"text-item\">\n<p><b>Wysiew nasion na ta\u015bmie w 4 prostych krokach<\/b><\/p>\n<p><b>1\ufe0f\u20e3 Rozrywamy ta\u015bm\u0119 w miejscu perforacji<\/b><\/p>\n<p><b>2\ufe0f\u20e3 Uk\u0142adamy we wcze\u015bniej przygotowanym rowku<\/b><\/p>\n<p><b>3\ufe0f\u20e3 Roz\u0142o\u017con\u0105 ta\u015bm\u0119 przysypujemy cienk\u0105 warstw\u0105 ziemi<\/b><\/p>\n<p><b>4\ufe0f\u20e3 Na koniec obficie podlewamy<\/b><\/p>\n<\/section><\/div>\n<\/section>\n<section class=\"section\">\n<div class=\"item item-6\">\n<section class=\"image-item\">\n            <img decoding=\"async\" src=\"https:\/\/upload.cdn.baselinker.com\/products\/3018170\/92b37f9383375055cff2d5a978eb49a2.png\" \/><br \/>\n        <\/section>\n<\/p><\/div>\n<div class=\"item item-6\">\n<section class=\"text-item\">\n<p><b>SPRAWDZONA JAKO\u015a\u0106 NASION<\/b><\/p>\n<p>Oferowane przez nas nasiona s\u0105 testowane w <b>Laboratorium Oceny Nasion pod wzgl\u0119dem:<\/b><\/p>\n<p>\u2705<b>kie\u0142kowania<\/b><\/p>\n<p>\u2705<b>wilgotno\u015bci<\/b><\/p>\n<p>\u2705<b>czysto\u015bci ziarna<\/b><\/p>\n<p><b>Dzi\u0119ki czemu udost\u0119pniane nasiona s\u0105 \u015bci\u015ble wyselekcjonowane, tylko wysokiej klasy.<\/b><\/p>\n<p>Torebki zakupione na naszej aukcji s\u0105 w pe\u0142ni bezpieczne, posiadaj\u0105 <b>dat\u0119 wa\u017cno\u015bci i nr partii na opakowaniu.<\/b> Gwarantujemy r\u00f3wnie\u017c jako\u015b\u0107 i oryginalno\u015b\u0107 produkt\u00f3w, poniewa\u017c s\u0105 nabywane bezpo\u015brednio od producenta.<\/p>\n<\/section><\/div>\n<\/section>\n<section class=\"section\">\n<div class=\"item item-12\">\n<section class=\"image-item\">\n            <img decoding=\"async\" src=\"https:\/\/upload.cdn.baselinker.com\/products\/3018170\/302c70352647d25c1460781c2b50b9d2.jpg\" \/><br \/>\n        <\/section>\n<\/p><\/div>\n<\/section>\n","protected":false},"excerpt":{"rendered":"<p>Nasiona warzyw na ta\u015bmie Sa\u0142ata Mas\u0142owa J\u0119drna 7m Odporna na zarazy Nasiona na ta\u015bmie SA\u0141ATA KR\u00d3LOWA MAJOWYCH Wczesna Sa\u0142ata siewna g\u0142owiasta Kr\u00f3lowa\u00a0Majowych Lactuca sativa L. var. capitata Odmiana wczesna przeznaczona do\u00a0wczesnej uprawy w\u00a0gruncie i\u00a0pod\u00a0os\u0142onami. Tworzy du\u017ce dobrze zamkni\u0119te kuliste g\u0142\u00f3wki o\u00a0j\u0119drnych li\u015bciach. Do\u015b\u0107 odporna na\u00a0m\u0105czniaka rzekomego i\u00a0\u015brednio odporna na\u00a0szar\u0105 ple\u015b\u0144. Dobrze plonuje w\u00a02 roku po\u00a0oborniku,&#8230;<\/p>\n","protected":false},"featured_media":18354,"comment_status":"open","ping_status":"closed","template":"","meta":{"inline_featured_image":false},"product_cat":[126,162,184],"product_tag":[],"location":[],"class_list":{"0":"post-18370","1":"product","2":"type-product","3":"status-publish","4":"has-post-thumbnail","6":"product_cat-nasiona-warzyw","7":"product_cat-nasiona","8":"product_cat-nasiona-warzyw-na-tasmie","9":"nt-post-class","10":"","13":"excerpt-none","16":"first","17":"instock","18":"shipping-taxable","19":"purchasable","20":"product-type-simple"},"_links":{"self":[{"href":"https:\/\/boskienasiona.pl\/en\/wp-json\/wp\/v2\/product\/18370","targetHints":{"allow":["GET"]}}],"collection":[{"href":"https:\/\/boskienasiona.pl\/en\/wp-json\/wp\/v2\/product"}],"about":[{"href":"https:\/\/boskienasiona.pl\/en\/wp-json\/wp\/v2\/types\/product"}],"replies":[{"embeddable":true,"href":"https:\/\/boskienasiona.pl\/en\/wp-json\/wp\/v2\/comments?post=18370"}],"version-history":[{"count":1,"href":"https:\/\/boskienasiona.pl\/en\/wp-json\/wp\/v2\/product\/18370\/revisions"}],"predecessor-version":[{"id":22594,"href":"https:\/\/boskienasiona.pl\/en\/wp-json\/wp\/v2\/product\/18370\/revisions\/22594"}],"wp:featuredmedia":[{"embeddable":true,"href":"https:\/\/boskienasiona.pl\/en\/wp-json\/wp\/v2\/media\/18354"}],"wp:attachment":[{"href":"https:\/\/boskienasiona.pl\/en\/wp-json\/wp\/v2\/media?parent=18370"}],"wp:term":[{"taxonomy":"product_cat","embeddable":true,"href":"https:\/\/boskienasiona.pl\/en\/wp-json\/wp\/v2\/product_cat?post=18370"},{"taxonomy":"product_tag","embeddable":true,"href":"https:\/\/boskienasiona.pl\/en\/wp-json\/wp\/v2\/product_tag?post=18370"},{"taxonomy":"location","embeddable":true,"href":"https:\/\/boskienasiona.pl\/en\/wp-json\/wp\/v2\/location?post=18370"}],"curies":[{"name":"wp","href":"https:\/\/api.w.org\/{rel}","templated":true}]}}