{"id":18410,"date":"2025-02-01T16:17:32","date_gmt":"2025-02-01T15:17:32","guid":{"rendered":"https:\/\/boskienasiona.pl\/product\/nasiona-warzyw-kapusta-czerwona-mars-srednio-wczesna-na-przetwory\/"},"modified":"2026-04-18T22:16:30","modified_gmt":"2026-04-18T20:16:30","slug":"nasiona-warzyw-kapusta-czerwona-mars-srednio-wczesna-na-przetwory","status":"publish","type":"product","link":"https:\/\/boskienasiona.pl\/en\/produkt\/nasiona-warzyw-kapusta-czerwona-mars-srednio-wczesna-na-przetwory\/","title":{"rendered":"Nasiona warzyw Kapusta Czerwona MARS \u015arednio Wczesna na przetwory"},"content":{"rendered":"<section class=\"section\">\n<div class=\"item item-12\">\n<section class=\"text-item\">\n<h1>Nasiona warzyw Kapusta Czerwona MARS \u015arednio Wczesna na przetwory<\/h1>\n<\/section><\/div>\n<\/section>\n<section class=\"section\">\n<div class=\"item item-6\">\n<section class=\"image-item\">\n            <img decoding=\"async\" src=\"https:\/\/upload.cdn.baselinker.com\/products\/3018170\/148d2f5e770b62b2de074fa5c65c1f14.png\" \/><br \/>\n        <\/section>\n<\/p><\/div>\n<div class=\"item item-6\">\n<section class=\"text-item\">\n<p><b>Kapusta Czerwona \u015arednio Wczesna MARS<\/b><\/p>\n<p><b>Kapusta g\u0142owiasta czerwona\u00a0Mars<\/b><\/p>\n<p>Odmiana \u015brednio wczesna (weg.95-105 dni), dobrze udaje\u00a0si\u0119 z\u00a0siewu bezpo\u015bredniego do\u00a0gruntu. Tworzy okr\u0105g\u0142e zwarte g\u0142\u00f3wki, (1,3-1,9 kg), bez\u00a0tendencji do\u00a0p\u0119kania o\u00a0intensywnej czerwono-fioletowej barwie li\u015bci i\u00a0ma\u0142ym g\u0142\u0105bie. Nadaj\u0105\u00a0si\u0119 do\u00a0kr\u00f3tkotrwa\u0142ego przechowywania, do\u00a0dekoracji potraw i\u00a0na\u00a0przetwory. Wysiew nasion na\u00a0g\u0142. 2cm bezpo\u015brednio do\u00a0gruntu lub\u00a0do\u00a0inspektu od\u00a0ko\u0144ca III-V. Wysadzanie rozsady na\u00a0miejsce sta\u0142e V-VI.<\/p>\n<ul>\n<li><b>Siew:<\/b> IV<\/li>\n<li><b>Zbi\u00f3r:<\/b> VII &#8211; X<\/li>\n<li><b>Rozstawa:<\/b> 50\u00a0cm x 50 cm<\/li>\n<\/ul>\n<\/section><\/div>\n<\/section>\n<section class=\"section\">\n<div class=\"item item-6\">\n<section class=\"image-item\">\n            <img decoding=\"async\" src=\"https:\/\/upload.cdn.baselinker.com\/products\/3018170\/910ed96cafd19bc86d5a601238d1c8fd.png\" \/><br \/>\n        <\/section>\n<\/p><\/div>\n<div class=\"item item-6\">\n<section class=\"text-item\">\n<p><b>SPRAWDZONA JAKO\u015a\u0106 NASION<\/b><\/p>\n<p>Oferowane przez nas nasiona s\u0105 testowane w <b>Laboratorium Oceny Nasion pod wzgl\u0119dem:<\/b><\/p>\n<p>\u2705<b>kie\u0142kowania<\/b><\/p>\n<p>\u2705<b>wilgotno\u015bci<\/b><\/p>\n<p>\u2705<b>czysto\u015bci ziarna<\/b><\/p>\n<p><b>Dzi\u0119ki czemu udost\u0119pniane nasiona s\u0105 \u015bci\u015ble wyselekcjonowane, tylko wysokiej klasy.<\/b><\/p>\n<p>Torebki zakupione na naszej aukcji s\u0105 w pe\u0142ni bezpieczne, posiadaj\u0105 <b>dat\u0119 wa\u017cno\u015bci i nr partii na opakowaniu.<\/b> Gwarantujemy r\u00f3wnie\u017c jako\u015b\u0107 i oryginalno\u015b\u0107 produkt\u00f3w, poniewa\u017c s\u0105 nabywane bezpo\u015brednio od producenta.<\/p>\n<\/section><\/div>\n<\/section>\n<section class=\"section\">\n<div class=\"item item-12\">\n<section class=\"image-item\">\n            <img decoding=\"async\" src=\"https:\/\/upload.cdn.baselinker.com\/products\/3018170\/957ca755ba58a261571884ce50db496b.jpg\" \/><br \/>\n        <\/section>\n<\/p><\/div>\n<\/section>\n<section class=\"section\">\n<div class=\"item item-12\">\n<section class=\"image-item\">\n            <img decoding=\"async\" src=\"https:\/\/upload.cdn.baselinker.com\/products\/3018170\/b90677d1a32ef4b7f97d8b51f93f4c97.jpg\" \/><br \/>\n        <\/section>\n<\/p><\/div>\n<\/section>\n","protected":false},"excerpt":{"rendered":"<p>Nasiona warzyw Kapusta Czerwona MARS \u015arednio Wczesna na przetwory Kapusta Czerwona \u015arednio Wczesna MARS Kapusta g\u0142owiasta czerwona\u00a0Mars Odmiana \u015brednio wczesna (weg.95-105 dni), dobrze udaje\u00a0si\u0119 z\u00a0siewu bezpo\u015bredniego do\u00a0gruntu. Tworzy okr\u0105g\u0142e zwarte g\u0142\u00f3wki, (1,3-1,9 kg), bez\u00a0tendencji do\u00a0p\u0119kania o\u00a0intensywnej czerwono-fioletowej barwie li\u015bci i\u00a0ma\u0142ym g\u0142\u0105bie. Nadaj\u0105\u00a0si\u0119 do\u00a0kr\u00f3tkotrwa\u0142ego przechowywania, do\u00a0dekoracji potraw i\u00a0na\u00a0przetwory. Wysiew nasion na\u00a0g\u0142. 2cm bezpo\u015brednio do\u00a0gruntu lub\u00a0do\u00a0inspektu od\u00a0ko\u0144ca&#8230;<\/p>\n","protected":false},"featured_media":18398,"comment_status":"open","ping_status":"closed","template":"","meta":{"inline_featured_image":false},"product_cat":[126,162],"product_tag":[],"location":[],"class_list":{"0":"post-18410","1":"product","2":"type-product","3":"status-publish","4":"has-post-thumbnail","6":"product_cat-nasiona-warzyw","7":"product_cat-nasiona","8":"nt-post-class","9":"","12":"excerpt-none","15":"first","16":"instock","17":"shipping-taxable","18":"purchasable","19":"product-type-simple"},"_links":{"self":[{"href":"https:\/\/boskienasiona.pl\/en\/wp-json\/wp\/v2\/product\/18410","targetHints":{"allow":["GET"]}}],"collection":[{"href":"https:\/\/boskienasiona.pl\/en\/wp-json\/wp\/v2\/product"}],"about":[{"href":"https:\/\/boskienasiona.pl\/en\/wp-json\/wp\/v2\/types\/product"}],"replies":[{"embeddable":true,"href":"https:\/\/boskienasiona.pl\/en\/wp-json\/wp\/v2\/comments?post=18410"}],"version-history":[{"count":0,"href":"https:\/\/boskienasiona.pl\/en\/wp-json\/wp\/v2\/product\/18410\/revisions"}],"wp:featuredmedia":[{"embeddable":true,"href":"https:\/\/boskienasiona.pl\/en\/wp-json\/wp\/v2\/media\/18398"}],"wp:attachment":[{"href":"https:\/\/boskienasiona.pl\/en\/wp-json\/wp\/v2\/media?parent=18410"}],"wp:term":[{"taxonomy":"product_cat","embeddable":true,"href":"https:\/\/boskienasiona.pl\/en\/wp-json\/wp\/v2\/product_cat?post=18410"},{"taxonomy":"product_tag","embeddable":true,"href":"https:\/\/boskienasiona.pl\/en\/wp-json\/wp\/v2\/product_tag?post=18410"},{"taxonomy":"location","embeddable":true,"href":"https:\/\/boskienasiona.pl\/en\/wp-json\/wp\/v2\/location?post=18410"}],"curies":[{"name":"wp","href":"https:\/\/api.w.org\/{rel}","templated":true}]}}