{"id":18417,"date":"2025-02-01T16:17:51","date_gmt":"2025-02-01T15:17:51","guid":{"rendered":"https:\/\/boskienasiona.pl\/product\/nasiona-warzyw-cukinia-goldena-zolta\/"},"modified":"2026-04-18T22:16:31","modified_gmt":"2026-04-18T20:16:31","slug":"nasiona-warzyw-cukinia-goldena-zolta","status":"publish","type":"product","link":"https:\/\/boskienasiona.pl\/en\/produkt\/nasiona-warzyw-cukinia-goldena-zolta\/","title":{"rendered":"Nasiona warzyw Cukinia Goldena \u017b\u00d3\u0141TA"},"content":{"rendered":"<section class=\"section\">\n<div class=\"item item-12\">\n<section class=\"text-item\">\n<h1>NASIONA WARZYW CUKINIA GOLDENA \u017b\u00d3\u0141TA DO GOTOWANIA I KONSERWOWANIA<\/h1>\n<\/section><\/div>\n<\/section>\n<section class=\"section\">\n<div class=\"item item-6\">\n<section class=\"image-item\">\n            <img decoding=\"async\" src=\"https:\/\/upload.cdn.baselinker.com\/products\/3018170\/45dfb57ed06f8998f3181b2acde4f752.png\" \/><br \/>\n        <\/section>\n<\/p><\/div>\n<div class=\"item item-6\">\n<section class=\"text-item\">\n<p><b>Cukinia Goldena Nasiona 3G<\/b><\/p>\n<p><b>Cukinia\u00a0Goldena<\/b><\/p>\n<p>Odmiana cukinii o \u017c\u00f3\u0142tych cylindrycznych owocach i \u015brednio krzaczastym pokroju. Dojrza\u0142e owoce maj\u0105 intensywnie pomara\u0144czowy kolor. Do gotowania i konserwowania, najlepiej nadaj\u0105 si\u0119 owoce d\u0142ugo\u015bci oko\u0142o 20cm. Wysiew w IV do inspektu lub po 15 maja wprost do gruntu, po 2-3 nasiona w jedno miejsce, po wschodach przerwa\u0107 pozostawiaj\u0105c jedn\u0105 ro\u015blin\u0119.<\/p>\n<ul>\n<li><b>Siew:<\/b> IV-po\u0142owy VI<\/li>\n<li><b>Zbi\u00f3r:<\/b> VII -VIII<\/li>\n<li><b>Rozstawa:<\/b> 100x80cm<\/li>\n<\/ul>\n<\/section><\/div>\n<\/section>\n<section class=\"section\">\n<div class=\"item item-12\">\n<section class=\"image-item\">\n            <img decoding=\"async\" src=\"https:\/\/upload.cdn.baselinker.com\/products\/3018170\/be5083739bce29386249f1213be26645.jpg\" \/><br \/>\n        <\/section>\n<\/p><\/div>\n<\/section>\n<section class=\"section\">\n<div class=\"item item-6\">\n<section class=\"image-item\">\n            <img decoding=\"async\" src=\"https:\/\/upload.cdn.baselinker.com\/products\/3018170\/22b6dac2129e0c1e25d5344bc68edbfb.png\" \/><br \/>\n        <\/section>\n<\/p><\/div>\n<div class=\"item item-6\">\n<section class=\"text-item\">\n<p><b>SPRAWDZONA JAKO\u015a\u0106 NASION<\/b><\/p>\n<p>Oferowane przez nas nasiona s\u0105 testowane w <b>Laboratorium Oceny Nasion pod wzgl\u0119dem:<\/b><\/p>\n<p>\u2705<b>kie\u0142kowania<\/b><\/p>\n<p>\u2705<b>wilgotno\u015bci<\/b><\/p>\n<p>\u2705<b>czysto\u015bci ziarna<\/b><\/p>\n<p><b>Dzi\u0119ki czemu udost\u0119pniane nasiona s\u0105 \u015bci\u015ble wyselekcjonowane, tylko wysokiej klasy.<\/b><\/p>\n<p>Torebki zakupione na naszej aukcji s\u0105 w pe\u0142ni bezpieczne, posiadaj\u0105 <b>dat\u0119 wa\u017cno\u015bci i nr partii na opakowaniu.<\/b> Gwarantujemy r\u00f3wnie\u017c jako\u015b\u0107 i oryginalno\u015b\u0107 produkt\u00f3w, poniewa\u017c s\u0105 nabywane bezpo\u015brednio od producenta.<\/p>\n<\/section><\/div>\n<\/section>\n","protected":false},"excerpt":{"rendered":"<p>NASIONA WARZYW CUKINIA GOLDENA \u017b\u00d3\u0141TA DO GOTOWANIA I KONSERWOWANIA Cukinia Goldena Nasiona 3G Cukinia\u00a0Goldena Odmiana cukinii o \u017c\u00f3\u0142tych cylindrycznych owocach i \u015brednio krzaczastym pokroju. Dojrza\u0142e owoce maj\u0105 intensywnie pomara\u0144czowy kolor. Do gotowania i konserwowania, najlepiej nadaj\u0105 si\u0119 owoce d\u0142ugo\u015bci oko\u0142o 20cm. Wysiew w IV do inspektu lub po 15 maja wprost do gruntu, po 2-3&#8230;<\/p>\n","protected":false},"featured_media":18411,"comment_status":"open","ping_status":"closed","template":"","meta":{"inline_featured_image":false},"product_cat":[126,162],"product_tag":[],"location":[],"class_list":{"0":"post-18417","1":"product","2":"type-product","3":"status-publish","4":"has-post-thumbnail","6":"product_cat-nasiona-warzyw","7":"product_cat-nasiona","8":"nt-post-class","9":"","12":"excerpt-none","15":"first","16":"instock","17":"shipping-taxable","18":"purchasable","19":"product-type-simple"},"_links":{"self":[{"href":"https:\/\/boskienasiona.pl\/en\/wp-json\/wp\/v2\/product\/18417","targetHints":{"allow":["GET"]}}],"collection":[{"href":"https:\/\/boskienasiona.pl\/en\/wp-json\/wp\/v2\/product"}],"about":[{"href":"https:\/\/boskienasiona.pl\/en\/wp-json\/wp\/v2\/types\/product"}],"replies":[{"embeddable":true,"href":"https:\/\/boskienasiona.pl\/en\/wp-json\/wp\/v2\/comments?post=18417"}],"version-history":[{"count":0,"href":"https:\/\/boskienasiona.pl\/en\/wp-json\/wp\/v2\/product\/18417\/revisions"}],"wp:featuredmedia":[{"embeddable":true,"href":"https:\/\/boskienasiona.pl\/en\/wp-json\/wp\/v2\/media\/18411"}],"wp:attachment":[{"href":"https:\/\/boskienasiona.pl\/en\/wp-json\/wp\/v2\/media?parent=18417"}],"wp:term":[{"taxonomy":"product_cat","embeddable":true,"href":"https:\/\/boskienasiona.pl\/en\/wp-json\/wp\/v2\/product_cat?post=18417"},{"taxonomy":"product_tag","embeddable":true,"href":"https:\/\/boskienasiona.pl\/en\/wp-json\/wp\/v2\/product_tag?post=18417"},{"taxonomy":"location","embeddable":true,"href":"https:\/\/boskienasiona.pl\/en\/wp-json\/wp\/v2\/location?post=18417"}],"curies":[{"name":"wp","href":"https:\/\/api.w.org\/{rel}","templated":true}]}}