{"id":18436,"date":"2025-02-01T16:18:41","date_gmt":"2025-02-01T15:18:41","guid":{"rendered":"https:\/\/boskienasiona.pl\/product\/nasiona-warzyw-kalafior-bora-bardzo-wczesny-odporny-na-przebarwienia\/"},"modified":"2026-04-18T14:16:27","modified_gmt":"2026-04-18T12:16:27","slug":"nasiona-warzyw-kalafior-bora-bardzo-wczesny-odporny-na-przebarwienia","status":"publish","type":"product","link":"https:\/\/boskienasiona.pl\/en\/produkt\/nasiona-warzyw-kalafior-bora-bardzo-wczesny-odporny-na-przebarwienia\/","title":{"rendered":"Nasiona warzyw Kalafior BORA Bardzo Wczesny odporny na przebarwienia"},"content":{"rendered":"<section class=\"section\">\n<div class=\"item item-12\">\n<section class=\"text-item\">\n<h1>Nasiona warzyw Kalafior BORA Bardzo Wczesny odporny na przebarwienia<\/h1>\n<\/section><\/div>\n<\/section>\n<section class=\"section\">\n<div class=\"item item-6\">\n<section class=\"image-item\">\n            <img decoding=\"async\" src=\"https:\/\/upload.cdn.baselinker.com\/products\/3018170\/f7d5a8d417359abf22e9fe33cf3a7c63.png\" \/><br \/>\n        <\/section>\n<\/p><\/div>\n<div class=\"item item-6\">\n<section class=\"text-item\">\n<p><b>Kalafior\u00a0Bora<\/b><\/p>\n<p>Odmiana bardzo wczesna, (okres wegetacji 60-65 dni). Tworzy zwi\u0119z\u0142e, j\u0119drne r\u00f3\u017ce, barwy bia\u0142ej, dobrze okryte li\u015b\u0107mi, odporne na\u00a0fioletowe przebarwienia. Siew: pod\u00a0os\u0142ony: II-III. Wysadzenie rozsady: IV. Siew do\u00a0gruntu: IV-V.<\/p>\n<ul>\n<li><b>Opakowanie:<\/b> 1g<\/li>\n<li><b>Siew:<\/b> II-V<\/li>\n<li><b>Zbi\u00f3r:<\/b> VI-VII<\/li>\n<li><b>Rozstawa:<\/b> 50x50cm<\/li>\n<\/ul>\n<\/section><\/div>\n<\/section>\n<section class=\"section\">\n<div class=\"item item-6\">\n<section class=\"image-item\">\n            <img decoding=\"async\" src=\"https:\/\/upload.cdn.baselinker.com\/products\/3018170\/4d4a2cfbc5a529b8bdaf2b50dbd3e529.png\" \/><br \/>\n        <\/section>\n<\/p><\/div>\n<div class=\"item item-6\">\n<section class=\"text-item\">\n<p><b>SPRAWDZONA JAKO\u015a\u0106 NASION<\/b><\/p>\n<p>Oferowane przez nas nasiona s\u0105 testowane w <b>Laboratorium Oceny Nasion pod wzgl\u0119dem:<\/b><\/p>\n<p>\u2705<b>kie\u0142kowania<\/b><\/p>\n<p>\u2705<b>wilgotno\u015bci<\/b><\/p>\n<p>\u2705<b>czysto\u015bci ziarna<\/b><\/p>\n<p><b>Dzi\u0119ki czemu udost\u0119pniane nasiona s\u0105 \u015bci\u015ble wyselekcjonowane, tylko wysokiej klasy.<\/b><\/p>\n<p>Torebki zakupione na naszej aukcji s\u0105 w pe\u0142ni bezpieczne, posiadaj\u0105 <b>dat\u0119 wa\u017cno\u015bci i nr partii na opakowaniu.<\/b> Gwarantujemy r\u00f3wnie\u017c jako\u015b\u0107 i oryginalno\u015b\u0107 produkt\u00f3w, poniewa\u017c s\u0105 nabywane bezpo\u015brednio od producenta.<\/p>\n<\/section><\/div>\n<\/section>\n<section class=\"section\">\n<div class=\"item item-6\">\n<section class=\"image-item\">\n            <img decoding=\"async\" src=\"https:\/\/upload.cdn.baselinker.com\/products\/3018170\/f00f9d10e5bd95ec5d5e523493fd809d.png\" \/><br \/>\n        <\/section>\n<\/p><\/div>\n<div class=\"item item-6\">\n<section class=\"image-item\">\n            <img decoding=\"async\" src=\"https:\/\/upload.cdn.baselinker.com\/products\/3018170\/07ec734067d010b782cf9fb19a313024.png\" \/><br \/>\n        <\/section>\n<\/p><\/div>\n<\/section>\n<section class=\"section\">\n<div class=\"item item-6\">\n<section class=\"image-item\">\n            <img decoding=\"async\" src=\"https:\/\/upload.cdn.baselinker.com\/products\/3018170\/4fa41189cbdd92112bd4547f958293fb.jpg\" \/><br \/>\n        <\/section>\n<\/p><\/div>\n<div class=\"item item-6\">\n<section class=\"image-item\">\n            <img decoding=\"async\" src=\"https:\/\/upload.cdn.baselinker.com\/products\/3018170\/0bea71f42653fd329cdf4f40de953c44.jpg\" \/><br \/>\n        <\/section>\n<\/p><\/div>\n<\/section>\n<section class=\"section\">\n<div class=\"item item-12\">\n<section class=\"image-item\">\n            <img decoding=\"async\" src=\"https:\/\/upload.cdn.baselinker.com\/products\/3018170\/79c2f12dc7bdb22b348f2524b93ad556.png\" \/><br \/>\n        <\/section>\n<\/p><\/div>\n<\/section>\n","protected":false},"excerpt":{"rendered":"<p>Nasiona warzyw Kalafior BORA Bardzo Wczesny odporny na przebarwienia Kalafior\u00a0Bora Odmiana bardzo wczesna, (okres wegetacji 60-65 dni). Tworzy zwi\u0119z\u0142e, j\u0119drne r\u00f3\u017ce, barwy bia\u0142ej, dobrze okryte li\u015b\u0107mi, odporne na\u00a0fioletowe przebarwienia. Siew: pod\u00a0os\u0142ony: II-III. Wysadzenie rozsady: IV. Siew do\u00a0gruntu: IV-V. Opakowanie: 1g Siew: II-V Zbi\u00f3r: VI-VII Rozstawa: 50x50cm SPRAWDZONA JAKO\u015a\u0106 NASION Oferowane przez nas nasiona s\u0105 testowane&#8230;<\/p>\n","protected":false},"featured_media":18418,"comment_status":"open","ping_status":"closed","template":"","meta":{"inline_featured_image":false},"product_cat":[126,162],"product_tag":[],"location":[],"class_list":{"0":"post-18436","1":"product","2":"type-product","3":"status-publish","4":"has-post-thumbnail","6":"product_cat-nasiona-warzyw","7":"product_cat-nasiona","8":"nt-post-class","9":"","12":"excerpt-none","15":"first","16":"instock","17":"shipping-taxable","18":"purchasable","19":"product-type-simple"},"_links":{"self":[{"href":"https:\/\/boskienasiona.pl\/en\/wp-json\/wp\/v2\/product\/18436","targetHints":{"allow":["GET"]}}],"collection":[{"href":"https:\/\/boskienasiona.pl\/en\/wp-json\/wp\/v2\/product"}],"about":[{"href":"https:\/\/boskienasiona.pl\/en\/wp-json\/wp\/v2\/types\/product"}],"replies":[{"embeddable":true,"href":"https:\/\/boskienasiona.pl\/en\/wp-json\/wp\/v2\/comments?post=18436"}],"version-history":[{"count":0,"href":"https:\/\/boskienasiona.pl\/en\/wp-json\/wp\/v2\/product\/18436\/revisions"}],"wp:featuredmedia":[{"embeddable":true,"href":"https:\/\/boskienasiona.pl\/en\/wp-json\/wp\/v2\/media\/18418"}],"wp:attachment":[{"href":"https:\/\/boskienasiona.pl\/en\/wp-json\/wp\/v2\/media?parent=18436"}],"wp:term":[{"taxonomy":"product_cat","embeddable":true,"href":"https:\/\/boskienasiona.pl\/en\/wp-json\/wp\/v2\/product_cat?post=18436"},{"taxonomy":"product_tag","embeddable":true,"href":"https:\/\/boskienasiona.pl\/en\/wp-json\/wp\/v2\/product_tag?post=18436"},{"taxonomy":"location","embeddable":true,"href":"https:\/\/boskienasiona.pl\/en\/wp-json\/wp\/v2\/location?post=18436"}],"curies":[{"name":"wp","href":"https:\/\/api.w.org\/{rel}","templated":true}]}}