{"id":18441,"date":"2025-02-01T16:18:56","date_gmt":"2025-02-01T15:18:56","guid":{"rendered":"https:\/\/boskienasiona.pl\/product\/nasiona-warzyw-fasola-mamut-goldmarie-tyczna-bezwloknista\/"},"modified":"2026-04-19T14:16:26","modified_gmt":"2026-04-19T12:16:26","slug":"nasiona-warzyw-fasola-mamut-goldmarie-tyczna-bezwloknista","status":"publish","type":"product","link":"https:\/\/boskienasiona.pl\/en\/produkt\/nasiona-warzyw-fasola-mamut-goldmarie-tyczna-bezwloknista\/","title":{"rendered":"Nasiona warzyw Fasola Mamut GOLDMARIE Tyczna bezw\u0142\u00f3knista"},"content":{"rendered":"<section class=\"section\">\n<div class=\"item item-12\">\n<section class=\"text-item\">\n<h1>Nasiona warzyw Fasola Mamut GOLDMARIE Tyczna bezw\u0142\u00f3knista<\/h1>\n<\/section><\/div>\n<\/section>\n<section class=\"section\">\n<div class=\"item item-6\">\n<section class=\"image-item\">\n            <img decoding=\"async\" src=\"https:\/\/upload.cdn.baselinker.com\/products\/3018170\/7523e922e1ac08c621750a2be13bfcf9.png\" \/><br \/>\n        <\/section>\n<\/p><\/div>\n<div class=\"item item-6\">\n<section class=\"text-item\">\n<p><b>Fasola\u00a0szp. \u017c\u00f3\u0142. tycz. Goldmarie &#8211; Typ\u00a0Mamut<\/b><\/p>\n<p>Phaseolus vulgaris L.<\/p>\n<p>Odmiana wczesna tyczna, (wys. 2,5-3 m), typu\u00a0<b>MAMUT<\/b>\u00a0tworzy d\u0142ugie, \u017c\u00f3\u0142te, szerokie, p\u0142askie str\u0105ki dorastaj\u0105ce od\u00a020- 25 cm. Str\u0105ki bezw\u0142\u00f3kniste bardzo smaczne, ziarno bia\u0142e. Wymaga podp\u00f3r (palik\u00f3w). Udaje\u00a0si\u0119 najlepiej na\u00a0glebach \u015brednio zwi\u0119z\u0142ych, \u017cyznych, bogatych w\u00a0pr\u00f3chnic\u0119, ciep\u0142ych. Siew: druga po\u0142owa V do\u00a0VII.<\/p>\n<ul>\n<li><b>Opakowanie:<\/b>\u00a010g<\/li>\n<li><b>Siew:<\/b>\u00a0po\u0142owa V- VII<\/li>\n<li><b>Zbi\u00f3r:<\/b>\u00a0VII- X<\/li>\n<li><b>Rozstawa:<\/b>\u00a060 x 50 cm<\/li>\n<\/ul>\n<\/section><\/div>\n<\/section>\n<section class=\"section\">\n<div class=\"item item-6\">\n<section class=\"image-item\">\n            <img decoding=\"async\" src=\"https:\/\/upload.cdn.baselinker.com\/products\/3018170\/76c0000392620db0aa705f73c3f45d4a.png\" \/><br \/>\n        <\/section>\n<\/p><\/div>\n<div class=\"item item-6\">\n<section class=\"text-item\">\n<p><b>SPRAWDZONA JAKO\u015a\u0106 NASION<\/b><\/p>\n<p>Oferowane przez nas nasiona s\u0105 testowane w\u00a0<b>Laboratorium Oceny Nasion pod wzgl\u0119dem:<\/b><\/p>\n<p>\u2705<b>kie\u0142kowania<\/b><\/p>\n<p>\u2705<b>wilgotno\u015bci<\/b><\/p>\n<p>\u2705<b>czysto\u015bci ziarna<\/b><\/p>\n<p><b>Dzi\u0119ki czemu udost\u0119pniane nasiona s\u0105 \u015bci\u015ble wyselekcjonowane, tylko wysokiej klasy.<\/b><\/p>\n<p>Torebki zakupione na naszej aukcji s\u0105 w pe\u0142ni bezpieczne, posiadaj\u0105\u00a0<b>dat\u0119 wa\u017cno\u015bci i nr partii na opakowaniu.<\/b>\u00a0Gwarantujemy r\u00f3wnie\u017c jako\u015b\u0107 i oryginalno\u015b\u0107 produkt\u00f3w, poniewa\u017c s\u0105 nabywane bezpo\u015brednio od producenta.<\/p>\n<\/section><\/div>\n<\/section>\n","protected":false},"excerpt":{"rendered":"<p>Nasiona warzyw Fasola Mamut GOLDMARIE Tyczna bezw\u0142\u00f3knista Fasola\u00a0szp. \u017c\u00f3\u0142. tycz. Goldmarie &#8211; Typ\u00a0Mamut Phaseolus vulgaris L. Odmiana wczesna tyczna, (wys. 2,5-3 m), typu\u00a0MAMUT\u00a0tworzy d\u0142ugie, \u017c\u00f3\u0142te, szerokie, p\u0142askie str\u0105ki dorastaj\u0105ce od\u00a020- 25 cm. Str\u0105ki bezw\u0142\u00f3kniste bardzo smaczne, ziarno bia\u0142e. Wymaga podp\u00f3r (palik\u00f3w). Udaje\u00a0si\u0119 najlepiej na\u00a0glebach \u015brednio zwi\u0119z\u0142ych, \u017cyznych, bogatych w\u00a0pr\u00f3chnic\u0119, ciep\u0142ych. Siew: druga po\u0142owa V do\u00a0VII&#8230;.<\/p>\n","protected":false},"featured_media":18437,"comment_status":"open","ping_status":"closed","template":"","meta":{"inline_featured_image":false},"product_cat":[126,162],"product_tag":[],"location":[],"class_list":{"0":"post-18441","1":"product","2":"type-product","3":"status-publish","4":"has-post-thumbnail","6":"product_cat-nasiona-warzyw","7":"product_cat-nasiona","8":"nt-post-class","9":"","12":"excerpt-none","15":"first","16":"instock","17":"shipping-taxable","18":"purchasable","19":"product-type-simple"},"_links":{"self":[{"href":"https:\/\/boskienasiona.pl\/en\/wp-json\/wp\/v2\/product\/18441","targetHints":{"allow":["GET"]}}],"collection":[{"href":"https:\/\/boskienasiona.pl\/en\/wp-json\/wp\/v2\/product"}],"about":[{"href":"https:\/\/boskienasiona.pl\/en\/wp-json\/wp\/v2\/types\/product"}],"replies":[{"embeddable":true,"href":"https:\/\/boskienasiona.pl\/en\/wp-json\/wp\/v2\/comments?post=18441"}],"version-history":[{"count":0,"href":"https:\/\/boskienasiona.pl\/en\/wp-json\/wp\/v2\/product\/18441\/revisions"}],"wp:featuredmedia":[{"embeddable":true,"href":"https:\/\/boskienasiona.pl\/en\/wp-json\/wp\/v2\/media\/18437"}],"wp:attachment":[{"href":"https:\/\/boskienasiona.pl\/en\/wp-json\/wp\/v2\/media?parent=18441"}],"wp:term":[{"taxonomy":"product_cat","embeddable":true,"href":"https:\/\/boskienasiona.pl\/en\/wp-json\/wp\/v2\/product_cat?post=18441"},{"taxonomy":"product_tag","embeddable":true,"href":"https:\/\/boskienasiona.pl\/en\/wp-json\/wp\/v2\/product_tag?post=18441"},{"taxonomy":"location","embeddable":true,"href":"https:\/\/boskienasiona.pl\/en\/wp-json\/wp\/v2\/location?post=18441"}],"curies":[{"name":"wp","href":"https:\/\/api.w.org\/{rel}","templated":true}]}}