{"id":18458,"date":"2025-02-01T16:19:55","date_gmt":"2025-02-01T15:19:55","guid":{"rendered":"https:\/\/boskienasiona.pl\/product\/nasiona-warzyw-pietruszka-korzen-berlinska-pozna-plenna-bialy-miazsz\/"},"modified":"2026-04-19T06:15:29","modified_gmt":"2026-04-19T04:15:29","slug":"nasiona-warzyw-pietruszka-korzen-berlinska-pozna-plenna-bialy-miazsz","status":"publish","type":"product","link":"https:\/\/boskienasiona.pl\/en\/produkt\/nasiona-warzyw-pietruszka-korzen-berlinska-pozna-plenna-bialy-miazsz\/","title":{"rendered":"Nasiona warzyw Pietruszka korze\u0144 Berli\u0144ska P\u00f3\u017ana Plenna Bia\u0142y mi\u0105\u017csz"},"content":{"rendered":"<section class=\"section\">\n<div class=\"item item-12\">\n<section class=\"text-item\">\n<h1>Nasiona warzyw Pietruszka korze\u0144 Berli\u0144ska P\u00f3\u017ana Plenna Bia\u0142y mi\u0105\u017csz<\/h1>\n<\/section><\/div>\n<\/section>\n<section class=\"section\">\n<div class=\"item item-6\">\n<section class=\"image-item\">\n            <img decoding=\"async\" src=\"https:\/\/upload.cdn.baselinker.com\/products\/3018170\/0cb8e6d481e254715ec9ad51f05d7d93.png\" \/><br \/>\n        <\/section>\n<\/p><\/div>\n<div class=\"item item-6\">\n<section class=\"text-item\">\n<p><b>Pietruszka korzeniowa Halblange \u2013 Berli\u0144ska<\/b><\/p>\n<p>Odmiana p\u00f3\u017ana, bardzo plenna, przeznaczona na\u00a0u\u017cytek jesienny i\u00a0zimowy. bardzo trwa\u0142a w\u00a0przechowywaniu. Korze\u0144 d\u0142ugo\u015bci oko\u0142o 22\u00a0cm w\u00a0kszta\u0142cie wyd\u0142u\u017conego sto\u017cka, mi\u0105\u017csz bia\u0142y, j\u0119drny. Wysiew od\u00a0po\u0142owy III do\u00a0po\u0142owy V. Mo\u017cna stosowa\u0107 siew ozimy od\u00a0po\u0142owy X-XI. Zbi\u00f3r od\u00a0po\u0142owy VII-X.<\/p>\n<p>Wiosenny<\/p>\n<ul>\n<li><b>Siew:<\/b> \u00bd III &#8211; \u00bd VI<\/li>\n<li><b>Zbi\u00f3r:<\/b> \u00bd VII &#8211; \u00bd X<\/li>\n<\/ul>\n<p>Jesienny<\/p>\n<ul>\n<li><b>Siew:<\/b> \u00bd XI &#8211; \u00bc XII<\/li>\n<li><b>Zbi\u00f3r:<\/b> IV &#8211; \u00be V<\/li>\n<li><b>Rozstawa:<\/b> 3-4 x 30-40\u00a0cm<\/li>\n<\/ul>\n<\/section><\/div>\n<\/section>\n<section class=\"section\">\n<div class=\"item item-6\">\n<section class=\"image-item\">\n            <img decoding=\"async\" src=\"https:\/\/upload.cdn.baselinker.com\/products\/3018170\/6aecf821bf7a1a6f5692bf888e6a845f.png\" \/><br \/>\n        <\/section>\n<\/p><\/div>\n<div class=\"item item-6\">\n<section class=\"text-item\">\n<p><b>SPRAWDZONA JAKO\u015a\u0106 NASION<\/b><\/p>\n<p>Oferowane przez nas nasiona s\u0105 testowane w\u00a0<b>Laboratorium Oceny Nasion pod wzgl\u0119dem:<\/b><\/p>\n<p>\u2705<b>kie\u0142kowania<\/b><\/p>\n<p>\u2705<b>wilgotno\u015bci<\/b><\/p>\n<p>\u2705<b>czysto\u015bci ziarna<\/b><\/p>\n<p><b>Dzi\u0119ki czemu udost\u0119pniane nasiona s\u0105 \u015bci\u015ble wyselekcjonowane, tylko wysokiej klasy.<\/b><\/p>\n<p>Torebki zakupione na naszej aukcji s\u0105 w pe\u0142ni bezpieczne, posiadaj\u0105\u00a0<b>dat\u0119 wa\u017cno\u015bci i nr partii na opakowaniu.<\/b>\u00a0Gwarantujemy r\u00f3wnie\u017c jako\u015b\u0107 i oryginalno\u015b\u0107 produkt\u00f3w, poniewa\u017c s\u0105 nabywane bezpo\u015brednio od producenta.<\/p>\n<\/section><\/div>\n<\/section>\n<section class=\"section\">\n<div class=\"item item-12\">\n<section class=\"image-item\">\n            <img decoding=\"async\" src=\"https:\/\/upload.cdn.baselinker.com\/products\/3018170\/98f899c58bf4c06c13bc0d4542993d73.jpg\" \/><br \/>\n        <\/section>\n<\/p><\/div>\n<\/section>\n<section class=\"section\">\n<div class=\"item item-6\">\n<section class=\"image-item\">\n            <img decoding=\"async\" src=\"https:\/\/upload.cdn.baselinker.com\/products\/3018170\/6bd95617fd9303715e296663795f1c68.png\" \/><br \/>\n        <\/section>\n<\/p><\/div>\n<div class=\"item item-6\">\n<section class=\"image-item\">\n            <img decoding=\"async\" src=\"https:\/\/upload.cdn.baselinker.com\/products\/3018170\/88b78ee15c4df0971e32c261627e6b96.png\" \/><br \/>\n        <\/section>\n<\/p><\/div>\n<\/section>\n","protected":false},"excerpt":{"rendered":"<p>Nasiona warzyw Pietruszka korze\u0144 Berli\u0144ska P\u00f3\u017ana Plenna Bia\u0142y mi\u0105\u017csz Pietruszka korzeniowa Halblange \u2013 Berli\u0144ska Odmiana p\u00f3\u017ana, bardzo plenna, przeznaczona na\u00a0u\u017cytek jesienny i\u00a0zimowy. bardzo trwa\u0142a w\u00a0przechowywaniu. Korze\u0144 d\u0142ugo\u015bci oko\u0142o 22\u00a0cm w\u00a0kszta\u0142cie wyd\u0142u\u017conego sto\u017cka, mi\u0105\u017csz bia\u0142y, j\u0119drny. Wysiew od\u00a0po\u0142owy III do\u00a0po\u0142owy V. Mo\u017cna stosowa\u0107 siew ozimy od\u00a0po\u0142owy X-XI. Zbi\u00f3r od\u00a0po\u0142owy VII-X. Wiosenny Siew: \u00bd III &#8211; \u00bd&#8230;<\/p>\n","protected":false},"featured_media":18442,"comment_status":"open","ping_status":"closed","template":"","meta":{"inline_featured_image":false},"product_cat":[126,162],"product_tag":[],"location":[],"class_list":{"0":"post-18458","1":"product","2":"type-product","3":"status-publish","4":"has-post-thumbnail","6":"product_cat-nasiona-warzyw","7":"product_cat-nasiona","8":"nt-post-class","9":"","12":"excerpt-none","15":"first","16":"instock","17":"shipping-taxable","18":"purchasable","19":"product-type-simple"},"_links":{"self":[{"href":"https:\/\/boskienasiona.pl\/en\/wp-json\/wp\/v2\/product\/18458","targetHints":{"allow":["GET"]}}],"collection":[{"href":"https:\/\/boskienasiona.pl\/en\/wp-json\/wp\/v2\/product"}],"about":[{"href":"https:\/\/boskienasiona.pl\/en\/wp-json\/wp\/v2\/types\/product"}],"replies":[{"embeddable":true,"href":"https:\/\/boskienasiona.pl\/en\/wp-json\/wp\/v2\/comments?post=18458"}],"version-history":[{"count":0,"href":"https:\/\/boskienasiona.pl\/en\/wp-json\/wp\/v2\/product\/18458\/revisions"}],"wp:featuredmedia":[{"embeddable":true,"href":"https:\/\/boskienasiona.pl\/en\/wp-json\/wp\/v2\/media\/18442"}],"wp:attachment":[{"href":"https:\/\/boskienasiona.pl\/en\/wp-json\/wp\/v2\/media?parent=18458"}],"wp:term":[{"taxonomy":"product_cat","embeddable":true,"href":"https:\/\/boskienasiona.pl\/en\/wp-json\/wp\/v2\/product_cat?post=18458"},{"taxonomy":"product_tag","embeddable":true,"href":"https:\/\/boskienasiona.pl\/en\/wp-json\/wp\/v2\/product_tag?post=18458"},{"taxonomy":"location","embeddable":true,"href":"https:\/\/boskienasiona.pl\/en\/wp-json\/wp\/v2\/location?post=18458"}],"curies":[{"name":"wp","href":"https:\/\/api.w.org\/{rel}","templated":true}]}}