{"id":18467,"date":"2025-02-01T16:20:15","date_gmt":"2025-02-01T15:20:15","guid":{"rendered":"https:\/\/boskienasiona.pl\/product\/nasiona-warzyw-kalarepa-wiedenska-bardzo-wczesna-soczysta\/"},"modified":"2026-04-19T06:15:30","modified_gmt":"2026-04-19T04:15:30","slug":"nasiona-warzyw-kalarepa-wiedenska-bardzo-wczesna-soczysta","status":"publish","type":"product","link":"https:\/\/boskienasiona.pl\/en\/produkt\/nasiona-warzyw-kalarepa-wiedenska-bardzo-wczesna-soczysta\/","title":{"rendered":"Nasiona warzyw Kalarepa Wiede\u0144ska bardzo wczesna SOCZYSTA"},"content":{"rendered":"<section class=\"section\">\n<div class=\"item item-12\">\n<section class=\"text-item\">\n<h1>Nasiona warzyw Kalarepa Wiede\u0144ska bardzo wczesna SOCZYSTA<\/h1>\n<\/section><\/div>\n<\/section>\n<section class=\"section\">\n<div class=\"item item-6\">\n<section class=\"image-item\">\n            <img decoding=\"async\" src=\"https:\/\/upload.cdn.baselinker.com\/products\/3018170\/04b4381e6e9f385250d324811a983482.png\" \/><br \/>\n        <\/section>\n<\/p><\/div>\n<div class=\"item item-6\">\n<section class=\"text-item\">\n<p><b>Kalarepa Wiede\u0144ska Bia\u0142a<\/b><\/p>\n<p>Odmiana bardzo wczesna (od wysadzenia do\u00a0zbioru 38-42 dni). Zgrubienie ma\u0142e, kuliste, lekko sp\u0142aszczone, jasnozielone, soczyste, smaczne, o\u00a0masie 100-180g. Ma wysokie walory od\u017cywcze dzi\u0119ki du\u017cej zawarto\u015bci witaminy C, wapnia i\u00a0\u017celaza. Powinna by\u0107 spo\u017cywana na\u00a0surowo. Wysiew pod\u00a0os\u0142onami w\u00a0lutym, marcu lub\u00a0bezpo\u015brednio do\u00a0gruntu od\u00a0kwietnia do\u00a0maja.<\/p>\n<ul>\n<li><b>Siew:<\/b> II \u2013 V<\/li>\n<li><b>Zbi\u00f3r:<\/b> VI \u2013\u00a0 VIII<\/li>\n<li><b>Rozstawa:<\/b> 20-25&#215;20<\/li>\n<\/ul>\n<\/section><\/div>\n<\/section>\n<section class=\"section\">\n<div class=\"item item-6\">\n<section class=\"image-item\">\n            <img decoding=\"async\" src=\"https:\/\/upload.cdn.baselinker.com\/products\/3018170\/f8e12390b592b3431c45b686a89948ce.png\" \/><br \/>\n        <\/section>\n<\/p><\/div>\n<div class=\"item item-6\">\n<section class=\"text-item\">\n<p><b>SPRAWDZONA JAKO\u015a\u0106 NASION<\/b><\/p>\n<p>Oferowane przez nas nasiona s\u0105 testowane w <b>Laboratorium Oceny Nasion pod wzgl\u0119dem:<\/b><\/p>\n<p>\u2705<b>kie\u0142kowania<\/b><\/p>\n<p>\u2705<b>wilgotno\u015bci<\/b><\/p>\n<p>\u2705<b>czysto\u015bci ziarna<\/b><\/p>\n<p><b>Dzi\u0119ki czemu udost\u0119pniane nasiona s\u0105 \u015bci\u015ble wyselekcjonowane, tylko wysokiej klasy.<\/b><\/p>\n<p>Torebki zakupione na naszej aukcji s\u0105 w pe\u0142ni bezpieczne, posiadaj\u0105 <b>dat\u0119 wa\u017cno\u015bci i nr partii na opakowaniu.<\/b> Gwarantujemy r\u00f3wnie\u017c jako\u015b\u0107 i oryginalno\u015b\u0107 produkt\u00f3w, poniewa\u017c s\u0105 nabywane bezpo\u015brednio od producenta.<\/p>\n<\/section><\/div>\n<\/section>\n<section class=\"section\">\n<div class=\"item item-12\">\n<section class=\"image-item\">\n            <img decoding=\"async\" src=\"https:\/\/upload.cdn.baselinker.com\/products\/3018170\/49cad8a13c1824ece659c79ca2fc9e97.jpg\" \/><br \/>\n        <\/section>\n<\/p><\/div>\n<\/section>\n","protected":false},"excerpt":{"rendered":"<p>Nasiona warzyw Kalarepa Wiede\u0144ska bardzo wczesna SOCZYSTA Kalarepa Wiede\u0144ska Bia\u0142a Odmiana bardzo wczesna (od wysadzenia do\u00a0zbioru 38-42 dni). Zgrubienie ma\u0142e, kuliste, lekko sp\u0142aszczone, jasnozielone, soczyste, smaczne, o\u00a0masie 100-180g. Ma wysokie walory od\u017cywcze dzi\u0119ki du\u017cej zawarto\u015bci witaminy C, wapnia i\u00a0\u017celaza. Powinna by\u0107 spo\u017cywana na\u00a0surowo. Wysiew pod\u00a0os\u0142onami w\u00a0lutym, marcu lub\u00a0bezpo\u015brednio do\u00a0gruntu od\u00a0kwietnia do\u00a0maja. Siew: II \u2013 V&#8230;<\/p>\n","protected":false},"featured_media":18459,"comment_status":"open","ping_status":"closed","template":"","meta":{"inline_featured_image":false},"product_cat":[126,162],"product_tag":[],"location":[],"class_list":{"0":"post-18467","1":"product","2":"type-product","3":"status-publish","4":"has-post-thumbnail","6":"product_cat-nasiona-warzyw","7":"product_cat-nasiona","8":"nt-post-class","9":"","12":"excerpt-none","15":"first","16":"instock","17":"shipping-taxable","18":"purchasable","19":"product-type-simple"},"_links":{"self":[{"href":"https:\/\/boskienasiona.pl\/en\/wp-json\/wp\/v2\/product\/18467","targetHints":{"allow":["GET"]}}],"collection":[{"href":"https:\/\/boskienasiona.pl\/en\/wp-json\/wp\/v2\/product"}],"about":[{"href":"https:\/\/boskienasiona.pl\/en\/wp-json\/wp\/v2\/types\/product"}],"replies":[{"embeddable":true,"href":"https:\/\/boskienasiona.pl\/en\/wp-json\/wp\/v2\/comments?post=18467"}],"version-history":[{"count":0,"href":"https:\/\/boskienasiona.pl\/en\/wp-json\/wp\/v2\/product\/18467\/revisions"}],"wp:featuredmedia":[{"embeddable":true,"href":"https:\/\/boskienasiona.pl\/en\/wp-json\/wp\/v2\/media\/18459"}],"wp:attachment":[{"href":"https:\/\/boskienasiona.pl\/en\/wp-json\/wp\/v2\/media?parent=18467"}],"wp:term":[{"taxonomy":"product_cat","embeddable":true,"href":"https:\/\/boskienasiona.pl\/en\/wp-json\/wp\/v2\/product_cat?post=18467"},{"taxonomy":"product_tag","embeddable":true,"href":"https:\/\/boskienasiona.pl\/en\/wp-json\/wp\/v2\/product_tag?post=18467"},{"taxonomy":"location","embeddable":true,"href":"https:\/\/boskienasiona.pl\/en\/wp-json\/wp\/v2\/location?post=18467"}],"curies":[{"name":"wp","href":"https:\/\/api.w.org\/{rel}","templated":true}]}}