{"id":18484,"date":"2025-02-01T16:21:02","date_gmt":"2025-02-01T15:21:02","guid":{"rendered":"https:\/\/boskienasiona.pl\/product\/nasiona-warzyw-na-tasmie-burak-cwiklowy-okragly-czerwona-kula-plenny-6m\/"},"modified":"2026-04-19T14:16:30","modified_gmt":"2026-04-19T12:16:30","slug":"nasiona-warzyw-na-tasmie-burak-cwiklowy-okragly-czerwona-kula-plenny-6m","status":"publish","type":"product","link":"https:\/\/boskienasiona.pl\/en\/produkt\/nasiona-warzyw-na-tasmie-burak-cwiklowy-okragly-czerwona-kula-plenny-6m\/","title":{"rendered":"Nasiona warzyw na ta\u015bmie Burak \u0106wik\u0142owy Okr\u0105g\u0142y Czerwona Kula Plenny 6m"},"content":{"rendered":"<section class=\"section\">\n<div class=\"item item-12\">\n<section class=\"text-item\">\n<h1>Nasiona warzyw na ta\u015bmie Burak \u0106wik\u0142owy Okr\u0105g\u0142y Czerwona Kula Plenny 6m<\/h1>\n<\/section><\/div>\n<\/section>\n<section class=\"section\">\n<div class=\"item item-6\">\n<section class=\"image-item\">\n            <img decoding=\"async\" src=\"https:\/\/upload.cdn.baselinker.com\/products\/3018170\/a6992ce986e9fa1977e74fec9c0187b2.png\" \/><br \/>\n        <\/section>\n<\/p><\/div>\n<div class=\"item item-6\">\n<section class=\"text-item\">\n<p><b>Nasiona na ta\u015bmie Burak \u0106wik\u0142owy Czerwona Kula 2<\/b><\/p>\n<p><b>Burak \u0107wik\u0142owy Czerwona Kula 2<\/b><\/p>\n<p>Odmiana bardzo plenna o korzeniach kulistych i du\u017cej zawarto\u015bci soku i s\u0142abo widocznych pier\u015bcieniach. Nadaje si\u0119 do d\u0142ugotrwa\u0142ego przechowywania zimowego. Odmiana przeznaczona na u\u017cytek letni i jesienny. Na zbi\u00f3r letni nasiona nale\u017cy wysia\u0107 oko\u0142o po\u0142owy kwietnia. Na sprz\u0119t jesienno-zimowy od po\u0142owy maja do ko\u0144ca czerwca. Okres wegetacji 100-110 dni.<\/p>\n<p><b>Opakowanie zawiera 6m ta\u015bmy nasiennej.<\/b><\/p>\n<\/section><\/div>\n<\/section>\n<section class=\"section\">\n<div class=\"item item-6\">\n<section class=\"image-item\">\n            <img decoding=\"async\" src=\"https:\/\/upload.cdn.baselinker.com\/products\/3018170\/f466458b9ad76e8f201f4d86e573ef31.png\" \/><br \/>\n        <\/section>\n<\/p><\/div>\n<div class=\"item item-6\">\n<section class=\"text-item\">\n<p><b>NASIONA NA TA\u015aMIE<\/b><\/p>\n<p>S\u0105 to specjalne ta\u015bmy oraz kr\u0105\u017cki naszpikowane nasionami w odpowiednim zag\u0119szczeniu. Precyzyjne zachowanie odleg\u0142o\u015bci na ta\u015bmie eliminuj\u0105c potrzeb\u0119 stosowania przerywki.\u00a0 Wysiew wymaga jedynie wykopania rowka, umieszczenia w nim ta\u015bmy i zasypania ziemi\u0105. T\u0105 prost\u0105 metod\u0105 mo\u017cna wysiewa\u0107 zar\u00f3wno\u00a0nasiona warzyw gruntowych, jak i zio\u0142a czy kwiaty.<\/p>\n<\/section><\/div>\n<\/section>\n<section class=\"section\">\n<div class=\"item item-6\">\n<section class=\"image-item\">\n            <img decoding=\"async\" src=\"https:\/\/upload.cdn.baselinker.com\/products\/3018170\/bd9c72877040e37213517e4240fcd171.png\" \/><br \/>\n        <\/section>\n<\/p><\/div>\n<div class=\"item item-6\">\n<section class=\"text-item\">\n<p><b>Opakowanie zawiera 6m ta\u015bmy nasiennej.<\/b><\/p>\n<p><b>Ta\u015bma nasienna u\u0142atwia wysiew, dzi\u0119ki odpowiedniemu rozmieszczeniu nasion na ta\u015bmie eliminuj\u0105c potrzeb\u0119 stosowania przerywki i pozwala na\u00a0uzyskanie dobrych plon\u00f3w.<\/b><\/p>\n<p><b>WARUNKI UPRAWY:<\/b><\/p>\n<p>1\ufe0f\u20e3 Przygotowa\u0107 pod\u0142o\u017ce usuwaj\u0105c kamienie i grabi\u0105c w celu\u00a0 \u00a0 \u00a0 \u00a0 \u00a0wyr\u00f3wnania i rozdrobnienia powierzchni ziemi.<\/p>\n<p>2\ufe0f\u20e3 Wykona\u0107 w ziemi p\u0142ytki rowek ok. 0,5-1 cm g\u0142\u0119boko\u015bci roz\u0142o\u017cy\u0107 ta\u015bm\u0119, przykry\u0107 warstw\u0105 pod\u0142o\u017ca.<\/p>\n<p>3\ufe0f\u20e3 Obficie podla\u0107 i utrzymywa\u0107 wilgotno\u015b\u0107 nie dopuszczaj\u0105c do przesuszenia w celu u\u0142atwienia kie\u0142kowania.<\/p>\n<\/section><\/div>\n<\/section>\n<section class=\"section\">\n<div class=\"item item-6\">\n<section class=\"image-item\">\n            <img decoding=\"async\" src=\"https:\/\/upload.cdn.baselinker.com\/products\/3018170\/c5e067c83807bf36d4ded9b301b4a081.png\" \/><br \/>\n        <\/section>\n<\/p><\/div>\n<div class=\"item item-6\">\n<section class=\"text-item\">\n<p><b>SPRAWDZONA JAKO\u015a\u0106 NASION<\/b><\/p>\n<p>Oferowane przez nas nasiona s\u0105 testowane w <b>Laboratorium Oceny Nasion pod wzgl\u0119dem:<\/b><\/p>\n<p>\u2705<b>kie\u0142kowania<\/b><\/p>\n<p>\u2705<b>wilgotno\u015bci<\/b><\/p>\n<p>\u2705<b>czysto\u015bci ziarna<\/b><\/p>\n<p><b>Dzi\u0119ki czemu udost\u0119pniane nasiona s\u0105 \u015bci\u015ble wyselekcjonowane, tylko wysokiej klasy.<\/b><\/p>\n<p>Torebki zakupione na naszej aukcji s\u0105 w pe\u0142ni bezpieczne, posiadaj\u0105 <b>dat\u0119 wa\u017cno\u015bci i nr partii na opakowaniu.<\/b> Gwarantujemy r\u00f3wnie\u017c jako\u015b\u0107 i oryginalno\u015b\u0107 produkt\u00f3w, poniewa\u017c s\u0105 nabywane bezpo\u015brednio od producenta.<\/p>\n<\/section><\/div>\n<\/section>\n<section class=\"section\">\n<div class=\"item item-6\">\n<section class=\"image-item\">\n            <img decoding=\"async\" src=\"https:\/\/upload.cdn.baselinker.com\/products\/3018170\/f466458b9ad76e8f201f4d86e573ef31.png\" \/><br \/>\n        <\/section>\n<\/p><\/div>\n<div class=\"item item-6\">\n<section class=\"image-item\">\n            <img decoding=\"async\" src=\"https:\/\/upload.cdn.baselinker.com\/products\/3018170\/d9f76e7d8e5921752683ae0850c622b5.jpg\" \/><br \/>\n        <\/section>\n<\/p><\/div>\n<\/section>\n","protected":false},"excerpt":{"rendered":"<p>Nasiona warzyw na ta\u015bmie Burak \u0106wik\u0142owy Okr\u0105g\u0142y Czerwona Kula Plenny 6m Nasiona na ta\u015bmie Burak \u0106wik\u0142owy Czerwona Kula 2 Burak \u0107wik\u0142owy Czerwona Kula 2 Odmiana bardzo plenna o korzeniach kulistych i du\u017cej zawarto\u015bci soku i s\u0142abo widocznych pier\u015bcieniach. Nadaje si\u0119 do d\u0142ugotrwa\u0142ego przechowywania zimowego. Odmiana przeznaczona na u\u017cytek letni i jesienny. Na zbi\u00f3r letni nasiona&#8230;<\/p>\n","protected":false},"featured_media":18468,"comment_status":"open","ping_status":"closed","template":"","meta":{"inline_featured_image":false},"product_cat":[126,162,184],"product_tag":[],"location":[],"class_list":{"0":"post-18484","1":"product","2":"type-product","3":"status-publish","4":"has-post-thumbnail","6":"product_cat-nasiona-warzyw","7":"product_cat-nasiona","8":"product_cat-nasiona-warzyw-na-tasmie","9":"nt-post-class","10":"","13":"excerpt-none","16":"first","17":"instock","18":"shipping-taxable","19":"purchasable","20":"product-type-simple"},"_links":{"self":[{"href":"https:\/\/boskienasiona.pl\/en\/wp-json\/wp\/v2\/product\/18484","targetHints":{"allow":["GET"]}}],"collection":[{"href":"https:\/\/boskienasiona.pl\/en\/wp-json\/wp\/v2\/product"}],"about":[{"href":"https:\/\/boskienasiona.pl\/en\/wp-json\/wp\/v2\/types\/product"}],"replies":[{"embeddable":true,"href":"https:\/\/boskienasiona.pl\/en\/wp-json\/wp\/v2\/comments?post=18484"}],"version-history":[{"count":1,"href":"https:\/\/boskienasiona.pl\/en\/wp-json\/wp\/v2\/product\/18484\/revisions"}],"predecessor-version":[{"id":22592,"href":"https:\/\/boskienasiona.pl\/en\/wp-json\/wp\/v2\/product\/18484\/revisions\/22592"}],"wp:featuredmedia":[{"embeddable":true,"href":"https:\/\/boskienasiona.pl\/en\/wp-json\/wp\/v2\/media\/18468"}],"wp:attachment":[{"href":"https:\/\/boskienasiona.pl\/en\/wp-json\/wp\/v2\/media?parent=18484"}],"wp:term":[{"taxonomy":"product_cat","embeddable":true,"href":"https:\/\/boskienasiona.pl\/en\/wp-json\/wp\/v2\/product_cat?post=18484"},{"taxonomy":"product_tag","embeddable":true,"href":"https:\/\/boskienasiona.pl\/en\/wp-json\/wp\/v2\/product_tag?post=18484"},{"taxonomy":"location","embeddable":true,"href":"https:\/\/boskienasiona.pl\/en\/wp-json\/wp\/v2\/location?post=18484"}],"curies":[{"name":"wp","href":"https:\/\/api.w.org\/{rel}","templated":true}]}}