{"id":18535,"date":"2025-02-01T16:23:30","date_gmt":"2025-02-01T15:23:30","guid":{"rendered":"https:\/\/boskienasiona.pl\/product\/nasiona-warzyw-szczypiorek-bohemia-cienki-szczypior-o-ostrym-smaku\/"},"modified":"2026-04-19T22:18:01","modified_gmt":"2026-04-19T20:18:01","slug":"nasiona-warzyw-szczypiorek-bohemia-cienki-szczypior-o-ostrym-smaku","status":"publish","type":"product","link":"https:\/\/boskienasiona.pl\/en\/produkt\/nasiona-warzyw-szczypiorek-bohemia-cienki-szczypior-o-ostrym-smaku\/","title":{"rendered":"Nasiona warzyw SZCZYPIOREK BOHEMIA cienki szczypior o ostrym smaku"},"content":{"rendered":"<section class=\"section\">\n<div class=\"item item-12\">\n<section class=\"text-item\">\n<h1>Nasiona warzyw SZCZYPIOREK BOHEMIA cienki szczypior o ostrym smaku<\/h1>\n<\/section><\/div>\n<\/section>\n<section class=\"section\">\n<div class=\"item item-6\">\n<section class=\"image-item\">\n            <img decoding=\"async\" src=\"https:\/\/upload.cdn.baselinker.com\/products\/3018170\/907a61b6202a3386ddb67d37c7636162.png\" \/><br \/>\n        <\/section>\n<\/p><\/div>\n<div class=\"item item-6\">\n<section class=\"text-item\">\n<p><b>Szczypiorek BOHEMIA<\/b><\/p>\n<p>ALLIUM SCHOENOPRASUM\u00a0 L.<\/p>\n<p>Ro\u015blina wieloletnia, \u015brednio wysoka, bardzo plenna. Tworzy aromatyczny delikatny, intensywnie zielony, cienki szczypior o du\u017cej zawarto\u015bci witaminy C i ostrym smaku.<\/p>\n<p>Do uprawy na wiosn\u0119 i jesie\u0144. Nadaje si\u0119 do wielokrotnego zbioru. Bardzo dobrze zimuje<\/p>\n<p>bez przykrycia. Wysiew na wiosn\u0119 od ko\u0144ca III do V do zimnego inspektu lub na rozsadniku. Rozsad\u0119 wysadza\u0107 do gruntu w maju-czerwcu, po 5-8 ro\u015blin razem. Wysiew bezpo\u015brednio do gruntu na g\u0142\u0119boko\u015b\u0107 1-2 cm w IV.<\/p>\n<p><b>\u2705Siew:<\/b> III \u2013 V<\/p>\n<p><b>\u2705Zbi\u00f3r:<\/b> VI \u2013 \u00bd X<\/p>\n<p><b>\u2705Rozstawa:<\/b> 30\u00d720 cm<\/p>\n<\/section><\/div>\n<\/section>\n<section class=\"section\">\n<div class=\"item item-6\">\n<section class=\"image-item\">\n            <img decoding=\"async\" src=\"https:\/\/upload.cdn.baselinker.com\/products\/3018170\/a66cdde9210e913f15b281b0bc347d5c.png\" \/><br \/>\n        <\/section>\n<\/p><\/div>\n<div class=\"item item-6\">\n<section class=\"text-item\">\n<p><b>SPRAWDZONA JAKO\u015a\u0106 NASION<\/b><\/p>\n<p>Oferowane przez nas nasiona s\u0105 testowane w\u00a0<b>Laboratorium Oceny Nasion pod wzgl\u0119dem:<\/b><\/p>\n<p>\u2705<b>kie\u0142kowania<\/b><\/p>\n<p>\u2705<b>wilgotno\u015bci<\/b><\/p>\n<p>\u2705<b>czysto\u015bci ziarna<\/b><\/p>\n<p><b>Dzi\u0119ki czemu udost\u0119pniane nasiona s\u0105 \u015bci\u015ble wyselekcjonowane, tylko wysokiej klasy.<\/b><\/p>\n<p>Torebki zakupione na naszej aukcji s\u0105 w pe\u0142ni bezpieczne, posiadaj\u0105\u00a0<b>dat\u0119 wa\u017cno\u015bci i nr partii na opakowaniu.<\/b>\u00a0Gwarantujemy r\u00f3wnie\u017c jako\u015b\u0107 i oryginalno\u015b\u0107 produkt\u00f3w, poniewa\u017c s\u0105 nabywane bezpo\u015brednio od producenta.<\/p>\n<\/section><\/div>\n<\/section>\n<section class=\"section\">\n<div class=\"item item-12\">\n<section class=\"image-item\">\n            <img decoding=\"async\" src=\"https:\/\/upload.cdn.baselinker.com\/products\/3018170\/c4b6bc6af18c2b5e4bbea302c5abf8d6.jpg\" \/><br \/>\n        <\/section>\n<\/p><\/div>\n<\/section>\n<section class=\"section\">\n<div class=\"item item-12\">\n<section class=\"image-item\">\n            <img decoding=\"async\" src=\"https:\/\/upload.cdn.baselinker.com\/products\/3018170\/7646be62c061aa7e4a9abf622a904ed6.jpg\" \/><br \/>\n        <\/section>\n<\/p><\/div>\n<\/section>\n","protected":false},"excerpt":{"rendered":"<p>Nasiona warzyw SZCZYPIOREK BOHEMIA cienki szczypior o ostrym smaku Szczypiorek BOHEMIA ALLIUM SCHOENOPRASUM\u00a0 L. Ro\u015blina wieloletnia, \u015brednio wysoka, bardzo plenna. Tworzy aromatyczny delikatny, intensywnie zielony, cienki szczypior o du\u017cej zawarto\u015bci witaminy C i ostrym smaku. Do uprawy na wiosn\u0119 i jesie\u0144. Nadaje si\u0119 do wielokrotnego zbioru. Bardzo dobrze zimuje bez przykrycia. Wysiew na wiosn\u0119 od&#8230;<\/p>\n","protected":false},"featured_media":18521,"comment_status":"open","ping_status":"closed","template":"","meta":{"inline_featured_image":false},"product_cat":[126,162],"product_tag":[],"location":[],"class_list":{"0":"post-18535","1":"product","2":"type-product","3":"status-publish","4":"has-post-thumbnail","6":"product_cat-nasiona-warzyw","7":"product_cat-nasiona","8":"nt-post-class","9":"","12":"excerpt-none","15":"first","16":"instock","17":"shipping-taxable","18":"purchasable","19":"product-type-simple"},"_links":{"self":[{"href":"https:\/\/boskienasiona.pl\/en\/wp-json\/wp\/v2\/product\/18535","targetHints":{"allow":["GET"]}}],"collection":[{"href":"https:\/\/boskienasiona.pl\/en\/wp-json\/wp\/v2\/product"}],"about":[{"href":"https:\/\/boskienasiona.pl\/en\/wp-json\/wp\/v2\/types\/product"}],"replies":[{"embeddable":true,"href":"https:\/\/boskienasiona.pl\/en\/wp-json\/wp\/v2\/comments?post=18535"}],"version-history":[{"count":0,"href":"https:\/\/boskienasiona.pl\/en\/wp-json\/wp\/v2\/product\/18535\/revisions"}],"wp:featuredmedia":[{"embeddable":true,"href":"https:\/\/boskienasiona.pl\/en\/wp-json\/wp\/v2\/media\/18521"}],"wp:attachment":[{"href":"https:\/\/boskienasiona.pl\/en\/wp-json\/wp\/v2\/media?parent=18535"}],"wp:term":[{"taxonomy":"product_cat","embeddable":true,"href":"https:\/\/boskienasiona.pl\/en\/wp-json\/wp\/v2\/product_cat?post=18535"},{"taxonomy":"product_tag","embeddable":true,"href":"https:\/\/boskienasiona.pl\/en\/wp-json\/wp\/v2\/product_tag?post=18535"},{"taxonomy":"location","embeddable":true,"href":"https:\/\/boskienasiona.pl\/en\/wp-json\/wp\/v2\/location?post=18535"}],"curies":[{"name":"wp","href":"https:\/\/api.w.org\/{rel}","templated":true}]}}