{"id":18552,"date":"2025-02-01T16:24:27","date_gmt":"2025-02-01T15:24:27","guid":{"rendered":"https:\/\/boskienasiona.pl\/product\/nasiona-warzyw-rzodkiewka-opolanka-wczesna-soczysta-wysiew-wiosna-jesien\/"},"modified":"2026-04-19T22:18:02","modified_gmt":"2026-04-19T20:18:02","slug":"nasiona-warzyw-rzodkiewka-opolanka-wczesna-soczysta-wysiew-wiosna-jesien","status":"publish","type":"product","link":"https:\/\/boskienasiona.pl\/en\/produkt\/nasiona-warzyw-rzodkiewka-opolanka-wczesna-soczysta-wysiew-wiosna-jesien\/","title":{"rendered":"Nasiona Warzyw RZODKIEWKA OPOLANKA WCZESNA SOCZYSTA WYSIEW WIOSNA JESIE\u0143"},"content":{"rendered":"<section class=\"section\">\n<div class=\"item item-12\">\n<section class=\"text-item\">\n<h1>Nasiona Warzyw RZODKIEWKA OPOLANKA WCZESNA SOCZYSTA WYSIEW WIOSNA JESIE\u0143<\/h1>\n<\/section><\/div>\n<\/section>\n<section class=\"section\">\n<div class=\"item item-6\">\n<section class=\"image-item\">\n            <img decoding=\"async\" src=\"https:\/\/upload.cdn.baselinker.com\/products\/3018170\/9ed25f01a60f0e682ad3f61cc83991c4.png\" \/><br \/>\n        <\/section>\n<\/p><\/div>\n<div class=\"item item-6\">\n<section class=\"text-item\">\n<p><b>Rzodkiewka Opolanka<\/b><\/p>\n<p>Odmiana wczesna, bardzo plenna z\u00a0ma\u0142\u0105 sk\u0142onno\u015bci\u0105 do\u00a0parcenia do\u00a0uprawy pod\u00a0os\u0142onami i\u00a0w\u00a0gruncie. Okres wegetacji oko\u0142o 25 dni. Tworzy cylindryczne, szkar\u0142atnoczewone zgrubienia z\u00a0bia\u0142ym ko\u0144cem i\u00a0soczystym mi\u0105\u017cszu. Mo\u017cna uprawia\u0107 na\u00a0zbi\u00f3r wiosenny i\u00a0jesienny. Siew na\u00a0g\u0142\u0119boko\u015b\u0107 1cm od\u00a0po\u0142. III do\u00a0po\u0142. VI na\u00a0zbi\u00f3r wiosenny i\u00a0od\u00a0VIII do\u00a0IX na\u00a0zbi\u00f3r jesienny.<\/p>\n<ul>\n<li><b>Waga:<\/b> 10g<\/li>\n<li><b>Siew:<\/b> po\u0142owa III-VI , VIII- IX<\/li>\n<li><b>Zbi\u00f3r:<\/b> IV-VII, IX-X<\/li>\n<li><b>Rozstawa:<\/b> 10-20 x 2-3 cm<\/li>\n<\/ul>\n<\/section><\/div>\n<\/section>\n<section class=\"section\">\n<div class=\"item item-6\">\n<section class=\"image-item\">\n            <img decoding=\"async\" src=\"https:\/\/upload.cdn.baselinker.com\/products\/3018170\/161abb5431ed3d19e8a2862ed4488c08.png\" \/><br \/>\n        <\/section>\n<\/p><\/div>\n<div class=\"item item-6\">\n<section class=\"text-item\">\n<p><b>SPRAWDZONA JAKO\u015a\u0106 NASION<\/b><\/p>\n<p>Oferowane przez nas nasiona s\u0105 testowane w <b>Laboratorium Oceny Nasion pod wzgl\u0119dem:<\/b><\/p>\n<p>\u2705<b>kie\u0142kowania<\/b><\/p>\n<p>\u2705<b>wilgotno\u015bci<\/b><\/p>\n<p>\u2705<b>czysto\u015bci ziarna<\/b><\/p>\n<p><b>Dzi\u0119ki czemu udost\u0119pniane nasiona s\u0105 \u015bci\u015ble wyselekcjonowane, tylko wysokiej klasy.<\/b><\/p>\n<p>Torebki zakupione na naszej aukcji s\u0105 w pe\u0142ni bezpieczne, posiadaj\u0105 <b>dat\u0119 wa\u017cno\u015bci i nr partii na opakowaniu.<\/b> Gwarantujemy r\u00f3wnie\u017c jako\u015b\u0107 i oryginalno\u015b\u0107 produkt\u00f3w, poniewa\u017c s\u0105 nabywane bezpo\u015brednio od producenta.<\/p>\n<\/section><\/div>\n<\/section>\n<section class=\"section\">\n<div class=\"item item-6\">\n<section class=\"image-item\">\n            <img decoding=\"async\" src=\"https:\/\/upload.cdn.baselinker.com\/products\/3018170\/66a1e6c278018c7dfbaed0880da92bcc.png\" \/><br \/>\n        <\/section>\n<\/p><\/div>\n<div class=\"item item-6\">\n<section class=\"image-item\">\n            <img decoding=\"async\" src=\"https:\/\/upload.cdn.baselinker.com\/products\/3018170\/635aeab54b819e61293cff1d7d3f8ed8.jpg\" \/><br \/>\n        <\/section>\n<\/p><\/div>\n<\/section>\n<section class=\"section\">\n<div class=\"item item-6\">\n<section class=\"image-item\">\n            <img decoding=\"async\" src=\"https:\/\/upload.cdn.baselinker.com\/products\/3018170\/b8d5cf59637f72f601c29e6b015839ee.jpg\" \/><br \/>\n        <\/section>\n<\/p><\/div>\n<div class=\"item item-6\">\n<section class=\"image-item\">\n            <img decoding=\"async\" src=\"https:\/\/upload.cdn.baselinker.com\/products\/3018170\/ea99d01dd6e7adc9e9cbb723a7838ffc.png\" \/><br \/>\n        <\/section>\n<\/p><\/div>\n<\/section>\n<section class=\"section\">\n<div class=\"item item-12\">\n<section class=\"image-item\">\n<\/section><\/div>\n<\/section>\n","protected":false},"excerpt":{"rendered":"<p>Nasiona Warzyw RZODKIEWKA OPOLANKA WCZESNA SOCZYSTA WYSIEW WIOSNA JESIE\u0143 Rzodkiewka Opolanka Odmiana wczesna, bardzo plenna z\u00a0ma\u0142\u0105 sk\u0142onno\u015bci\u0105 do\u00a0parcenia do\u00a0uprawy pod\u00a0os\u0142onami i\u00a0w\u00a0gruncie. Okres wegetacji oko\u0142o 25 dni. Tworzy cylindryczne, szkar\u0142atnoczewone zgrubienia z\u00a0bia\u0142ym ko\u0144cem i\u00a0soczystym mi\u0105\u017cszu. Mo\u017cna uprawia\u0107 na\u00a0zbi\u00f3r wiosenny i\u00a0jesienny. Siew na\u00a0g\u0142\u0119boko\u015b\u0107 1cm od\u00a0po\u0142. III do\u00a0po\u0142. VI na\u00a0zbi\u00f3r wiosenny i\u00a0od\u00a0VIII do\u00a0IX na\u00a0zbi\u00f3r jesienny. Waga: 10g Siew:&#8230;<\/p>\n","protected":false},"featured_media":18536,"comment_status":"open","ping_status":"closed","template":"","meta":{"inline_featured_image":false},"product_cat":[126,162],"product_tag":[],"location":[],"class_list":{"0":"post-18552","1":"product","2":"type-product","3":"status-publish","4":"has-post-thumbnail","6":"product_cat-nasiona-warzyw","7":"product_cat-nasiona","8":"nt-post-class","9":"","12":"excerpt-none","15":"first","16":"instock","17":"shipping-taxable","18":"purchasable","19":"product-type-simple"},"_links":{"self":[{"href":"https:\/\/boskienasiona.pl\/en\/wp-json\/wp\/v2\/product\/18552","targetHints":{"allow":["GET"]}}],"collection":[{"href":"https:\/\/boskienasiona.pl\/en\/wp-json\/wp\/v2\/product"}],"about":[{"href":"https:\/\/boskienasiona.pl\/en\/wp-json\/wp\/v2\/types\/product"}],"replies":[{"embeddable":true,"href":"https:\/\/boskienasiona.pl\/en\/wp-json\/wp\/v2\/comments?post=18552"}],"version-history":[{"count":0,"href":"https:\/\/boskienasiona.pl\/en\/wp-json\/wp\/v2\/product\/18552\/revisions"}],"wp:featuredmedia":[{"embeddable":true,"href":"https:\/\/boskienasiona.pl\/en\/wp-json\/wp\/v2\/media\/18536"}],"wp:attachment":[{"href":"https:\/\/boskienasiona.pl\/en\/wp-json\/wp\/v2\/media?parent=18552"}],"wp:term":[{"taxonomy":"product_cat","embeddable":true,"href":"https:\/\/boskienasiona.pl\/en\/wp-json\/wp\/v2\/product_cat?post=18552"},{"taxonomy":"product_tag","embeddable":true,"href":"https:\/\/boskienasiona.pl\/en\/wp-json\/wp\/v2\/product_tag?post=18552"},{"taxonomy":"location","embeddable":true,"href":"https:\/\/boskienasiona.pl\/en\/wp-json\/wp\/v2\/location?post=18552"}],"curies":[{"name":"wp","href":"https:\/\/api.w.org\/{rel}","templated":true}]}}