{"id":18578,"date":"2025-02-01T16:25:49","date_gmt":"2025-02-01T15:25:49","guid":{"rendered":"https:\/\/boskienasiona.pl\/product\/nasiona-warzyw-roszponka-zrodlo-witamin-doskonaly-dodatek-salatek\/"},"modified":"2026-04-19T06:15:35","modified_gmt":"2026-04-19T04:15:35","slug":"nasiona-warzyw-roszponka-zrodlo-witamin-doskonaly-dodatek-salatek","status":"publish","type":"product","link":"https:\/\/boskienasiona.pl\/en\/produkt\/nasiona-warzyw-roszponka-zrodlo-witamin-doskonaly-dodatek-salatek\/","title":{"rendered":"NASIONA WARZYW ROSZPONKA \u0179R\u00d3D\u0141O WITAMIN DOSKONA\u0141Y DODATEK SA\u0141ATEK"},"content":{"rendered":"<section class=\"section\">\n<div class=\"item item-12\">\n<section class=\"text-item\">\n<h1>NASIONA WARZYW ROSZPONKA \u0179R\u00d3D\u0141O WITAMIN DOSKONA\u0141Y DODATEK SA\u0141ATEK<\/h1>\n<\/section><\/div>\n<\/section>\n<section class=\"section\">\n<div class=\"item item-6\">\n<section class=\"image-item\">\n            <img decoding=\"async\" src=\"https:\/\/upload.cdn.baselinker.com\/products\/3018170\/4a72dcb051ec8a1d49c1f3a987e881ba.png\" \/><br \/>\n        <\/section>\n<\/p><\/div>\n<div class=\"item item-6\">\n<section class=\"text-item\">\n<p><b>Roszponka<\/b><\/p>\n<p>Ro\u015blina wytwarzaj\u0105ca rozety jadalnych, drobnych li\u015bci, kt\u00f3re zawieraj\u0105 du\u017co <b>witaminy C oraz\u00a0z\u00a0grupy B, karoten i\u00a0sole mineralne.<\/b> Doskona\u0142y dodatek do\u00a0sa\u0142atek, posiekanego jajka, dobrze smakuje zestawiona z\u00a0grejpfrutem i\u00a0pomara\u0144cz\u0105. Odporna na\u00a0mr\u00f3z mo\u017cna j\u0105 zbiera\u0107 z\u00a0pod\u00a0\u015bniegu. Okres wegetacji 2-3 miesi\u0105ce.<\/p>\n<ul>\n<li><b>Siew:<\/b> \u00bd VI &#8211; IX<\/li>\n<li><b>Zbi\u00f3r:<\/b> X \u2013 V<\/li>\n<li><b>Rozstawa:<\/b> 8-10 x 15-20 cm<\/li>\n<\/ul>\n<\/section><\/div>\n<\/section>\n<section class=\"section\">\n<div class=\"item item-6\">\n<section class=\"image-item\">\n            <img decoding=\"async\" src=\"https:\/\/upload.cdn.baselinker.com\/products\/3018170\/d9b8d72e926d14ab042d6474e1c7d93c.png\" \/><br \/>\n        <\/section>\n<\/p><\/div>\n<div class=\"item item-6\">\n<section class=\"text-item\">\n<p><b>SPRAWDZONA JAKO\u015a\u0106 NASION<\/b><\/p>\n<p>Oferowane przez nas nasiona s\u0105 testowane w <b>Laboratorium Oceny Nasion pod wzgl\u0119dem:<\/b><\/p>\n<p>\u2705<b>kie\u0142kowania<\/b><\/p>\n<p>\u2705<b>wilgotno\u015bci<\/b><\/p>\n<p>\u2705<b>czysto\u015bci ziarna<\/b><\/p>\n<p><b>Dzi\u0119ki czemu udost\u0119pniane nasiona s\u0105 \u015bci\u015ble wyselekcjonowane, tylko wysokiej klasy.<\/b><\/p>\n<p>Torebki zakupione na naszej aukcji s\u0105 w pe\u0142ni bezpieczne, posiadaj\u0105 <b>dat\u0119 wa\u017cno\u015bci i nr partii na opakowaniu.<\/b> Gwarantujemy r\u00f3wnie\u017c jako\u015b\u0107 i oryginalno\u015b\u0107 produkt\u00f3w, poniewa\u017c s\u0105 nabywane bezpo\u015brednio od producenta.<\/p>\n<\/section><\/div>\n<\/section>\n<section class=\"section\">\n<div class=\"item item-12\">\n<section class=\"image-item\">\n            <img decoding=\"async\" src=\"https:\/\/upload.cdn.baselinker.com\/products\/3018170\/aac3e70e33dcdb6b3f22a39457f48ca4.jpg\" \/><br \/>\n        <\/section>\n<\/p><\/div>\n<\/section>\n<section class=\"section\">\n<div class=\"item item-12\">\n<section class=\"image-item\">\n            <img decoding=\"async\" src=\"https:\/\/upload.cdn.baselinker.com\/products\/3018170\/f01c578dcfc488206c5022fac58fb376.jpg\" \/><br \/>\n        <\/section>\n<\/p><\/div>\n<\/section>\n","protected":false},"excerpt":{"rendered":"<p>NASIONA WARZYW ROSZPONKA \u0179R\u00d3D\u0141O WITAMIN DOSKONA\u0141Y DODATEK SA\u0141ATEK Roszponka Ro\u015blina wytwarzaj\u0105ca rozety jadalnych, drobnych li\u015bci, kt\u00f3re zawieraj\u0105 du\u017co witaminy C oraz\u00a0z\u00a0grupy B, karoten i\u00a0sole mineralne. Doskona\u0142y dodatek do\u00a0sa\u0142atek, posiekanego jajka, dobrze smakuje zestawiona z\u00a0grejpfrutem i\u00a0pomara\u0144cz\u0105. Odporna na\u00a0mr\u00f3z mo\u017cna j\u0105 zbiera\u0107 z\u00a0pod\u00a0\u015bniegu. Okres wegetacji 2-3 miesi\u0105ce. Siew: \u00bd VI &#8211; IX Zbi\u00f3r: X \u2013 V Rozstawa:&#8230;<\/p>\n","protected":false},"featured_media":18566,"comment_status":"open","ping_status":"closed","template":"","meta":{"inline_featured_image":false},"product_cat":[126,162],"product_tag":[],"location":[],"class_list":{"0":"post-18578","1":"product","2":"type-product","3":"status-publish","4":"has-post-thumbnail","6":"product_cat-nasiona-warzyw","7":"product_cat-nasiona","8":"nt-post-class","9":"","12":"excerpt-none","15":"first","16":"instock","17":"shipping-taxable","18":"purchasable","19":"product-type-simple"},"_links":{"self":[{"href":"https:\/\/boskienasiona.pl\/en\/wp-json\/wp\/v2\/product\/18578","targetHints":{"allow":["GET"]}}],"collection":[{"href":"https:\/\/boskienasiona.pl\/en\/wp-json\/wp\/v2\/product"}],"about":[{"href":"https:\/\/boskienasiona.pl\/en\/wp-json\/wp\/v2\/types\/product"}],"replies":[{"embeddable":true,"href":"https:\/\/boskienasiona.pl\/en\/wp-json\/wp\/v2\/comments?post=18578"}],"version-history":[{"count":0,"href":"https:\/\/boskienasiona.pl\/en\/wp-json\/wp\/v2\/product\/18578\/revisions"}],"wp:featuredmedia":[{"embeddable":true,"href":"https:\/\/boskienasiona.pl\/en\/wp-json\/wp\/v2\/media\/18566"}],"wp:attachment":[{"href":"https:\/\/boskienasiona.pl\/en\/wp-json\/wp\/v2\/media?parent=18578"}],"wp:term":[{"taxonomy":"product_cat","embeddable":true,"href":"https:\/\/boskienasiona.pl\/en\/wp-json\/wp\/v2\/product_cat?post=18578"},{"taxonomy":"product_tag","embeddable":true,"href":"https:\/\/boskienasiona.pl\/en\/wp-json\/wp\/v2\/product_tag?post=18578"},{"taxonomy":"location","embeddable":true,"href":"https:\/\/boskienasiona.pl\/en\/wp-json\/wp\/v2\/location?post=18578"}],"curies":[{"name":"wp","href":"https:\/\/api.w.org\/{rel}","templated":true}]}}