{"id":18585,"date":"2025-02-01T16:26:08","date_gmt":"2025-02-01T15:26:08","guid":{"rendered":"https:\/\/boskienasiona.pl\/product\/nasiona-warzyw-groch-cukrowy-ilowiecki-sr-wczesny-odporny-na-choroby\/"},"modified":"2026-04-19T14:16:36","modified_gmt":"2026-04-19T12:16:36","slug":"nasiona-warzyw-groch-cukrowy-ilowiecki-sr-wczesny-odporny-na-choroby","status":"publish","type":"product","link":"https:\/\/boskienasiona.pl\/en\/produkt\/nasiona-warzyw-groch-cukrowy-ilowiecki-sr-wczesny-odporny-na-choroby\/","title":{"rendered":"Nasiona warzyw GROCH CUKROWY I\u0141\u00d3WIECKI \u015ar. Wczesny odporny na choroby"},"content":{"rendered":"<section class=\"section\">\n<div class=\"item item-12\">\n<section class=\"text-item\">\n<h1>Nasiona warzyw GROCH CUKROWY I\u0141\u00d3WIECKI \u015ar. Wczesny odporny na choroby<\/h1>\n<\/section><\/div>\n<\/section>\n<section class=\"section\">\n<div class=\"item item-6\">\n<section class=\"image-item\">\n            <img decoding=\"async\" src=\"https:\/\/upload.cdn.baselinker.com\/products\/3018170\/16e06a8dfe76199775ee4c147c482223.png\" \/><br \/>\n        <\/section>\n<\/p><\/div>\n<div class=\"item item-6\">\n<section class=\"text-item\">\n<p><b>Groch cukrowy I\u0142\u00f3wiecki<\/b><\/p>\n<p>Odmiana cukrowa, \u015brednio wczesna, bardzo plenna. Str\u0105ki d\u0142ugo\u015bci 5-6 cm, s\u0142odkie o\u00a0wysokiej zawarto\u015bci cukru bez\u00a0pergaminowej wy\u015bci\u00f3\u0142ki, nadaj\u0105ce\u00a0si\u0119 do\u00a0konsumpcji w\u00a0ca\u0142o\u015bci oraz\u00a0do\u00a0zasma\u017cania. Odmiana charakteryzuje\u00a0si\u0119 du\u017c\u0105 odporno\u015bci\u0105 na\u00a0choroby. Wysiew wprost do\u00a0gruntu od\u00a0III do\u00a0po\u0142owy V.<\/p>\n<ul>\n<li><b>Opakowanie:<\/b> 50g<\/li>\n<li><b>Siew:<\/b> III- po\u0142owa V<\/li>\n<li><b>Zbi\u00f3r:<\/b> VI- po\u0142owy VII<\/li>\n<li><b>Rozstawa:<\/b> 30- 40 x 3-4 cm<\/li>\n<\/ul>\n<\/section><\/div>\n<\/section>\n<section class=\"section\">\n<div class=\"item item-6\">\n<section class=\"image-item\">\n            <img decoding=\"async\" src=\"https:\/\/upload.cdn.baselinker.com\/products\/3018170\/060084f26b3d876afe81b3ee0be8eeb0.png\" \/><br \/>\n        <\/section>\n<\/p><\/div>\n<div class=\"item item-6\">\n<section class=\"text-item\">\n<p><b>SPRAWDZONA JAKO\u015a\u0106 NASION<\/b><\/p>\n<p>Oferowane przez nas nasiona s\u0105 testowane w <b>Laboratorium Oceny Nasion pod wzgl\u0119dem:<\/b><\/p>\n<p>\u2705<b>kie\u0142kowania<\/b><\/p>\n<p>\u2705<b>wilgotno\u015bci<\/b><\/p>\n<p>\u2705<b>czysto\u015bci ziarna<\/b><\/p>\n<p><b>Dzi\u0119ki czemu udost\u0119pniane nasiona s\u0105 \u015bci\u015ble wyselekcjonowane, tylko wysokiej klasy.<\/b><\/p>\n<p>Torebki zakupione na naszej aukcji s\u0105 w pe\u0142ni bezpieczne, posiadaj\u0105 <b>dat\u0119 wa\u017cno\u015bci i nr partii na opakowaniu.<\/b> Gwarantujemy r\u00f3wnie\u017c jako\u015b\u0107 i oryginalno\u015b\u0107 produkt\u00f3w, poniewa\u017c s\u0105 nabywane bezpo\u015brednio od producenta.<\/p>\n<\/section><\/div>\n<\/section>\n<section class=\"section\">\n<div class=\"item item-6\">\n<section class=\"image-item\">\n            <img decoding=\"async\" src=\"https:\/\/upload.cdn.baselinker.com\/products\/3018170\/af1a8bc21b13678f53596e620cd09ee3.jpg\" \/><br \/>\n        <\/section>\n<\/p><\/div>\n<div class=\"item item-6\">\n<section class=\"text-item\">\n<p><b>Grochy<\/b><\/p>\n<p>Groch jest ro\u015blin\u0105 str\u0105czkow\u0105, kt\u00f3ra jest doskona\u0142ym \u017ar\u00f3d\u0142em bia\u0142ka, w\u0119glowodan\u00f3w i b\u0142onnika. Zawiera tak\u017ce du\u017c\u0105 ilo\u015b\u0107 niezb\u0119dnych naszemu organizmowi aminokwas\u00f3w egzogennych. Ponadto w grochu znajduj\u0105 si\u0119\u00a0<b>witaminy z grupy B<\/b>\u00a0oraz sk\u0142adniki mineralne. Groch jest szczeg\u00f3lnie ceniony przez wegetarian i wegan, gdy\u017c zawarte w nim sk\u0142adniki doskonale uzupe\u0142niaj\u0105 diet\u0119 bezmi\u0119sn\u0105. Jest to jedna z najstarszych ro\u015blin uprawnych na \u015bwiecie. Owocem grochu jest str\u0105k, kt\u00f3ry zawiera\u00a0<b>od 3 do 12 nasion.<\/b> Groch nale\u017cy zbiera\u0107, gdy str\u0105ki s\u0105 w pe\u0142ni wyro\u015bni\u0119te. Ze wzgl\u0119du na budow\u0119 str\u0105k\u00f3w, wyr\u00f3\u017cnia si\u0119 dwie odmiany grochu:<b>\u00a0cukrow\u0105 i \u0142uskan\u0105.<\/b><\/p>\n<\/section><\/div>\n<\/section>\n","protected":false},"excerpt":{"rendered":"<p>Nasiona warzyw GROCH CUKROWY I\u0141\u00d3WIECKI \u015ar. Wczesny odporny na choroby Groch cukrowy I\u0142\u00f3wiecki Odmiana cukrowa, \u015brednio wczesna, bardzo plenna. Str\u0105ki d\u0142ugo\u015bci 5-6 cm, s\u0142odkie o\u00a0wysokiej zawarto\u015bci cukru bez\u00a0pergaminowej wy\u015bci\u00f3\u0142ki, nadaj\u0105ce\u00a0si\u0119 do\u00a0konsumpcji w\u00a0ca\u0142o\u015bci oraz\u00a0do\u00a0zasma\u017cania. Odmiana charakteryzuje\u00a0si\u0119 du\u017c\u0105 odporno\u015bci\u0105 na\u00a0choroby. Wysiew wprost do\u00a0gruntu od\u00a0III do\u00a0po\u0142owy V. Opakowanie: 50g Siew: III- po\u0142owa V Zbi\u00f3r: VI- po\u0142owy VII Rozstawa:&#8230;<\/p>\n","protected":false},"featured_media":18579,"comment_status":"open","ping_status":"closed","template":"","meta":{"inline_featured_image":false},"product_cat":[126,162],"product_tag":[],"location":[],"class_list":{"0":"post-18585","1":"product","2":"type-product","3":"status-publish","4":"has-post-thumbnail","6":"product_cat-nasiona-warzyw","7":"product_cat-nasiona","8":"nt-post-class","9":"","12":"excerpt-none","15":"first","16":"instock","17":"shipping-taxable","18":"purchasable","19":"product-type-simple"},"_links":{"self":[{"href":"https:\/\/boskienasiona.pl\/en\/wp-json\/wp\/v2\/product\/18585","targetHints":{"allow":["GET"]}}],"collection":[{"href":"https:\/\/boskienasiona.pl\/en\/wp-json\/wp\/v2\/product"}],"about":[{"href":"https:\/\/boskienasiona.pl\/en\/wp-json\/wp\/v2\/types\/product"}],"replies":[{"embeddable":true,"href":"https:\/\/boskienasiona.pl\/en\/wp-json\/wp\/v2\/comments?post=18585"}],"version-history":[{"count":0,"href":"https:\/\/boskienasiona.pl\/en\/wp-json\/wp\/v2\/product\/18585\/revisions"}],"wp:featuredmedia":[{"embeddable":true,"href":"https:\/\/boskienasiona.pl\/en\/wp-json\/wp\/v2\/media\/18579"}],"wp:attachment":[{"href":"https:\/\/boskienasiona.pl\/en\/wp-json\/wp\/v2\/media?parent=18585"}],"wp:term":[{"taxonomy":"product_cat","embeddable":true,"href":"https:\/\/boskienasiona.pl\/en\/wp-json\/wp\/v2\/product_cat?post=18585"},{"taxonomy":"product_tag","embeddable":true,"href":"https:\/\/boskienasiona.pl\/en\/wp-json\/wp\/v2\/product_tag?post=18585"},{"taxonomy":"location","embeddable":true,"href":"https:\/\/boskienasiona.pl\/en\/wp-json\/wp\/v2\/location?post=18585"}],"curies":[{"name":"wp","href":"https:\/\/api.w.org\/{rel}","templated":true}]}}