{"id":18602,"date":"2025-02-01T16:26:54","date_gmt":"2025-02-01T15:26:54","guid":{"rendered":"https:\/\/boskienasiona.pl\/product\/nasiona-warzyw-na-tasmie-marchew-srednio-wczesna-wysiew-do-czerwca-soczysta\/"},"modified":"2026-04-19T14:16:36","modified_gmt":"2026-04-19T12:16:36","slug":"nasiona-warzyw-na-tasmie-marchew-srednio-wczesna-wysiew-do-czerwca-soczysta","status":"publish","type":"product","link":"https:\/\/boskienasiona.pl\/en\/produkt\/nasiona-warzyw-na-tasmie-marchew-srednio-wczesna-wysiew-do-czerwca-soczysta\/","title":{"rendered":"Nasiona warzyw na ta\u015bmie Marchew \u015arednio Wczesna Wysiew Do Czerwca Soczysta"},"content":{"rendered":"<section class=\"section\">\n<div class=\"item item-12\">\n<section class=\"text-item\">\n<h1>Nasiona warzyw na ta\u015bmie Marchew \u015arednio Wczesna Wysiew Do Czerwca Soczysta<\/h1>\n<\/section><\/div>\n<\/section>\n<section class=\"section\">\n<div class=\"item item-6\">\n<section class=\"image-item\">\n            <img decoding=\"async\" src=\"https:\/\/upload.cdn.baselinker.com\/products\/3018170\/1f5f3f63250f10aa361fa19a931ed2d5.png\" \/><br \/>\n        <\/section>\n<\/p><\/div>\n<div class=\"item item-6\">\n<section class=\"text-item\">\n<p><b>Nasiona na ta\u015bmie MARCHEW NANTAISE \u015ar. Wczesna<\/b><\/p>\n<p>DAUCUS CAROTA\u00a0 L.<\/p>\n<p>Odmiana \u015brednio wczesna, przeznaczona na\u00a0zbi\u00f3r letni i\u00a0jesienny. Korze\u0144 d\u0142ugo\u015bci 20-22cm lekko sto\u017ckowaty z\u00a0ma\u0142\u0105 tendencj\u0105 do\u00a0zazielenienia. Mi\u0105\u017csz delikatny, smaczny, o\u00a0kruchej konsystencji, ciemno-pomara\u0144czowy. Polecana do\u00a0upraw amatorskich i\u00a0handlowych<\/p>\n<p>Wysiew nasion od\u00a0IV do\u00a0po\u0142owy VI. Zbi\u00f3r od\u00a0po\u0142. VIII do\u00a0X<\/p>\n<p>Ta\u015bma nasienna u\u0142atwia wysiew, dzi\u0119ki odpowiedniemu rozmieszczeniu nasion na\u00a0ta\u015bmie eliminuj\u0105c potrzeb\u0119 stosowania przerywki i\u00a0pozwala na\u00a0uzyskanie dobrych plon\u00f3w.<\/p>\n<p><b>Opakowanie zawiera 6m ta\u015bmy nasiennej.<\/b><\/p>\n<\/section><\/div>\n<\/section>\n<section class=\"section\">\n<div class=\"item item-6\">\n<section class=\"image-item\">\n            <img decoding=\"async\" src=\"https:\/\/upload.cdn.baselinker.com\/products\/3018170\/938fec06d8f07cfdb0c9a9ff0248762b.png\" \/><br \/>\n        <\/section>\n<\/p><\/div>\n<div class=\"item item-6\">\n<section class=\"text-item\">\n<p><b>NASIONA NA TA\u015aMIE<\/b><\/p>\n<p>S\u0105 to specjalne ta\u015bmy oraz kr\u0105\u017cki naszpikowane nasionami w odpowiednim zag\u0119szczeniu. Precyzyjne zachowanie odleg\u0142o\u015bci na ta\u015bmie eliminuj\u0105c potrzeb\u0119 stosowania przerywki.\u00a0 Wysiew wymaga jedynie wykopania rowka, umieszczenia w nim ta\u015bmy i zasypania ziemi\u0105. T\u0105 prost\u0105 metod\u0105 mo\u017cna wysiewa\u0107 zar\u00f3wno\u00a0nasiona warzyw gruntowych, jak i zio\u0142a czy kwiaty.<\/p>\n<\/section><\/div>\n<\/section>\n<section class=\"section\">\n<div class=\"item item-6\">\n<section class=\"image-item\">\n            <img decoding=\"async\" src=\"https:\/\/upload.cdn.baselinker.com\/products\/3018170\/82d5dbc90d1f0404acbd271eac64a509.png\" \/><br \/>\n        <\/section>\n<\/p><\/div>\n<div class=\"item item-6\">\n<section class=\"text-item\">\n<p><b>Opakowanie zawiera 6m ta\u015bmy nasiennej.<\/b><\/p>\n<p><b>Ta\u015bma nasienna u\u0142atwia wysiew, dzi\u0119ki odpowiedniemu rozmieszczeniu nasion na ta\u015bmie eliminuj\u0105c potrzeb\u0119 stosowania przerywki i pozwala na\u00a0uzyskanie dobrych plon\u00f3w.<\/b><\/p>\n<p><b>WARUNKI UPRAWY:<\/b><\/p>\n<p>1\ufe0f\u20e3 Przygotowa\u0107 pod\u0142o\u017ce usuwaj\u0105c kamienie i grabi\u0105c w celu\u00a0 \u00a0 \u00a0 \u00a0 \u00a0wyr\u00f3wnania i rozdrobnienia powierzchni ziemi.<\/p>\n<p>2\ufe0f\u20e3 Wykona\u0107 w ziemi p\u0142ytki rowek ok. 0,5-1 cm g\u0142\u0119boko\u015bci roz\u0142o\u017cy\u0107 ta\u015bm\u0119, przykry\u0107 warstw\u0105 pod\u0142o\u017ca.<\/p>\n<p>3\ufe0f\u20e3 Obficie podla\u0107 i utrzymywa\u0107 wilgotno\u015b\u0107 nie dopuszczaj\u0105c do przesuszenia w celu u\u0142atwienia kie\u0142kowania.<\/p>\n<\/section><\/div>\n<\/section>\n<section class=\"section\">\n<div class=\"item item-6\">\n<section class=\"image-item\">\n            <img decoding=\"async\" src=\"https:\/\/upload.cdn.baselinker.com\/products\/3018170\/938fec06d8f07cfdb0c9a9ff0248762b.png\" \/><br \/>\n        <\/section>\n<\/p><\/div>\n<div class=\"item item-6\">\n<section class=\"text-item\">\n<p><b>SPRAWDZONA JAKO\u015a\u0106 NASION<\/b><\/p>\n<p>Oferowane przez nas nasiona s\u0105 testowane w <b>Laboratorium Oceny Nasion pod wzgl\u0119dem:<\/b><\/p>\n<p>\u2705<b>kie\u0142kowania<\/b><\/p>\n<p>\u2705<b>wilgotno\u015bci<\/b><\/p>\n<p>\u2705<b>czysto\u015bci ziarna<\/b><\/p>\n<p><b>Dzi\u0119ki czemu udost\u0119pniane nasiona s\u0105 \u015bci\u015ble wyselekcjonowane, tylko wysokiej klasy.<\/b><\/p>\n<p>Torebki zakupione na naszej aukcji s\u0105 w pe\u0142ni bezpieczne, posiadaj\u0105 <b>dat\u0119 wa\u017cno\u015bci i nr partii na opakowaniu.<\/b> Gwarantujemy r\u00f3wnie\u017c jako\u015b\u0107 i oryginalno\u015b\u0107 produkt\u00f3w, poniewa\u017c s\u0105 nabywane bezpo\u015brednio od producenta.<\/p>\n<\/section><\/div>\n<\/section>\n<section class=\"section\">\n<div class=\"item item-6\">\n<section class=\"image-item\">\n            <img decoding=\"async\" src=\"https:\/\/upload.cdn.baselinker.com\/products\/3018170\/27d9cc091a957f7e66b37629fd559637.jpg\" \/><br \/>\n        <\/section>\n<\/p><\/div>\n<div class=\"item item-6\">\n<section class=\"image-item\">\n            <img decoding=\"async\" src=\"https:\/\/upload.cdn.baselinker.com\/products\/3018170\/b78d4db90aabe452f82899040e0980aa.jpg\" \/><br \/>\n        <\/section>\n<\/p><\/div>\n<\/section>\n<section class=\"section\">\n<div class=\"item item-12\">\n<section class=\"image-item\">\n            <img decoding=\"async\" src=\"https:\/\/upload.cdn.baselinker.com\/products\/3018170\/b78d4db90aabe452f82899040e0980aa.jpg\" \/><br \/>\n        <\/section>\n<\/p><\/div>\n<\/section>\n","protected":false},"excerpt":{"rendered":"<p>Nasiona warzyw na ta\u015bmie Marchew \u015arednio Wczesna Wysiew Do Czerwca Soczysta Nasiona na ta\u015bmie MARCHEW NANTAISE \u015ar. Wczesna DAUCUS CAROTA\u00a0 L. Odmiana \u015brednio wczesna, przeznaczona na\u00a0zbi\u00f3r letni i\u00a0jesienny. Korze\u0144 d\u0142ugo\u015bci 20-22cm lekko sto\u017ckowaty z\u00a0ma\u0142\u0105 tendencj\u0105 do\u00a0zazielenienia. Mi\u0105\u017csz delikatny, smaczny, o\u00a0kruchej konsystencji, ciemno-pomara\u0144czowy. Polecana do\u00a0upraw amatorskich i\u00a0handlowych Wysiew nasion od\u00a0IV do\u00a0po\u0142owy VI. Zbi\u00f3r od\u00a0po\u0142. VIII do\u00a0X&#8230;<\/p>\n","protected":false},"featured_media":18586,"comment_status":"open","ping_status":"closed","template":"","meta":{"inline_featured_image":false},"product_cat":[126,162,186,184],"product_tag":[],"location":[],"class_list":{"0":"post-18602","1":"product","2":"type-product","3":"status-publish","4":"has-post-thumbnail","6":"product_cat-nasiona-warzyw","7":"product_cat-nasiona","8":"product_cat-nasiona-marchwi","9":"product_cat-nasiona-warzyw-na-tasmie","10":"nt-post-class","11":"","14":"excerpt-none","17":"first","18":"instock","19":"shipping-taxable","20":"purchasable","21":"product-type-simple"},"_links":{"self":[{"href":"https:\/\/boskienasiona.pl\/en\/wp-json\/wp\/v2\/product\/18602","targetHints":{"allow":["GET"]}}],"collection":[{"href":"https:\/\/boskienasiona.pl\/en\/wp-json\/wp\/v2\/product"}],"about":[{"href":"https:\/\/boskienasiona.pl\/en\/wp-json\/wp\/v2\/types\/product"}],"replies":[{"embeddable":true,"href":"https:\/\/boskienasiona.pl\/en\/wp-json\/wp\/v2\/comments?post=18602"}],"version-history":[{"count":1,"href":"https:\/\/boskienasiona.pl\/en\/wp-json\/wp\/v2\/product\/18602\/revisions"}],"predecessor-version":[{"id":22589,"href":"https:\/\/boskienasiona.pl\/en\/wp-json\/wp\/v2\/product\/18602\/revisions\/22589"}],"wp:featuredmedia":[{"embeddable":true,"href":"https:\/\/boskienasiona.pl\/en\/wp-json\/wp\/v2\/media\/18586"}],"wp:attachment":[{"href":"https:\/\/boskienasiona.pl\/en\/wp-json\/wp\/v2\/media?parent=18602"}],"wp:term":[{"taxonomy":"product_cat","embeddable":true,"href":"https:\/\/boskienasiona.pl\/en\/wp-json\/wp\/v2\/product_cat?post=18602"},{"taxonomy":"product_tag","embeddable":true,"href":"https:\/\/boskienasiona.pl\/en\/wp-json\/wp\/v2\/product_tag?post=18602"},{"taxonomy":"location","embeddable":true,"href":"https:\/\/boskienasiona.pl\/en\/wp-json\/wp\/v2\/location?post=18602"}],"curies":[{"name":"wp","href":"https:\/\/api.w.org\/{rel}","templated":true}]}}