{"id":18607,"date":"2025-02-01T16:27:05","date_gmt":"2025-02-01T15:27:05","guid":{"rendered":"https:\/\/boskienasiona.pl\/product\/nasiona-warzyw-pomidor-koktajlowy-gruntowy-toraf\/"},"modified":"2026-04-19T14:16:37","modified_gmt":"2026-04-19T12:16:37","slug":"nasiona-warzyw-pomidor-koktajlowy-gruntowy-toraf","status":"publish","type":"product","link":"https:\/\/boskienasiona.pl\/en\/produkt\/nasiona-warzyw-pomidor-koktajlowy-gruntowy-toraf\/","title":{"rendered":"Nasiona warzyw Pomidor koktajlowy gruntowy TORAF"},"content":{"rendered":"<section class=\"section\">\n<div class=\"item item-6\">\n<section class=\"image-item\"><img decoding=\"async\" src=\"https:\/\/upload.cdn.baselinker.com\/products\/3018170\/77514066e00051a667662a6c7eb40691.jpg\"><\/section>\n<\/p><\/div>\n<div class=\"item item-6\">\n<section class=\"text-item\">\n<h1>Pomidor gruntowy koktajlowy Black Cherry<\/h1>\n<p>Lycopersicon esculentum<\/p>\n<p>Odmiana wysoka o\u00a0ci\u0105g\u0142ym typie wzrostu, przeznaczona do\u00a0uprawy w\u00a0gruncie przy palikach, pod\u00a0os\u0142onami lub\u00a0w\u00a0donicach lub\u00a0skrzynkach balkonowych. Ro\u015bliny wymagaj\u0105 usuwania p\u0119d\u00f3w bocznych, najlepiej prowadzi\u0107 je na\u00a0jeden lub\u00a0na\u00a0dwa p\u0119dy. Owoce okr\u0105g\u0142e, podobne do\u00a0du\u017cej wi\u015bni o\u00a0\u015brednicy ok. 2-2,5 cm, s\u0105 drobne, purpurowo-br\u0105zowe, s\u0142odkie i\u00a0wyj\u0105tkowo smaczne. Wysiew od\u00a0III do\u00a0pocz\u0105tku IV do\u00a0doniczek lub\u00a0do\u00a0wielodoniczek pod\u00a0os\u0142onami. Wysadzi\u0107 do\u00a0gruntu w\u00a0po\u0142owie V. Wschody nast\u0119puj\u0105 po\u00a07-14 dniach. Wymaga gleby \u017cyznej i\u00a0s\u0142onecznego miejsca.<\/p>\n<ul>\n<li><b>Siew:<\/b> III-V<\/li>\n<li><b>Zbi\u00f3r:<\/b> VI-VIII<\/li>\n<\/ul>\n<p>Piktogram<\/p>\n<ul>\n<li><b>Rozstawa:<\/b> 60-70 x 50-60 cm<\/li>\n<\/ul>\n<\/section><\/div>\n<\/section>\n<section class=\"section\">\n<div class=\"item item-6\">\n<section class=\"image-item\"><img decoding=\"async\" src=\"https:\/\/upload.cdn.baselinker.com\/products\/3018170\/1ebdcfa813ee6c99b49318a4fb9b4fd9.jpg\"><\/section>\n<\/p><\/div>\n<div class=\"item item-6\">\n<section class=\"text-item\">\n<p><b>SPRAWDZONA JAKO\u015a\u0106 NASION<\/b><\/p>\n<p>Oferowane przez nas nasiona s\u0105 testowane w\u00a0<b>Laboratorium Oceny Nasion pod wzgl\u0119dem:<\/b><\/p>\n<p>\u2705<b>kie\u0142kowania<\/b><\/p>\n<p>\u2705<b>wilgotno\u015bci<\/b><\/p>\n<p>\u2705<b>czysto\u015bci ziarna<\/b><\/p>\n<p><b>Dzi\u0119ki czemu udost\u0119pniane nasiona s\u0105 \u015bci\u015ble wyselekcjonowane, tylko wysokiej klasy.<\/b><\/p>\n<p>Torebki zakupione na naszej aukcji s\u0105 w pe\u0142ni bezpieczne, posiadaj\u0105\u00a0<b>dat\u0119 wa\u017cno\u015bci i nr partii na opakowaniu.<\/b>\u00a0Gwarantujemy r\u00f3wnie\u017c jako\u015b\u0107 i oryginalno\u015b\u0107 produkt\u00f3w, poniewa\u017c s\u0105 nabywane bezpo\u015brednio od producenta.<\/p>\n<\/section><\/div>\n<\/section>\n","protected":false},"excerpt":{"rendered":"<p>Pomidor gruntowy koktajlowy Black Cherry Lycopersicon esculentum Odmiana wysoka o\u00a0ci\u0105g\u0142ym typie wzrostu, przeznaczona do\u00a0uprawy w\u00a0gruncie przy palikach, pod\u00a0os\u0142onami lub\u00a0w\u00a0donicach lub\u00a0skrzynkach balkonowych. Ro\u015bliny wymagaj\u0105 usuwania p\u0119d\u00f3w bocznych, najlepiej prowadzi\u0107 je na\u00a0jeden lub\u00a0na\u00a0dwa p\u0119dy. Owoce okr\u0105g\u0142e, podobne do\u00a0du\u017cej wi\u015bni o\u00a0\u015brednicy ok. 2-2,5 cm, s\u0105 drobne, purpurowo-br\u0105zowe, s\u0142odkie i\u00a0wyj\u0105tkowo smaczne. Wysiew od\u00a0III do\u00a0pocz\u0105tku IV do\u00a0doniczek lub\u00a0do\u00a0wielodoniczek pod\u00a0os\u0142onami. Wysadzi\u0107&#8230;<\/p>\n","protected":false},"featured_media":18603,"comment_status":"open","ping_status":"closed","template":"","meta":{"inline_featured_image":false},"product_cat":[126,162],"product_tag":[],"location":[],"class_list":{"0":"post-18607","1":"product","2":"type-product","3":"status-publish","4":"has-post-thumbnail","6":"product_cat-nasiona-warzyw","7":"product_cat-nasiona","8":"nt-post-class","9":"","12":"excerpt-none","15":"first","16":"instock","17":"shipping-taxable","18":"purchasable","19":"product-type-simple"},"_links":{"self":[{"href":"https:\/\/boskienasiona.pl\/en\/wp-json\/wp\/v2\/product\/18607","targetHints":{"allow":["GET"]}}],"collection":[{"href":"https:\/\/boskienasiona.pl\/en\/wp-json\/wp\/v2\/product"}],"about":[{"href":"https:\/\/boskienasiona.pl\/en\/wp-json\/wp\/v2\/types\/product"}],"replies":[{"embeddable":true,"href":"https:\/\/boskienasiona.pl\/en\/wp-json\/wp\/v2\/comments?post=18607"}],"version-history":[{"count":0,"href":"https:\/\/boskienasiona.pl\/en\/wp-json\/wp\/v2\/product\/18607\/revisions"}],"wp:featuredmedia":[{"embeddable":true,"href":"https:\/\/boskienasiona.pl\/en\/wp-json\/wp\/v2\/media\/18603"}],"wp:attachment":[{"href":"https:\/\/boskienasiona.pl\/en\/wp-json\/wp\/v2\/media?parent=18607"}],"wp:term":[{"taxonomy":"product_cat","embeddable":true,"href":"https:\/\/boskienasiona.pl\/en\/wp-json\/wp\/v2\/product_cat?post=18607"},{"taxonomy":"product_tag","embeddable":true,"href":"https:\/\/boskienasiona.pl\/en\/wp-json\/wp\/v2\/product_tag?post=18607"},{"taxonomy":"location","embeddable":true,"href":"https:\/\/boskienasiona.pl\/en\/wp-json\/wp\/v2\/location?post=18607"}],"curies":[{"name":"wp","href":"https:\/\/api.w.org\/{rel}","templated":true}]}}