{"id":18614,"date":"2025-02-01T16:27:19","date_gmt":"2025-02-01T15:27:19","guid":{"rendered":"https:\/\/boskienasiona.pl\/product\/nasiona-warzyw-slonecznik-jadalny-paskowany-gruby\/"},"modified":"2026-04-19T14:16:38","modified_gmt":"2026-04-19T12:16:38","slug":"nasiona-warzyw-slonecznik-jadalny-paskowany-gruby","status":"publish","type":"product","link":"https:\/\/boskienasiona.pl\/en\/produkt\/nasiona-warzyw-slonecznik-jadalny-paskowany-gruby\/","title":{"rendered":"Nasiona warzyw S\u0142onecznik jadalny paskowany GRUBY"},"content":{"rendered":"<section class=\"section\">\n<div class=\"item item-12\">\n<section class=\"text-item\">\n<h1>Nasiona warzyw S\u0142onecznik jadalny paskowany GRUBY<\/h1>\n<\/section><\/div>\n<\/section>\n<section class=\"section\">\n<div class=\"item item-6\">\n<section class=\"image-item\">\n            <img decoding=\"async\" src=\"https:\/\/upload.cdn.baselinker.com\/products\/3018170\/afe1656e2e725748a225f8051526a25c.jpg\" \/><br \/>\n        <\/section>\n<\/p><\/div>\n<div class=\"item item-6\">\n<section class=\"text-item\">\n<p><b>S\u0142onecznik jadalny paskowany<\/b><\/p>\n<p>Ro\u015blina oleista uprawiana dla \u015bwie\u017cego ziarna. \u0141odygi nierozga\u0142\u0119zione, koszyczki pojedyncze du\u017ce, dobrze wype\u0142nione ziarnem. Wysiew IV-V \u00a0na\u00a0g\u0142\u0119boko\u015b\u0107 5-8 cm. po\u00a02-3 nasiona w\u00a0jedno miejsce. Po\u00a0wschodach wykona\u0107 przerywk\u0119 pozostawiaj\u0105c w\u00a0jednym punkcie po\u00a0jednej ro\u015blinie. Wymaga \u017cyznej pr\u00f3chniczej gleby.<\/p>\n<ul>\n<li><b>Siew:<\/b> IV \u2013 V<\/li>\n<li><b>Zbi\u00f3r:<\/b> \u00bd VIII \u2013 IX<\/li>\n<li><b>Rozstaw:<\/b> 15 x 90-120 cm<\/li>\n<\/ul>\n<\/section><\/div>\n<\/section>\n<section class=\"section\">\n<div class=\"item item-6\">\n<section class=\"image-item\">\n            <img decoding=\"async\" src=\"https:\/\/upload.cdn.baselinker.com\/products\/3018170\/2587d3be3891fcdcab8e8147bcb058a7.jpg\" \/><br \/>\n        <\/section>\n<\/p><\/div>\n<div class=\"item item-6\">\n<section class=\"text-item\">\n<p><b>SPRAWDZONA JAKO\u015a\u0106 NASION<\/b><\/p>\n<p>Oferowane przez nas nasiona s\u0105 testowane w\u00a0<b>Laboratorium Oceny Nasion pod wzgl\u0119dem:<\/b><\/p>\n<p>\u2705<b>kie\u0142kowania<\/b><\/p>\n<p>\u2705<b>wilgotno\u015bci<\/b><\/p>\n<p>\u2705<b>czysto\u015bci ziarna<\/b><\/p>\n<p><b>Dzi\u0119ki czemu udost\u0119pniane nasiona s\u0105 \u015bci\u015ble wyselekcjonowane, tylko wysokiej klasy.<\/b><\/p>\n<p>Torebki zakupione na naszej aukcji s\u0105 w pe\u0142ni bezpieczne, posiadaj\u0105\u00a0<b>dat\u0119 wa\u017cno\u015bci i nr partii na opakowaniu.<\/b>\u00a0Gwarantujemy r\u00f3wnie\u017c jako\u015b\u0107 i oryginalno\u015b\u0107 produkt\u00f3w, poniewa\u017c s\u0105 nabywane bezpo\u015brednio od producenta.<\/p>\n<\/section><\/div>\n<\/section>\n<section class=\"section\">\n<div class=\"item item-12\">\n<section class=\"image-item\">\n            <img decoding=\"async\" src=\"https:\/\/upload.cdn.baselinker.com\/products\/3018170\/a03b642859dca65db229b9bd4607c15d.jpg\" \/><br \/>\n        <\/section>\n<\/p><\/div>\n<\/section>\n","protected":false},"excerpt":{"rendered":"<p>Nasiona warzyw S\u0142onecznik jadalny paskowany GRUBY S\u0142onecznik jadalny paskowany Ro\u015blina oleista uprawiana dla \u015bwie\u017cego ziarna. \u0141odygi nierozga\u0142\u0119zione, koszyczki pojedyncze du\u017ce, dobrze wype\u0142nione ziarnem. Wysiew IV-V \u00a0na\u00a0g\u0142\u0119boko\u015b\u0107 5-8 cm. po\u00a02-3 nasiona w\u00a0jedno miejsce. Po\u00a0wschodach wykona\u0107 przerywk\u0119 pozostawiaj\u0105c w\u00a0jednym punkcie po\u00a0jednej ro\u015blinie. Wymaga \u017cyznej pr\u00f3chniczej gleby. Siew: IV \u2013 V Zbi\u00f3r: \u00bd VIII \u2013 IX Rozstaw: 15&#8230;<\/p>\n","protected":false},"featured_media":20682,"comment_status":"open","ping_status":"closed","template":"","meta":{"inline_featured_image":false},"product_cat":[126,162],"product_tag":[],"location":[],"class_list":{"0":"post-18614","1":"product","2":"type-product","3":"status-publish","4":"has-post-thumbnail","6":"product_cat-nasiona-warzyw","7":"product_cat-nasiona","8":"nt-post-class","9":"","12":"excerpt-none","15":"first","16":"instock","17":"shipping-taxable","18":"purchasable","19":"product-type-simple"},"_links":{"self":[{"href":"https:\/\/boskienasiona.pl\/en\/wp-json\/wp\/v2\/product\/18614","targetHints":{"allow":["GET"]}}],"collection":[{"href":"https:\/\/boskienasiona.pl\/en\/wp-json\/wp\/v2\/product"}],"about":[{"href":"https:\/\/boskienasiona.pl\/en\/wp-json\/wp\/v2\/types\/product"}],"replies":[{"embeddable":true,"href":"https:\/\/boskienasiona.pl\/en\/wp-json\/wp\/v2\/comments?post=18614"}],"version-history":[{"count":1,"href":"https:\/\/boskienasiona.pl\/en\/wp-json\/wp\/v2\/product\/18614\/revisions"}],"predecessor-version":[{"id":20688,"href":"https:\/\/boskienasiona.pl\/en\/wp-json\/wp\/v2\/product\/18614\/revisions\/20688"}],"wp:featuredmedia":[{"embeddable":true,"href":"https:\/\/boskienasiona.pl\/en\/wp-json\/wp\/v2\/media\/20682"}],"wp:attachment":[{"href":"https:\/\/boskienasiona.pl\/en\/wp-json\/wp\/v2\/media?parent=18614"}],"wp:term":[{"taxonomy":"product_cat","embeddable":true,"href":"https:\/\/boskienasiona.pl\/en\/wp-json\/wp\/v2\/product_cat?post=18614"},{"taxonomy":"product_tag","embeddable":true,"href":"https:\/\/boskienasiona.pl\/en\/wp-json\/wp\/v2\/product_tag?post=18614"},{"taxonomy":"location","embeddable":true,"href":"https:\/\/boskienasiona.pl\/en\/wp-json\/wp\/v2\/location?post=18614"}],"curies":[{"name":"wp","href":"https:\/\/api.w.org\/{rel}","templated":true}]}}