{"id":18631,"date":"2025-02-01T16:28:11","date_gmt":"2025-02-01T15:28:11","guid":{"rendered":"https:\/\/boskienasiona.pl\/product\/nasiona-warzyw-rzezucha-caloroczna-duza-paczka-zrodlo-witamin-c-i-b1\/"},"modified":"2026-04-18T22:16:45","modified_gmt":"2026-04-18T20:16:45","slug":"nasiona-warzyw-rzezucha-caloroczna-duza-paczka-zrodlo-witamin-c-i-b1","status":"publish","type":"product","link":"https:\/\/boskienasiona.pl\/en\/produkt\/nasiona-warzyw-rzezucha-caloroczna-duza-paczka-zrodlo-witamin-c-i-b1\/","title":{"rendered":"Nasiona warzyw Rze\u017cucha ca\u0142oroczna Du\u017ca paczka \u0179R\u00d3D\u0141O WITAMIN C I B1"},"content":{"rendered":"<section class=\"section\">\n<div class=\"item item-12\">\n<section class=\"text-item\">\n<h1>Nasiona warzyw Rze\u017cucha ca\u0142oroczna Du\u017ca paczka \u0179R\u00d3D\u0141O WITAMIN C I B1<\/h1>\n<\/section><\/div>\n<\/section>\n<section class=\"section\">\n<div class=\"item item-6\">\n<section class=\"image-item\">\n            <img decoding=\"async\" src=\"https:\/\/upload.cdn.baselinker.com\/products\/3018170\/311bf1c3bb953130ff4969b53aa4baec.png\" \/><br \/>\n        <\/section>\n<\/p><\/div>\n<div class=\"item item-6\">\n<section class=\"text-item\">\n<p><b>Rze\u017cucha ca\u0142oroczna<\/b><\/p>\n<p>Ro\u015blina spo\u017cywana w\u00a0postaci kie\u0142k\u00f3w przez ca\u0142y rok a\u00a0zw\u0142aszcza w\u00a0okresie\u00a0zimowo-jesiennym,\u00a0jest bogatym \u017ar\u00f3d\u0142em witaminy C i\u00a0B1 oraz\u00a0potasu wapnia i\u00a0\u017celaza. Wysiew przez ca\u0142y rok do\u00a0skrzynek lub\u00a0doniczek, a\u00a0wiosn\u0105 do\u00a0gruntu.<\/p>\n<ul>\n<li><b>Siew:<\/b> Zbi\u00f3r<\/li>\n<li><b>I \u2013 XII:<\/b> I \u2013 XII<\/li>\n<\/ul>\n<\/section><\/div>\n<\/section>\n<section class=\"section\">\n<div class=\"item item-6\">\n<section class=\"image-item\">\n            <img decoding=\"async\" src=\"https:\/\/upload.cdn.baselinker.com\/products\/3018170\/29a0565d706b0c3701326233bf940b3a.png\" \/><br \/>\n        <\/section>\n<\/p><\/div>\n<div class=\"item item-6\">\n<section class=\"text-item\">\n<p><b>SPRAWDZONA JAKO\u015a\u0106 NASION<\/b><\/p>\n<p>Oferowane przez nas nasiona s\u0105 testowane w\u00a0<b>Laboratorium Oceny Nasion pod wzgl\u0119dem:<\/b><\/p>\n<p>\u2705<b>kie\u0142kowania<\/b><\/p>\n<p>\u2705<b>wilgotno\u015bci<\/b><\/p>\n<p>\u2705<b>czysto\u015bci ziarna<\/b><\/p>\n<p><b>Dzi\u0119ki czemu udost\u0119pniane nasiona s\u0105 \u015bci\u015ble wyselekcjonowane, tylko wysokiej klasy.<\/b><\/p>\n<p>Torebki zakupione na naszej aukcji s\u0105 w pe\u0142ni bezpieczne, posiadaj\u0105\u00a0<b>dat\u0119 wa\u017cno\u015bci i nr partii na opakowaniu.<\/b>\u00a0Gwarantujemy r\u00f3wnie\u017c jako\u015b\u0107 i oryginalno\u015b\u0107 produkt\u00f3w, poniewa\u017c s\u0105 nabywane bezpo\u015brednio od producenta.<\/p>\n<\/section><\/div>\n<\/section>\n<section class=\"section\">\n<div class=\"item item-6\">\n<section class=\"image-item\">\n            <img decoding=\"async\" src=\"https:\/\/upload.cdn.baselinker.com\/products\/3018170\/e697a041fa5434a0e0b3059ea4e131ea.jpg\" \/><br \/>\n        <\/section>\n<\/p><\/div>\n<div class=\"item item-6\">\n<section class=\"image-item\">\n            <img decoding=\"async\" src=\"https:\/\/upload.cdn.baselinker.com\/products\/3018170\/19f3f554f276367111fb862bbe990d0c.jpg\" \/><br \/>\n        <\/section>\n<\/p><\/div>\n<\/section>\n","protected":false},"excerpt":{"rendered":"<p>Nasiona warzyw Rze\u017cucha ca\u0142oroczna Du\u017ca paczka \u0179R\u00d3D\u0141O WITAMIN C I B1 Rze\u017cucha ca\u0142oroczna Ro\u015blina spo\u017cywana w\u00a0postaci kie\u0142k\u00f3w przez ca\u0142y rok a\u00a0zw\u0142aszcza w\u00a0okresie\u00a0zimowo-jesiennym,\u00a0jest bogatym \u017ar\u00f3d\u0142em witaminy C i\u00a0B1 oraz\u00a0potasu wapnia i\u00a0\u017celaza. Wysiew przez ca\u0142y rok do\u00a0skrzynek lub\u00a0doniczek, a\u00a0wiosn\u0105 do\u00a0gruntu. Siew: Zbi\u00f3r I \u2013 XII: I \u2013 XII SPRAWDZONA JAKO\u015a\u0106 NASION Oferowane przez nas nasiona s\u0105 testowane&#8230;<\/p>\n","protected":false},"featured_media":20689,"comment_status":"open","ping_status":"closed","template":"","meta":{"inline_featured_image":false},"product_cat":[126,162],"product_tag":[],"location":[],"class_list":{"0":"post-18631","1":"product","2":"type-product","3":"status-publish","4":"has-post-thumbnail","6":"product_cat-nasiona-warzyw","7":"product_cat-nasiona","8":"nt-post-class","9":"","12":"excerpt-none","15":"first","16":"instock","17":"shipping-taxable","18":"purchasable","19":"product-type-simple"},"_links":{"self":[{"href":"https:\/\/boskienasiona.pl\/en\/wp-json\/wp\/v2\/product\/18631","targetHints":{"allow":["GET"]}}],"collection":[{"href":"https:\/\/boskienasiona.pl\/en\/wp-json\/wp\/v2\/product"}],"about":[{"href":"https:\/\/boskienasiona.pl\/en\/wp-json\/wp\/v2\/types\/product"}],"replies":[{"embeddable":true,"href":"https:\/\/boskienasiona.pl\/en\/wp-json\/wp\/v2\/comments?post=18631"}],"version-history":[{"count":1,"href":"https:\/\/boskienasiona.pl\/en\/wp-json\/wp\/v2\/product\/18631\/revisions"}],"predecessor-version":[{"id":20713,"href":"https:\/\/boskienasiona.pl\/en\/wp-json\/wp\/v2\/product\/18631\/revisions\/20713"}],"wp:featuredmedia":[{"embeddable":true,"href":"https:\/\/boskienasiona.pl\/en\/wp-json\/wp\/v2\/media\/20689"}],"wp:attachment":[{"href":"https:\/\/boskienasiona.pl\/en\/wp-json\/wp\/v2\/media?parent=18631"}],"wp:term":[{"taxonomy":"product_cat","embeddable":true,"href":"https:\/\/boskienasiona.pl\/en\/wp-json\/wp\/v2\/product_cat?post=18631"},{"taxonomy":"product_tag","embeddable":true,"href":"https:\/\/boskienasiona.pl\/en\/wp-json\/wp\/v2\/product_tag?post=18631"},{"taxonomy":"location","embeddable":true,"href":"https:\/\/boskienasiona.pl\/en\/wp-json\/wp\/v2\/location?post=18631"}],"curies":[{"name":"wp","href":"https:\/\/api.w.org\/{rel}","templated":true}]}}