{"id":18646,"date":"2025-02-01T16:28:46","date_gmt":"2025-02-01T15:28:46","guid":{"rendered":"https:\/\/boskienasiona.pl\/product\/nasiona-warzyw-koper-ogrodowy-sprinter-sr-wczesny\/"},"modified":"2026-04-19T22:18:08","modified_gmt":"2026-04-19T20:18:08","slug":"nasiona-warzyw-koper-ogrodowy-sprinter-sr-wczesny","status":"publish","type":"product","link":"https:\/\/boskienasiona.pl\/en\/produkt\/nasiona-warzyw-koper-ogrodowy-sprinter-sr-wczesny\/","title":{"rendered":"Nasiona warzyw Koper ogrodowy SPRINTER \u015ar. Wczesny"},"content":{"rendered":"<section class=\"section\">\n<div class=\"item item-12\">\n<section class=\"text-item\">\n<h1>Nasiona warzyw Koper ogrodowy SPRINTER \u015ar. Wczesny<\/h1>\n<\/section><\/div>\n<\/section>\n<section class=\"section\">\n<div class=\"item item-6\">\n<section class=\"image-item\">\n            <img decoding=\"async\" src=\"https:\/\/upload.cdn.baselinker.com\/products\/3018170\/531c587f7fb0481d7df3429f58079f1a.png\" \/><br \/>\n        <\/section>\n<\/p><\/div>\n<div class=\"item item-6\">\n<section class=\"text-item\">\n<h1>Koper Sprinter<\/h1>\n<p>Odmiana silnie krzewi\u0105ca\u00a0si\u0119 o\u00a0ciemnozielonych li\u015bciach o\u00a0silnym aromacie. Ro\u015blina bardzo dobrze plonuj\u0105ca na\u00a0zbi\u00f3r na\u00a0zielono, p\u00f3\u017ano wzbija w\u00a0p\u0119dy kwiatowe. Nadaj\u0119\u00a0si\u0119 tak\u017ce do\u00a0suszenia i\u00a0mro\u017cenia. Wysiew nasion od\u00a0III do\u00a0po\u0142owy VIII.<\/p>\n<ul>\n<li><b>Siew:<\/b> III-po\u0142owy VIII<\/li>\n<li><b>Zbi\u00f3r:<\/b> V \u2013X<\/li>\n<li><b>Rozstawa:<\/b> 15&#215;30 cm<\/li>\n<\/ul>\n<\/section><\/div>\n<\/section>\n<section class=\"section\">\n<div class=\"item item-6\">\n<section class=\"image-item\">\n            <img decoding=\"async\" src=\"https:\/\/upload.cdn.baselinker.com\/products\/3018170\/249dff8dfa446675a5f3ccd532df4427.png\" \/><br \/>\n        <\/section>\n<\/p><\/div>\n<div class=\"item item-6\">\n<section class=\"text-item\">\n<p><b>SPRAWDZONA JAKO\u015a\u0106 NASION<\/b><\/p>\n<p>Oferowane przez nas nasiona s\u0105 testowane w\u00a0<b>Laboratorium Oceny Nasion pod wzgl\u0119dem:<\/b><\/p>\n<p>\u2705<b>kie\u0142kowania<\/b><\/p>\n<p>\u2705<b>wilgotno\u015bci<\/b><\/p>\n<p>\u2705<b>czysto\u015bci ziarna<\/b><\/p>\n<p><b>Dzi\u0119ki czemu udost\u0119pniane nasiona s\u0105 \u015bci\u015ble wyselekcjonowane, tylko wysokiej klasy.<\/b><\/p>\n<p>Torebki zakupione na naszej aukcji s\u0105 w pe\u0142ni bezpieczne, posiadaj\u0105\u00a0<b>dat\u0119 wa\u017cno\u015bci i nr partii na opakowaniu.<\/b>\u00a0Gwarantujemy r\u00f3wnie\u017c jako\u015b\u0107 i oryginalno\u015b\u0107 produkt\u00f3w, poniewa\u017c s\u0105 nabywane bezpo\u015brednio od producenta.<\/p>\n<\/section><\/div>\n<\/section>\n<section class=\"section\">\n<div class=\"item item-6\">\n<section class=\"image-item\">\n            <img decoding=\"async\" src=\"https:\/\/upload.cdn.baselinker.com\/products\/3018170\/ae55af44063c56e29ef6269795290c70.jpg\" \/><br \/>\n        <\/section>\n<\/p><\/div>\n<div class=\"item item-6\">\n<section class=\"image-item\">\n            <img decoding=\"async\" src=\"https:\/\/upload.cdn.baselinker.com\/products\/3018170\/c02b72dc21ab174d530af720d78e4589.jpg\" \/><br \/>\n        <\/section>\n<\/p><\/div>\n<\/section>\n<section class=\"section\">\n<div class=\"item item-12\">\n<section class=\"image-item\">\n            <img decoding=\"async\" src=\"https:\/\/upload.cdn.baselinker.com\/products\/3018170\/570a2dba1de1797197a89ed03ccb9fe8.png\" \/><br \/>\n        <\/section>\n<\/p><\/div>\n<\/section>\n","protected":false},"excerpt":{"rendered":"<p>Nasiona warzyw Koper ogrodowy SPRINTER \u015ar. Wczesny Koper Sprinter Odmiana silnie krzewi\u0105ca\u00a0si\u0119 o\u00a0ciemnozielonych li\u015bciach o\u00a0silnym aromacie. Ro\u015blina bardzo dobrze plonuj\u0105ca na\u00a0zbi\u00f3r na\u00a0zielono, p\u00f3\u017ano wzbija w\u00a0p\u0119dy kwiatowe. Nadaj\u0119\u00a0si\u0119 tak\u017ce do\u00a0suszenia i\u00a0mro\u017cenia. Wysiew nasion od\u00a0III do\u00a0po\u0142owy VIII. Siew: III-po\u0142owy VIII Zbi\u00f3r: V \u2013X Rozstawa: 15&#215;30 cm SPRAWDZONA JAKO\u015a\u0106 NASION Oferowane przez nas nasiona s\u0105 testowane w\u00a0Laboratorium Oceny&#8230;<\/p>\n","protected":false},"featured_media":20716,"comment_status":"open","ping_status":"closed","template":"","meta":{"inline_featured_image":false},"product_cat":[126,162],"product_tag":[],"location":[],"class_list":{"0":"post-18646","1":"product","2":"type-product","3":"status-publish","4":"has-post-thumbnail","6":"product_cat-nasiona-warzyw","7":"product_cat-nasiona","8":"nt-post-class","9":"","12":"excerpt-none","15":"first","16":"instock","17":"shipping-taxable","18":"purchasable","19":"product-type-simple"},"_links":{"self":[{"href":"https:\/\/boskienasiona.pl\/en\/wp-json\/wp\/v2\/product\/18646","targetHints":{"allow":["GET"]}}],"collection":[{"href":"https:\/\/boskienasiona.pl\/en\/wp-json\/wp\/v2\/product"}],"about":[{"href":"https:\/\/boskienasiona.pl\/en\/wp-json\/wp\/v2\/types\/product"}],"replies":[{"embeddable":true,"href":"https:\/\/boskienasiona.pl\/en\/wp-json\/wp\/v2\/comments?post=18646"}],"version-history":[{"count":1,"href":"https:\/\/boskienasiona.pl\/en\/wp-json\/wp\/v2\/product\/18646\/revisions"}],"predecessor-version":[{"id":20743,"href":"https:\/\/boskienasiona.pl\/en\/wp-json\/wp\/v2\/product\/18646\/revisions\/20743"}],"wp:featuredmedia":[{"embeddable":true,"href":"https:\/\/boskienasiona.pl\/en\/wp-json\/wp\/v2\/media\/20716"}],"wp:attachment":[{"href":"https:\/\/boskienasiona.pl\/en\/wp-json\/wp\/v2\/media?parent=18646"}],"wp:term":[{"taxonomy":"product_cat","embeddable":true,"href":"https:\/\/boskienasiona.pl\/en\/wp-json\/wp\/v2\/product_cat?post=18646"},{"taxonomy":"product_tag","embeddable":true,"href":"https:\/\/boskienasiona.pl\/en\/wp-json\/wp\/v2\/product_tag?post=18646"},{"taxonomy":"location","embeddable":true,"href":"https:\/\/boskienasiona.pl\/en\/wp-json\/wp\/v2\/location?post=18646"}],"curies":[{"name":"wp","href":"https:\/\/api.w.org\/{rel}","templated":true}]}}