{"id":18665,"date":"2025-02-01T16:29:28","date_gmt":"2025-02-01T15:29:28","guid":{"rendered":"https:\/\/boskienasiona.pl\/product\/nasiona-warzyw-koper-ogrodowy-wczesny-obfitujacych-w-olejki-eteryczne\/"},"modified":"2026-04-19T14:16:40","modified_gmt":"2026-04-19T12:16:40","slug":"nasiona-warzyw-koper-ogrodowy-wczesny-obfitujacych-w-olejki-eteryczne","status":"publish","type":"product","link":"https:\/\/boskienasiona.pl\/en\/produkt\/nasiona-warzyw-koper-ogrodowy-wczesny-obfitujacych-w-olejki-eteryczne\/","title":{"rendered":"Nasiona warzyw Koper ogrodowy WCZESNY obfituj\u0105cych w olejki eteryczne"},"content":{"rendered":"<section class=\"section\">\n<div class=\"item item-12\">\n<section class=\"text-item\">\n<h1>Nasiona warzyw Koper ogrodowy WCZESNY obfituj\u0105cych w olejki eteryczne<\/h1>\n<\/section><\/div>\n<\/section>\n<section class=\"section\">\n<div class=\"item item-6\">\n<section class=\"image-item\">\n            <img decoding=\"async\" src=\"https:\/\/upload.cdn.baselinker.com\/products\/3018170\/26aa488e70dea59e54e8ecb83f9f234f.png\" \/><br \/>\n        <\/section>\n<\/p><\/div>\n<div class=\"item item-6\">\n<section class=\"text-item\">\n<p><b>Koper ogrodowy\u00a0Krezus\u00a0(wczesny)<\/b><\/p>\n<p>Odmiana wczesna, dobrze plonuj\u0105ca &#8220;na zielono&#8221; nadaje\u00a0si\u0119 r\u00f3wnie\u017c do\u00a0kwaszenia. Ro\u015bliny dobrze ulistniona. Li\u015bcie zielone do\u00a0ciemnozielonych. Odmiana o\u00a0li\u015bciach obfituj\u0105cych w\u00a0olejki eteryczne o\u00a0przyjemnym kminkowo-cytrusowym zapachu. Wysiew od\u00a0III do\u00a0VIII.<\/p>\n<ul>\n<li><b>Opakowanie:<\/b> 5g<\/li>\n<li><b>Siew:<\/b> III-po\u0142owy VIII<\/li>\n<li><b>Zbi\u00f3r:<\/b> V \u2013X<\/li>\n<li><b>Rozstawa:<\/b> 15x30cm<\/li>\n<\/ul>\n<\/section><\/div>\n<\/section>\n<section class=\"section\">\n<div class=\"item item-6\">\n<section class=\"image-item\">\n            <img decoding=\"async\" src=\"https:\/\/upload.cdn.baselinker.com\/products\/3018170\/cadd0b12e2559bad7b229981c2f4770e.png\" \/><br \/>\n        <\/section>\n<\/p><\/div>\n<div class=\"item item-6\">\n<section class=\"text-item\">\n<p><b>SPRAWDZONA JAKO\u015a\u0106 NASION<\/b><\/p>\n<p>Oferowane przez nas nasiona s\u0105 testowane w\u00a0<b>Laboratorium Oceny Nasion pod wzgl\u0119dem:<\/b><\/p>\n<p>\u2705<b>kie\u0142kowania<\/b><\/p>\n<p>\u2705<b>wilgotno\u015bci<\/b><\/p>\n<p>\u2705<b>czysto\u015bci ziarna<\/b><\/p>\n<p><b>Dzi\u0119ki czemu udost\u0119pniane nasiona s\u0105 \u015bci\u015ble wyselekcjonowane, tylko wysokiej klasy.<\/b><\/p>\n<p>Torebki zakupione na naszej aukcji s\u0105 w pe\u0142ni bezpieczne, posiadaj\u0105\u00a0<b>dat\u0119 wa\u017cno\u015bci i nr partii na opakowaniu.<\/b>\u00a0Gwarantujemy r\u00f3wnie\u017c jako\u015b\u0107 i oryginalno\u015b\u0107 produkt\u00f3w, poniewa\u017c s\u0105 nabywane bezpo\u015brednio od producenta.<\/p>\n<\/section><\/div>\n<\/section>\n<section class=\"section\">\n<div class=\"item item-12\">\n<section class=\"image-item\">\n            <img decoding=\"async\" src=\"https:\/\/upload.cdn.baselinker.com\/products\/3018170\/f56a2ce9330b0a20be0304ece9d9e0f5.png\" \/><br \/>\n        <\/section>\n<\/p><\/div>\n<\/section>\n<section class=\"section\">\n<div class=\"item item-6\">\n<section class=\"image-item\">\n            <img decoding=\"async\" src=\"https:\/\/upload.cdn.baselinker.com\/products\/3018170\/d9f077cc7a04634542012983fb3d45d4.jpg\" \/><br \/>\n        <\/section>\n<\/p><\/div>\n<div class=\"item item-6\">\n<section class=\"image-item\">\n            <img decoding=\"async\" src=\"https:\/\/upload.cdn.baselinker.com\/products\/3018170\/8570b226186f91a57a7a24f02dfa7db8.jpg\" \/><br \/>\n        <\/section>\n<\/p><\/div>\n<\/section>\n","protected":false},"excerpt":{"rendered":"<p>Nasiona warzyw Koper ogrodowy WCZESNY obfituj\u0105cych w olejki eteryczne Koper ogrodowy\u00a0Krezus\u00a0(wczesny) Odmiana wczesna, dobrze plonuj\u0105ca &#8220;na zielono&#8221; nadaje\u00a0si\u0119 r\u00f3wnie\u017c do\u00a0kwaszenia. Ro\u015bliny dobrze ulistniona. Li\u015bcie zielone do\u00a0ciemnozielonych. Odmiana o\u00a0li\u015bciach obfituj\u0105cych w\u00a0olejki eteryczne o\u00a0przyjemnym kminkowo-cytrusowym zapachu. Wysiew od\u00a0III do\u00a0VIII. Opakowanie: 5g Siew: III-po\u0142owy VIII Zbi\u00f3r: V \u2013X Rozstawa: 15x30cm SPRAWDZONA JAKO\u015a\u0106 NASION Oferowane przez nas nasiona s\u0105&#8230;<\/p>\n","protected":false},"featured_media":20746,"comment_status":"open","ping_status":"closed","template":"","meta":{"inline_featured_image":false},"product_cat":[126,162],"product_tag":[],"location":[],"class_list":{"0":"post-18665","1":"product","2":"type-product","3":"status-publish","4":"has-post-thumbnail","6":"product_cat-nasiona-warzyw","7":"product_cat-nasiona","8":"nt-post-class","9":"","12":"excerpt-none","15":"first","16":"instock","17":"shipping-taxable","18":"purchasable","19":"product-type-simple"},"_links":{"self":[{"href":"https:\/\/boskienasiona.pl\/en\/wp-json\/wp\/v2\/product\/18665","targetHints":{"allow":["GET"]}}],"collection":[{"href":"https:\/\/boskienasiona.pl\/en\/wp-json\/wp\/v2\/product"}],"about":[{"href":"https:\/\/boskienasiona.pl\/en\/wp-json\/wp\/v2\/types\/product"}],"replies":[{"embeddable":true,"href":"https:\/\/boskienasiona.pl\/en\/wp-json\/wp\/v2\/comments?post=18665"}],"version-history":[{"count":1,"href":"https:\/\/boskienasiona.pl\/en\/wp-json\/wp\/v2\/product\/18665\/revisions"}],"predecessor-version":[{"id":20777,"href":"https:\/\/boskienasiona.pl\/en\/wp-json\/wp\/v2\/product\/18665\/revisions\/20777"}],"wp:featuredmedia":[{"embeddable":true,"href":"https:\/\/boskienasiona.pl\/en\/wp-json\/wp\/v2\/media\/20746"}],"wp:attachment":[{"href":"https:\/\/boskienasiona.pl\/en\/wp-json\/wp\/v2\/media?parent=18665"}],"wp:term":[{"taxonomy":"product_cat","embeddable":true,"href":"https:\/\/boskienasiona.pl\/en\/wp-json\/wp\/v2\/product_cat?post=18665"},{"taxonomy":"product_tag","embeddable":true,"href":"https:\/\/boskienasiona.pl\/en\/wp-json\/wp\/v2\/product_tag?post=18665"},{"taxonomy":"location","embeddable":true,"href":"https:\/\/boskienasiona.pl\/en\/wp-json\/wp\/v2\/location?post=18665"}],"curies":[{"name":"wp","href":"https:\/\/api.w.org\/{rel}","templated":true}]}}