{"id":18731,"date":"2025-02-01T16:32:18","date_gmt":"2025-02-01T15:32:18","guid":{"rendered":"https:\/\/boskienasiona.pl\/product\/nasiona-warzyw-ogorek-gruntowy-sremski-f1-plenny-doskonaly-na-przetwory\/"},"modified":"2026-04-19T14:16:45","modified_gmt":"2026-04-19T12:16:45","slug":"nasiona-warzyw-ogorek-gruntowy-sremski-f1-plenny-doskonaly-na-przetwory","status":"publish","type":"product","link":"https:\/\/boskienasiona.pl\/en\/produkt\/nasiona-warzyw-ogorek-gruntowy-sremski-f1-plenny-doskonaly-na-przetwory\/","title":{"rendered":"Nasiona warzyw Og\u00f3rek gruntowy \u015aremski F1 Plenny doskona\u0142y na przetwory"},"content":{"rendered":"<section class=\"section\">\n<div class=\"item item-12\">\n<section class=\"text-item\">\n<h1>Nasiona warzyw Og\u00f3rek gruntowy \u015aremski F1 Plenny doskona\u0142y na przetwory<\/h1>\n<\/section><\/div>\n<\/section>\n<section class=\"section\">\n<div class=\"item item-6\">\n<section class=\"image-item\">\n            <img decoding=\"async\" src=\"https:\/\/upload.cdn.baselinker.com\/products\/3018170\/af2fb96caac6d9d7a5985d64acf0ce9e.png\" \/><br \/>\n        <\/section>\n<\/p><\/div>\n<div class=\"item item-6\">\n<section class=\"text-item\">\n<p><b>Og\u00f3rek gruntowy \u015aremski F1 (wczesny)<\/b><\/p>\n<p>Cucumis sativus \u00a0L.<\/p>\n<p>Odmiana wczesna, bardzo plenna, o\u00a0du\u017cej tolerancji wobec chor\u00f3b, \u00a0polecana do\u00a0uprawy gruntowej i\u00a0pod\u00a0tunelami na\u00a0wczesny zbi\u00f3r. Przydatna do\u00a0konserwowania, kwaszenia i\u00a0na\u00a0sur\u00f3wki. Owoce bardzo smaczne pozbawione goryczki, kszta\u0142tne, cylindryczne, bez\u00a0szyjki z\u00a0ma\u0142\u0105 komor\u0105 nasienn\u0105. Sk\u00f3rka zielona grubo brodawkowa ze smugami si\u0119gaj\u0105cymi po\u0142owy owocu. Wysiew nasion na\u00a0g\u0142\u0119boko\u015b\u0107 2\u00a0cm po\u00a015 V. Wymaga gleby silnie nawo\u017conej, zasobnej w\u00a0wod\u0119, przepuszczalnej i\u00a0ciep\u0142ej.<\/p>\n<ul>\n<li><b>Siew:<\/b> \u00bd V- VI<\/li>\n<li><b>Zbi\u00f3r:<\/b> \u00bdVII-IX<\/li>\n<li><b>Rozstawa:<\/b> 15 x 90-120 cm<\/li>\n<\/ul>\n<\/section><\/div>\n<\/section>\n<section class=\"section\">\n<div class=\"item item-6\">\n<section class=\"image-item\">\n            <img decoding=\"async\" src=\"https:\/\/upload.cdn.baselinker.com\/products\/3018170\/c041d30f7f3190db16ae93f23e21c23d.png\" \/><br \/>\n        <\/section>\n<\/p><\/div>\n<div class=\"item item-6\">\n<section class=\"text-item\">\n<p><b>SPRAWDZONA JAKO\u015a\u0106 NASION<\/b><\/p>\n<p>Oferowane przez nas nasiona s\u0105 testowane w\u00a0<b>Laboratorium Oceny Nasion pod wzgl\u0119dem:<\/b><\/p>\n<p>\u2705<b>kie\u0142kowania<\/b><\/p>\n<p>\u2705<b>wilgotno\u015bci<\/b><\/p>\n<p>\u2705<b>czysto\u015bci ziarna<\/b><\/p>\n<p><b>Dzi\u0119ki czemu udost\u0119pniane nasiona s\u0105 \u015bci\u015ble wyselekcjonowane, tylko wysokiej klasy.<\/b><\/p>\n<p>Torebki zakupione na naszej aukcji s\u0105 w pe\u0142ni bezpieczne, posiadaj\u0105\u00a0<b>dat\u0119 wa\u017cno\u015bci i nr partii na opakowaniu.<\/b>\u00a0Gwarantujemy r\u00f3wnie\u017c jako\u015b\u0107 i oryginalno\u015b\u0107 produkt\u00f3w, poniewa\u017c s\u0105 nabywane bezpo\u015brednio od producenta.<\/p>\n<\/section><\/div>\n<\/section>\n<section class=\"section\">\n<div class=\"item item-12\">\n<section class=\"image-item\">\n            <img decoding=\"async\" src=\"https:\/\/upload.cdn.baselinker.com\/products\/3018170\/4b7d58f89f51c02355146c9a40341321.png\" \/><br \/>\n        <\/section>\n<\/p><\/div>\n<\/section>\n<section class=\"section\">\n<div class=\"item item-12\">\n<section class=\"image-item\">\n            <img decoding=\"async\" src=\"https:\/\/upload.cdn.baselinker.com\/products\/3018170\/e52c1369510bf2ed2de791f51f4b0fde.jpg\" \/><br \/>\n        <\/section>\n<\/p><\/div>\n<\/section>\n","protected":false},"excerpt":{"rendered":"<p>Nasiona warzyw Og\u00f3rek gruntowy \u015aremski F1 Plenny doskona\u0142y na przetwory Og\u00f3rek gruntowy \u015aremski F1 (wczesny) Cucumis sativus \u00a0L. Odmiana wczesna, bardzo plenna, o\u00a0du\u017cej tolerancji wobec chor\u00f3b, \u00a0polecana do\u00a0uprawy gruntowej i\u00a0pod\u00a0tunelami na\u00a0wczesny zbi\u00f3r. Przydatna do\u00a0konserwowania, kwaszenia i\u00a0na\u00a0sur\u00f3wki. Owoce bardzo smaczne pozbawione goryczki, kszta\u0142tne, cylindryczne, bez\u00a0szyjki z\u00a0ma\u0142\u0105 komor\u0105 nasienn\u0105. Sk\u00f3rka zielona grubo brodawkowa ze smugami si\u0119gaj\u0105cymi po\u0142owy&#8230;<\/p>\n","protected":false},"featured_media":18715,"comment_status":"open","ping_status":"closed","template":"","meta":{"inline_featured_image":false},"product_cat":[126,162,190],"product_tag":[],"location":[],"class_list":{"0":"post-18731","1":"product","2":"type-product","3":"status-publish","4":"has-post-thumbnail","6":"product_cat-nasiona-warzyw","7":"product_cat-nasiona","8":"product_cat-nasiona-ogorka","9":"nt-post-class","10":"","13":"excerpt-none","16":"first","17":"instock","18":"shipping-taxable","19":"purchasable","20":"product-type-simple"},"_links":{"self":[{"href":"https:\/\/boskienasiona.pl\/en\/wp-json\/wp\/v2\/product\/18731","targetHints":{"allow":["GET"]}}],"collection":[{"href":"https:\/\/boskienasiona.pl\/en\/wp-json\/wp\/v2\/product"}],"about":[{"href":"https:\/\/boskienasiona.pl\/en\/wp-json\/wp\/v2\/types\/product"}],"replies":[{"embeddable":true,"href":"https:\/\/boskienasiona.pl\/en\/wp-json\/wp\/v2\/comments?post=18731"}],"version-history":[{"count":1,"href":"https:\/\/boskienasiona.pl\/en\/wp-json\/wp\/v2\/product\/18731\/revisions"}],"predecessor-version":[{"id":22672,"href":"https:\/\/boskienasiona.pl\/en\/wp-json\/wp\/v2\/product\/18731\/revisions\/22672"}],"wp:featuredmedia":[{"embeddable":true,"href":"https:\/\/boskienasiona.pl\/en\/wp-json\/wp\/v2\/media\/18715"}],"wp:attachment":[{"href":"https:\/\/boskienasiona.pl\/en\/wp-json\/wp\/v2\/media?parent=18731"}],"wp:term":[{"taxonomy":"product_cat","embeddable":true,"href":"https:\/\/boskienasiona.pl\/en\/wp-json\/wp\/v2\/product_cat?post=18731"},{"taxonomy":"product_tag","embeddable":true,"href":"https:\/\/boskienasiona.pl\/en\/wp-json\/wp\/v2\/product_tag?post=18731"},{"taxonomy":"location","embeddable":true,"href":"https:\/\/boskienasiona.pl\/en\/wp-json\/wp\/v2\/location?post=18731"}],"curies":[{"name":"wp","href":"https:\/\/api.w.org\/{rel}","templated":true}]}}