{"id":18740,"date":"2025-02-01T16:32:35","date_gmt":"2025-02-01T15:32:35","guid":{"rendered":"https:\/\/boskienasiona.pl\/product\/nasiona-warzyw-papryka-ostra-chili-anahemi-do-uprawy-w-gruncie\/"},"modified":"2026-04-17T06:16:14","modified_gmt":"2026-04-17T04:16:14","slug":"nasiona-warzyw-papryka-ostra-chili-anahemi-do-uprawy-w-gruncie","status":"publish","type":"product","link":"https:\/\/boskienasiona.pl\/en\/produkt\/nasiona-warzyw-papryka-ostra-chili-anahemi-do-uprawy-w-gruncie\/","title":{"rendered":"Nasiona warzyw PAPRYKA OSTRA CHILI ANAHEMI do uprawy w gruncie"},"content":{"rendered":"<section class=\"section\">\n<div class=\"item item-12\">\n<section class=\"text-item\">\n<h1>Nasiona warzyw PAPRYKA OSTRA CHILI ANAHEMI do uprawy w gruncie<\/h1>\n<\/section><\/div>\n<\/section>\n<section class=\"section\">\n<div class=\"item item-6\">\n<section class=\"image-item\">\n            <img decoding=\"async\" src=\"https:\/\/upload.cdn.baselinker.com\/products\/3018170\/f66c62904f9e7503a6bf31e77108dc83.jpg\" \/><br \/>\n        <\/section>\n<\/p><\/div>\n<div class=\"item item-6\">\n<section class=\"text-item\">\n<p><b>Papryka ostra Anaheim Chili<\/b><\/p>\n<p>Capsicum Annuum<\/p>\n<p>Odmiana \u015brednio wczesna do\u00a0uprawy w\u00a0gruncie. Owoce o\u00a0s\u0142odko-ostrym smaku barwy czerwonej. Doskona\u0142a do\u00a0bezpo\u015bredniego spo\u017cycia i\u00a0na\u00a0przetwory. Wysiew nasion w\u00a0marcu pod\u00a0os\u0142onami. Siewki pikowa\u0107 do\u00a0doniczek 7-8 cm. Do\u00a0gruntu wysadza\u0107\u00a0w\u00a0drugiej po\u0142owie maja w\u00a0rozstawie 40 x 40 cm. Uprawia\u0107 w\u00a0miejscach nas\u0142onecznionych, zacisznych, na\u00a0\u017cyznej glebie. Polecana tak\u017ce do\u00a0uprawy w\u00a0pojemnikach.<\/p>\n<\/section><\/div>\n<\/section>\n<section class=\"section\">\n<div class=\"item item-6\">\n<section class=\"image-item\">\n            <img decoding=\"async\" src=\"https:\/\/upload.cdn.baselinker.com\/products\/3018170\/ba6b639d0da5bcc681a774a7cfb2ceac.jpg\" \/><br \/>\n        <\/section>\n<\/p><\/div>\n<div class=\"item item-6\">\n<section class=\"text-item\">\n<p><b>SPRAWDZONA JAKO\u015a\u0106 NASION<\/b><\/p>\n<p>Oferowane przez nas nasiona s\u0105 testowane w\u00a0<b>Laboratorium Oceny Nasion pod wzgl\u0119dem:<\/b><\/p>\n<p>\u2705<b>kie\u0142kowania<\/b><\/p>\n<p>\u2705<b>wilgotno\u015bci<\/b><\/p>\n<p>\u2705<b>czysto\u015bci ziarna<\/b><\/p>\n<p><b>Dzi\u0119ki czemu udost\u0119pniane nasiona s\u0105 \u015bci\u015ble wyselekcjonowane, tylko wysokiej klasy.<\/b><\/p>\n<p>Torebki zakupione na naszej aukcji s\u0105 w pe\u0142ni bezpieczne, posiadaj\u0105\u00a0<b>dat\u0119 wa\u017cno\u015bci i nr partii na opakowaniu.<\/b>\u00a0Gwarantujemy r\u00f3wnie\u017c jako\u015b\u0107 i oryginalno\u015b\u0107 produkt\u00f3w, poniewa\u017c s\u0105 nabywane bezpo\u015brednio od producenta.<\/p>\n<\/section><\/div>\n<\/section>\n<section class=\"section\">\n<div class=\"item item-12\">\n<section class=\"image-item\">\n            <img decoding=\"async\" src=\"https:\/\/upload.cdn.baselinker.com\/products\/3018170\/20051064476fad25dfa63967784d3c19.jpg\" \/><br \/>\n        <\/section>\n<\/p><\/div>\n<\/section>\n<section class=\"section\">\n<div class=\"item item-12\">\n<section class=\"image-item\">\n            <img decoding=\"async\" src=\"https:\/\/upload.cdn.baselinker.com\/products\/3018170\/edc12145e9acc39affa7104085c2f78b.jpg\" \/><br \/>\n        <\/section>\n<\/p><\/div>\n<\/section>\n","protected":false},"excerpt":{"rendered":"<p>Nasiona warzyw PAPRYKA OSTRA CHILI ANAHEMI do uprawy w gruncie Papryka ostra Anaheim Chili Capsicum Annuum Odmiana \u015brednio wczesna do\u00a0uprawy w\u00a0gruncie. Owoce o\u00a0s\u0142odko-ostrym smaku barwy czerwonej. Doskona\u0142a do\u00a0bezpo\u015bredniego spo\u017cycia i\u00a0na\u00a0przetwory. Wysiew nasion w\u00a0marcu pod\u00a0os\u0142onami. Siewki pikowa\u0107 do\u00a0doniczek 7-8 cm. Do\u00a0gruntu wysadza\u0107\u00a0w\u00a0drugiej po\u0142owie maja w\u00a0rozstawie 40 x 40 cm. Uprawia\u0107 w\u00a0miejscach nas\u0142onecznionych, zacisznych, na\u00a0\u017cyznej glebie. Polecana&#8230;<\/p>\n","protected":false},"featured_media":18732,"comment_status":"open","ping_status":"closed","template":"","meta":{"inline_featured_image":false},"product_cat":[126,162,188],"product_tag":[],"location":[],"class_list":{"0":"post-18740","1":"product","2":"type-product","3":"status-publish","4":"has-post-thumbnail","6":"product_cat-nasiona-warzyw","7":"product_cat-nasiona","8":"product_cat-nasiona-papryki","9":"nt-post-class","10":"","13":"excerpt-none","16":"first","17":"instock","18":"shipping-taxable","19":"purchasable","20":"product-type-simple"},"_links":{"self":[{"href":"https:\/\/boskienasiona.pl\/en\/wp-json\/wp\/v2\/product\/18740","targetHints":{"allow":["GET"]}}],"collection":[{"href":"https:\/\/boskienasiona.pl\/en\/wp-json\/wp\/v2\/product"}],"about":[{"href":"https:\/\/boskienasiona.pl\/en\/wp-json\/wp\/v2\/types\/product"}],"replies":[{"embeddable":true,"href":"https:\/\/boskienasiona.pl\/en\/wp-json\/wp\/v2\/comments?post=18740"}],"version-history":[{"count":1,"href":"https:\/\/boskienasiona.pl\/en\/wp-json\/wp\/v2\/product\/18740\/revisions"}],"predecessor-version":[{"id":22643,"href":"https:\/\/boskienasiona.pl\/en\/wp-json\/wp\/v2\/product\/18740\/revisions\/22643"}],"wp:featuredmedia":[{"embeddable":true,"href":"https:\/\/boskienasiona.pl\/en\/wp-json\/wp\/v2\/media\/18732"}],"wp:attachment":[{"href":"https:\/\/boskienasiona.pl\/en\/wp-json\/wp\/v2\/media?parent=18740"}],"wp:term":[{"taxonomy":"product_cat","embeddable":true,"href":"https:\/\/boskienasiona.pl\/en\/wp-json\/wp\/v2\/product_cat?post=18740"},{"taxonomy":"product_tag","embeddable":true,"href":"https:\/\/boskienasiona.pl\/en\/wp-json\/wp\/v2\/product_tag?post=18740"},{"taxonomy":"location","embeddable":true,"href":"https:\/\/boskienasiona.pl\/en\/wp-json\/wp\/v2\/location?post=18740"}],"curies":[{"name":"wp","href":"https:\/\/api.w.org\/{rel}","templated":true}]}}