{"id":18751,"date":"2025-02-01T16:33:03","date_gmt":"2025-02-01T15:33:03","guid":{"rendered":"https:\/\/boskienasiona.pl\/product\/nasiona-warzyw-na-tasmie-rukola-roszponka-salata-endywia\/"},"modified":"2026-04-19T14:16:47","modified_gmt":"2026-04-19T12:16:47","slug":"nasiona-warzyw-na-tasmie-rukola-roszponka-salata-endywia","status":"publish","type":"product","link":"https:\/\/boskienasiona.pl\/en\/produkt\/nasiona-warzyw-na-tasmie-rukola-roszponka-salata-endywia\/","title":{"rendered":"Nasiona warzyw na ta\u015bmie Rukola Roszponka Sa\u0142ata Endywia"},"content":{"rendered":"<section class=\"section\">\n<div class=\"item item-12\">\n<section class=\"text-item\">\n<h1>Nasiona warzyw na ta\u015bmie Sa\u0142ata zielona i czerwona Rukola Roszponka Endywia<\/h1>\n<\/section><\/div>\n<\/section>\n<section class=\"section\">\n<div class=\"item item-6\">\n<section class=\"image-item\">\n            <img decoding=\"async\" src=\"https:\/\/upload.cdn.baselinker.com\/products\/3018170\/9f919103b517b020ccdebf68daea01be.png\" \/><br \/>\n        <\/section>\n<\/p><\/div>\n<div class=\"item item-6\">\n<section class=\"text-item\">\n<p><b>\u015awie\u017ce\u00a0listki\u00a0&#8211; mieszanka rodzinna<\/b><\/p>\n<p>Wyj\u0105tkowo bogata mieszanka warzyw li\u015bciastych dla ca\u0142ej rodziny. W\u00a0sk\u0142ad mieszanki wchodzi sa\u0142ata li\u015bciowa czerwona i\u00a0zielona, rukola, roszponka i\u00a0endywia. Polecana do\u00a0bezpo\u015bredniego spo\u017cycia na\u00a0kanapki lub\u00a0do\u00a0sa\u0142atek. Mate z\u00a0nasionami tej mieszanki mo\u017cna wyk\u0142ada\u0107 do\u00a0pojemnik\u00f3w na\u00a0parapecie okiennym przez ca\u0142y rok. Polecana szczeg\u00f3lnie zim\u0105 kiedy jest du\u017ce zapotrzebowanie na\u00a0witaminy. Li\u015bcie ro\u015blin szybko odrastaj\u0105, dlatego z\u00a0jednego wysiewu mo\u017cna uzyska\u0107 2-3 zbiory. Pierwszy zbi\u00f3r li\u015bci przeprowadza\u00a0si\u0119 po\u00a03-4 tygodniach, gdy osi\u0105gn\u0105 wysoko\u015b\u0107 8-10 cm.<\/p>\n<\/section><\/div>\n<\/section>\n<section class=\"section\">\n<div class=\"item item-6\">\n<section class=\"image-item\">\n            <img decoding=\"async\" src=\"https:\/\/upload.cdn.baselinker.com\/products\/3018170\/a2782fd18f0fed1ae35455d36f50c531.jpg\" \/><br \/>\n        <\/section>\n<\/p><\/div>\n<div class=\"item item-6\">\n<section class=\"text-item\">\n<p><b>Wysiew nasion na ta\u015bmie w 4 prostych krokach<\/b><\/p>\n<p><b>1\ufe0f\u20e3 Rozrywamy ta\u015bm\u0119 w miejscu perforacji<\/b><\/p>\n<p><b>2\ufe0f\u20e3 Uk\u0142adamy we wcze\u015bniej przygotowanym rowku<\/b><\/p>\n<p><b>3\ufe0f\u20e3 Roz\u0142o\u017con\u0105 ta\u015bm\u0119 przysypujemy cienk\u0105 warstw\u0105 ziemi<\/b><\/p>\n<p><b>4\ufe0f\u20e3 Na koniec obficie podlewamy<\/b><\/p>\n<\/section><\/div>\n<\/section>\n<section class=\"section\">\n<div class=\"item item-6\">\n<section class=\"image-item\">\n            <img decoding=\"async\" src=\"https:\/\/upload.cdn.baselinker.com\/products\/3018170\/612a4506d0d3ec6564858b7b475914b6.png\" \/><br \/>\n        <\/section>\n<\/p><\/div>\n<div class=\"item item-6\">\n<section class=\"text-item\">\n<p><b>SPRAWDZONA JAKO\u015a\u0106 NASION<\/b><\/p>\n<p>Oferowane przez nas nasiona s\u0105 testowane w\u00a0<b>Laboratorium Oceny Nasion pod wzgl\u0119dem:<\/b><\/p>\n<p>\u2705<b>kie\u0142kowania<\/b><\/p>\n<p>\u2705<b>wilgotno\u015bci<\/b><\/p>\n<p>\u2705<b>czysto\u015bci ziarna<\/b><\/p>\n<p><b>Dzi\u0119ki czemu udost\u0119pniane nasiona s\u0105 \u015bci\u015ble wyselekcjonowane, tylko wysokiej klasy.<\/b><\/p>\n<p>Torebki zakupione na naszej aukcji s\u0105 w pe\u0142ni bezpieczne, posiadaj\u0105\u00a0<b>dat\u0119 wa\u017cno\u015bci i nr partii na opakowaniu.<\/b>\u00a0Gwarantujemy r\u00f3wnie\u017c jako\u015b\u0107 i oryginalno\u015b\u0107 produkt\u00f3w, poniewa\u017c s\u0105 nabywane bezpo\u015brednio od producenta.<\/p>\n<\/section><\/div>\n<\/section>\n","protected":false},"excerpt":{"rendered":"<p>Nasiona warzyw na ta\u015bmie Sa\u0142ata zielona i czerwona Rukola Roszponka Endywia \u015awie\u017ce\u00a0listki\u00a0&#8211; mieszanka rodzinna Wyj\u0105tkowo bogata mieszanka warzyw li\u015bciastych dla ca\u0142ej rodziny. W\u00a0sk\u0142ad mieszanki wchodzi sa\u0142ata li\u015bciowa czerwona i\u00a0zielona, rukola, roszponka i\u00a0endywia. Polecana do\u00a0bezpo\u015bredniego spo\u017cycia na\u00a0kanapki lub\u00a0do\u00a0sa\u0142atek. Mate z\u00a0nasionami tej mieszanki mo\u017cna wyk\u0142ada\u0107 do\u00a0pojemnik\u00f3w na\u00a0parapecie okiennym przez ca\u0142y rok. Polecana szczeg\u00f3lnie zim\u0105 kiedy jest du\u017ce&#8230;<\/p>\n","protected":false},"featured_media":18741,"comment_status":"open","ping_status":"closed","template":"","meta":{"inline_featured_image":false},"product_cat":[126,162,184],"product_tag":[],"location":[],"class_list":{"0":"post-18751","1":"product","2":"type-product","3":"status-publish","4":"has-post-thumbnail","6":"product_cat-nasiona-warzyw","7":"product_cat-nasiona","8":"product_cat-nasiona-warzyw-na-tasmie","9":"nt-post-class","10":"","13":"excerpt-none","16":"first","17":"instock","18":"shipping-taxable","19":"purchasable","20":"product-type-simple"},"_links":{"self":[{"href":"https:\/\/boskienasiona.pl\/en\/wp-json\/wp\/v2\/product\/18751","targetHints":{"allow":["GET"]}}],"collection":[{"href":"https:\/\/boskienasiona.pl\/en\/wp-json\/wp\/v2\/product"}],"about":[{"href":"https:\/\/boskienasiona.pl\/en\/wp-json\/wp\/v2\/types\/product"}],"replies":[{"embeddable":true,"href":"https:\/\/boskienasiona.pl\/en\/wp-json\/wp\/v2\/comments?post=18751"}],"version-history":[{"count":1,"href":"https:\/\/boskienasiona.pl\/en\/wp-json\/wp\/v2\/product\/18751\/revisions"}],"predecessor-version":[{"id":22586,"href":"https:\/\/boskienasiona.pl\/en\/wp-json\/wp\/v2\/product\/18751\/revisions\/22586"}],"wp:featuredmedia":[{"embeddable":true,"href":"https:\/\/boskienasiona.pl\/en\/wp-json\/wp\/v2\/media\/18741"}],"wp:attachment":[{"href":"https:\/\/boskienasiona.pl\/en\/wp-json\/wp\/v2\/media?parent=18751"}],"wp:term":[{"taxonomy":"product_cat","embeddable":true,"href":"https:\/\/boskienasiona.pl\/en\/wp-json\/wp\/v2\/product_cat?post=18751"},{"taxonomy":"product_tag","embeddable":true,"href":"https:\/\/boskienasiona.pl\/en\/wp-json\/wp\/v2\/product_tag?post=18751"},{"taxonomy":"location","embeddable":true,"href":"https:\/\/boskienasiona.pl\/en\/wp-json\/wp\/v2\/location?post=18751"}],"curies":[{"name":"wp","href":"https:\/\/api.w.org\/{rel}","templated":true}]}}