{"id":18764,"date":"2025-02-01T16:33:42","date_gmt":"2025-02-01T15:33:42","guid":{"rendered":"https:\/\/boskienasiona.pl\/product\/nasiona-warzyw-papryka-czerwona-duza-slodka-zrodlo-witaminy-c\/"},"modified":"2026-04-19T14:16:48","modified_gmt":"2026-04-19T12:16:48","slug":"nasiona-warzyw-papryka-czerwona-duza-slodka-zrodlo-witaminy-c","status":"publish","type":"product","link":"https:\/\/boskienasiona.pl\/en\/produkt\/nasiona-warzyw-papryka-czerwona-duza-slodka-zrodlo-witaminy-c\/","title":{"rendered":"Nasiona warzyw Papryka CZERWONA Du\u017ca S\u0142odka \u017ar\u00f3d\u0142o witaminy C"},"content":{"rendered":"<section class=\"section\">\n<div class=\"item item-12\">\n<section class=\"text-item\">\n<h1>Nasiona warzyw Papryka CZERWONA Du\u017ca S\u0142odka \u017ar\u00f3d\u0142o witaminy C<\/h1>\n<\/section><\/div>\n<\/section>\n<section class=\"section\">\n<div class=\"item item-6\">\n<section class=\"image-item\">\n            <img decoding=\"async\" src=\"https:\/\/upload.cdn.baselinker.com\/products\/3018170\/22784a14b3344f5e4529bc53f2e71a78.png\" \/><br \/>\n        <\/section>\n<\/p><\/div>\n<div class=\"item item-6\">\n<section class=\"text-item\">\n<p><b>Papryka s\u0142odka\u00a0CALIFORNIA\u00a0WONDER<\/b><\/p>\n<p>Odmiana do\u00a0uprawy w\u00a0tunelach foliowych lub\u00a0szklarniach. Owoce soczyste, dorodne, kwadratowe, z\u00a0trzema lub\u00a0czterema komorami nasiennymi o\u00a0\u015bciankach grubo\u015bci 6-7 mm. Jest to\u00a0odmiana o\u00a0wysokich walorach smakowych. Owoce nadaj\u0105\u00a0si\u0119 do\u00a0bezpo\u015bredniej konsumpcji i\u00a0przechowywania. Wysiew nasion pod\u00a0ogrzewane os\u0142ony III-IV. Wysadzanie rozsady w\u00a0V. Siew do\u00a0gruntu po\u00a015 maja.<\/p>\n<ul>\n<li><b>Siew:<\/b> III-V<\/li>\n<li><b>Zbi\u00f3r:<\/b> VII -VIII<\/li>\n<li><b>Rozstawa:<\/b> 40&#215;40 cm<\/li>\n<\/ul>\n<\/section><\/div>\n<\/section>\n<section class=\"section\">\n<div class=\"item item-6\">\n<section class=\"image-item\">\n            <img decoding=\"async\" src=\"https:\/\/upload.cdn.baselinker.com\/products\/3018170\/e7f238aed1817b5604825a9f7542855e.jpg\" \/><br \/>\n        <\/section>\n<\/p><\/div>\n<div class=\"item item-6\">\n<section class=\"text-item\">\n<p>Papryka\u00a0jest bardzo lubianym i cenionym warzywem w wielu kuchniach \u015bwiata. Jest przede wszystkim bogatym \u017ar\u00f3d\u0142em witamin oraz sk\u0142adnik\u00f3w mineralnych. Zawiera prowitamin\u0119 A, witamin\u0119 C oraz E. Jest tak\u017ce bogata w kwas foliowy, kt\u00f3ry doskonale wp\u0142ywa na zdrowy wygl\u0105d w\u0142os\u00f3w, sk\u00f3ry oraz paznokci.<\/p>\n<p>W Polsce papryka najcz\u0119\u015bciej wykorzystywana jest do wielu da\u0144, mi\u0119dzy innymi do gulaszu, warzywnych da\u0144 czy sa\u0142atek. Ch\u0119tnie jadana jest tak\u017ce na surowo, na przyk\u0142ad jako przek\u0105ska.<\/p>\n<\/section><\/div>\n<\/section>\n<section class=\"section\">\n<div class=\"item item-6\">\n<section class=\"image-item\">\n            <img decoding=\"async\" src=\"https:\/\/upload.cdn.baselinker.com\/products\/3018170\/d16bd42590da15545365cc9696765ee0.png\" \/><br \/>\n        <\/section>\n<\/p><\/div>\n<div class=\"item item-6\">\n<section class=\"text-item\">\n<p><b>SPRAWDZONA JAKO\u015a\u0106 NASION<\/b><\/p>\n<p>Oferowane przez nas nasiona s\u0105 testowane w\u00a0<b>Laboratorium Oceny Nasion pod wzgl\u0119dem:<\/b><\/p>\n<p>\u2705<b>kie\u0142kowania<\/b><\/p>\n<p>\u2705<b>wilgotno\u015bci<\/b><\/p>\n<p>\u2705<b>czysto\u015bci ziarna<\/b><\/p>\n<p><b>Dzi\u0119ki czemu udost\u0119pniane nasiona s\u0105 \u015bci\u015ble wyselekcjonowane, tylko wysokiej klasy.<\/b><\/p>\n<p>Torebki zakupione na naszej aukcji s\u0105 w pe\u0142ni bezpieczne, posiadaj\u0105\u00a0<b>dat\u0119 wa\u017cno\u015bci i nr partii na opakowaniu.<\/b>\u00a0Gwarantujemy r\u00f3wnie\u017c jako\u015b\u0107 i oryginalno\u015b\u0107 produkt\u00f3w, poniewa\u017c s\u0105 nabywane bezpo\u015brednio od producenta.<\/p>\n<\/section><\/div>\n<\/section>\n<section class=\"section\">\n<div class=\"item item-12\">\n<section class=\"image-item\">\n            <img decoding=\"async\" src=\"https:\/\/upload.cdn.baselinker.com\/products\/3018170\/15eace5a661cd6d4f183ed49a17515c4.png\" \/><br \/>\n        <\/section>\n<\/p><\/div>\n<\/section>\n","protected":false},"excerpt":{"rendered":"<p>Nasiona warzyw Papryka CZERWONA Du\u017ca S\u0142odka \u017ar\u00f3d\u0142o witaminy C Papryka s\u0142odka\u00a0CALIFORNIA\u00a0WONDER Odmiana do\u00a0uprawy w\u00a0tunelach foliowych lub\u00a0szklarniach. Owoce soczyste, dorodne, kwadratowe, z\u00a0trzema lub\u00a0czterema komorami nasiennymi o\u00a0\u015bciankach grubo\u015bci 6-7 mm. Jest to\u00a0odmiana o\u00a0wysokich walorach smakowych. Owoce nadaj\u0105\u00a0si\u0119 do\u00a0bezpo\u015bredniej konsumpcji i\u00a0przechowywania. Wysiew nasion pod\u00a0ogrzewane os\u0142ony III-IV. Wysadzanie rozsady w\u00a0V. Siew do\u00a0gruntu po\u00a015 maja. Siew: III-V Zbi\u00f3r: VII -VIII&#8230;<\/p>\n","protected":false},"featured_media":18752,"comment_status":"open","ping_status":"closed","template":"","meta":{"inline_featured_image":false},"product_cat":[126,162,188],"product_tag":[],"location":[],"class_list":{"0":"post-18764","1":"product","2":"type-product","3":"status-publish","4":"has-post-thumbnail","6":"product_cat-nasiona-warzyw","7":"product_cat-nasiona","8":"product_cat-nasiona-papryki","9":"nt-post-class","10":"","13":"excerpt-none","16":"first","17":"instock","18":"shipping-taxable","19":"purchasable","20":"product-type-simple"},"_links":{"self":[{"href":"https:\/\/boskienasiona.pl\/en\/wp-json\/wp\/v2\/product\/18764","targetHints":{"allow":["GET"]}}],"collection":[{"href":"https:\/\/boskienasiona.pl\/en\/wp-json\/wp\/v2\/product"}],"about":[{"href":"https:\/\/boskienasiona.pl\/en\/wp-json\/wp\/v2\/types\/product"}],"replies":[{"embeddable":true,"href":"https:\/\/boskienasiona.pl\/en\/wp-json\/wp\/v2\/comments?post=18764"}],"version-history":[{"count":1,"href":"https:\/\/boskienasiona.pl\/en\/wp-json\/wp\/v2\/product\/18764\/revisions"}],"predecessor-version":[{"id":22642,"href":"https:\/\/boskienasiona.pl\/en\/wp-json\/wp\/v2\/product\/18764\/revisions\/22642"}],"wp:featuredmedia":[{"embeddable":true,"href":"https:\/\/boskienasiona.pl\/en\/wp-json\/wp\/v2\/media\/18752"}],"wp:attachment":[{"href":"https:\/\/boskienasiona.pl\/en\/wp-json\/wp\/v2\/media?parent=18764"}],"wp:term":[{"taxonomy":"product_cat","embeddable":true,"href":"https:\/\/boskienasiona.pl\/en\/wp-json\/wp\/v2\/product_cat?post=18764"},{"taxonomy":"product_tag","embeddable":true,"href":"https:\/\/boskienasiona.pl\/en\/wp-json\/wp\/v2\/product_tag?post=18764"},{"taxonomy":"location","embeddable":true,"href":"https:\/\/boskienasiona.pl\/en\/wp-json\/wp\/v2\/location?post=18764"}],"curies":[{"name":"wp","href":"https:\/\/api.w.org\/{rel}","templated":true}]}}