{"id":18796,"date":"2025-02-01T16:35:18","date_gmt":"2025-02-01T15:35:18","guid":{"rendered":"https:\/\/boskienasiona.pl\/product\/nasiona-warzyw-pomidor-gruntowy-bardzo-wczesny-wysiew-do-gruntu-w-maju\/"},"modified":"2026-04-18T06:15:50","modified_gmt":"2026-04-18T04:15:50","slug":"nasiona-warzyw-pomidor-gruntowy-bardzo-wczesny-wysiew-do-gruntu-w-maju","status":"publish","type":"product","link":"https:\/\/boskienasiona.pl\/en\/produkt\/nasiona-warzyw-pomidor-gruntowy-bardzo-wczesny-wysiew-do-gruntu-w-maju\/","title":{"rendered":"Nasiona warzyw Pomidor gruntowy bardzo wczesny wysiew do gruntu w maju"},"content":{"rendered":"<section class=\"section\">\n<div class=\"item item-12\">\n<section class=\"text-item\">\n<h1>Nasiona warzyw Pomidor gruntowy bardzo wczesny wysiew do gruntu w maju<\/h1>\n<\/section><\/div>\n<\/section>\n<section class=\"section\">\n<div class=\"item item-6\">\n<section class=\"image-item\">\n            <img decoding=\"async\" src=\"https:\/\/upload.cdn.baselinker.com\/products\/3018170\/f42ab649a4c300c859077debee348c16.png\" \/><br \/>\n        <\/section>\n<\/p><\/div>\n<div class=\"item item-6\">\n<section class=\"text-item\">\n<p><b>Pomidor gruntowy Harzfeuer F1 (bardzo wczesny)<\/b><\/p>\n<p>Znana i\u00a0ceniona w\u00a0Europie, bardzo wczesna odmiana miesza\u0144cowa do\u00a0uprawy w\u00a0gruncie i\u00a0pod\u00a0os\u0142onami. Owoce okr\u0105g\u0142e \u015bredniej wielko\u015bci, intensywnie czerwone, bez\u00a0pi\u0119tki i\u00a0sk\u0142onno\u015bci do\u00a0p\u0119kania, o\u00a0wyj\u0105tkowym s\u0142odkim aromatycznym smaku. Wysiew do\u00a0ciep\u0142ego inspektu od\u00a0III do\u00a0IV. Wysiew wprost do\u00a0gruntu po\u00a015 maja.<\/p>\n<ul>\n<li><b>Siew:<\/b> III-V<\/li>\n<li><b>Zbi\u00f3r:<\/b> VII-IX<\/li>\n<li><b>Rozstawa:<\/b> 60 x 80 cm<\/li>\n<\/ul>\n<\/section><\/div>\n<\/section>\n<section class=\"section\">\n<div class=\"item item-6\">\n<section class=\"image-item\">\n            <img decoding=\"async\" src=\"https:\/\/upload.cdn.baselinker.com\/products\/3018170\/4597c6ede90327e095b88a6639d5dcac.png\" \/><br \/>\n        <\/section>\n<\/p><\/div>\n<div class=\"item item-6\">\n<section class=\"text-item\">\n<p><b>SPRAWDZONA JAKO\u015a\u0106 NASION<\/b><\/p>\n<p>Oferowane przez nas nasiona s\u0105 testowane w\u00a0<b>Laboratorium Oceny Nasion pod wzgl\u0119dem:<\/b><\/p>\n<p>\u2705<b>kie\u0142kowania<\/b><\/p>\n<p>\u2705<b>wilgotno\u015bci<\/b><\/p>\n<p>\u2705<b>czysto\u015bci ziarna<\/b><\/p>\n<p><b>Dzi\u0119ki czemu udost\u0119pniane nasiona s\u0105 \u015bci\u015ble wyselekcjonowane, tylko wysokiej klasy.<\/b><\/p>\n<p>Torebki zakupione na naszej aukcji s\u0105 w pe\u0142ni bezpieczne, posiadaj\u0105\u00a0<b>dat\u0119 wa\u017cno\u015bci i nr partii na opakowaniu.<\/b>\u00a0Gwarantujemy r\u00f3wnie\u017c jako\u015b\u0107 i oryginalno\u015b\u0107 produkt\u00f3w, poniewa\u017c s\u0105 nabywane bezpo\u015brednio od producenta.<\/p>\n<\/section><\/div>\n<\/section>\n<section class=\"section\">\n<div class=\"item item-6\">\n<section class=\"image-item\">\n            <img decoding=\"async\" src=\"https:\/\/upload.cdn.baselinker.com\/products\/3018170\/c0ebecd32a41962a94b8d55e64c35255.jpg\" \/><br \/>\n        <\/section>\n<\/p><\/div>\n<div class=\"item item-6\">\n<section class=\"image-item\">\n            <img decoding=\"async\" src=\"https:\/\/upload.cdn.baselinker.com\/products\/3018170\/db2d433f2538d8a7d281f0e54f770db8.jpg\" \/><br \/>\n        <\/section>\n<\/p><\/div>\n<\/section>\n","protected":false},"excerpt":{"rendered":"<p>Nasiona warzyw Pomidor gruntowy bardzo wczesny wysiew do gruntu w maju Pomidor gruntowy Harzfeuer F1 (bardzo wczesny) Znana i\u00a0ceniona w\u00a0Europie, bardzo wczesna odmiana miesza\u0144cowa do\u00a0uprawy w\u00a0gruncie i\u00a0pod\u00a0os\u0142onami. Owoce okr\u0105g\u0142e \u015bredniej wielko\u015bci, intensywnie czerwone, bez\u00a0pi\u0119tki i\u00a0sk\u0142onno\u015bci do\u00a0p\u0119kania, o\u00a0wyj\u0105tkowym s\u0142odkim aromatycznym smaku. Wysiew do\u00a0ciep\u0142ego inspektu od\u00a0III do\u00a0IV. Wysiew wprost do\u00a0gruntu po\u00a015 maja. Siew: III-V Zbi\u00f3r: VII-IX Rozstawa:&#8230;<\/p>\n","protected":false},"featured_media":18784,"comment_status":"open","ping_status":"closed","template":"","meta":{"inline_featured_image":false},"product_cat":[126,162,185],"product_tag":[],"location":[],"class_list":{"0":"post-18796","1":"product","2":"type-product","3":"status-publish","4":"has-post-thumbnail","6":"product_cat-nasiona-warzyw","7":"product_cat-nasiona","8":"product_cat-nasiona-pomidorow","9":"nt-post-class","10":"","13":"excerpt-none","16":"first","17":"instock","18":"shipping-taxable","19":"purchasable","20":"product-type-simple"},"_links":{"self":[{"href":"https:\/\/boskienasiona.pl\/en\/wp-json\/wp\/v2\/product\/18796","targetHints":{"allow":["GET"]}}],"collection":[{"href":"https:\/\/boskienasiona.pl\/en\/wp-json\/wp\/v2\/product"}],"about":[{"href":"https:\/\/boskienasiona.pl\/en\/wp-json\/wp\/v2\/types\/product"}],"replies":[{"embeddable":true,"href":"https:\/\/boskienasiona.pl\/en\/wp-json\/wp\/v2\/comments?post=18796"}],"version-history":[{"count":1,"href":"https:\/\/boskienasiona.pl\/en\/wp-json\/wp\/v2\/product\/18796\/revisions"}],"predecessor-version":[{"id":22602,"href":"https:\/\/boskienasiona.pl\/en\/wp-json\/wp\/v2\/product\/18796\/revisions\/22602"}],"wp:featuredmedia":[{"embeddable":true,"href":"https:\/\/boskienasiona.pl\/en\/wp-json\/wp\/v2\/media\/18784"}],"wp:attachment":[{"href":"https:\/\/boskienasiona.pl\/en\/wp-json\/wp\/v2\/media?parent=18796"}],"wp:term":[{"taxonomy":"product_cat","embeddable":true,"href":"https:\/\/boskienasiona.pl\/en\/wp-json\/wp\/v2\/product_cat?post=18796"},{"taxonomy":"product_tag","embeddable":true,"href":"https:\/\/boskienasiona.pl\/en\/wp-json\/wp\/v2\/product_tag?post=18796"},{"taxonomy":"location","embeddable":true,"href":"https:\/\/boskienasiona.pl\/en\/wp-json\/wp\/v2\/location?post=18796"}],"curies":[{"name":"wp","href":"https:\/\/api.w.org\/{rel}","templated":true}]}}