{"id":18805,"date":"2025-02-01T16:35:48","date_gmt":"2025-02-01T15:35:48","guid":{"rendered":"https:\/\/boskienasiona.pl\/product\/nasiona-warzyw-pomidor-czarny-ksiaze-miesisty-idealny-do-salatek\/"},"modified":"2026-04-16T14:20:29","modified_gmt":"2026-04-16T12:20:29","slug":"nasiona-warzyw-pomidor-czarny-ksiaze-miesisty-idealny-do-salatek","status":"publish","type":"product","link":"https:\/\/boskienasiona.pl\/en\/produkt\/nasiona-warzyw-pomidor-czarny-ksiaze-miesisty-idealny-do-salatek\/","title":{"rendered":"Nasiona warzyw Pomidor Czarny Ksi\u0105\u017ce Mi\u0119sisty idealny do sa\u0142atek"},"content":{"rendered":"<section class=\"section\">\n<div class=\"item item-12\">\n<section class=\"text-item\">\n<h1>Nasiona warzyw Pomidor Czarny Ksi\u0105\u017ce Mi\u0119sisty idealny do sa\u0142atek<\/h1>\n<\/section><\/div>\n<\/section>\n<section class=\"section\">\n<div class=\"item item-6\">\n<section class=\"image-item\">\n            <img decoding=\"async\" src=\"https:\/\/upload.cdn.baselinker.com\/products\/3018170\/1d99123c75311d68ab49922ec59bf059.png\" \/><br \/>\n        <\/section>\n<\/p><\/div>\n<div class=\"item item-6\">\n<section class=\"text-item\">\n<p><b>Pomidor gruntowy Noire de Crime<\/b><\/p>\n<p>Solanum lycopersicum<\/p>\n<p>\u015arednio wczesna, gruntowa odmiana pomidora nazywanego ,,Czarnym Ksi\u0119ciem\u201d ze wzgl\u0119du na\u00a0charakterystyczn\u0105 ciemnobr\u0105zow\u0105 sk\u00f3rk\u0119. Owoce mi\u0119siste, o\u00a0bogatym smaku z\u00a0lekko owocow\u0105 nut\u0105. Idealny do\u00a0bezpo\u015bredniego spo\u017cycia, sa\u0142atek lub\u00a0do\u00a0dekoracji potraw. Wysiew nasion w\u00a0III \u2013 IV do\u00a0ciep\u0142ego inspektu lub\u00a0w\u00a0V wprost do\u00a0gruntu. Preferuje gleby zasobne w\u00a0pr\u00f3chnic\u0119 i\u00a0silnie nawo\u017cone.<\/p>\n<ul>\n<li><b>Siew inspekt:<\/b> III \u2013 IV<\/li>\n<li><b>Siew gruntu:<\/b> V<\/li>\n<li><b>Przesadzanie do\u00a0gruntu:<\/b> \u00bd V<\/li>\n<li><b>Rozsada:<\/b> 60 \u2013 70 x 50- 60 cm<\/li>\n<li><b>Zbi\u00f3r:<\/b> VIII \u2013 IX<\/li>\n<\/ul>\n<\/section><\/div>\n<\/section>\n<section class=\"section\">\n<div class=\"item item-6\">\n<section class=\"image-item\">\n            <img decoding=\"async\" src=\"https:\/\/upload.cdn.baselinker.com\/products\/3018170\/07db4491463979bc0895143ae3fa3480.png\" \/><br \/>\n        <\/section>\n<\/p><\/div>\n<div class=\"item item-6\">\n<section class=\"text-item\">\n<p><b>SPRAWDZONA JAKO\u015a\u0106 NASION<\/b><\/p>\n<p>Oferowane przez nas nasiona s\u0105 testowane w\u00a0<b>Laboratorium Oceny Nasion pod wzgl\u0119dem:<\/b><\/p>\n<p>\u2705<b>kie\u0142kowania<\/b><\/p>\n<p>\u2705<b>wilgotno\u015bci<\/b><\/p>\n<p>\u2705<b>czysto\u015bci ziarna<\/b><\/p>\n<p><b>Dzi\u0119ki czemu udost\u0119pniane nasiona s\u0105 \u015bci\u015ble wyselekcjonowane, tylko wysokiej klasy.<\/b><\/p>\n<p>Torebki zakupione na naszej aukcji s\u0105 w pe\u0142ni bezpieczne, posiadaj\u0105\u00a0<b>dat\u0119 wa\u017cno\u015bci i nr partii na opakowaniu.<\/b>\u00a0Gwarantujemy r\u00f3wnie\u017c jako\u015b\u0107 i oryginalno\u015b\u0107 produkt\u00f3w, poniewa\u017c s\u0105 nabywane bezpo\u015brednio od producenta.<\/p>\n<\/section><\/div>\n<\/section>\n","protected":false},"excerpt":{"rendered":"<p>Nasiona warzyw Pomidor Czarny Ksi\u0105\u017ce Mi\u0119sisty idealny do sa\u0142atek Pomidor gruntowy Noire de Crime Solanum lycopersicum \u015arednio wczesna, gruntowa odmiana pomidora nazywanego ,,Czarnym Ksi\u0119ciem\u201d ze wzgl\u0119du na\u00a0charakterystyczn\u0105 ciemnobr\u0105zow\u0105 sk\u00f3rk\u0119. Owoce mi\u0119siste, o\u00a0bogatym smaku z\u00a0lekko owocow\u0105 nut\u0105. Idealny do\u00a0bezpo\u015bredniego spo\u017cycia, sa\u0142atek lub\u00a0do\u00a0dekoracji potraw. Wysiew nasion w\u00a0III \u2013 IV do\u00a0ciep\u0142ego inspektu lub\u00a0w\u00a0V wprost do\u00a0gruntu. Preferuje gleby zasobne&#8230;<\/p>\n","protected":false},"featured_media":18797,"comment_status":"open","ping_status":"closed","template":"","meta":{"inline_featured_image":false},"product_cat":[126,162],"product_tag":[],"location":[],"class_list":{"0":"post-18805","1":"product","2":"type-product","3":"status-publish","4":"has-post-thumbnail","6":"product_cat-nasiona-warzyw","7":"product_cat-nasiona","8":"nt-post-class","9":"","12":"excerpt-none","15":"first","16":"instock","17":"shipping-taxable","18":"purchasable","19":"product-type-simple"},"_links":{"self":[{"href":"https:\/\/boskienasiona.pl\/en\/wp-json\/wp\/v2\/product\/18805","targetHints":{"allow":["GET"]}}],"collection":[{"href":"https:\/\/boskienasiona.pl\/en\/wp-json\/wp\/v2\/product"}],"about":[{"href":"https:\/\/boskienasiona.pl\/en\/wp-json\/wp\/v2\/types\/product"}],"replies":[{"embeddable":true,"href":"https:\/\/boskienasiona.pl\/en\/wp-json\/wp\/v2\/comments?post=18805"}],"version-history":[{"count":0,"href":"https:\/\/boskienasiona.pl\/en\/wp-json\/wp\/v2\/product\/18805\/revisions"}],"wp:featuredmedia":[{"embeddable":true,"href":"https:\/\/boskienasiona.pl\/en\/wp-json\/wp\/v2\/media\/18797"}],"wp:attachment":[{"href":"https:\/\/boskienasiona.pl\/en\/wp-json\/wp\/v2\/media?parent=18805"}],"wp:term":[{"taxonomy":"product_cat","embeddable":true,"href":"https:\/\/boskienasiona.pl\/en\/wp-json\/wp\/v2\/product_cat?post=18805"},{"taxonomy":"product_tag","embeddable":true,"href":"https:\/\/boskienasiona.pl\/en\/wp-json\/wp\/v2\/product_tag?post=18805"},{"taxonomy":"location","embeddable":true,"href":"https:\/\/boskienasiona.pl\/en\/wp-json\/wp\/v2\/location?post=18805"}],"curies":[{"name":"wp","href":"https:\/\/api.w.org\/{rel}","templated":true}]}}