{"id":18820,"date":"2025-02-01T16:36:26","date_gmt":"2025-02-01T15:36:26","guid":{"rendered":"https:\/\/boskienasiona.pl\/product\/nasiona-warzyw-rzodkiewka-rzodkiew-cherry-belle-chrupiaca-lagodna-w-smaku\/"},"modified":"2026-04-19T14:16:51","modified_gmt":"2026-04-19T12:16:51","slug":"nasiona-warzyw-rzodkiewka-rzodkiew-cherry-belle-chrupiaca-lagodna-w-smaku","status":"publish","type":"product","link":"https:\/\/boskienasiona.pl\/en\/produkt\/nasiona-warzyw-rzodkiewka-rzodkiew-cherry-belle-chrupiaca-lagodna-w-smaku\/","title":{"rendered":"Nasiona Warzyw RZODKIEWKA RZODKIEW Cherry Belle CHRUPI\u0104CA \u0141AGODNA W SMAKU"},"content":{"rendered":"<section class=\"section\">\n<div class=\"item item-12\">\n<section class=\"text-item\">\n<h1>Nasiona Warzyw RZODKIEWKA RZODKIEW Cherry Belle CHRUPI\u0104CA \u0141AGODNA W SMAKU<\/h1>\n<\/section><\/div>\n<\/section>\n<section class=\"section\">\n<div class=\"item item-6\">\n<section class=\"image-item\">\n            <img decoding=\"async\" src=\"https:\/\/upload.cdn.baselinker.com\/products\/3018170\/0b918eedc312af3fc6ee54980f69df5e.png\" \/><br \/>\n        <\/section>\n<\/p><\/div>\n<div class=\"item item-6\">\n<section class=\"text-item\">\n<p><b>Rzodkiewka Cherry Belle<\/b><\/p>\n<p>Odmiana wczesna o\u00a0kr\u00f3tkim okresie wegetacji, 25-30 dni, przeznaczona do\u00a0uprawy w\u00a0gruncie i\u00a0pod\u00a0os\u0142onami. Tworzy kuliste zgrubienia, pokryte krwistoczerwon\u0105 sk\u00f3rk\u0105. Mi\u0105\u017csz \u0142agodny, bardzo smaczny, o\u00a0bardzo ma\u0142ej sk\u0142onno\u015bci do\u00a0parcenia. Siew na\u00a0g\u0142\u0119boko\u015b\u0107 1cm od\u00a0III do\u00a0V na\u00a0zbi\u00f3r wiosenny i\u00a0w\u00a0VIII na\u00a0jesienny.<\/p>\n<p>Wiosenny<\/p>\n<ul>\n<li><b>Siew:<\/b> \u00bd III \u2013 V<\/li>\n<li><b>Zbi\u00f3r:<\/b> V \u2013 VI<\/li>\n<\/ul>\n<p>Jesienny<\/p>\n<ul>\n<li><b>Siew:<\/b> VIII &#8211; \u00bd IX<\/li>\n<li><b>Zbi\u00f3r:<\/b> IX \u2013 X<\/li>\n<li><b>Rozstawa:<\/b> 2-3 x 10-20 cm<\/li>\n<\/ul>\n<\/section><\/div>\n<\/section>\n<section class=\"section\">\n<div class=\"item item-6\">\n<section class=\"image-item\">\n            <img decoding=\"async\" src=\"https:\/\/upload.cdn.baselinker.com\/products\/3018170\/fe8f8ce4d04bbce99a49ab2f6ff456de.png\" \/><br \/>\n        <\/section>\n<\/p><\/div>\n<div class=\"item item-6\">\n<section class=\"text-item\">\n<p><b>SPRAWDZONA JAKO\u015a\u0106 NASION<\/b><\/p>\n<p>Oferowane przez nas nasiona s\u0105 testowane w <b>Laboratorium Oceny Nasion pod wzgl\u0119dem:<\/b><\/p>\n<p>\u2705<b>kie\u0142kowania<\/b><\/p>\n<p>\u2705<b>wilgotno\u015bci<\/b><\/p>\n<p>\u2705<b>czysto\u015bci ziarna<\/b><\/p>\n<p><b>Dzi\u0119ki czemu udost\u0119pniane nasiona s\u0105 \u015bci\u015ble wyselekcjonowane, tylko wysokiej klasy.<\/b><\/p>\n<p>Torebki zakupione na naszej aukcji s\u0105 w pe\u0142ni bezpieczne, posiadaj\u0105 <b>dat\u0119 wa\u017cno\u015bci i nr partii na opakowaniu.<\/b> Gwarantujemy r\u00f3wnie\u017c jako\u015b\u0107 i oryginalno\u015b\u0107 produkt\u00f3w, poniewa\u017c s\u0105 nabywane bezpo\u015brednio od producenta.<\/p>\n<\/section><\/div>\n<\/section>\n<section class=\"section\">\n<div class=\"item item-12\">\n<section class=\"image-item\">\n            <img decoding=\"async\" src=\"https:\/\/upload.cdn.baselinker.com\/products\/3018170\/e461bb77041ea358ac71c8b943a29b7e.jpg\" \/><br \/>\n        <\/section>\n<\/p><\/div>\n<\/section>\n<section class=\"section\">\n<div class=\"item item-12\">\n<section class=\"image-item\">\n            <img decoding=\"async\" src=\"https:\/\/upload.cdn.baselinker.com\/products\/3018170\/a2d8949e2b038a24aba2b8a5ceca54bb.jpg\" \/><br \/>\n        <\/section>\n<\/p><\/div>\n<\/section>\n","protected":false},"excerpt":{"rendered":"<p>Nasiona Warzyw RZODKIEWKA RZODKIEW Cherry Belle CHRUPI\u0104CA \u0141AGODNA W SMAKU Rzodkiewka Cherry Belle Odmiana wczesna o\u00a0kr\u00f3tkim okresie wegetacji, 25-30 dni, przeznaczona do\u00a0uprawy w\u00a0gruncie i\u00a0pod\u00a0os\u0142onami. Tworzy kuliste zgrubienia, pokryte krwistoczerwon\u0105 sk\u00f3rk\u0105. Mi\u0105\u017csz \u0142agodny, bardzo smaczny, o\u00a0bardzo ma\u0142ej sk\u0142onno\u015bci do\u00a0parcenia. Siew na\u00a0g\u0142\u0119boko\u015b\u0107 1cm od\u00a0III do\u00a0V na\u00a0zbi\u00f3r wiosenny i\u00a0w\u00a0VIII na\u00a0jesienny. Wiosenny Siew: \u00bd III \u2013 V Zbi\u00f3r: V&#8230;<\/p>\n","protected":false},"featured_media":18806,"comment_status":"open","ping_status":"closed","template":"","meta":{"inline_featured_image":false},"product_cat":[126,162],"product_tag":[],"location":[],"class_list":{"0":"post-18820","1":"product","2":"type-product","3":"status-publish","4":"has-post-thumbnail","6":"product_cat-nasiona-warzyw","7":"product_cat-nasiona","8":"nt-post-class","9":"","12":"excerpt-none","15":"first","16":"instock","17":"shipping-taxable","18":"purchasable","19":"product-type-simple"},"_links":{"self":[{"href":"https:\/\/boskienasiona.pl\/en\/wp-json\/wp\/v2\/product\/18820","targetHints":{"allow":["GET"]}}],"collection":[{"href":"https:\/\/boskienasiona.pl\/en\/wp-json\/wp\/v2\/product"}],"about":[{"href":"https:\/\/boskienasiona.pl\/en\/wp-json\/wp\/v2\/types\/product"}],"replies":[{"embeddable":true,"href":"https:\/\/boskienasiona.pl\/en\/wp-json\/wp\/v2\/comments?post=18820"}],"version-history":[{"count":0,"href":"https:\/\/boskienasiona.pl\/en\/wp-json\/wp\/v2\/product\/18820\/revisions"}],"wp:featuredmedia":[{"embeddable":true,"href":"https:\/\/boskienasiona.pl\/en\/wp-json\/wp\/v2\/media\/18806"}],"wp:attachment":[{"href":"https:\/\/boskienasiona.pl\/en\/wp-json\/wp\/v2\/media?parent=18820"}],"wp:term":[{"taxonomy":"product_cat","embeddable":true,"href":"https:\/\/boskienasiona.pl\/en\/wp-json\/wp\/v2\/product_cat?post=18820"},{"taxonomy":"product_tag","embeddable":true,"href":"https:\/\/boskienasiona.pl\/en\/wp-json\/wp\/v2\/product_tag?post=18820"},{"taxonomy":"location","embeddable":true,"href":"https:\/\/boskienasiona.pl\/en\/wp-json\/wp\/v2\/location?post=18820"}],"curies":[{"name":"wp","href":"https:\/\/api.w.org\/{rel}","templated":true}]}}