{"id":18835,"date":"2025-02-01T16:37:13","date_gmt":"2025-02-01T15:37:13","guid":{"rendered":"https:\/\/boskienasiona.pl\/product\/nasiona-warzyw-pietruszka-korzeniowa-cukrowa-wczesna-na-zbior-lato-i-jesien\/"},"modified":"2026-04-19T14:16:51","modified_gmt":"2026-04-19T12:16:51","slug":"nasiona-warzyw-pietruszka-korzeniowa-cukrowa-wczesna-na-zbior-lato-i-jesien","status":"publish","type":"product","link":"https:\/\/boskienasiona.pl\/en\/produkt\/nasiona-warzyw-pietruszka-korzeniowa-cukrowa-wczesna-na-zbior-lato-i-jesien\/","title":{"rendered":"Nasiona warzyw Pietruszka korzeniowa Cukrowa Wczesna na zbi\u00f3r lato i jesie\u0144"},"content":{"rendered":"<section class=\"section\">\n<div class=\"item item-12\">\n<section class=\"text-item\">\n<h1>Nasiona warzyw Pietruszka korzeniowa Cukrowa Wczesna na zbi\u00f3r lato i jesie\u0144<\/h1>\n<\/section><\/div>\n<\/section>\n<section class=\"section\">\n<div class=\"item item-6\">\n<section class=\"image-item\">\n            <img decoding=\"async\" src=\"https:\/\/upload.cdn.baselinker.com\/products\/3018170\/90658937be57a3081efc19178ea29853.png\" \/><br \/>\n        <\/section>\n<\/p><\/div>\n<div class=\"item item-6\">\n<section class=\"text-item\">\n<p><b>Pietruszka korzeniowa cukrowa Wczesma<\/b><\/p>\n<p>Petroselinum hortense hoffm.<\/p>\n<p>Odmiana wczesna na\u00a0zbi\u00f3r letni i\u00a0jesienny. Korze\u0144 \u015brednio d\u0142ugi, sto\u017ckowaty, rozszerzony u\u00a0g\u00f3ry, ostro zw\u0119\u017caj\u0105cy\u00a0si\u0119 ku do\u0142owi, d\u0142ugo\u015bci 14-17 cm. Sk\u00f3rka barwy bia\u0142ej, mi\u0105\u017csz \u015bcis\u0142y bez\u00a0sk\u0142onno\u015bci do\u00a0rdzewienia, bia\u0142y i\u00a0bardzo smaczny. Wysiew na\u00a0g\u0142\u0119boko\u015b\u0107 1,5-2,5\u00a0cm od\u00a0po\u0142owy III do\u00a0po\u0142owy V. Mo\u017cna stosowa\u0107 siew ozimy od\u00a0po\u0142owy X-XI.<\/p>\n<ul>\n<li><b>Siew:<\/b> \u00bd III-V<\/li>\n<li><b>Siew ozimy:<\/b> \u00bd X-XI<\/li>\n<li><b>Zbi\u00f3r:<\/b> \u00bd V-VI; VIII-X<\/li>\n<li><b>Rozstawa:<\/b> 30-40&#215;4-6 cm<\/li>\n<\/ul>\n<\/section><\/div>\n<\/section>\n<section class=\"section\">\n<div class=\"item item-6\">\n<section class=\"image-item\">\n            <img decoding=\"async\" src=\"https:\/\/upload.cdn.baselinker.com\/products\/3018170\/2d1fd0cd4856283fe42b58e13ee3ad59.jpg\" \/><br \/>\n        <\/section>\n<\/p><\/div>\n<div class=\"item item-6\">\n<section class=\"text-item\">\n<p>Pietruszka\u00a0jest bardzo cz\u0119sto spotykana w wielu ogr\u00f3dkach. Jest popularnym i ch\u0119tnie uprawianym warzywem. Zawiera cenne witaminy oraz sk\u0142adniki mineralne. Jest przede wszystkim \u017ar\u00f3d\u0142em witaminy C, folian\u00f3w oraz beta-karotenu. Zawiera tak\u017ce wapno oraz \u017celazo. Doskonale wp\u0142ywa na stan nask\u00f3rka oraz narz\u0105d wzroku.<\/p>\n<p>Pietruszk\u0119 mo\u017cna uprawia\u0107 zar\u00f3wno w ogr\u00f3dku, jak i w domu, w wygodnym pojemniku. Dzi\u0119ki temu mo\u017cesz mie\u0107 pod r\u0119k\u0105 wysokiej jako\u015bci pietruszk\u0119, kt\u00f3ra nada aromatu niejednej potrawie. Pietruszk\u0119 mo\u017cna dodawa\u0107 do sa\u0142atek, sur\u00f3wek oraz zup.<\/p>\n<\/section><\/div>\n<\/section>\n<section class=\"section\">\n<div class=\"item item-6\">\n<section class=\"image-item\">\n            <img decoding=\"async\" src=\"https:\/\/upload.cdn.baselinker.com\/products\/3018170\/e7de914f9a91619b53faf0415a5729dd.png\" \/><br \/>\n        <\/section>\n<\/p><\/div>\n<div class=\"item item-6\">\n<section class=\"text-item\">\n<p><b>SPRAWDZONA JAKO\u015a\u0106 NASION<\/b><\/p>\n<p>Oferowane przez nas nasiona s\u0105 testowane w\u00a0<b>Laboratorium Oceny Nasion pod wzgl\u0119dem:<\/b><\/p>\n<p>\u2705<b>kie\u0142kowania<\/b><\/p>\n<p>\u2705<b>wilgotno\u015bci<\/b><\/p>\n<p>\u2705<b>czysto\u015bci ziarna<\/b><\/p>\n<p><b>Dzi\u0119ki czemu udost\u0119pniane nasiona s\u0105 \u015bci\u015ble wyselekcjonowane, tylko wysokiej klasy.<\/b><\/p>\n<p>Torebki zakupione na naszej aukcji s\u0105 w pe\u0142ni bezpieczne, posiadaj\u0105\u00a0<b>dat\u0119 wa\u017cno\u015bci i nr partii na opakowaniu.<\/b>\u00a0Gwarantujemy r\u00f3wnie\u017c jako\u015b\u0107 i oryginalno\u015b\u0107 produkt\u00f3w, poniewa\u017c s\u0105 nabywane bezpo\u015brednio od producenta.<\/p>\n<\/section><\/div>\n<\/section>\n<section class=\"section\">\n<div class=\"item item-12\">\n<section class=\"image-item\">\n            <img decoding=\"async\" src=\"https:\/\/upload.cdn.baselinker.com\/products\/3018170\/5c51c26b432502745b5d753430969147.png\" \/><br \/>\n        <\/section>\n<\/p><\/div>\n<\/section>\n<section class=\"section\">\n<div class=\"item item-12\">\n<section class=\"image-item\">\n            <img decoding=\"async\" src=\"https:\/\/upload.cdn.baselinker.com\/products\/3018170\/626b9bbe5804fa6e3433f5c250e6a1eb.png\" \/><br \/>\n        <\/section>\n<\/p><\/div>\n<\/section>\n","protected":false},"excerpt":{"rendered":"<p>Nasiona warzyw Pietruszka korzeniowa Cukrowa Wczesna na zbi\u00f3r lato i jesie\u0144 Pietruszka korzeniowa cukrowa Wczesma Petroselinum hortense hoffm. Odmiana wczesna na\u00a0zbi\u00f3r letni i\u00a0jesienny. Korze\u0144 \u015brednio d\u0142ugi, sto\u017ckowaty, rozszerzony u\u00a0g\u00f3ry, ostro zw\u0119\u017caj\u0105cy\u00a0si\u0119 ku do\u0142owi, d\u0142ugo\u015bci 14-17 cm. Sk\u00f3rka barwy bia\u0142ej, mi\u0105\u017csz \u015bcis\u0142y bez\u00a0sk\u0142onno\u015bci do\u00a0rdzewienia, bia\u0142y i\u00a0bardzo smaczny. Wysiew na\u00a0g\u0142\u0119boko\u015b\u0107 1,5-2,5\u00a0cm od\u00a0po\u0142owy III do\u00a0po\u0142owy V. Mo\u017cna stosowa\u0107&#8230;<\/p>\n","protected":false},"featured_media":18821,"comment_status":"open","ping_status":"closed","template":"","meta":{"inline_featured_image":false},"product_cat":[126,162],"product_tag":[],"location":[],"class_list":{"0":"post-18835","1":"product","2":"type-product","3":"status-publish","4":"has-post-thumbnail","6":"product_cat-nasiona-warzyw","7":"product_cat-nasiona","8":"nt-post-class","9":"","12":"excerpt-none","15":"first","16":"instock","17":"shipping-taxable","18":"purchasable","19":"product-type-simple"},"_links":{"self":[{"href":"https:\/\/boskienasiona.pl\/en\/wp-json\/wp\/v2\/product\/18835","targetHints":{"allow":["GET"]}}],"collection":[{"href":"https:\/\/boskienasiona.pl\/en\/wp-json\/wp\/v2\/product"}],"about":[{"href":"https:\/\/boskienasiona.pl\/en\/wp-json\/wp\/v2\/types\/product"}],"replies":[{"embeddable":true,"href":"https:\/\/boskienasiona.pl\/en\/wp-json\/wp\/v2\/comments?post=18835"}],"version-history":[{"count":0,"href":"https:\/\/boskienasiona.pl\/en\/wp-json\/wp\/v2\/product\/18835\/revisions"}],"wp:featuredmedia":[{"embeddable":true,"href":"https:\/\/boskienasiona.pl\/en\/wp-json\/wp\/v2\/media\/18821"}],"wp:attachment":[{"href":"https:\/\/boskienasiona.pl\/en\/wp-json\/wp\/v2\/media?parent=18835"}],"wp:term":[{"taxonomy":"product_cat","embeddable":true,"href":"https:\/\/boskienasiona.pl\/en\/wp-json\/wp\/v2\/product_cat?post=18835"},{"taxonomy":"product_tag","embeddable":true,"href":"https:\/\/boskienasiona.pl\/en\/wp-json\/wp\/v2\/product_tag?post=18835"},{"taxonomy":"location","embeddable":true,"href":"https:\/\/boskienasiona.pl\/en\/wp-json\/wp\/v2\/location?post=18835"}],"curies":[{"name":"wp","href":"https:\/\/api.w.org\/{rel}","templated":true}]}}