{"id":18844,"date":"2025-02-01T16:37:29","date_gmt":"2025-02-01T15:37:29","guid":{"rendered":"https:\/\/boskienasiona.pl\/product\/nasiona-warzyw-cukinia-mix-odmian-smaczna-toraf\/"},"modified":"2026-04-02T14:19:54","modified_gmt":"2026-04-02T12:19:54","slug":"nasiona-warzyw-cukinia-mix-odmian-smaczna-toraf","status":"publish","type":"product","link":"https:\/\/boskienasiona.pl\/en\/produkt\/nasiona-warzyw-cukinia-mix-odmian-smaczna-toraf\/","title":{"rendered":"Nasiona warzyw CUKINIA MIX odmian smaczna TORAF"},"content":{"rendered":"<section class=\"section\">\n<div class=\"item item-12\">\n<section class=\"text-item\">\n<h1>Nasiona warzyw CUKINIA MIX odmian smaczna TORAF<\/h1>\n<\/section><\/div>\n<\/section>\n<section class=\"section\">\n<div class=\"item item-6\">\n<section class=\"image-item\">\n            <img decoding=\"async\" src=\"https:\/\/upload.cdn.baselinker.com\/products\/3018170\/343af896b115774a0125edcae221628a.jpg\" \/><br \/>\n        <\/section>\n<\/p><\/div>\n<div class=\"item item-6\">\n<section class=\"text-item\">\n<p><b>Cukinia MIX ODMIAN<\/b><\/p>\n<p>Cucurbita pepo L.<\/p>\n<p>Wyj\u0105tkowa mieszanka kilku znanych i\u00a0lubianych odmian cukinii, r\u00f3\u017cni\u0105cych\u00a0si\u0119 kolorem sk\u00f3rki, kszta\u0142tem, smakiem i\u00a0okresem dojrzewania. R\u00f3\u017cne kolory sk\u00f3rki dodawane do\u00a0przyrz\u0105dzanych da\u0144 uatrakcyjni\u0105 je i\u00a0wprowadz\u0105 rado\u015b\u0107 i\u00a0s\u0142o\u0144ce do\u00a0serc biesiadnik\u00f3w. Wysiew nasion w\u00a0IV do\u00a0inspektu, lub\u00a0w\u00a0V-VI wprost do\u00a0gruntu. Wysadzanie rozstawy w\u00a0po\u0142owie V. Wymaga gleb \u017cyznych i\u00a0s\u0142onecznego stanowiska.<\/p>\n<ul>\n<li><b>Siew inspekt:<\/b> IV, grunt: V-VI, na\u00a0g\u0142. 2-3 cm<\/li>\n<li><b>Przesadzanie do\u00a0gruntu:<\/b> \u00bd V<\/li>\n<li><b>Rozstawa:<\/b> 100&#215;80 cm<\/li>\n<li><b>Zbi\u00f3r:<\/b> VII-X<\/li>\n<\/ul>\n<\/section><\/div>\n<\/section>\n<section class=\"section\">\n<div class=\"item item-6\">\n<section class=\"image-item\">\n            <img decoding=\"async\" src=\"https:\/\/upload.cdn.baselinker.com\/products\/3018170\/bdcc858a8f1ea292c2a0b99fb5e587cd.jpg\" \/><br \/>\n        <\/section>\n<\/p><\/div>\n<div class=\"item item-6\">\n<section class=\"text-item\">\n<p><b>SPRAWDZONA JAKO\u015a\u0106 NASION<\/b><\/p>\n<p>Oferowane przez nas nasiona s\u0105 testowane w <b>Laboratorium Oceny Nasion pod wzgl\u0119dem:<\/b><\/p>\n<p>\u2705<b>kie\u0142kowania<\/b><\/p>\n<p>\u2705<b>wilgotno\u015bci<\/b><\/p>\n<p>\u2705<b>czysto\u015bci ziarna<\/b><\/p>\n<p><b>Dzi\u0119ki czemu udost\u0119pniane nasiona s\u0105 \u015bci\u015ble wyselekcjonowane, tylko wysokiej klasy.<\/b><\/p>\n<p>Torebki zakupione na naszej aukcji s\u0105 w pe\u0142ni bezpieczne, posiadaj\u0105 <b>dat\u0119 wa\u017cno\u015bci i nr partii na opakowaniu.<\/b> Gwarantujemy r\u00f3wnie\u017c jako\u015b\u0107 i oryginalno\u015b\u0107 produkt\u00f3w, poniewa\u017c s\u0105 nabywane bezpo\u015brednio od producenta.<\/p>\n<\/section><\/div>\n<\/section>\n<section class=\"section\">\n<div class=\"item item-6\">\n<section class=\"image-item\">\n            <img decoding=\"async\" src=\"https:\/\/upload.cdn.baselinker.com\/products\/3018170\/680c121df734d104846db64656dd98fc.jpg\" \/><br \/>\n        <\/section>\n<\/p><\/div>\n<div class=\"item item-6\">\n<section class=\"image-item\">\n            <img decoding=\"async\" src=\"https:\/\/upload.cdn.baselinker.com\/products\/3018170\/976b8dfbce5d75c3c8a49193cca7a47e.jpg\" \/><br \/>\n        <\/section>\n<\/p><\/div>\n<\/section>\n","protected":false},"excerpt":{"rendered":"<p>Nasiona warzyw CUKINIA MIX odmian smaczna TORAF Cukinia MIX ODMIAN Cucurbita pepo L. Wyj\u0105tkowa mieszanka kilku znanych i\u00a0lubianych odmian cukinii, r\u00f3\u017cni\u0105cych\u00a0si\u0119 kolorem sk\u00f3rki, kszta\u0142tem, smakiem i\u00a0okresem dojrzewania. R\u00f3\u017cne kolory sk\u00f3rki dodawane do\u00a0przyrz\u0105dzanych da\u0144 uatrakcyjni\u0105 je i\u00a0wprowadz\u0105 rado\u015b\u0107 i\u00a0s\u0142o\u0144ce do\u00a0serc biesiadnik\u00f3w. Wysiew nasion w\u00a0IV do\u00a0inspektu, lub\u00a0w\u00a0V-VI wprost do\u00a0gruntu. Wysadzanie rozstawy w\u00a0po\u0142owie V. Wymaga gleb \u017cyznych i\u00a0s\u0142onecznego&#8230;<\/p>\n","protected":false},"featured_media":18836,"comment_status":"open","ping_status":"closed","template":"","meta":{"inline_featured_image":false},"product_cat":[126,162],"product_tag":[],"location":[],"class_list":{"0":"post-18844","1":"product","2":"type-product","3":"status-publish","4":"has-post-thumbnail","6":"product_cat-nasiona-warzyw","7":"product_cat-nasiona","8":"nt-post-class","9":"","12":"excerpt-none","15":"first","16":"instock","17":"shipping-taxable","18":"purchasable","19":"product-type-simple"},"_links":{"self":[{"href":"https:\/\/boskienasiona.pl\/en\/wp-json\/wp\/v2\/product\/18844","targetHints":{"allow":["GET"]}}],"collection":[{"href":"https:\/\/boskienasiona.pl\/en\/wp-json\/wp\/v2\/product"}],"about":[{"href":"https:\/\/boskienasiona.pl\/en\/wp-json\/wp\/v2\/types\/product"}],"replies":[{"embeddable":true,"href":"https:\/\/boskienasiona.pl\/en\/wp-json\/wp\/v2\/comments?post=18844"}],"version-history":[{"count":0,"href":"https:\/\/boskienasiona.pl\/en\/wp-json\/wp\/v2\/product\/18844\/revisions"}],"wp:featuredmedia":[{"embeddable":true,"href":"https:\/\/boskienasiona.pl\/en\/wp-json\/wp\/v2\/media\/18836"}],"wp:attachment":[{"href":"https:\/\/boskienasiona.pl\/en\/wp-json\/wp\/v2\/media?parent=18844"}],"wp:term":[{"taxonomy":"product_cat","embeddable":true,"href":"https:\/\/boskienasiona.pl\/en\/wp-json\/wp\/v2\/product_cat?post=18844"},{"taxonomy":"product_tag","embeddable":true,"href":"https:\/\/boskienasiona.pl\/en\/wp-json\/wp\/v2\/product_tag?post=18844"},{"taxonomy":"location","embeddable":true,"href":"https:\/\/boskienasiona.pl\/en\/wp-json\/wp\/v2\/location?post=18844"}],"curies":[{"name":"wp","href":"https:\/\/api.w.org\/{rel}","templated":true}]}}