{"id":18851,"date":"2025-02-01T16:37:42","date_gmt":"2025-02-01T15:37:42","guid":{"rendered":"https:\/\/boskienasiona.pl\/product\/nasiona-warzyw-cukinia-black-beauty-smaczna-toraf\/"},"modified":"2026-04-19T14:16:52","modified_gmt":"2026-04-19T12:16:52","slug":"nasiona-warzyw-cukinia-black-beauty-smaczna-toraf","status":"publish","type":"product","link":"https:\/\/boskienasiona.pl\/en\/produkt\/nasiona-warzyw-cukinia-black-beauty-smaczna-toraf\/","title":{"rendered":"Nasiona warzyw CUKINIA Black Beauty smaczna TORAF"},"content":{"rendered":"<section class=\"section\">\n<div class=\"item item-12\">\n<section class=\"text-item\">\n<h1>Nasiona warzyw CUKINIA Black Beauty smaczna TORAF<\/h1>\n<\/section><\/div>\n<\/section>\n<section class=\"section\">\n<div class=\"item item-6\">\n<section class=\"image-item\">\n            <img decoding=\"async\" src=\"https:\/\/upload.cdn.baselinker.com\/products\/3018170\/4f5bc1ad0aad1ed2614833f39368fb62.jpg\" \/><br \/>\n        <\/section>\n<\/p><\/div>\n<div class=\"item item-6\">\n<section class=\"text-item\">\n<h1>Cukinia Black Beauty<\/h1>\n<p>Cucurbita pepo var. giromontina<\/p>\n<p>Odmiana wczesna do\u00a0uprawy pod\u00a0os\u0142onami i\u00a0w\u00a0polu. Owoce cylindryczne, kszta\u0142tne wyr\u00f3wnane o\u00a0ciemnozielonej b\u0142yszcz\u0105cej sk\u00f3rce bez\u00a0c\u0119tkowania. Wysoki plon owoc\u00f3w o\u00a0poszukiwanych na\u00a0rynku cechach. Zbi\u00f3r mo\u017cna rozpocz\u0105\u0107, gdy cukinie maj\u0105 d\u0142ugo\u015b\u0107 oko\u0142o 15-20 cm. Polecana do\u00a0konserwowania, duszenia, sma\u017cenia, zapiekania. Wysiew w\u00a0IV do\u00a0inspektu lub\u00a0pod\u00a0os\u0142ony po\u00a015 maja wprost do\u00a0gruntu, po\u00a02-3 nasiona w\u00a0jedno miejsce, po\u00a0wschodach przerwa\u0107 pozostawiaj\u0105c jedn\u0105 ro\u015blin\u0119.<\/p>\n<ul>\n<li><b>Opakowanie :<\/b> 5 g<\/li>\n<li><b>Siew:<\/b> IV &#8211; po\u0142owy VI<\/li>\n<li><b>Zbi\u00f3r:<\/b> VII &#8211; VIII<\/li>\n<li><b>Rozstawa:<\/b> 100&#215;80 cm<\/li>\n<\/ul>\n<\/section><\/div>\n<\/section>\n<section class=\"section\">\n<div class=\"item item-6\">\n<section class=\"image-item\">\n            <img decoding=\"async\" src=\"https:\/\/upload.cdn.baselinker.com\/products\/3018170\/3fb4eda155d7e056e4fedb31c01933d1.jpg\" \/><br \/>\n        <\/section>\n<\/p><\/div>\n<div class=\"item item-6\">\n<section class=\"text-item\">\n<p><b>SPRAWDZONA JAKO\u015a\u0106 NASION<\/b><\/p>\n<p>Oferowane przez nas nasiona s\u0105 testowane w <b>Laboratorium Oceny Nasion pod wzgl\u0119dem:<\/b><\/p>\n<p>\u2705<b>kie\u0142kowania<\/b><\/p>\n<p>\u2705<b>wilgotno\u015bci<\/b><\/p>\n<p>\u2705<b>czysto\u015bci ziarna<\/b><\/p>\n<p><b>Dzi\u0119ki czemu udost\u0119pniane nasiona s\u0105 \u015bci\u015ble wyselekcjonowane, tylko wysokiej klasy.<\/b><\/p>\n<p>Torebki zakupione na naszej aukcji s\u0105 w pe\u0142ni bezpieczne, posiadaj\u0105 <b>dat\u0119 wa\u017cno\u015bci i nr partii na opakowaniu.<\/b> Gwarantujemy r\u00f3wnie\u017c jako\u015b\u0107 i oryginalno\u015b\u0107 produkt\u00f3w, poniewa\u017c s\u0105 nabywane bezpo\u015brednio od producenta.<\/p>\n<\/section><\/div>\n<\/section>\n<section class=\"section\">\n<div class=\"item item-12\">\n<section class=\"image-item\">\n            <img decoding=\"async\" src=\"https:\/\/upload.cdn.baselinker.com\/products\/3018170\/ec79309bca5d94a4d80aaac43a9cb716.jpg\" \/><br \/>\n        <\/section>\n<\/p><\/div>\n<\/section>\n","protected":false},"excerpt":{"rendered":"<p>Nasiona warzyw CUKINIA Black Beauty smaczna TORAF Cukinia Black Beauty Cucurbita pepo var. giromontina Odmiana wczesna do\u00a0uprawy pod\u00a0os\u0142onami i\u00a0w\u00a0polu. Owoce cylindryczne, kszta\u0142tne wyr\u00f3wnane o\u00a0ciemnozielonej b\u0142yszcz\u0105cej sk\u00f3rce bez\u00a0c\u0119tkowania. Wysoki plon owoc\u00f3w o\u00a0poszukiwanych na\u00a0rynku cechach. Zbi\u00f3r mo\u017cna rozpocz\u0105\u0107, gdy cukinie maj\u0105 d\u0142ugo\u015b\u0107 oko\u0142o 15-20 cm. Polecana do\u00a0konserwowania, duszenia, sma\u017cenia, zapiekania. Wysiew w\u00a0IV do\u00a0inspektu lub\u00a0pod\u00a0os\u0142ony po\u00a015 maja wprost&#8230;<\/p>\n","protected":false},"featured_media":18845,"comment_status":"open","ping_status":"closed","template":"","meta":{"inline_featured_image":false},"product_cat":[126,162],"product_tag":[],"location":[],"class_list":{"0":"post-18851","1":"product","2":"type-product","3":"status-publish","4":"has-post-thumbnail","6":"product_cat-nasiona-warzyw","7":"product_cat-nasiona","8":"nt-post-class","9":"","12":"excerpt-none","15":"first","16":"instock","17":"shipping-taxable","18":"purchasable","19":"product-type-simple"},"_links":{"self":[{"href":"https:\/\/boskienasiona.pl\/en\/wp-json\/wp\/v2\/product\/18851","targetHints":{"allow":["GET"]}}],"collection":[{"href":"https:\/\/boskienasiona.pl\/en\/wp-json\/wp\/v2\/product"}],"about":[{"href":"https:\/\/boskienasiona.pl\/en\/wp-json\/wp\/v2\/types\/product"}],"replies":[{"embeddable":true,"href":"https:\/\/boskienasiona.pl\/en\/wp-json\/wp\/v2\/comments?post=18851"}],"version-history":[{"count":0,"href":"https:\/\/boskienasiona.pl\/en\/wp-json\/wp\/v2\/product\/18851\/revisions"}],"wp:featuredmedia":[{"embeddable":true,"href":"https:\/\/boskienasiona.pl\/en\/wp-json\/wp\/v2\/media\/18845"}],"wp:attachment":[{"href":"https:\/\/boskienasiona.pl\/en\/wp-json\/wp\/v2\/media?parent=18851"}],"wp:term":[{"taxonomy":"product_cat","embeddable":true,"href":"https:\/\/boskienasiona.pl\/en\/wp-json\/wp\/v2\/product_cat?post=18851"},{"taxonomy":"product_tag","embeddable":true,"href":"https:\/\/boskienasiona.pl\/en\/wp-json\/wp\/v2\/product_tag?post=18851"},{"taxonomy":"location","embeddable":true,"href":"https:\/\/boskienasiona.pl\/en\/wp-json\/wp\/v2\/location?post=18851"}],"curies":[{"name":"wp","href":"https:\/\/api.w.org\/{rel}","templated":true}]}}