{"id":18872,"date":"2025-02-01T16:38:22","date_gmt":"2025-02-01T15:38:22","guid":{"rendered":"https:\/\/boskienasiona.pl\/product\/nasiona-warzyw-na-tasmie-bazylia-mieta-szczypiorek-pietruszka-lisciowa\/"},"modified":"2026-04-19T14:16:53","modified_gmt":"2026-04-19T12:16:53","slug":"nasiona-warzyw-na-tasmie-bazylia-mieta-szczypiorek-pietruszka-lisciowa","status":"publish","type":"product","link":"https:\/\/boskienasiona.pl\/en\/produkt\/nasiona-warzyw-na-tasmie-bazylia-mieta-szczypiorek-pietruszka-lisciowa\/","title":{"rendered":"Nasiona warzyw na ta\u015bmie Bazylia Mi\u0119ta Szczypiorek Pietruszka li\u015bciowa"},"content":{"rendered":"<section class=\"section\">\n<div class=\"item item-12\">\n<section class=\"text-item\">\n<h1>Nasiona warzyw na ta\u015bmie Bazylia Mi\u0119ta Szczypiorek Pietruszka li\u015bciowa<\/h1>\n<\/section><\/div>\n<\/section>\n<section class=\"section\">\n<div class=\"item item-6\">\n<section class=\"image-item\">\n            <img decoding=\"async\" src=\"https:\/\/upload.cdn.baselinker.com\/products\/3018170\/9d050788df66f9415629998df6073d70.png\" \/><br \/>\n        <\/section>\n<\/p><\/div>\n<div class=\"item item-6\">\n<section class=\"text-item\">\n<p><b>Bazylia, Mi\u0119ta, Szczypiorek, Pietruszka li\u015bciowa Gigante de Italia<\/b><\/p>\n<p>Opakowanie zawiera 4 kr\u0105\u017cki z\u00a0popularnymi i\u00a0cz\u0119sto u\u017cywanymi w\u00a0kuchni zio\u0142ami i\u00a0ro\u015blinami przyprawowymi takimi jak bazylia, mi\u0119ta, szczypiorek, pietruszka li\u015bciowa.<\/p>\n<p>Dzi\u0119ki zastosowaniu kr\u0105\u017ck\u00f3w szybko i\u00a0\u0142atwo uzyskasz upraw\u0119 gotow\u0105 do\u00a0\u015bcinania lub\u00a0uszczykiwania po\u00a0paru tygodniach. Wystarczy tylko\u00a0po\u0142o\u017cy\u0107 kr\u0105\u017cek w\u00a0doniczce i\u00a0przykry\u0107 cienk\u0105 warstw\u0105 pod\u0142o\u017ca i\u00a0lekko ubi\u0107, obficie podla\u0107 i\u00a0nie\u00a0dopuszcza\u0107 do\u00a0przesuszenia. Do\u00a0p\u00f3\u017aniejszego podlewania najlepiej u\u017cywa\u0107 spryskiwacza. G\u0142\u0119boko\u015b\u0107 u\u0142o\u017cenia kr\u0105\u017ck\u00f3w, bazylia i\u00a0mi\u0119ta 0,5 cm, szczypiorek i\u00a0pietruszka 1-2 cm.<\/p>\n<p>Nasiona zi\u00f3\u0142 na\u00a0kr\u0105\u017cku nadaj\u0105\u00a0si\u0119 doskonale do\u00a0ca\u0142orocznej uprawy doniczkowej na\u00a0parapecie okiennym.<\/p>\n<p>Opakowanie zawiera 4 kr\u0105\u017cki z\u00a0nasionami o\u00a0\u015brednicy 8 cm.<\/p>\n<ul>\n<li><b>Siew pod\u00a0os\u0142onami kr\u0105\u017cka:<\/b> I-XII<\/li>\n<li><b>G\u0142\u0119boko\u015b\u0107 u\u0142o\u017cenia kr\u0105\u017cka:<\/b> 0,5cm-2 cm<\/li>\n<li><b>Zbi\u00f3r:<\/b> 8-12 tygodni po\u00a0siewie<\/li>\n<\/ul>\n<\/section><\/div>\n<\/section>\n<section class=\"section\">\n<div class=\"item item-6\">\n<section class=\"image-item\">\n            <img decoding=\"async\" src=\"https:\/\/upload.cdn.baselinker.com\/products\/3018170\/1e13bafc57e70e58cd02e29f181c5b85.jpg\" \/><br \/>\n        <\/section>\n<\/p><\/div>\n<div class=\"item item-6\">\n<section class=\"text-item\">\n<p><b>Nasiona na ta\u015bmie<\/b><\/p>\n<p>S\u0105 to specjalne ta\u015bmy oraz kr\u0105\u017cki naszpikowane nasionami w odpowiednim rozstawie. Nie trzeba wi\u0119c by\u0107 ekspertem, \u017ceby odpowiednio dobra\u0107 odleg\u0142o\u015b\u0107 rozsiewu dla danej ro\u015bliny. Ro\u015bliny nie b\u0119d\u0105 przeszkadza\u0107 sobie nawzajem w rozro\u015bcie, dzi\u0119ki temu plony b\u0119d\u0105 maksymalnie obfite!<\/p>\n<\/section><\/div>\n<\/section>\n<section class=\"section\">\n<div class=\"item item-6\">\n<section class=\"image-item\">\n            <img decoding=\"async\" src=\"https:\/\/upload.cdn.baselinker.com\/products\/3018170\/66d966ff1a1114a3118984fccefe4831.jpg\" \/><br \/>\n        <\/section>\n<\/p><\/div>\n<div class=\"item item-6\">\n<section class=\"text-item\">\n<p><b>Wysiew nasion na ta\u015bmie w 4 prostych krokach<\/b><\/p>\n<p><b>1\ufe0f\u20e3 Rozrywamy ta\u015bm\u0119 w miejscu perforacji<\/b><\/p>\n<p><b>2\ufe0f\u20e3 Uk\u0142adamy we wcze\u015bniej przygotowanym rowku<\/b><\/p>\n<p><b>3\ufe0f\u20e3 Roz\u0142o\u017con\u0105 ta\u015bm\u0119 przysypujemy cienk\u0105 warstw\u0105 ziemi<\/b><\/p>\n<p><b>4\ufe0f\u20e3 Na koniec obficie podlewamy<\/b><\/p>\n<\/section><\/div>\n<\/section>\n<section class=\"section\">\n<div class=\"item item-6\">\n<section class=\"image-item\">\n            <img decoding=\"async\" src=\"https:\/\/upload.cdn.baselinker.com\/products\/3018170\/a8f5e3409aa46f966f6e1ae12482a5c6.png\" \/><br \/>\n        <\/section>\n<\/p><\/div>\n<div class=\"item item-6\">\n<section class=\"text-item\">\n<p><b>SPRAWDZONA JAKO\u015a\u0106 NASION<\/b><\/p>\n<p>Oferowane przez nas nasiona s\u0105 testowane w\u00a0<b>Laboratorium Oceny Nasion pod wzgl\u0119dem:<\/b><\/p>\n<p>\u2705<b>kie\u0142kowania<\/b><\/p>\n<p>\u2705<b>wilgotno\u015bci<\/b><\/p>\n<p>\u2705<b>czysto\u015bci ziarna<\/b><\/p>\n<p><b>Dzi\u0119ki czemu udost\u0119pniane nasiona s\u0105 \u015bci\u015ble wyselekcjonowane, tylko wysokiej klasy.<\/b><\/p>\n<p>Torebki zakupione na naszej aukcji s\u0105 w pe\u0142ni bezpieczne, posiadaj\u0105\u00a0<b>dat\u0119 wa\u017cno\u015bci i nr partii na opakowaniu.<\/b>\u00a0Gwarantujemy r\u00f3wnie\u017c jako\u015b\u0107 i oryginalno\u015b\u0107 produkt\u00f3w, poniewa\u017c s\u0105 nabywane bezpo\u015brednio od producenta.<\/p>\n<\/section><\/div>\n<\/section>\n<section class=\"section\">\n<div class=\"item item-6\">\n<section class=\"image-item\">\n            <img decoding=\"async\" src=\"https:\/\/upload.cdn.baselinker.com\/products\/3018170\/1e13bafc57e70e58cd02e29f181c5b85.jpg\" \/><br \/>\n        <\/section>\n<\/p><\/div>\n<div class=\"item item-6\">\n<section class=\"image-item\">\n            <img decoding=\"async\" src=\"https:\/\/upload.cdn.baselinker.com\/products\/3018170\/339a523ea5c9843b1ad545e8d6c6f9c2.jpg\" \/><br \/>\n        <\/section>\n<\/p><\/div>\n<\/section>\n<section class=\"section\">\n<div class=\"item item-6\">\n<section class=\"image-item\">\n            <img decoding=\"async\" src=\"https:\/\/upload.cdn.baselinker.com\/products\/3018170\/ea5813d729ee06430035be91320a0fdc.jpg\" \/><br \/>\n        <\/section>\n<\/p><\/div>\n<div class=\"item item-6\">\n<section class=\"image-item\">\n            <img decoding=\"async\" src=\"https:\/\/upload.cdn.baselinker.com\/products\/3018170\/1db82b67e2f79b02861b8de8e5abec08.jpg\" \/><br \/>\n        <\/section>\n<\/p><\/div>\n<\/section>\n<section class=\"section\">\n<div class=\"item item-6\">\n<section class=\"image-item\">\n            <img decoding=\"async\" src=\"https:\/\/upload.cdn.baselinker.com\/products\/3018170\/339a523ea5c9843b1ad545e8d6c6f9c2.jpg\" \/><br \/>\n        <\/section>\n<\/p><\/div>\n<div class=\"item item-6\">\n<section class=\"image-item\">\n            <img decoding=\"async\" src=\"https:\/\/upload.cdn.baselinker.com\/products\/3018170\/850e5eb2e53f49b56050f9c76cf75a59.jpg\" \/><br \/>\n        <\/section>\n<\/p><\/div>\n<\/section>\n","protected":false},"excerpt":{"rendered":"<p>Nasiona warzyw na ta\u015bmie Bazylia Mi\u0119ta Szczypiorek Pietruszka li\u015bciowa Bazylia, Mi\u0119ta, Szczypiorek, Pietruszka li\u015bciowa Gigante de Italia Opakowanie zawiera 4 kr\u0105\u017cki z\u00a0popularnymi i\u00a0cz\u0119sto u\u017cywanymi w\u00a0kuchni zio\u0142ami i\u00a0ro\u015blinami przyprawowymi takimi jak bazylia, mi\u0119ta, szczypiorek, pietruszka li\u015bciowa. Dzi\u0119ki zastosowaniu kr\u0105\u017ck\u00f3w szybko i\u00a0\u0142atwo uzyskasz upraw\u0119 gotow\u0105 do\u00a0\u015bcinania lub\u00a0uszczykiwania po\u00a0paru tygodniach. Wystarczy tylko\u00a0po\u0142o\u017cy\u0107 kr\u0105\u017cek w\u00a0doniczce i\u00a0przykry\u0107 cienk\u0105 warstw\u0105 pod\u0142o\u017ca&#8230;<\/p>\n","protected":false},"featured_media":18852,"comment_status":"open","ping_status":"closed","template":"","meta":{"inline_featured_image":false},"product_cat":[126,162,192,184],"product_tag":[],"location":[],"class_list":{"0":"post-18872","1":"product","2":"type-product","3":"status-publish","4":"has-post-thumbnail","6":"product_cat-nasiona-warzyw","7":"product_cat-nasiona","8":"product_cat-nasiona-bazylii","9":"product_cat-nasiona-warzyw-na-tasmie","10":"nt-post-class","11":"","14":"excerpt-none","17":"first","18":"instock","19":"shipping-taxable","20":"purchasable","21":"product-type-simple"},"_links":{"self":[{"href":"https:\/\/boskienasiona.pl\/en\/wp-json\/wp\/v2\/product\/18872","targetHints":{"allow":["GET"]}}],"collection":[{"href":"https:\/\/boskienasiona.pl\/en\/wp-json\/wp\/v2\/product"}],"about":[{"href":"https:\/\/boskienasiona.pl\/en\/wp-json\/wp\/v2\/types\/product"}],"replies":[{"embeddable":true,"href":"https:\/\/boskienasiona.pl\/en\/wp-json\/wp\/v2\/comments?post=18872"}],"version-history":[{"count":1,"href":"https:\/\/boskienasiona.pl\/en\/wp-json\/wp\/v2\/product\/18872\/revisions"}],"predecessor-version":[{"id":22584,"href":"https:\/\/boskienasiona.pl\/en\/wp-json\/wp\/v2\/product\/18872\/revisions\/22584"}],"wp:featuredmedia":[{"embeddable":true,"href":"https:\/\/boskienasiona.pl\/en\/wp-json\/wp\/v2\/media\/18852"}],"wp:attachment":[{"href":"https:\/\/boskienasiona.pl\/en\/wp-json\/wp\/v2\/media?parent=18872"}],"wp:term":[{"taxonomy":"product_cat","embeddable":true,"href":"https:\/\/boskienasiona.pl\/en\/wp-json\/wp\/v2\/product_cat?post=18872"},{"taxonomy":"product_tag","embeddable":true,"href":"https:\/\/boskienasiona.pl\/en\/wp-json\/wp\/v2\/product_tag?post=18872"},{"taxonomy":"location","embeddable":true,"href":"https:\/\/boskienasiona.pl\/en\/wp-json\/wp\/v2\/location?post=18872"}],"curies":[{"name":"wp","href":"https:\/\/api.w.org\/{rel}","templated":true}]}}