{"id":18895,"date":"2025-02-01T16:39:26","date_gmt":"2025-02-01T15:39:26","guid":{"rendered":"https:\/\/boskienasiona.pl\/product\/nasiona-warzyw-na-tasmie-szpinak-matador-zimujacy-w-gruncie\/"},"modified":"2026-04-19T14:16:54","modified_gmt":"2026-04-19T12:16:54","slug":"nasiona-warzyw-na-tasmie-szpinak-matador-zimujacy-w-gruncie","status":"publish","type":"product","link":"https:\/\/boskienasiona.pl\/en\/produkt\/nasiona-warzyw-na-tasmie-szpinak-matador-zimujacy-w-gruncie\/","title":{"rendered":"Nasiona warzyw na ta\u015bmie Szpinak Matador Zimuj\u0105cy w gruncie"},"content":{"rendered":"<section class=\"section\">\n<div class=\"item item-12\">\n<section class=\"text-item\">\n<h1>Nasiona warzyw na ta\u015bmie Szpinak Matador Zimuj\u0105cy w gruncie<\/h1>\n<\/section><\/div>\n<\/section>\n<section class=\"section\">\n<div class=\"item item-6\">\n<section class=\"image-item\">\n            <img decoding=\"async\" src=\"https:\/\/upload.cdn.baselinker.com\/products\/3018170\/db9fa70782d1788db80972b8f8b05585.png\" \/><br \/>\n        <\/section>\n<\/p><\/div>\n<div class=\"item item-6\">\n<section class=\"text-item\">\n<p><b>Szpinak\u00a0Matador<\/b><\/p>\n<p>pinacia oleracea l.<\/p>\n<p>Szpinak\u00a0<b>MATADOR<\/b>\u00a0Odmiana \u015brednio p\u00f3\u017ana o\u00a0du\u017cych, ciemnozielonych, owalnych lub\u00a0wyd\u0142u\u017conych, lekko karbowanych li\u015bciach stosowana do\u00a0uprawy wiosennej, jesiennej i\u00a0ozimej. Ma\u0142o podatna na\u00a0wybijania w\u00a0p\u0119dy nasienne, daje bardzo dobry surowiec do\u00a0mro\u017cenia. Doskona\u0142y dodatek do\u00a0potraw na\u00a0ciep\u0142o, zapiekanek, sa\u0142atek. Odmiana dobrze zimuj\u0105ca w\u00a0gruncie. Siew IV-V na\u00a0zbi\u00f3r jesienny i\u00a0od\u00a0po\u0142. VIII do\u00a0po\u0142. IX na\u00a0zbi\u00f3r wiosenny.<\/p>\n<p>Ta\u015bma nasienna u\u0142atwia wysiew, dzi\u0119ki odpowiedniemu rozmieszczeniu nasion na\u00a0ta\u015bmie eliminuj\u0105c potrzeb\u0119 stosowania przerywki i\u00a0pozwala na\u00a0uzyskanie dobrych plon\u00f3w.<\/p>\n<p><b>Opakowanie zawiera 6\u00a0m ta\u015bmy nasiennej<\/b><\/p>\n<\/section><\/div>\n<\/section>\n<section class=\"section\">\n<div class=\"item item-6\">\n<section class=\"image-item\">\n            <img decoding=\"async\" src=\"https:\/\/upload.cdn.baselinker.com\/products\/3018170\/2238fc060682efa1ef0d8e9752dd911e.jpg\" \/><br \/>\n        <\/section>\n<\/p><\/div>\n<div class=\"item item-6\">\n<section class=\"text-item\">\n<p><b>Nasiona na ta\u015bmie<\/b><\/p>\n<p>S\u0105 to specjalne ta\u015bmy oraz kr\u0105\u017cki naszpikowane nasionami w odpowiednim rozstawie. Nie trzeba wi\u0119c by\u0107 ekspertem, \u017ceby odpowiednio dobra\u0107 odleg\u0142o\u015b\u0107 rozsiewu dla danej ro\u015bliny. Ro\u015bliny nie b\u0119d\u0105 przeszkadza\u0107 sobie nawzajem w rozro\u015bcie, dzi\u0119ki temu plony b\u0119d\u0105 maksymalnie obfite!<\/p>\n<\/section><\/div>\n<\/section>\n<section class=\"section\">\n<div class=\"item item-6\">\n<section class=\"image-item\">\n            <img decoding=\"async\" src=\"https:\/\/upload.cdn.baselinker.com\/products\/3018170\/3fd1b54e304bccda83dbfa9c71ee2c22.jpg\" \/><br \/>\n        <\/section>\n<\/p><\/div>\n<div class=\"item item-6\">\n<section class=\"text-item\">\n<p><b>Wysiew nasion na ta\u015bmie w 4 prostych krokach<\/b><\/p>\n<p><b>1\ufe0f\u20e3 Rozrywamy ta\u015bm\u0119 w miejscu perforacji<\/b><\/p>\n<p><b>2\ufe0f\u20e3 Uk\u0142adamy we wcze\u015bniej przygotowanym rowku<\/b><\/p>\n<p><b>3\ufe0f\u20e3 Roz\u0142o\u017con\u0105 ta\u015bm\u0119 przysypujemy cienk\u0105 warstw\u0105 ziemi<\/b><\/p>\n<p><b>4\ufe0f\u20e3 Na koniec obficie podlewamy<\/b><\/p>\n<\/section><\/div>\n<\/section>\n<section class=\"section\">\n<div class=\"item item-6\">\n<section class=\"image-item\">\n            <img decoding=\"async\" src=\"https:\/\/upload.cdn.baselinker.com\/products\/3018170\/73927ff680185b0b0f3c4a1e040be9d6.png\" \/><br \/>\n        <\/section>\n<\/p><\/div>\n<div class=\"item item-6\">\n<section class=\"text-item\">\n<p><b>SPRAWDZONA JAKO\u015a\u0106 NASION<\/b><\/p>\n<p>Oferowane przez nas nasiona s\u0105 testowane w\u00a0<b>Laboratorium Oceny Nasion pod wzgl\u0119dem:<\/b><\/p>\n<p>\u2705<b>kie\u0142kowania<\/b><\/p>\n<p>\u2705<b>wilgotno\u015bci<\/b><\/p>\n<p>\u2705<b>czysto\u015bci ziarna<\/b><\/p>\n<p><b>Dzi\u0119ki czemu udost\u0119pniane nasiona s\u0105 \u015bci\u015ble wyselekcjonowane, tylko wysokiej klasy.<\/b><\/p>\n<p>Torebki zakupione na naszej aukcji s\u0105 w pe\u0142ni bezpieczne, posiadaj\u0105\u00a0<b>dat\u0119 wa\u017cno\u015bci i nr partii na opakowaniu.<\/b>\u00a0Gwarantujemy r\u00f3wnie\u017c jako\u015b\u0107 i oryginalno\u015b\u0107 produkt\u00f3w, poniewa\u017c s\u0105 nabywane bezpo\u015brednio od producenta.<\/p>\n<\/section><\/div>\n<\/section>\n<section class=\"section\">\n<div class=\"item item-6\">\n<section class=\"image-item\">\n            <img decoding=\"async\" src=\"https:\/\/upload.cdn.baselinker.com\/products\/3018170\/5c53878fe97f85ac6ced5d67bbeab548.jpg\" \/><br \/>\n        <\/section>\n<\/p><\/div>\n<div class=\"item item-6\">\n<section class=\"image-item\">\n            <img decoding=\"async\" src=\"https:\/\/upload.cdn.baselinker.com\/products\/3018170\/563dca6012814f42f961d1cadc39f2b2.jpg\" \/><br \/>\n        <\/section>\n<\/p><\/div>\n<\/section>\n<section class=\"section\">\n<div class=\"item item-6\">\n<section class=\"image-item\">\n            <img decoding=\"async\" src=\"https:\/\/upload.cdn.baselinker.com\/products\/3018170\/2238fc060682efa1ef0d8e9752dd911e.jpg\" \/><br \/>\n        <\/section>\n<\/p><\/div>\n<div class=\"item item-6\">\n<section class=\"image-item\">\n            <img decoding=\"async\" src=\"https:\/\/upload.cdn.baselinker.com\/products\/3018170\/81fcb9d2a1df89b7be15278ea90f8a7f.png\" \/><br \/>\n        <\/section>\n<\/p><\/div>\n<\/section>\n","protected":false},"excerpt":{"rendered":"<p>Nasiona warzyw na ta\u015bmie Szpinak Matador Zimuj\u0105cy w gruncie Szpinak\u00a0Matador pinacia oleracea l. Szpinak\u00a0MATADOR\u00a0Odmiana \u015brednio p\u00f3\u017ana o\u00a0du\u017cych, ciemnozielonych, owalnych lub\u00a0wyd\u0142u\u017conych, lekko karbowanych li\u015bciach stosowana do\u00a0uprawy wiosennej, jesiennej i\u00a0ozimej. Ma\u0142o podatna na\u00a0wybijania w\u00a0p\u0119dy nasienne, daje bardzo dobry surowiec do\u00a0mro\u017cenia. Doskona\u0142y dodatek do\u00a0potraw na\u00a0ciep\u0142o, zapiekanek, sa\u0142atek. Odmiana dobrze zimuj\u0105ca w\u00a0gruncie. Siew IV-V na\u00a0zbi\u00f3r jesienny i\u00a0od\u00a0po\u0142. VIII do\u00a0po\u0142&#8230;.<\/p>\n","protected":false},"featured_media":18873,"comment_status":"open","ping_status":"closed","template":"","meta":{"inline_featured_image":false},"product_cat":[126,162,184],"product_tag":[],"location":[],"class_list":{"0":"post-18895","1":"product","2":"type-product","3":"status-publish","4":"has-post-thumbnail","6":"product_cat-nasiona-warzyw","7":"product_cat-nasiona","8":"product_cat-nasiona-warzyw-na-tasmie","9":"nt-post-class","10":"","13":"excerpt-none","16":"first","17":"instock","18":"shipping-taxable","19":"purchasable","20":"product-type-simple"},"_links":{"self":[{"href":"https:\/\/boskienasiona.pl\/en\/wp-json\/wp\/v2\/product\/18895","targetHints":{"allow":["GET"]}}],"collection":[{"href":"https:\/\/boskienasiona.pl\/en\/wp-json\/wp\/v2\/product"}],"about":[{"href":"https:\/\/boskienasiona.pl\/en\/wp-json\/wp\/v2\/types\/product"}],"replies":[{"embeddable":true,"href":"https:\/\/boskienasiona.pl\/en\/wp-json\/wp\/v2\/comments?post=18895"}],"version-history":[{"count":1,"href":"https:\/\/boskienasiona.pl\/en\/wp-json\/wp\/v2\/product\/18895\/revisions"}],"predecessor-version":[{"id":22583,"href":"https:\/\/boskienasiona.pl\/en\/wp-json\/wp\/v2\/product\/18895\/revisions\/22583"}],"wp:featuredmedia":[{"embeddable":true,"href":"https:\/\/boskienasiona.pl\/en\/wp-json\/wp\/v2\/media\/18873"}],"wp:attachment":[{"href":"https:\/\/boskienasiona.pl\/en\/wp-json\/wp\/v2\/media?parent=18895"}],"wp:term":[{"taxonomy":"product_cat","embeddable":true,"href":"https:\/\/boskienasiona.pl\/en\/wp-json\/wp\/v2\/product_cat?post=18895"},{"taxonomy":"product_tag","embeddable":true,"href":"https:\/\/boskienasiona.pl\/en\/wp-json\/wp\/v2\/product_tag?post=18895"},{"taxonomy":"location","embeddable":true,"href":"https:\/\/boskienasiona.pl\/en\/wp-json\/wp\/v2\/location?post=18895"}],"curies":[{"name":"wp","href":"https:\/\/api.w.org\/{rel}","templated":true}]}}