{"id":18922,"date":"2025-02-01T16:40:29","date_gmt":"2025-02-01T15:40:29","guid":{"rendered":"https:\/\/boskienasiona.pl\/product\/nasiona-warzyw-na-tasmie-rzodkiewka-mix-odmian-6m-do-calorocznej-uprawy\/"},"modified":"2026-04-19T14:16:55","modified_gmt":"2026-04-19T12:16:55","slug":"nasiona-warzyw-na-tasmie-rzodkiewka-mix-odmian-6m-do-calorocznej-uprawy","status":"publish","type":"product","link":"https:\/\/boskienasiona.pl\/en\/produkt\/nasiona-warzyw-na-tasmie-rzodkiewka-mix-odmian-6m-do-calorocznej-uprawy\/","title":{"rendered":"Nasiona warzyw na ta\u015bmie Rzodkiewka MIX odmian 6m do ca\u0142orocznej uprawy"},"content":{"rendered":"<section class=\"section\">\n<div class=\"item item-12\">\n<section class=\"text-item\">\n<h1>Nasiona warzyw na ta\u015bmie Rzodkiewka MIX odmian 6m do ca\u0142orocznej uprawy<\/h1>\n<\/section><\/div>\n<\/section>\n<section class=\"section\">\n<div class=\"item item-6\">\n<section class=\"image-item\">\n            <img decoding=\"async\" src=\"https:\/\/upload.cdn.baselinker.com\/products\/3018170\/e373b9326d3813c88ffbf3756c2123d2.png\" \/><br \/>\n        <\/section>\n<\/p><\/div>\n<div class=\"item item-6\">\n<section class=\"text-item\">\n<p><b>Rzodkiewka\u00a0mieszanka odmian<\/b><\/p>\n<p>Raphanus sativus L.<\/p>\n<p>Mieszanka odmian o\u00a0pod\u0142u\u017cnym lub\u00a0okr\u0105g\u0142ym zgrubieniu w\u00a0zr\u00f3\u017cnicowanym fantazyjnym zestawieniu kolor\u00f3w czerwonego, bia\u0142ego, r\u00f3\u017cowego, \u017c\u00f3\u0142tego i\u00a0fioletowego. Przeznaczone do\u00a0ca\u0142orocznej uprawy gruntowej. Odmiany zosta\u0142y dobrane w\u00a0taki\u00a0spos\u00f3b aby zbi\u00f3r trwa\u0142 jak najd\u0142u\u017cej. Siew od\u00a0po\u0142. III do\u00a0V na\u00a0zbi\u00f3r wiosenny i\u00a0od\u00a0VIII do\u00a0po\u0142. IX na\u00a0zbi\u00f3r jesienny.<\/p>\n<p>Ta\u015bma nasienna u\u0142atwia wysiew, dzi\u0119ki odpowiedniemu rozmieszczeniu nasion na\u00a0ta\u015bmie eliminuj\u0105c potrzeb\u0119 stosowania przerywki i\u00a0pozwala na\u00a0uzyskanie dobrych plon\u00f3w.<\/p>\n<p><b>Opakowanie zawiera 6\u00a0m ta\u015bmy nasiennej.<\/b><\/p>\n<\/section><\/div>\n<\/section>\n<section class=\"section\">\n<div class=\"item item-6\">\n<section class=\"image-item\">\n            <img decoding=\"async\" src=\"https:\/\/upload.cdn.baselinker.com\/products\/3018170\/901bfbf74b606d32ba0a210c80bbaeea.png\" \/><br \/>\n        <\/section>\n<\/p><\/div>\n<div class=\"item item-6\">\n<section class=\"text-item\">\n<p><b>Nasiona na ta\u015bmie<\/b><\/p>\n<p>S\u0105 to specjalne ta\u015bmy oraz kr\u0105\u017cki naszpikowane nasionami w odpowiednim rozstawie. Nie trzeba wi\u0119c by\u0107 ekspertem, \u017ceby odpowiednio dobra\u0107 odleg\u0142o\u015b\u0107 rozsiewu dla danej ro\u015bliny. Ro\u015bliny nie b\u0119d\u0105 przeszkadza\u0107 sobie nawzajem w rozro\u015bcie, dzi\u0119ki temu plony b\u0119d\u0105 maksymalnie obfite!<\/p>\n<\/section><\/div>\n<\/section>\n<section class=\"section\">\n<div class=\"item item-6\">\n<section class=\"image-item\">\n            <img decoding=\"async\" src=\"https:\/\/upload.cdn.baselinker.com\/products\/3018170\/781a943e81274ecdc3f0441598e91a5a.jpg\" \/><br \/>\n        <\/section>\n<\/p><\/div>\n<div class=\"item item-6\">\n<section class=\"text-item\">\n<p><b>Wysiew nasion na ta\u015bmie w 4 prostych krokach<\/b><\/p>\n<p><b>1\ufe0f\u20e3 Rozrywamy ta\u015bm\u0119 w miejscu perforacji<\/b><\/p>\n<p><b>2\ufe0f\u20e3 Uk\u0142adamy we wcze\u015bniej przygotowanym rowku<\/b><\/p>\n<p><b>3\ufe0f\u20e3 Roz\u0142o\u017con\u0105 ta\u015bm\u0119 przysypujemy cienk\u0105 warstw\u0105 ziemi<\/b><\/p>\n<p><b>4\ufe0f\u20e3 Na koniec obficie podlewamy<\/b><\/p>\n<\/section><\/div>\n<\/section>\n<section class=\"section\">\n<div class=\"item item-6\">\n<section class=\"image-item\">\n            <img decoding=\"async\" src=\"https:\/\/upload.cdn.baselinker.com\/products\/3018170\/e3b14c7c3692973d5c4ed5365f25c869.png\" \/><br \/>\n        <\/section>\n<\/p><\/div>\n<div class=\"item item-6\">\n<section class=\"text-item\">\n<p><b>SPRAWDZONA JAKO\u015a\u0106 NASION<\/b><\/p>\n<p>Oferowane przez nas nasiona s\u0105 testowane w\u00a0<b>Laboratorium Oceny Nasion pod wzgl\u0119dem:<\/b><\/p>\n<p>\u2705<b>kie\u0142kowania<\/b><\/p>\n<p>\u2705<b>wilgotno\u015bci<\/b><\/p>\n<p>\u2705<b>czysto\u015bci ziarna<\/b><\/p>\n<p><b>Dzi\u0119ki czemu udost\u0119pniane nasiona s\u0105 \u015bci\u015ble wyselekcjonowane, tylko wysokiej klasy.<\/b><\/p>\n<p>Torebki zakupione na naszej aukcji s\u0105 w pe\u0142ni bezpieczne, posiadaj\u0105\u00a0<b>dat\u0119 wa\u017cno\u015bci i nr partii na opakowaniu.<\/b>\u00a0Gwarantujemy r\u00f3wnie\u017c jako\u015b\u0107 i oryginalno\u015b\u0107 produkt\u00f3w, poniewa\u017c s\u0105 nabywane bezpo\u015brednio od producenta.<\/p>\n<\/section><\/div>\n<\/section>\n<section class=\"section\">\n<div class=\"item item-6\">\n<section class=\"image-item\">\n            <img decoding=\"async\" src=\"https:\/\/upload.cdn.baselinker.com\/products\/3018170\/9a78921d543cd4b464b05e5b89cd53a3.jpg\" \/><br \/>\n        <\/section>\n<\/p><\/div>\n<div class=\"item item-6\">\n<section class=\"image-item\">\n            <img decoding=\"async\" src=\"https:\/\/upload.cdn.baselinker.com\/products\/3018170\/f1d5caf30fdee7f47a9af91c268d4cab.jpg\" \/><br \/>\n        <\/section>\n<\/p><\/div>\n<\/section>\n<section class=\"section\">\n<div class=\"item item-12\">\n<section class=\"image-item\">\n            <img decoding=\"async\" src=\"https:\/\/upload.cdn.baselinker.com\/products\/3018170\/901bfbf74b606d32ba0a210c80bbaeea.png\" \/><br \/>\n        <\/section>\n<\/p><\/div>\n<\/section>\n","protected":false},"excerpt":{"rendered":"<p>Nasiona warzyw na ta\u015bmie Rzodkiewka MIX odmian 6m do ca\u0142orocznej uprawy Rzodkiewka\u00a0mieszanka odmian Raphanus sativus L. Mieszanka odmian o\u00a0pod\u0142u\u017cnym lub\u00a0okr\u0105g\u0142ym zgrubieniu w\u00a0zr\u00f3\u017cnicowanym fantazyjnym zestawieniu kolor\u00f3w czerwonego, bia\u0142ego, r\u00f3\u017cowego, \u017c\u00f3\u0142tego i\u00a0fioletowego. Przeznaczone do\u00a0ca\u0142orocznej uprawy gruntowej. Odmiany zosta\u0142y dobrane w\u00a0taki\u00a0spos\u00f3b aby zbi\u00f3r trwa\u0142 jak najd\u0142u\u017cej. Siew od\u00a0po\u0142. III do\u00a0V na\u00a0zbi\u00f3r wiosenny i\u00a0od\u00a0VIII do\u00a0po\u0142. IX na\u00a0zbi\u00f3r jesienny. Ta\u015bma&#8230;<\/p>\n","protected":false},"featured_media":18896,"comment_status":"open","ping_status":"closed","template":"","meta":{"inline_featured_image":false},"product_cat":[126,162,184],"product_tag":[],"location":[],"class_list":{"0":"post-18922","1":"product","2":"type-product","3":"status-publish","4":"has-post-thumbnail","6":"product_cat-nasiona-warzyw","7":"product_cat-nasiona","8":"product_cat-nasiona-warzyw-na-tasmie","9":"nt-post-class","10":"","13":"excerpt-none","16":"first","17":"instock","18":"shipping-taxable","19":"purchasable","20":"product-type-simple"},"_links":{"self":[{"href":"https:\/\/boskienasiona.pl\/en\/wp-json\/wp\/v2\/product\/18922","targetHints":{"allow":["GET"]}}],"collection":[{"href":"https:\/\/boskienasiona.pl\/en\/wp-json\/wp\/v2\/product"}],"about":[{"href":"https:\/\/boskienasiona.pl\/en\/wp-json\/wp\/v2\/types\/product"}],"replies":[{"embeddable":true,"href":"https:\/\/boskienasiona.pl\/en\/wp-json\/wp\/v2\/comments?post=18922"}],"version-history":[{"count":1,"href":"https:\/\/boskienasiona.pl\/en\/wp-json\/wp\/v2\/product\/18922\/revisions"}],"predecessor-version":[{"id":22582,"href":"https:\/\/boskienasiona.pl\/en\/wp-json\/wp\/v2\/product\/18922\/revisions\/22582"}],"wp:featuredmedia":[{"embeddable":true,"href":"https:\/\/boskienasiona.pl\/en\/wp-json\/wp\/v2\/media\/18896"}],"wp:attachment":[{"href":"https:\/\/boskienasiona.pl\/en\/wp-json\/wp\/v2\/media?parent=18922"}],"wp:term":[{"taxonomy":"product_cat","embeddable":true,"href":"https:\/\/boskienasiona.pl\/en\/wp-json\/wp\/v2\/product_cat?post=18922"},{"taxonomy":"product_tag","embeddable":true,"href":"https:\/\/boskienasiona.pl\/en\/wp-json\/wp\/v2\/product_tag?post=18922"},{"taxonomy":"location","embeddable":true,"href":"https:\/\/boskienasiona.pl\/en\/wp-json\/wp\/v2\/location?post=18922"}],"curies":[{"name":"wp","href":"https:\/\/api.w.org\/{rel}","templated":true}]}}