{"id":18956,"date":"2025-02-01T16:41:52","date_gmt":"2025-02-01T15:41:52","guid":{"rendered":"https:\/\/boskienasiona.pl\/product\/nasiona-warzyw-szpinak-olbrzym-zimujacy-plenny-dobrze-zimujacy\/"},"modified":"2026-04-19T14:16:57","modified_gmt":"2026-04-19T12:16:57","slug":"nasiona-warzyw-szpinak-olbrzym-zimujacy-plenny-dobrze-zimujacy","status":"publish","type":"product","link":"https:\/\/boskienasiona.pl\/en\/produkt\/nasiona-warzyw-szpinak-olbrzym-zimujacy-plenny-dobrze-zimujacy\/","title":{"rendered":"Nasiona warzyw Szpinak Olbrzym Zimuj\u0105cy Plenny dobrze zimuj\u0105cy"},"content":{"rendered":"<section class=\"section\">\n<div class=\"item item-12\">\n<section class=\"text-item\">\n<h1>Nasiona warzyw Szpinak Olbrzym Zimuj\u0105cy Plenny dobrze zimuj\u0105cy<\/h1>\n<\/section><\/div>\n<\/section>\n<section class=\"section\">\n<div class=\"item item-6\">\n<section class=\"image-item\">\n            <img decoding=\"async\" src=\"https:\/\/upload.cdn.baselinker.com\/products\/3018170\/08667e23258b86733da6fa7160438af5.png\" \/><br \/>\n        <\/section>\n<\/p><\/div>\n<div class=\"item item-6\">\n<section class=\"text-item\">\n<p><b>Szpinak olbrzym zimowy<\/b><\/p>\n<p>Odmiana krajowa przeznaczona do\u00a0uprawy na\u00a0zbi\u00f3r wiosenny i\u00a0jesienny. Bardzo dobrze przezimowuje i\u00a0wiosn\u0105 szybko ro\u015bnie. Wyr\u00f3\u017cnia\u00a0si\u0119 du\u017c\u0105 zawarto\u015bci\u0105 witaminy C i\u00a0suchej masy. Ro\u015blina o\u00a0silnym wzro\u015bcie tworzy du\u017ce prawie g\u0142adkie jasnozielone li\u015bcie. Wysiew nasion na\u00a0prze\u0142omie VIII-IX na\u00a0zbi\u00f3r wiosenny lub\u00a0wczesn\u0105 wiosn\u0105 od\u00a0IV-V na\u00a0zbi\u00f3r jesienny.<\/p>\n<p>Wiosenny siew<\/p>\n<ul>\n<li><b>Siew:<\/b> V<\/li>\n<li><b>Zbi\u00f3r:<\/b> X \u2013 XI<\/li>\n<\/ul>\n<p>Jesienny siew<\/p>\n<ul>\n<li><b>Siew:<\/b> VIII \u2013 IX<\/li>\n<li><b>Zbi\u00f3r:<\/b> \u00bd IV \u2013 VI<\/li>\n<li><b>Rozstawa:<\/b> 10-15 x 20-30 cm<\/li>\n<\/ul>\n<\/section><\/div>\n<\/section>\n<section class=\"section\">\n<div class=\"item item-6\">\n<section class=\"image-item\">\n            <img decoding=\"async\" src=\"https:\/\/upload.cdn.baselinker.com\/products\/3018170\/77067c393b6795e7d26b861999ddc2a8.png\" \/><br \/>\n        <\/section>\n<\/p><\/div>\n<div class=\"item item-6\">\n<section class=\"text-item\">\n<p><b>SPRAWDZONA JAKO\u015a\u0106 NASION<\/b><\/p>\n<p>Oferowane przez nas nasiona s\u0105 testowane w\u00a0<b>Laboratorium Oceny Nasion pod wzgl\u0119dem:<\/b><\/p>\n<p>\u2705<b>kie\u0142kowania<\/b><\/p>\n<p>\u2705<b>wilgotno\u015bci<\/b><\/p>\n<p>\u2705<b>czysto\u015bci ziarna<\/b><\/p>\n<p><b>Dzi\u0119ki czemu udost\u0119pniane nasiona s\u0105 \u015bci\u015ble wyselekcjonowane, tylko wysokiej klasy.<\/b><\/p>\n<p>Torebki zakupione na naszej aukcji s\u0105 w pe\u0142ni bezpieczne, posiadaj\u0105\u00a0<b>dat\u0119 wa\u017cno\u015bci i nr partii na opakowaniu.<\/b>\u00a0Gwarantujemy r\u00f3wnie\u017c jako\u015b\u0107 i oryginalno\u015b\u0107 produkt\u00f3w, poniewa\u017c s\u0105 nabywane bezpo\u015brednio od producenta.<\/p>\n<\/section><\/div>\n<\/section>\n<section class=\"section\">\n<div class=\"item item-6\">\n<section class=\"image-item\">\n            <img decoding=\"async\" src=\"https:\/\/upload.cdn.baselinker.com\/products\/3018170\/064214c50122141243f48a84557040e9.png\" \/><br \/>\n        <\/section>\n<\/p><\/div>\n<div class=\"item item-6\">\n<section class=\"image-item\">\n            <img decoding=\"async\" src=\"https:\/\/upload.cdn.baselinker.com\/products\/3018170\/badaddb40e6024e26b122113f50133b2.jpg\" \/><br \/>\n        <\/section>\n<\/p><\/div>\n<\/section>\n<section class=\"section\">\n<div class=\"item item-12\">\n<section class=\"image-item\">\n            <img decoding=\"async\" src=\"https:\/\/upload.cdn.baselinker.com\/products\/3018170\/03af7d26dda580941af616fb88508bfd.jpg\" \/><br \/>\n        <\/section>\n<\/p><\/div>\n<\/section>\n","protected":false},"excerpt":{"rendered":"<p>Nasiona warzyw Szpinak Olbrzym Zimuj\u0105cy Plenny dobrze zimuj\u0105cy Szpinak olbrzym zimowy Odmiana krajowa przeznaczona do\u00a0uprawy na\u00a0zbi\u00f3r wiosenny i\u00a0jesienny. Bardzo dobrze przezimowuje i\u00a0wiosn\u0105 szybko ro\u015bnie. Wyr\u00f3\u017cnia\u00a0si\u0119 du\u017c\u0105 zawarto\u015bci\u0105 witaminy C i\u00a0suchej masy. Ro\u015blina o\u00a0silnym wzro\u015bcie tworzy du\u017ce prawie g\u0142adkie jasnozielone li\u015bcie. Wysiew nasion na\u00a0prze\u0142omie VIII-IX na\u00a0zbi\u00f3r wiosenny lub\u00a0wczesn\u0105 wiosn\u0105 od\u00a0IV-V na\u00a0zbi\u00f3r jesienny. Wiosenny siew Siew: V&#8230;<\/p>\n","protected":false},"featured_media":18940,"comment_status":"open","ping_status":"closed","template":"","meta":{"inline_featured_image":false},"product_cat":[126,162],"product_tag":[],"location":[],"class_list":{"0":"post-18956","1":"product","2":"type-product","3":"status-publish","4":"has-post-thumbnail","6":"product_cat-nasiona-warzyw","7":"product_cat-nasiona","8":"nt-post-class","9":"","12":"excerpt-none","15":"first","16":"instock","17":"shipping-taxable","18":"purchasable","19":"product-type-simple"},"_links":{"self":[{"href":"https:\/\/boskienasiona.pl\/en\/wp-json\/wp\/v2\/product\/18956","targetHints":{"allow":["GET"]}}],"collection":[{"href":"https:\/\/boskienasiona.pl\/en\/wp-json\/wp\/v2\/product"}],"about":[{"href":"https:\/\/boskienasiona.pl\/en\/wp-json\/wp\/v2\/types\/product"}],"replies":[{"embeddable":true,"href":"https:\/\/boskienasiona.pl\/en\/wp-json\/wp\/v2\/comments?post=18956"}],"version-history":[{"count":0,"href":"https:\/\/boskienasiona.pl\/en\/wp-json\/wp\/v2\/product\/18956\/revisions"}],"wp:featuredmedia":[{"embeddable":true,"href":"https:\/\/boskienasiona.pl\/en\/wp-json\/wp\/v2\/media\/18940"}],"wp:attachment":[{"href":"https:\/\/boskienasiona.pl\/en\/wp-json\/wp\/v2\/media?parent=18956"}],"wp:term":[{"taxonomy":"product_cat","embeddable":true,"href":"https:\/\/boskienasiona.pl\/en\/wp-json\/wp\/v2\/product_cat?post=18956"},{"taxonomy":"product_tag","embeddable":true,"href":"https:\/\/boskienasiona.pl\/en\/wp-json\/wp\/v2\/product_tag?post=18956"},{"taxonomy":"location","embeddable":true,"href":"https:\/\/boskienasiona.pl\/en\/wp-json\/wp\/v2\/location?post=18956"}],"curies":[{"name":"wp","href":"https:\/\/api.w.org\/{rel}","templated":true}]}}