{"id":18973,"date":"2025-02-01T16:42:35","date_gmt":"2025-02-01T15:42:35","guid":{"rendered":"https:\/\/boskienasiona.pl\/product\/nasiona-warzyw-szpinak-matador-zimujacy-plenny-doskonaly-do-mrozenia\/"},"modified":"2026-04-19T14:16:59","modified_gmt":"2026-04-19T12:16:59","slug":"nasiona-warzyw-szpinak-matador-zimujacy-plenny-doskonaly-do-mrozenia","status":"publish","type":"product","link":"https:\/\/boskienasiona.pl\/en\/produkt\/nasiona-warzyw-szpinak-matador-zimujacy-plenny-doskonaly-do-mrozenia\/","title":{"rendered":"Nasiona warzyw Szpinak Matador Zimuj\u0105cy Plenny doskona\u0142y do mro\u017cenia"},"content":{"rendered":"<section class=\"section\">\n<div class=\"item item-12\">\n<section class=\"text-item\">\n<h1>Nasiona warzyw Szpinak Matador Zimuj\u0105cy Plenny doskona\u0142y do mro\u017cenia<\/h1>\n<\/section><\/div>\n<\/section>\n<section class=\"section\">\n<div class=\"item item-6\">\n<section class=\"image-item\">\n            <img decoding=\"async\" src=\"https:\/\/upload.cdn.baselinker.com\/products\/3018170\/3548588225558023df028706f4296dc7.png\" \/><br \/>\n        <\/section>\n<\/p><\/div>\n<div class=\"item item-6\">\n<section class=\"text-item\">\n<p><b>Szpinak\u00a0Matador\u00a0(\u015brednio p\u00f3\u017any)<\/b><\/p>\n<p>Odmiana \u015brednio p\u00f3\u017ana o\u00a0du\u017cych, ciemnozielonych, owalnych lub\u00a0wyd\u0142u\u017conych, lekko karbowanych li\u015bciach stosowana do\u00a0uprawy wiosennej, jesiennej i\u00a0ozimej. Ma\u0142o podatna na\u00a0wybijania w\u00a0p\u0119dy nasienne, daje bardzo dobry surowiec do\u00a0mro\u017cenia. Doskona\u0142y dodatek do\u00a0potraw na\u00a0ciep\u0142o, zapiekanek, sa\u0142atek. Odmiana dobrze zimuj\u0105ca w\u00a0gruncie. Siew IV-V na\u00a0zbi\u00f3r jesienny i\u00a0od\u00a0po\u0142. VIII do\u00a0po\u0142. IX na\u00a0zbi\u00f3r wiosenny.<\/p>\n<p>Wiosenny<\/p>\n<ul>\n<li><b>Siew:<\/b> IV \u2013 V<\/li>\n<li><b>Zbi\u00f3r:<\/b> V \u2013 VIII<\/li>\n<\/ul>\n<p>Jesienny<\/p>\n<ul>\n<li><b>Siew:<\/b> VIII \u2013 IX<\/li>\n<li><b>Zbi\u00f3r:<\/b> IX \u2013 X<\/li>\n<li><b>Rozstawa:<\/b> 20-30 x 10-15 cm<\/li>\n<\/ul>\n<\/section><\/div>\n<\/section>\n<section class=\"section\">\n<div class=\"item item-6\">\n<section class=\"image-item\">\n            <img decoding=\"async\" src=\"https:\/\/upload.cdn.baselinker.com\/products\/3018170\/78ea40bb7fe0031c44bc5f86d5836390.png\" \/><br \/>\n        <\/section>\n<\/p><\/div>\n<div class=\"item item-6\">\n<section class=\"text-item\">\n<p><b>SPRAWDZONA JAKO\u015a\u0106 NASION<\/b><\/p>\n<p>Oferowane przez nas nasiona s\u0105 testowane w\u00a0<b>Laboratorium Oceny Nasion pod wzgl\u0119dem:<\/b><\/p>\n<p>\u2705<b>kie\u0142kowania<\/b><\/p>\n<p>\u2705<b>wilgotno\u015bci<\/b><\/p>\n<p>\u2705<b>czysto\u015bci ziarna<\/b><\/p>\n<p><b>Dzi\u0119ki czemu udost\u0119pniane nasiona s\u0105 \u015bci\u015ble wyselekcjonowane, tylko wysokiej klasy.<\/b><\/p>\n<p>Torebki zakupione na naszej aukcji s\u0105 w pe\u0142ni bezpieczne, posiadaj\u0105\u00a0<b>dat\u0119 wa\u017cno\u015bci i nr partii na opakowaniu.<\/b>\u00a0Gwarantujemy r\u00f3wnie\u017c jako\u015b\u0107 i oryginalno\u015b\u0107 produkt\u00f3w, poniewa\u017c s\u0105 nabywane bezpo\u015brednio od producenta.<\/p>\n<\/section><\/div>\n<\/section>\n<section class=\"section\">\n<div class=\"item item-6\">\n<section class=\"image-item\">\n            <img decoding=\"async\" src=\"https:\/\/upload.cdn.baselinker.com\/products\/3018170\/5c765838a636ee61bf433e3fad8bf91f.png\" \/><br \/>\n        <\/section>\n<\/p><\/div>\n<div class=\"item item-6\">\n<section class=\"image-item\">\n            <img decoding=\"async\" src=\"https:\/\/upload.cdn.baselinker.com\/products\/3018170\/ecd436e6cf13f33de9bf7fdecad91f88.jpg\" \/><br \/>\n        <\/section>\n<\/p><\/div>\n<\/section>\n<section class=\"section\">\n<div class=\"item item-12\">\n<section class=\"image-item\">\n            <img decoding=\"async\" src=\"https:\/\/upload.cdn.baselinker.com\/products\/3018170\/b783854b339b144b44bf66d62284bf87.jpg\" \/><br \/>\n        <\/section>\n<\/p><\/div>\n<\/section>\n","protected":false},"excerpt":{"rendered":"<p>Nasiona warzyw Szpinak Matador Zimuj\u0105cy Plenny doskona\u0142y do mro\u017cenia Szpinak\u00a0Matador\u00a0(\u015brednio p\u00f3\u017any) Odmiana \u015brednio p\u00f3\u017ana o\u00a0du\u017cych, ciemnozielonych, owalnych lub\u00a0wyd\u0142u\u017conych, lekko karbowanych li\u015bciach stosowana do\u00a0uprawy wiosennej, jesiennej i\u00a0ozimej. Ma\u0142o podatna na\u00a0wybijania w\u00a0p\u0119dy nasienne, daje bardzo dobry surowiec do\u00a0mro\u017cenia. Doskona\u0142y dodatek do\u00a0potraw na\u00a0ciep\u0142o, zapiekanek, sa\u0142atek. Odmiana dobrze zimuj\u0105ca w\u00a0gruncie. Siew IV-V na\u00a0zbi\u00f3r jesienny i\u00a0od\u00a0po\u0142. VIII do\u00a0po\u0142. IX na\u00a0zbi\u00f3r&#8230;<\/p>\n","protected":false},"featured_media":18957,"comment_status":"open","ping_status":"closed","template":"","meta":{"inline_featured_image":false},"product_cat":[126,162],"product_tag":[],"location":[],"class_list":{"0":"post-18973","1":"product","2":"type-product","3":"status-publish","4":"has-post-thumbnail","6":"product_cat-nasiona-warzyw","7":"product_cat-nasiona","8":"nt-post-class","9":"","12":"excerpt-none","15":"first","16":"instock","17":"shipping-taxable","18":"purchasable","19":"product-type-simple"},"_links":{"self":[{"href":"https:\/\/boskienasiona.pl\/en\/wp-json\/wp\/v2\/product\/18973","targetHints":{"allow":["GET"]}}],"collection":[{"href":"https:\/\/boskienasiona.pl\/en\/wp-json\/wp\/v2\/product"}],"about":[{"href":"https:\/\/boskienasiona.pl\/en\/wp-json\/wp\/v2\/types\/product"}],"replies":[{"embeddable":true,"href":"https:\/\/boskienasiona.pl\/en\/wp-json\/wp\/v2\/comments?post=18973"}],"version-history":[{"count":0,"href":"https:\/\/boskienasiona.pl\/en\/wp-json\/wp\/v2\/product\/18973\/revisions"}],"wp:featuredmedia":[{"embeddable":true,"href":"https:\/\/boskienasiona.pl\/en\/wp-json\/wp\/v2\/media\/18957"}],"wp:attachment":[{"href":"https:\/\/boskienasiona.pl\/en\/wp-json\/wp\/v2\/media?parent=18973"}],"wp:term":[{"taxonomy":"product_cat","embeddable":true,"href":"https:\/\/boskienasiona.pl\/en\/wp-json\/wp\/v2\/product_cat?post=18973"},{"taxonomy":"product_tag","embeddable":true,"href":"https:\/\/boskienasiona.pl\/en\/wp-json\/wp\/v2\/product_tag?post=18973"},{"taxonomy":"location","embeddable":true,"href":"https:\/\/boskienasiona.pl\/en\/wp-json\/wp\/v2\/location?post=18973"}],"curies":[{"name":"wp","href":"https:\/\/api.w.org\/{rel}","templated":true}]}}