{"id":18988,"date":"2025-02-01T16:43:20","date_gmt":"2025-02-01T15:43:20","guid":{"rendered":"https:\/\/boskienasiona.pl\/product\/nasiona-warzyw-szczaw-wieloletni-odporny-na-mroz-bogaty-w-witaminy\/"},"modified":"2026-04-19T14:17:00","modified_gmt":"2026-04-19T12:17:00","slug":"nasiona-warzyw-szczaw-wieloletni-odporny-na-mroz-bogaty-w-witaminy","status":"publish","type":"product","link":"https:\/\/boskienasiona.pl\/en\/produkt\/nasiona-warzyw-szczaw-wieloletni-odporny-na-mroz-bogaty-w-witaminy\/","title":{"rendered":"Nasiona warzyw Szczaw WIELOLETNI ODPORNY NA MR\u00d3Z BOGATY W WITAMINY"},"content":{"rendered":"<section class=\"section\">\n<div class=\"item item-12\">\n<section class=\"text-item\">\n<h1>Nasiona warzyw Szczaw WIELOLETNI ODPORNY NA MR\u00d3Z BOGATY W WITAMINY<\/h1>\n<\/section><\/div>\n<\/section>\n<section class=\"section\">\n<div class=\"item item-6\">\n<section class=\"image-item\">\n            <img decoding=\"async\" src=\"https:\/\/upload.cdn.baselinker.com\/products\/3018170\/c90e1e0633e21a0d2c88697e2470aad3.png\" \/><br \/>\n        <\/section>\n<\/p><\/div>\n<div class=\"item item-6\">\n<section class=\"text-item\">\n<p><b>Szczaw\u00a0wieloletni<\/b><\/p>\n<p>Ro\u015blina wieloletnia. Li\u015bcie\u00a0szczawiu zawieraj\u0105 du\u017c\u0105 ilo\u015bci \u017celaza , witaminy C,A i\u00a0B oraz\u00a0rozpuszczalne\u00a0szczawiany potasu, kt\u00f3re nadaj\u0105 im charakterystyczny smak. Odporny na\u00a0mrozy, mo\u017ce pozosta\u0107 w\u00a0jednym miejscu przez 3-4 lata. Ro\u015bnie dobrze na\u00a0ka\u017cdej glebie. Wysiew do\u00a0gruntu wczesn\u0105 wiosn\u0105 lub\u00a0w\u00a0sierpniu na\u00a0zbi\u00f3r w\u00a0roku nast\u0119pnym. G\u0142\u0119boko\u015b\u0107 siewu 1 cm. Ro\u015blina dobrze znosi cie\u0144.<\/p>\n<\/section><\/div>\n<\/section>\n<section class=\"section\">\n<div class=\"item item-6\">\n<section class=\"image-item\">\n            <img decoding=\"async\" src=\"https:\/\/upload.cdn.baselinker.com\/products\/3018170\/2b3bacb355ce443d66ef63ed18d2b7ce.png\" \/><br \/>\n        <\/section>\n<\/p><\/div>\n<div class=\"item item-6\">\n<section class=\"text-item\">\n<p><b>SPRAWDZONA JAKO\u015a\u0106 NASION<\/b><\/p>\n<p>Oferowane przez nas nasiona s\u0105 testowane w\u00a0<b>Laboratorium Oceny Nasion pod wzgl\u0119dem:<\/b><\/p>\n<p>\u2705<b>kie\u0142kowania<\/b><\/p>\n<p>\u2705<b>wilgotno\u015bci<\/b><\/p>\n<p>\u2705<b>czysto\u015bci ziarna<\/b><\/p>\n<p><b>Dzi\u0119ki czemu udost\u0119pniane nasiona s\u0105 \u015bci\u015ble wyselekcjonowane, tylko wysokiej klasy.<\/b><\/p>\n<p>Torebki zakupione na naszej aukcji s\u0105 w pe\u0142ni bezpieczne, posiadaj\u0105\u00a0<b>dat\u0119 wa\u017cno\u015bci i nr partii na opakowaniu.<\/b>\u00a0Gwarantujemy r\u00f3wnie\u017c jako\u015b\u0107 i oryginalno\u015b\u0107 produkt\u00f3w, poniewa\u017c s\u0105 nabywane bezpo\u015brednio od producenta.<\/p>\n<\/section><\/div>\n<\/section>\n<section class=\"section\">\n<div class=\"item item-6\">\n<section class=\"image-item\">\n            <img decoding=\"async\" src=\"https:\/\/upload.cdn.baselinker.com\/products\/3018170\/bfd1eabbe9116d7b80b0976746f1ed91.png\" \/><br \/>\n        <\/section>\n<\/p><\/div>\n<div class=\"item item-6\">\n<section class=\"image-item\">\n            <img decoding=\"async\" src=\"https:\/\/upload.cdn.baselinker.com\/products\/3018170\/7fb29ed4fcc20fa674189ef5f1a5f46c.png\" \/><br \/>\n        <\/section>\n<\/p><\/div>\n<\/section>\n<section class=\"section\">\n<div class=\"item item-12\">\n<section class=\"image-item\">\n            <img decoding=\"async\" src=\"https:\/\/upload.cdn.baselinker.com\/products\/3018170\/b6a7a856dddfbf001edc81e3dabcfae8.png\" \/><br \/>\n        <\/section>\n<\/p><\/div>\n<\/section>\n","protected":false},"excerpt":{"rendered":"<p>Nasiona warzyw Szczaw WIELOLETNI ODPORNY NA MR\u00d3Z BOGATY W WITAMINY Szczaw\u00a0wieloletni Ro\u015blina wieloletnia. Li\u015bcie\u00a0szczawiu zawieraj\u0105 du\u017c\u0105 ilo\u015bci \u017celaza , witaminy C,A i\u00a0B oraz\u00a0rozpuszczalne\u00a0szczawiany potasu, kt\u00f3re nadaj\u0105 im charakterystyczny smak. Odporny na\u00a0mrozy, mo\u017ce pozosta\u0107 w\u00a0jednym miejscu przez 3-4 lata. Ro\u015bnie dobrze na\u00a0ka\u017cdej glebie. Wysiew do\u00a0gruntu wczesn\u0105 wiosn\u0105 lub\u00a0w\u00a0sierpniu na\u00a0zbi\u00f3r w\u00a0roku nast\u0119pnym. G\u0142\u0119boko\u015b\u0107 siewu 1 cm. Ro\u015blina&#8230;<\/p>\n","protected":false},"featured_media":18974,"comment_status":"open","ping_status":"closed","template":"","meta":{"inline_featured_image":false},"product_cat":[126,162],"product_tag":[],"location":[],"class_list":{"0":"post-18988","1":"product","2":"type-product","3":"status-publish","4":"has-post-thumbnail","6":"product_cat-nasiona-warzyw","7":"product_cat-nasiona","8":"nt-post-class","9":"","12":"excerpt-none","15":"first","16":"instock","17":"shipping-taxable","18":"purchasable","19":"product-type-simple"},"_links":{"self":[{"href":"https:\/\/boskienasiona.pl\/en\/wp-json\/wp\/v2\/product\/18988","targetHints":{"allow":["GET"]}}],"collection":[{"href":"https:\/\/boskienasiona.pl\/en\/wp-json\/wp\/v2\/product"}],"about":[{"href":"https:\/\/boskienasiona.pl\/en\/wp-json\/wp\/v2\/types\/product"}],"replies":[{"embeddable":true,"href":"https:\/\/boskienasiona.pl\/en\/wp-json\/wp\/v2\/comments?post=18988"}],"version-history":[{"count":0,"href":"https:\/\/boskienasiona.pl\/en\/wp-json\/wp\/v2\/product\/18988\/revisions"}],"wp:featuredmedia":[{"embeddable":true,"href":"https:\/\/boskienasiona.pl\/en\/wp-json\/wp\/v2\/media\/18974"}],"wp:attachment":[{"href":"https:\/\/boskienasiona.pl\/en\/wp-json\/wp\/v2\/media?parent=18988"}],"wp:term":[{"taxonomy":"product_cat","embeddable":true,"href":"https:\/\/boskienasiona.pl\/en\/wp-json\/wp\/v2\/product_cat?post=18988"},{"taxonomy":"product_tag","embeddable":true,"href":"https:\/\/boskienasiona.pl\/en\/wp-json\/wp\/v2\/product_tag?post=18988"},{"taxonomy":"location","embeddable":true,"href":"https:\/\/boskienasiona.pl\/en\/wp-json\/wp\/v2\/location?post=18988"}],"curies":[{"name":"wp","href":"https:\/\/api.w.org\/{rel}","templated":true}]}}