{"id":19023,"date":"2025-02-01T16:44:51","date_gmt":"2025-02-01T15:44:51","guid":{"rendered":"https:\/\/boskienasiona.pl\/product\/nasiona-warzyw-salata-maslowa-krolowa-majowych-wczesna-o-jedrnych-lisciach\/"},"modified":"2026-04-19T14:17:01","modified_gmt":"2026-04-19T12:17:01","slug":"nasiona-warzyw-salata-maslowa-krolowa-majowych-wczesna-o-jedrnych-lisciach","status":"publish","type":"product","link":"https:\/\/boskienasiona.pl\/en\/produkt\/nasiona-warzyw-salata-maslowa-krolowa-majowych-wczesna-o-jedrnych-lisciach\/","title":{"rendered":"Nasiona warzyw Sa\u0142ata Mas\u0142owa Kr\u00f3lowa Majowych WCZESNA O J\u0118DRNYCH LI\u015aCIACH"},"content":{"rendered":"<section class=\"section\">\n<div class=\"item item-12\">\n<section class=\"text-item\">\n<h1>Nasiona warzyw Sa\u0142ata Mas\u0142owa Kr\u00f3lowa Majowych WCZESNA O J\u0118DRNYCH LI\u015aCIACH<\/h1>\n<\/section><\/div>\n<\/section>\n<section class=\"section\">\n<div class=\"item item-6\">\n<section class=\"image-item\">\n            <img decoding=\"async\" src=\"https:\/\/upload.cdn.baselinker.com\/products\/3018170\/3a8c3e29d0dd6723f701cbcb134d4525.png\" \/><br \/>\n        <\/section>\n<\/p><\/div>\n<div class=\"item item-6\">\n<section class=\"text-item\">\n<p><b>Sa\u0142ata mas\u0142owa g\u0142owiasta Kr\u00f3lowa Majowych<\/b><\/p>\n<p>Odmiana wczesna przeznaczona do\u00a0wczesnej uprawy w\u00a0gruncie i\u00a0pod\u00a0os\u0142onami. Tworzy du\u017ce dobrze zamkni\u0119te kuliste g\u0142\u00f3wki o\u00a0j\u0119drnych li\u015bciach. Do\u015b\u0107 odporna na\u00a0m\u0105czniaka rzekomego i\u00a0\u015brednio odporna na\u00a0szar\u0105 ple\u015b\u0144. Dobrze plonuje w\u00a02 roku po\u00a0oborniku, na\u00a0glebach ciep\u0142ych, przewiewnych, dostatecznie wilgotnych. Siew wiosn\u0105 IV- V, na\u00a0zbi\u00f3r jesienny w\u00a0VIII.<\/p>\n<p>Wiosenny<\/p>\n<ul>\n<li><b>Siew:<\/b> IV \u2013 V<\/li>\n<li><b>Zbi\u00f3r:<\/b> V \u2013 \u00a0VII<\/li>\n<\/ul>\n<p>Jesienny<\/p>\n<ul>\n<li><b>Siew:<\/b> VII<\/li>\n<li><b>Zbi\u00f3r:<\/b> \u00bd IX \u2013 X<\/li>\n<li><b>Rozstawa:<\/b> 20-25 x 30-40 cm<\/li>\n<\/ul>\n<\/section><\/div>\n<\/section>\n<section class=\"section\">\n<div class=\"item item-6\">\n<section class=\"image-item\">\n            <img decoding=\"async\" src=\"https:\/\/upload.cdn.baselinker.com\/products\/3018170\/9ea9afd80ad629c189064e702cc8cd0a.jpg\" \/><br \/>\n        <\/section>\n<\/p><\/div>\n<div class=\"item item-6\">\n<section class=\"text-item\">\n<p>Sa\u0142ata\u00a0jest jednym z najpopularniejszych warzyw w Polsce. Jest g\u0142\u00f3wnym sk\u0142adnikiem wielu sa\u0142atek, ale tak\u017ce ch\u0119tnie wybierana jako dodatek do obiad\u00f3w. Doskonale komponuje si\u0119 z innymi warzywami, na przyk\u0142ad pomidorami, papryk\u0105,\u00a0og\u00f3rkiem\u00a0i wieloma innymi.<\/p>\n<p>Sa\u0142ata jest bogatym \u017ar\u00f3d\u0142em witaminy A, C oraz witamin z grupy B. Zawiera tak\u017ce kwas foliowy i b\u0142onnik, kt\u00f3re zmniejszaj\u0105 wch\u0142anianie t\u0142uszcz\u00f3w oraz cukr\u00f3w. Jest tak\u017ce bogata w sole mineralne, szczeg\u00f3lnie w wap\u0144 oraz \u017celazo.<\/p>\n<\/section><\/div>\n<\/section>\n<section class=\"section\">\n<div class=\"item item-6\">\n<section class=\"image-item\">\n            <img decoding=\"async\" src=\"https:\/\/upload.cdn.baselinker.com\/products\/3018170\/bcae4d12e61c03cb942889543abd6db6.png\" \/><br \/>\n        <\/section>\n<\/p><\/div>\n<div class=\"item item-6\">\n<section class=\"text-item\">\n<p><b>SPRAWDZONA JAKO\u015a\u0106 NASION<\/b><\/p>\n<p>Oferowane przez nas nasiona s\u0105 testowane w\u00a0<b>Laboratorium Oceny Nasion pod wzgl\u0119dem:<\/b><\/p>\n<p>\u2705<b>kie\u0142kowania<\/b><\/p>\n<p>\u2705<b>wilgotno\u015bci<\/b><\/p>\n<p>\u2705<b>czysto\u015bci ziarna<\/b><\/p>\n<p><b>Dzi\u0119ki czemu udost\u0119pniane nasiona s\u0105 \u015bci\u015ble wyselekcjonowane, tylko wysokiej klasy.<\/b><\/p>\n<p>Torebki zakupione na naszej aukcji s\u0105 w pe\u0142ni bezpieczne, posiadaj\u0105\u00a0<b>dat\u0119 wa\u017cno\u015bci i nr partii na opakowaniu.<\/b>\u00a0Gwarantujemy r\u00f3wnie\u017c jako\u015b\u0107 i oryginalno\u015b\u0107 produkt\u00f3w, poniewa\u017c s\u0105 nabywane bezpo\u015brednio od producenta.<\/p>\n<\/section><\/div>\n<\/section>\n<section class=\"section\">\n<div class=\"item item-12\">\n<section class=\"image-item\">\n            <img decoding=\"async\" src=\"https:\/\/upload.cdn.baselinker.com\/products\/3018170\/9ea9afd80ad629c189064e702cc8cd0a.jpg\" \/><br \/>\n        <\/section>\n<\/p><\/div>\n<\/section>\n<section class=\"section\">\n<div class=\"item item-12\">\n<section class=\"image-item\">\n            <img decoding=\"async\" src=\"https:\/\/upload.cdn.baselinker.com\/products\/3018170\/bc2e81451d67a3cc62dc45e035cf2d30.jpg\" \/><br \/>\n        <\/section>\n<\/p><\/div>\n<\/section>\n","protected":false},"excerpt":{"rendered":"<p>Nasiona warzyw Sa\u0142ata Mas\u0142owa Kr\u00f3lowa Majowych WCZESNA O J\u0118DRNYCH LI\u015aCIACH Sa\u0142ata mas\u0142owa g\u0142owiasta Kr\u00f3lowa Majowych Odmiana wczesna przeznaczona do\u00a0wczesnej uprawy w\u00a0gruncie i\u00a0pod\u00a0os\u0142onami. Tworzy du\u017ce dobrze zamkni\u0119te kuliste g\u0142\u00f3wki o\u00a0j\u0119drnych li\u015bciach. Do\u015b\u0107 odporna na\u00a0m\u0105czniaka rzekomego i\u00a0\u015brednio odporna na\u00a0szar\u0105 ple\u015b\u0144. Dobrze plonuje w\u00a02 roku po\u00a0oborniku, na\u00a0glebach ciep\u0142ych, przewiewnych, dostatecznie wilgotnych. Siew wiosn\u0105 IV- V, na\u00a0zbi\u00f3r jesienny w\u00a0VIII&#8230;.<\/p>\n","protected":false},"featured_media":19011,"comment_status":"open","ping_status":"closed","template":"","meta":{"inline_featured_image":false},"product_cat":[126,162],"product_tag":[],"location":[],"class_list":{"0":"post-19023","1":"product","2":"type-product","3":"status-publish","4":"has-post-thumbnail","6":"product_cat-nasiona-warzyw","7":"product_cat-nasiona","8":"nt-post-class","9":"","12":"excerpt-none","15":"first","16":"instock","17":"shipping-taxable","18":"purchasable","19":"product-type-simple"},"_links":{"self":[{"href":"https:\/\/boskienasiona.pl\/en\/wp-json\/wp\/v2\/product\/19023","targetHints":{"allow":["GET"]}}],"collection":[{"href":"https:\/\/boskienasiona.pl\/en\/wp-json\/wp\/v2\/product"}],"about":[{"href":"https:\/\/boskienasiona.pl\/en\/wp-json\/wp\/v2\/types\/product"}],"replies":[{"embeddable":true,"href":"https:\/\/boskienasiona.pl\/en\/wp-json\/wp\/v2\/comments?post=19023"}],"version-history":[{"count":0,"href":"https:\/\/boskienasiona.pl\/en\/wp-json\/wp\/v2\/product\/19023\/revisions"}],"wp:featuredmedia":[{"embeddable":true,"href":"https:\/\/boskienasiona.pl\/en\/wp-json\/wp\/v2\/media\/19011"}],"wp:attachment":[{"href":"https:\/\/boskienasiona.pl\/en\/wp-json\/wp\/v2\/media?parent=19023"}],"wp:term":[{"taxonomy":"product_cat","embeddable":true,"href":"https:\/\/boskienasiona.pl\/en\/wp-json\/wp\/v2\/product_cat?post=19023"},{"taxonomy":"product_tag","embeddable":true,"href":"https:\/\/boskienasiona.pl\/en\/wp-json\/wp\/v2\/product_tag?post=19023"},{"taxonomy":"location","embeddable":true,"href":"https:\/\/boskienasiona.pl\/en\/wp-json\/wp\/v2\/location?post=19023"}],"curies":[{"name":"wp","href":"https:\/\/api.w.org\/{rel}","templated":true}]}}