{"id":19036,"date":"2025-02-01T16:45:27","date_gmt":"2025-02-01T15:45:27","guid":{"rendered":"https:\/\/boskienasiona.pl\/product\/nasiona-warzyw-salata-krucha-lodowa-traper-srd-wczesna-duze-zwiezle-glowki\/"},"modified":"2026-04-17T14:19:44","modified_gmt":"2026-04-17T12:19:44","slug":"nasiona-warzyw-salata-krucha-lodowa-traper-srd-wczesna-duze-zwiezle-glowki","status":"publish","type":"product","link":"https:\/\/boskienasiona.pl\/en\/produkt\/nasiona-warzyw-salata-krucha-lodowa-traper-srd-wczesna-duze-zwiezle-glowki\/","title":{"rendered":"Nasiona warzyw SA\u0141ATA KRUCHA LODOWA Traper \u015brd. Wczesna DU\u017bE ZWI\u0118Z\u0141E G\u0141\u00d3WKI"},"content":{"rendered":"<section class=\"section\">\n<div class=\"item item-12\">\n<section class=\"text-item\">\n<h1>Nasiona warzyw SA\u0141ATA KRUCHA LODOWA Traper \u015brd. Wczesna DU\u017bE ZWI\u0118Z\u0141E G\u0141\u00d3WKI<\/h1>\n<\/section><\/div>\n<\/section>\n<section class=\"section\">\n<div class=\"item item-6\">\n<section class=\"image-item\">\n            <img decoding=\"async\" src=\"https:\/\/upload.cdn.baselinker.com\/products\/3018170\/cc7d1090dd0e217ab2df86b2ed09b93e.png\" \/><br \/>\n        <\/section>\n<\/p><\/div>\n<div class=\"item item-6\">\n<section class=\"text-item\">\n<p><b>Sa\u0142ata krucha lodowa Traper<\/b><\/p>\n<p>Odmiana \u015brednio wczesna\u00a0 (okres wegetacji 75-85 dni), przeznaczona do\u00a0uprawy polowej od\u00a0wiosny do\u00a0jesieni, nie\u00a0wybija w\u00a0p\u0119dy kwiatostanowe. Tworzy bardzo smaczne, du\u017ce i\u00a0zwi\u0119z\u0142e g\u0142\u00f3wki (500-800g) o\u00a0mocno zwini\u0119tych kruchych li\u015bciach. Odmiana o\u00a0wysokiej odporno\u015bci na\u00a0m\u0105czniak prawdziwego. Wysiew wprost do\u00a0gruntu na\u00a0g\u0142\u0119boko\u015b\u0107 0,5-1 cm, od\u00a0pocz\u0105tku IV do\u00a0po\u0142owy VI.<\/p>\n<ul>\n<li><b>Waga:<\/b> 1g<\/li>\n<li><b>Siew:<\/b> koniec IV-VI<\/li>\n<li><b>Zbi\u00f3r:<\/b> po\u0142owa VI-IX<\/li>\n<li><b>Rozstawa:<\/b> 30 x 30 cm<\/li>\n<\/ul>\n<\/section><\/div>\n<\/section>\n<section class=\"section\">\n<div class=\"item item-6\">\n<section class=\"image-item\">\n            <img decoding=\"async\" src=\"https:\/\/upload.cdn.baselinker.com\/products\/3018170\/04e581b4869ac89c8343b34794f4faf4.png\" \/><br \/>\n        <\/section>\n<\/p><\/div>\n<div class=\"item item-6\">\n<section class=\"text-item\">\n<p>Sa\u0142ata\u00a0jest jednym z najpopularniejszych warzyw w Polsce. Jest g\u0142\u00f3wnym sk\u0142adnikiem wielu sa\u0142atek, ale tak\u017ce ch\u0119tnie wybierana jako dodatek do obiad\u00f3w. Doskonale komponuje si\u0119 z innymi warzywami, na przyk\u0142ad pomidorami, papryk\u0105,\u00a0og\u00f3rkiem\u00a0i wieloma innymi.<\/p>\n<p>Sa\u0142ata jest bogatym \u017ar\u00f3d\u0142em witaminy A, C oraz witamin z grupy B. Zawiera tak\u017ce kwas foliowy i b\u0142onnik, kt\u00f3re zmniejszaj\u0105 wch\u0142anianie t\u0142uszcz\u00f3w oraz cukr\u00f3w. Jest tak\u017ce bogata w sole mineralne, szczeg\u00f3lnie w wap\u0144 oraz \u017celazo.<\/p>\n<\/section><\/div>\n<\/section>\n<section class=\"section\">\n<div class=\"item item-6\">\n<section class=\"image-item\">\n            <img decoding=\"async\" src=\"https:\/\/upload.cdn.baselinker.com\/products\/3018170\/95f68d68f3d57137578e166251b976ac.png\" \/><br \/>\n        <\/section>\n<\/p><\/div>\n<div class=\"item item-6\">\n<section class=\"text-item\">\n<p><b>SPRAWDZONA JAKO\u015a\u0106 NASION<\/b><\/p>\n<p>Oferowane przez nas nasiona s\u0105 testowane w\u00a0<b>Laboratorium Oceny Nasion pod wzgl\u0119dem:<\/b><\/p>\n<p>\u2705<b>kie\u0142kowania<\/b><\/p>\n<p>\u2705<b>wilgotno\u015bci<\/b><\/p>\n<p>\u2705<b>czysto\u015bci ziarna<\/b><\/p>\n<p><b>Dzi\u0119ki czemu udost\u0119pniane nasiona s\u0105 \u015bci\u015ble wyselekcjonowane, tylko wysokiej klasy.<\/b><\/p>\n<p>Torebki zakupione na naszej aukcji s\u0105 w pe\u0142ni bezpieczne, posiadaj\u0105\u00a0<b>dat\u0119 wa\u017cno\u015bci i nr partii na opakowaniu.<\/b>\u00a0Gwarantujemy r\u00f3wnie\u017c jako\u015b\u0107 i oryginalno\u015b\u0107 produkt\u00f3w, poniewa\u017c s\u0105 nabywane bezpo\u015brednio od producenta.<\/p>\n<\/section><\/div>\n<\/section>\n<section class=\"section\">\n<div class=\"item item-6\">\n<section class=\"image-item\">\n            <img decoding=\"async\" src=\"https:\/\/upload.cdn.baselinker.com\/products\/3018170\/04e581b4869ac89c8343b34794f4faf4.png\" \/><br \/>\n        <\/section>\n<\/p><\/div>\n<div class=\"item item-6\">\n<section class=\"image-item\">\n            <img decoding=\"async\" src=\"https:\/\/upload.cdn.baselinker.com\/products\/3018170\/1b02397f5a826a2d106d964666ebbf9c.png\" \/><br \/>\n        <\/section>\n<\/p><\/div>\n<\/section>\n","protected":false},"excerpt":{"rendered":"<p>Nasiona warzyw SA\u0141ATA KRUCHA LODOWA Traper \u015brd. Wczesna DU\u017bE ZWI\u0118Z\u0141E G\u0141\u00d3WKI Sa\u0142ata krucha lodowa Traper Odmiana \u015brednio wczesna\u00a0 (okres wegetacji 75-85 dni), przeznaczona do\u00a0uprawy polowej od\u00a0wiosny do\u00a0jesieni, nie\u00a0wybija w\u00a0p\u0119dy kwiatostanowe. Tworzy bardzo smaczne, du\u017ce i\u00a0zwi\u0119z\u0142e g\u0142\u00f3wki (500-800g) o\u00a0mocno zwini\u0119tych kruchych li\u015bciach. Odmiana o\u00a0wysokiej odporno\u015bci na\u00a0m\u0105czniak prawdziwego. Wysiew wprost do\u00a0gruntu na\u00a0g\u0142\u0119boko\u015b\u0107 0,5-1 cm, od\u00a0pocz\u0105tku IV do\u00a0po\u0142owy&#8230;<\/p>\n","protected":false},"featured_media":19024,"comment_status":"open","ping_status":"closed","template":"","meta":{"inline_featured_image":false},"product_cat":[126,162],"product_tag":[],"location":[],"class_list":{"0":"post-19036","1":"product","2":"type-product","3":"status-publish","4":"has-post-thumbnail","6":"product_cat-nasiona-warzyw","7":"product_cat-nasiona","8":"nt-post-class","9":"","12":"excerpt-none","15":"first","16":"instock","17":"shipping-taxable","18":"purchasable","19":"product-type-simple"},"_links":{"self":[{"href":"https:\/\/boskienasiona.pl\/en\/wp-json\/wp\/v2\/product\/19036","targetHints":{"allow":["GET"]}}],"collection":[{"href":"https:\/\/boskienasiona.pl\/en\/wp-json\/wp\/v2\/product"}],"about":[{"href":"https:\/\/boskienasiona.pl\/en\/wp-json\/wp\/v2\/types\/product"}],"replies":[{"embeddable":true,"href":"https:\/\/boskienasiona.pl\/en\/wp-json\/wp\/v2\/comments?post=19036"}],"version-history":[{"count":0,"href":"https:\/\/boskienasiona.pl\/en\/wp-json\/wp\/v2\/product\/19036\/revisions"}],"wp:featuredmedia":[{"embeddable":true,"href":"https:\/\/boskienasiona.pl\/en\/wp-json\/wp\/v2\/media\/19024"}],"wp:attachment":[{"href":"https:\/\/boskienasiona.pl\/en\/wp-json\/wp\/v2\/media?parent=19036"}],"wp:term":[{"taxonomy":"product_cat","embeddable":true,"href":"https:\/\/boskienasiona.pl\/en\/wp-json\/wp\/v2\/product_cat?post=19036"},{"taxonomy":"product_tag","embeddable":true,"href":"https:\/\/boskienasiona.pl\/en\/wp-json\/wp\/v2\/product_tag?post=19036"},{"taxonomy":"location","embeddable":true,"href":"https:\/\/boskienasiona.pl\/en\/wp-json\/wp\/v2\/location?post=19036"}],"curies":[{"name":"wp","href":"https:\/\/api.w.org\/{rel}","templated":true}]}}