{"id":19049,"date":"2025-02-01T16:46:07","date_gmt":"2025-02-01T15:46:07","guid":{"rendered":"https:\/\/boskienasiona.pl\/product\/nasiona-warzyw-salata-krucha-lodowa-krolowa-lata-odporna-na-zarazy\/"},"modified":"2026-04-19T14:17:02","modified_gmt":"2026-04-19T12:17:02","slug":"nasiona-warzyw-salata-krucha-lodowa-krolowa-lata-odporna-na-zarazy","status":"publish","type":"product","link":"https:\/\/boskienasiona.pl\/en\/produkt\/nasiona-warzyw-salata-krucha-lodowa-krolowa-lata-odporna-na-zarazy\/","title":{"rendered":"Nasiona warzyw SA\u0141ATA KRUCHA LODOWA KR\u00d3LOWA LATA ODPORNA NA ZARAZY"},"content":{"rendered":"<section class=\"section\">\n<div class=\"item item-12\">\n<section class=\"text-item\">\n<h1>Nasiona warzyw SA\u0141ATA KRUCHA LODOWA KR\u00d3LOWA LATA ODPORNA NA ZARAZY<\/h1>\n<\/section><\/div>\n<\/section>\n<section class=\"section\">\n<div class=\"item item-6\">\n<section class=\"image-item\">\n            <img decoding=\"async\" src=\"https:\/\/upload.cdn.baselinker.com\/products\/3018170\/c24fe5b8fcbdfce98812c24a5cb245bf.png\" \/><br \/>\n        <\/section>\n<\/p><\/div>\n<div class=\"item item-6\">\n<section class=\"text-item\">\n<p><b>Sa\u0142ata krucha &#8211; lodowa Kr\u00f3lowa Lata (wczesna)<\/b><\/p>\n<p>Lactuca sativa L. var. capitata<\/p>\n<p>Atrakcyjna wczesna odmiana, (weg. 50-55 dni), odporna na\u00a0wybijanie w\u00a0p\u0119dy kwiatowe i\u00a0m\u0105czniaka rzekomego, do\u00a0uprawy wiosn\u0105, latem i\u00a0jesieni\u0105. Tworzy bardzo du\u017ce, \u015bcis\u0142e g\u0142\u00f3wki, do\u00a01 kg, z\u0142o\u017cone z\u00a0kruchych li\u015bci koloru jasnozielonego o\u00a0p\u0119cherzykowatej powierzchni. Siew na\u00a0g\u0142\u0119boko\u015b\u0107 0,5-1cm w\u00a0III pod\u00a0os\u0142ony lub\u00a0IV-V na\u00a0rozsadniku na\u00a0zbi\u00f3r wczesno letni lub\u00a0od\u00a0po\u0142owy VII-VIII na\u00a0zbi\u00f3r jesienny. Wymaga gleby \u017cyznej, zasobnej w\u00a0sk\u0142adniki pokarmowe i\u00a0wod\u0119.<\/p>\n<ul>\n<li><b>Siew:<\/b> koniec III-V; VII-VIII<\/li>\n<li><b>Zbi\u00f3r:<\/b> po\u0142owa V-VII; IX-X<\/li>\n<li><b>Piktogram z\u00a0rozstaw\u0105:<\/b> 35 x 40 cm<\/li>\n<\/ul>\n<\/section><\/div>\n<\/section>\n<section class=\"section\">\n<div class=\"item item-6\">\n<section class=\"image-item\">\n            <img decoding=\"async\" src=\"https:\/\/upload.cdn.baselinker.com\/products\/3018170\/c8ccc8fe74f3aa5326db829a5d0ff01f.png\" \/><br \/>\n        <\/section>\n<\/p><\/div>\n<div class=\"item item-6\">\n<section class=\"text-item\">\n<p><b>SPRAWDZONA JAKO\u015a\u0106 NASION<\/b><\/p>\n<p>Oferowane przez nas nasiona s\u0105 testowane w\u00a0<b>Laboratorium Oceny Nasion pod wzgl\u0119dem:<\/b><\/p>\n<p>\u2705<b>kie\u0142kowania<\/b><\/p>\n<p>\u2705<b>wilgotno\u015bci<\/b><\/p>\n<p>\u2705<b>czysto\u015bci ziarna<\/b><\/p>\n<p><b>Dzi\u0119ki czemu udost\u0119pniane nasiona s\u0105 \u015bci\u015ble wyselekcjonowane, tylko wysokiej klasy.<\/b><\/p>\n<p>Torebki zakupione na naszej aukcji s\u0105 w pe\u0142ni bezpieczne, posiadaj\u0105\u00a0<b>dat\u0119 wa\u017cno\u015bci i nr partii na opakowaniu.<\/b>\u00a0Gwarantujemy r\u00f3wnie\u017c jako\u015b\u0107 i oryginalno\u015b\u0107 produkt\u00f3w, poniewa\u017c s\u0105 nabywane bezpo\u015brednio od producenta.<\/p>\n<\/section><\/div>\n<\/section>\n<section class=\"section\">\n<div class=\"item item-6\">\n<section class=\"image-item\">\n            <img decoding=\"async\" src=\"https:\/\/upload.cdn.baselinker.com\/products\/3018170\/32885786ae001709319f3e7f197d4554.png\" \/><br \/>\n        <\/section>\n<\/p><\/div>\n<div class=\"item item-6\">\n<section class=\"image-item\">\n            <img decoding=\"async\" src=\"https:\/\/upload.cdn.baselinker.com\/products\/3018170\/e26b617e97ddf1505d6de0969f06d8e5.png\" \/><br \/>\n        <\/section>\n<\/p><\/div>\n<\/section>\n","protected":false},"excerpt":{"rendered":"<p>Nasiona warzyw SA\u0141ATA KRUCHA LODOWA KR\u00d3LOWA LATA ODPORNA NA ZARAZY Sa\u0142ata krucha &#8211; lodowa Kr\u00f3lowa Lata (wczesna) Lactuca sativa L. var. capitata Atrakcyjna wczesna odmiana, (weg. 50-55 dni), odporna na\u00a0wybijanie w\u00a0p\u0119dy kwiatowe i\u00a0m\u0105czniaka rzekomego, do\u00a0uprawy wiosn\u0105, latem i\u00a0jesieni\u0105. Tworzy bardzo du\u017ce, \u015bcis\u0142e g\u0142\u00f3wki, do\u00a01 kg, z\u0142o\u017cone z\u00a0kruchych li\u015bci koloru jasnozielonego o\u00a0p\u0119cherzykowatej powierzchni. Siew na\u00a0g\u0142\u0119boko\u015b\u0107 0,5-1cm&#8230;<\/p>\n","protected":false},"featured_media":19037,"comment_status":"open","ping_status":"closed","template":"","meta":{"inline_featured_image":false},"product_cat":[126,162],"product_tag":[],"location":[],"class_list":{"0":"post-19049","1":"product","2":"type-product","3":"status-publish","4":"has-post-thumbnail","6":"product_cat-nasiona-warzyw","7":"product_cat-nasiona","8":"nt-post-class","9":"","12":"excerpt-none","15":"first","16":"instock","17":"shipping-taxable","18":"purchasable","19":"product-type-simple"},"_links":{"self":[{"href":"https:\/\/boskienasiona.pl\/en\/wp-json\/wp\/v2\/product\/19049","targetHints":{"allow":["GET"]}}],"collection":[{"href":"https:\/\/boskienasiona.pl\/en\/wp-json\/wp\/v2\/product"}],"about":[{"href":"https:\/\/boskienasiona.pl\/en\/wp-json\/wp\/v2\/types\/product"}],"replies":[{"embeddable":true,"href":"https:\/\/boskienasiona.pl\/en\/wp-json\/wp\/v2\/comments?post=19049"}],"version-history":[{"count":0,"href":"https:\/\/boskienasiona.pl\/en\/wp-json\/wp\/v2\/product\/19049\/revisions"}],"wp:featuredmedia":[{"embeddable":true,"href":"https:\/\/boskienasiona.pl\/en\/wp-json\/wp\/v2\/media\/19037"}],"wp:attachment":[{"href":"https:\/\/boskienasiona.pl\/en\/wp-json\/wp\/v2\/media?parent=19049"}],"wp:term":[{"taxonomy":"product_cat","embeddable":true,"href":"https:\/\/boskienasiona.pl\/en\/wp-json\/wp\/v2\/product_cat?post=19049"},{"taxonomy":"product_tag","embeddable":true,"href":"https:\/\/boskienasiona.pl\/en\/wp-json\/wp\/v2\/product_tag?post=19049"},{"taxonomy":"location","embeddable":true,"href":"https:\/\/boskienasiona.pl\/en\/wp-json\/wp\/v2\/location?post=19049"}],"curies":[{"name":"wp","href":"https:\/\/api.w.org\/{rel}","templated":true}]}}