{"id":19062,"date":"2025-02-01T16:46:44","date_gmt":"2025-02-01T15:46:44","guid":{"rendered":"https:\/\/boskienasiona.pl\/product\/nasiona-warzyw-pomidor-gruntowy-blackball-dekoracyjny-delikatny-w-smaku\/"},"modified":"2026-03-06T22:17:55","modified_gmt":"2026-03-06T21:17:55","slug":"nasiona-warzyw-pomidor-gruntowy-blackball-dekoracyjny-delikatny-w-smaku","status":"publish","type":"product","link":"https:\/\/boskienasiona.pl\/en\/produkt\/nasiona-warzyw-pomidor-gruntowy-blackball-dekoracyjny-delikatny-w-smaku\/","title":{"rendered":"Nasiona warzyw Pomidor gruntowy BLACKBALL DEKORACYJNY delikatny w smaku"},"content":{"rendered":"<section class=\"section\">\n<div class=\"item item-12\">\n<section class=\"text-item\">\n<h1>Nasiona warzyw Pomidor gruntowy BLACKBALL DEKORACYJNY delikatny w smaku<\/h1>\n<\/section><\/div>\n<\/section>\n<section class=\"section\">\n<div class=\"item item-6\">\n<section class=\"image-item\">\n            <img decoding=\"async\" src=\"https:\/\/upload.cdn.baselinker.com\/products\/3018170\/25082121d4579b1d89a0e31f27975088.png\" \/><br \/>\n        <\/section>\n<\/p><\/div>\n<div class=\"item item-6\">\n<section class=\"text-item\">\n<p><b>Pomidor BLACKBALL<\/b><\/p>\n<p>SOLANUM LYCOPERSICUM L.<\/p>\n<p>Nowa \u015bredniop\u00f3\u017ana odmiana firmy Moravo, przeznaczona do uprawy w gruncie jak i szklarni. Owoce o masie od 40 do 60 g z charakterystyczn\u0105 czarn\u0105 sk\u00f3rk\u0105. Pomidor wybarwia si\u0119 na ciemnoczerwono w okresie dojrzewania, w przekroju czerwony. Delikatny w smaku, idealnie sprawdzi si\u0119 do dekoracji potraw. Siew w II-III do inspektu lub w V wprost do gruntu. Wysadzanie rozsady w po\u0142. V. Zbi\u00f3r koniec VII-VIII.<\/p>\n<p><b>\u2705Siew inspekt:<\/b> II-III<\/p>\n<p><b>\u2705Siew grunt:<\/b> V<\/p>\n<p><b>\u2705Zbi\u00f3r:<\/b> VII-VIII<\/p>\n<p><b>\u2705Rozstawa:<\/b> 30-40\u00d750 cm<\/p>\n<\/section><\/div>\n<\/section>\n<section class=\"section\">\n<div class=\"item item-6\">\n<section class=\"image-item\">\n            <img decoding=\"async\" src=\"https:\/\/upload.cdn.baselinker.com\/products\/3018170\/8caaf2019c43fccec06baad6761823a6.png\" \/><br \/>\n        <\/section>\n<\/p><\/div>\n<div class=\"item item-6\">\n<section class=\"text-item\">\n<p><b>SPRAWDZONA JAKO\u015a\u0106 NASION<\/b><\/p>\n<p>Oferowane przez nas nasiona s\u0105 testowane w\u00a0<b>Laboratorium Oceny Nasion pod wzgl\u0119dem:<\/b><\/p>\n<p>\u2705<b>kie\u0142kowania<\/b><\/p>\n<p>\u2705<b>wilgotno\u015bci<\/b><\/p>\n<p>\u2705<b>czysto\u015bci ziarna<\/b><\/p>\n<p><b>Dzi\u0119ki czemu udost\u0119pniane nasiona s\u0105 \u015bci\u015ble wyselekcjonowane, tylko wysokiej klasy.<\/b><\/p>\n<p>Torebki zakupione na naszej aukcji s\u0105 w pe\u0142ni bezpieczne, posiadaj\u0105\u00a0<b>dat\u0119 wa\u017cno\u015bci i nr partii na opakowaniu.<\/b>\u00a0Gwarantujemy r\u00f3wnie\u017c jako\u015b\u0107 i oryginalno\u015b\u0107 produkt\u00f3w, poniewa\u017c s\u0105 nabywane bezpo\u015brednio od producenta.<\/p>\n<\/section><\/div>\n<\/section>\n<section class=\"section\">\n<div class=\"item item-12\">\n<section class=\"image-item\">\n            <img decoding=\"async\" src=\"https:\/\/upload.cdn.baselinker.com\/products\/3018170\/544fb8668e644ef4b802fac05908837e.png\" \/><br \/>\n        <\/section>\n<\/p><\/div>\n<\/section>\n<section class=\"section\">\n<div class=\"item item-12\">\n<section class=\"image-item\">\n            <img decoding=\"async\" src=\"https:\/\/upload.cdn.baselinker.com\/products\/3018170\/3c40ad999c969a6c6808b3194437f49e.jpg\" \/><br \/>\n        <\/section>\n<\/p><\/div>\n<\/section>\n","protected":false},"excerpt":{"rendered":"<p>Nasiona warzyw Pomidor gruntowy BLACKBALL DEKORACYJNY delikatny w smaku Pomidor BLACKBALL SOLANUM LYCOPERSICUM L. Nowa \u015bredniop\u00f3\u017ana odmiana firmy Moravo, przeznaczona do uprawy w gruncie jak i szklarni. Owoce o masie od 40 do 60 g z charakterystyczn\u0105 czarn\u0105 sk\u00f3rk\u0105. Pomidor wybarwia si\u0119 na ciemnoczerwono w okresie dojrzewania, w przekroju czerwony. Delikatny w smaku, idealnie sprawdzi&#8230;<\/p>\n","protected":false},"featured_media":19050,"comment_status":"open","ping_status":"closed","template":"","meta":{"inline_featured_image":false},"product_cat":[126,162],"product_tag":[],"location":[],"class_list":{"0":"post-19062","1":"product","2":"type-product","3":"status-publish","4":"has-post-thumbnail","6":"product_cat-nasiona-warzyw","7":"product_cat-nasiona","8":"nt-post-class","9":"","12":"excerpt-none","15":"first","16":"outofstock","17":"shipping-taxable","18":"purchasable","19":"product-type-simple"},"_links":{"self":[{"href":"https:\/\/boskienasiona.pl\/en\/wp-json\/wp\/v2\/product\/19062","targetHints":{"allow":["GET"]}}],"collection":[{"href":"https:\/\/boskienasiona.pl\/en\/wp-json\/wp\/v2\/product"}],"about":[{"href":"https:\/\/boskienasiona.pl\/en\/wp-json\/wp\/v2\/types\/product"}],"replies":[{"embeddable":true,"href":"https:\/\/boskienasiona.pl\/en\/wp-json\/wp\/v2\/comments?post=19062"}],"version-history":[{"count":0,"href":"https:\/\/boskienasiona.pl\/en\/wp-json\/wp\/v2\/product\/19062\/revisions"}],"wp:featuredmedia":[{"embeddable":true,"href":"https:\/\/boskienasiona.pl\/en\/wp-json\/wp\/v2\/media\/19050"}],"wp:attachment":[{"href":"https:\/\/boskienasiona.pl\/en\/wp-json\/wp\/v2\/media?parent=19062"}],"wp:term":[{"taxonomy":"product_cat","embeddable":true,"href":"https:\/\/boskienasiona.pl\/en\/wp-json\/wp\/v2\/product_cat?post=19062"},{"taxonomy":"product_tag","embeddable":true,"href":"https:\/\/boskienasiona.pl\/en\/wp-json\/wp\/v2\/product_tag?post=19062"},{"taxonomy":"location","embeddable":true,"href":"https:\/\/boskienasiona.pl\/en\/wp-json\/wp\/v2\/location?post=19062"}],"curies":[{"name":"wp","href":"https:\/\/api.w.org\/{rel}","templated":true}]}}