{"id":19069,"date":"2025-02-01T16:47:02","date_gmt":"2025-02-01T15:47:02","guid":{"rendered":"https:\/\/boskienasiona.pl\/product\/nasiona-warzyw-pietruszka-naciowa-festival-zimuje-w-gruncie\/"},"modified":"2026-04-19T06:15:54","modified_gmt":"2026-04-19T04:15:54","slug":"nasiona-warzyw-pietruszka-naciowa-festival-zimuje-w-gruncie","status":"publish","type":"product","link":"https:\/\/boskienasiona.pl\/en\/produkt\/nasiona-warzyw-pietruszka-naciowa-festival-zimuje-w-gruncie\/","title":{"rendered":"Nasiona warzyw PIETRUSZKA NACIOWA FESTIVAL ZIMUJE W GRUNCIE"},"content":{"rendered":"<section class=\"section\">\n<div class=\"item item-6\">\n<section class=\"image-item\">\n            <img decoding=\"async\" src=\"https:\/\/upload.cdn.baselinker.com\/products\/3018170\/9ec1447b86bce2d5e98e7ed72b3ca9ca.jpg\" \/><br \/>\n        <\/section>\n<\/p><\/div>\n<div class=\"item item-6\">\n<section class=\"text-item\">\n<p><b>Pietruszka li\u015bciowa\u00a0Festival\u00a068<\/b><\/p>\n<p>Odmiana plenna o\u00a0aromatycznych intensywnie zielonych g\u0142adkich li\u015bciach. Niezwykle zasobna w\u00a0witaminy A, C\u00a0i\u00a0B i\u00a0sole mineralne. Odporna na\u00a0\u017c\u00f3\u0142kni\u0119cie i\u00a0m\u0105czniaka prawdziwego. Odmiana dobrze zimuje w\u00a0gruncie. Na\u00a0zbi\u00f3r wiosenny wysiew nasion w\u00a0VII, na\u00a0zbi\u00f3r jesienny od\u00a0III do\u00a0V.<\/p>\n<\/section><\/div>\n<\/section>\n<section class=\"section\">\n<div class=\"item item-6\">\n<section class=\"image-item\">\n            <img decoding=\"async\" src=\"https:\/\/upload.cdn.baselinker.com\/products\/3018170\/9a930ff0e9f358669d1a90ec6f1abbfb.jpg\" \/><br \/>\n        <\/section>\n<\/p><\/div>\n<div class=\"item item-6\">\n<section class=\"text-item\">\n<p><b>SPRAWDZONA JAKO\u015a\u0106 NASION<\/b><\/p>\n<p>Oferowane przez nas nasiona s\u0105 testowane w\u00a0<b>Laboratorium Oceny Nasion pod wzgl\u0119dem:<\/b><\/p>\n<p>\u2705<b>kie\u0142kowania<\/b><\/p>\n<p>\u2705<b>wilgotno\u015bci<\/b><\/p>\n<p>\u2705<b>czysto\u015bci ziarna<\/b><\/p>\n<p><b>Dzi\u0119ki czemu udost\u0119pniane nasiona s\u0105 \u015bci\u015ble wyselekcjonowane, tylko wysokiej klasy.<\/b><\/p>\n<p>Torebki zakupione na naszej aukcji s\u0105 w pe\u0142ni bezpieczne, posiadaj\u0105\u00a0<b>dat\u0119 wa\u017cno\u015bci i nr partii na opakowaniu.<\/b>\u00a0Gwarantujemy r\u00f3wnie\u017c jako\u015b\u0107 i oryginalno\u015b\u0107 produkt\u00f3w, poniewa\u017c s\u0105 nabywane bezpo\u015brednio od producenta.<\/p>\n<\/section><\/div>\n<\/section>\n<section class=\"section\">\n<div class=\"item item-12\">\n<section class=\"image-item\">\n            <img decoding=\"async\" src=\"https:\/\/upload.cdn.baselinker.com\/products\/3018170\/f8f4342668e969d060194a982275fdea.jpg\" \/><br \/>\n        <\/section>\n<\/p><\/div>\n<\/section>\n","protected":false},"excerpt":{"rendered":"<p>Pietruszka li\u015bciowa\u00a0Festival\u00a068 Odmiana plenna o\u00a0aromatycznych intensywnie zielonych g\u0142adkich li\u015bciach. Niezwykle zasobna w\u00a0witaminy A, C\u00a0i\u00a0B i\u00a0sole mineralne. Odporna na\u00a0\u017c\u00f3\u0142kni\u0119cie i\u00a0m\u0105czniaka prawdziwego. Odmiana dobrze zimuje w\u00a0gruncie. Na\u00a0zbi\u00f3r wiosenny wysiew nasion w\u00a0VII, na\u00a0zbi\u00f3r jesienny od\u00a0III do\u00a0V. SPRAWDZONA JAKO\u015a\u0106 NASION Oferowane przez nas nasiona s\u0105 testowane w\u00a0Laboratorium Oceny Nasion pod wzgl\u0119dem: \u2705kie\u0142kowania \u2705wilgotno\u015bci \u2705czysto\u015bci ziarna Dzi\u0119ki czemu udost\u0119pniane nasiona&#8230;<\/p>\n","protected":false},"featured_media":19063,"comment_status":"open","ping_status":"closed","template":"","meta":{"inline_featured_image":false},"product_cat":[126,162],"product_tag":[],"location":[],"class_list":{"0":"post-19069","1":"product","2":"type-product","3":"status-publish","4":"has-post-thumbnail","6":"product_cat-nasiona-warzyw","7":"product_cat-nasiona","8":"nt-post-class","9":"","12":"excerpt-none","15":"first","16":"instock","17":"shipping-taxable","18":"purchasable","19":"product-type-simple"},"_links":{"self":[{"href":"https:\/\/boskienasiona.pl\/en\/wp-json\/wp\/v2\/product\/19069","targetHints":{"allow":["GET"]}}],"collection":[{"href":"https:\/\/boskienasiona.pl\/en\/wp-json\/wp\/v2\/product"}],"about":[{"href":"https:\/\/boskienasiona.pl\/en\/wp-json\/wp\/v2\/types\/product"}],"replies":[{"embeddable":true,"href":"https:\/\/boskienasiona.pl\/en\/wp-json\/wp\/v2\/comments?post=19069"}],"version-history":[{"count":0,"href":"https:\/\/boskienasiona.pl\/en\/wp-json\/wp\/v2\/product\/19069\/revisions"}],"wp:featuredmedia":[{"embeddable":true,"href":"https:\/\/boskienasiona.pl\/en\/wp-json\/wp\/v2\/media\/19063"}],"wp:attachment":[{"href":"https:\/\/boskienasiona.pl\/en\/wp-json\/wp\/v2\/media?parent=19069"}],"wp:term":[{"taxonomy":"product_cat","embeddable":true,"href":"https:\/\/boskienasiona.pl\/en\/wp-json\/wp\/v2\/product_cat?post=19069"},{"taxonomy":"product_tag","embeddable":true,"href":"https:\/\/boskienasiona.pl\/en\/wp-json\/wp\/v2\/product_tag?post=19069"},{"taxonomy":"location","embeddable":true,"href":"https:\/\/boskienasiona.pl\/en\/wp-json\/wp\/v2\/location?post=19069"}],"curies":[{"name":"wp","href":"https:\/\/api.w.org\/{rel}","templated":true}]}}