{"id":19076,"date":"2025-02-01T16:47:16","date_gmt":"2025-02-01T15:47:16","guid":{"rendered":"https:\/\/boskienasiona.pl\/product\/nasiona-warzyw-pietruszka-korzeniowa-konika-plenna\/"},"modified":"2026-04-19T14:17:03","modified_gmt":"2026-04-19T12:17:03","slug":"nasiona-warzyw-pietruszka-korzeniowa-konika-plenna","status":"publish","type":"product","link":"https:\/\/boskienasiona.pl\/en\/produkt\/nasiona-warzyw-pietruszka-korzeniowa-konika-plenna\/","title":{"rendered":"Nasiona warzyw Pietruszka korzeniowa Konika Plenna"},"content":{"rendered":"<section class=\"section\">\n<div class=\"item item-6\">\n<section class=\"image-item\"><img decoding=\"async\" src=\"https:\/\/upload.cdn.baselinker.com\/products\/3018170\/6fbc25f18bd65926bce980610988317e.jpg\"><\/section>\n<\/p><\/div>\n<div class=\"item item-6\">\n<section class=\"text-item\">\n<h1>Pietruszka korzeniowa\u00a0KONIKA\u00a0(\u015brednio wczesna)<\/h1>\n<p>Odmiana \u015brednio wczesna (okres wegetacji 160-170 dni), nadaj\u0105\u00a0si\u0119 na\u00a0wczesny zbi\u00f3r p\u0119czkowy, jak i\u00a0jesienny zbi\u00f3r korzeni do\u00a0przechowywania. Korzenie o\u00a0kszta\u0142cie szeroko sto\u017ckowym, \u015bredniej d\u0142ugo\u015bci 12-15 cm, o\u00a0g\u0142adkiej powierzchni. Mi\u0105\u017csz aromatyczny w\u00a0kolorze kremowo-bia\u0142ym. Wysiew na\u00a0g\u0142\u0119boko\u015b\u0107 1,5-2,5\u00a0cm od\u00a0po\u0142owy III do\u00a0po\u0142owy V.<\/p>\n<p>Wiosenny<\/p>\n<ul>\n<li><b>Siew:<\/b> \u00bd III &#8211; \u00bd V<\/li>\n<li><b>Zbi\u00f3r:<\/b> \u00bd VII &#8211; IX<\/li>\n<li><b>Rozstawa:<\/b> 3-4 x 20-40\u00a0cm<\/li>\n<\/ul>\n<\/section><\/div>\n<\/section>\n<section class=\"section\">\n<div class=\"item item-6\">\n<section class=\"image-item\"><img decoding=\"async\" src=\"https:\/\/upload.cdn.baselinker.com\/products\/3018170\/0962a34126c441355e1b1a49b51332fe.jpg\"><\/section>\n<\/p><\/div>\n<div class=\"item item-6\">\n<section class=\"text-item\">\n<p>Pietruszka\u00a0jest bardzo cz\u0119sto spotykana w wielu ogr\u00f3dkach. Jest popularnym i ch\u0119tnie uprawianym warzywem. Zawiera cenne witaminy oraz sk\u0142adniki mineralne. Jest przede wszystkim \u017ar\u00f3d\u0142em witaminy C, folian\u00f3w oraz beta-karotenu. Zawiera tak\u017ce wapno oraz \u017celazo. Doskonale wp\u0142ywa na stan nask\u00f3rka oraz narz\u0105d wzroku.<\/p>\n<p>Pietruszk\u0119 mo\u017cna uprawia\u0107 zar\u00f3wno w ogr\u00f3dku, jak i w domu, w wygodnym pojemniku. Dzi\u0119ki temu mo\u017cesz mie\u0107 pod r\u0119k\u0105 wysokiej jako\u015bci pietruszk\u0119, kt\u00f3ra nada aromatu niejednej potrawie. Pietruszk\u0119 mo\u017cna dodawa\u0107 do sa\u0142atek, sur\u00f3wek oraz zup.<\/p>\n<\/section><\/div>\n<\/section>\n<section class=\"section\">\n<div class=\"item item-6\">\n<section class=\"image-item\"><img decoding=\"async\" src=\"https:\/\/upload.cdn.baselinker.com\/products\/3018170\/afa482d647962ac2254ed46663d2bae2.jpg\"><\/section>\n<\/p><\/div>\n<div class=\"item item-6\">\n<section class=\"text-item\">\n<p><b>SPRAWDZONA JAKO\u015a\u0106 NASION<\/b><\/p>\n<p>Oferowane przez nas nasiona s\u0105 testowane w\u00a0<b>Laboratorium Oceny Nasion pod wzgl\u0119dem:<\/b><\/p>\n<p>\u2705<b>kie\u0142kowania<\/b><\/p>\n<p>\u2705<b>wilgotno\u015bci<\/b><\/p>\n<p>\u2705<b>czysto\u015bci ziarna<\/b><\/p>\n<p><b>Dzi\u0119ki czemu udost\u0119pniane nasiona s\u0105 \u015bci\u015ble wyselekcjonowane, tylko wysokiej klasy.<\/b><\/p>\n<p>Torebki zakupione na naszej aukcji s\u0105 w pe\u0142ni bezpieczne, posiadaj\u0105\u00a0<b>dat\u0119 wa\u017cno\u015bci i nr partii na opakowaniu.<\/b>\u00a0Gwarantujemy r\u00f3wnie\u017c jako\u015b\u0107 i oryginalno\u015b\u0107 produkt\u00f3w, poniewa\u017c s\u0105 nabywane bezpo\u015brednio od producenta.<\/p>\n<\/section><\/div>\n<\/section>\n","protected":false},"excerpt":{"rendered":"<p>Pietruszka korzeniowa\u00a0KONIKA\u00a0(\u015brednio wczesna) Odmiana \u015brednio wczesna (okres wegetacji 160-170 dni), nadaj\u0105\u00a0si\u0119 na\u00a0wczesny zbi\u00f3r p\u0119czkowy, jak i\u00a0jesienny zbi\u00f3r korzeni do\u00a0przechowywania. Korzenie o\u00a0kszta\u0142cie szeroko sto\u017ckowym, \u015bredniej d\u0142ugo\u015bci 12-15 cm, o\u00a0g\u0142adkiej powierzchni. Mi\u0105\u017csz aromatyczny w\u00a0kolorze kremowo-bia\u0142ym. Wysiew na\u00a0g\u0142\u0119boko\u015b\u0107 1,5-2,5\u00a0cm od\u00a0po\u0142owy III do\u00a0po\u0142owy V. Wiosenny Siew: \u00bd III &#8211; \u00bd V Zbi\u00f3r: \u00bd VII &#8211; IX Rozstawa: 3-4 x&#8230;<\/p>\n","protected":false},"featured_media":19070,"comment_status":"open","ping_status":"closed","template":"","meta":{"inline_featured_image":false},"product_cat":[126,162],"product_tag":[],"location":[],"class_list":{"0":"post-19076","1":"product","2":"type-product","3":"status-publish","4":"has-post-thumbnail","6":"product_cat-nasiona-warzyw","7":"product_cat-nasiona","8":"nt-post-class","9":"","12":"excerpt-none","15":"first","16":"instock","17":"shipping-taxable","18":"purchasable","19":"product-type-simple"},"_links":{"self":[{"href":"https:\/\/boskienasiona.pl\/en\/wp-json\/wp\/v2\/product\/19076","targetHints":{"allow":["GET"]}}],"collection":[{"href":"https:\/\/boskienasiona.pl\/en\/wp-json\/wp\/v2\/product"}],"about":[{"href":"https:\/\/boskienasiona.pl\/en\/wp-json\/wp\/v2\/types\/product"}],"replies":[{"embeddable":true,"href":"https:\/\/boskienasiona.pl\/en\/wp-json\/wp\/v2\/comments?post=19076"}],"version-history":[{"count":0,"href":"https:\/\/boskienasiona.pl\/en\/wp-json\/wp\/v2\/product\/19076\/revisions"}],"wp:featuredmedia":[{"embeddable":true,"href":"https:\/\/boskienasiona.pl\/en\/wp-json\/wp\/v2\/media\/19070"}],"wp:attachment":[{"href":"https:\/\/boskienasiona.pl\/en\/wp-json\/wp\/v2\/media?parent=19076"}],"wp:term":[{"taxonomy":"product_cat","embeddable":true,"href":"https:\/\/boskienasiona.pl\/en\/wp-json\/wp\/v2\/product_cat?post=19076"},{"taxonomy":"product_tag","embeddable":true,"href":"https:\/\/boskienasiona.pl\/en\/wp-json\/wp\/v2\/product_tag?post=19076"},{"taxonomy":"location","embeddable":true,"href":"https:\/\/boskienasiona.pl\/en\/wp-json\/wp\/v2\/location?post=19076"}],"curies":[{"name":"wp","href":"https:\/\/api.w.org\/{rel}","templated":true}]}}