{"id":19089,"date":"2025-02-01T16:47:49","date_gmt":"2025-02-01T15:47:49","guid":{"rendered":"https:\/\/boskienasiona.pl\/product\/nasiona-warzyw-papryka-ostra-habanero-yellow\/"},"modified":"2026-04-19T14:17:04","modified_gmt":"2026-04-19T12:17:04","slug":"nasiona-warzyw-papryka-ostra-habanero-yellow","status":"publish","type":"product","link":"https:\/\/boskienasiona.pl\/en\/produkt\/nasiona-warzyw-papryka-ostra-habanero-yellow\/","title":{"rendered":"Nasiona warzyw PAPRYKA OSTRA Habanero Yellow"},"content":{"rendered":"<section class=\"section\">\n<div class=\"item item-12\">\n<section class=\"text-item\">\n<h1>Nasiona warzyw PAPRYKA OSTRA Habanero Yellow<\/h1>\n<\/section><\/div>\n<\/section>\n<section class=\"section\">\n<div class=\"item item-6\">\n<section class=\"image-item\">\n            <img decoding=\"async\" src=\"https:\/\/upload.cdn.baselinker.com\/products\/3018170\/0ba8ae0bce04f08f88f07814477836a9.png\" \/><br \/>\n        <\/section>\n<\/p><\/div>\n<div class=\"item item-6\">\n<section class=\"text-item\">\n<p><b>Papryka ostra\u00a0Habanero\u00a0Yellow<\/b><\/p>\n<p>Capsicum chinense<\/p>\n<p>Odmiana o\u00a0wyj\u0105tkowo pikantnym smaku i\u00a0g\u0142\u0119boko \u017c\u00f3\u0142tej barwie, bardzo plenna o\u00a0bujnym wzro\u015bcie i\u00a0zwartym pokroju (300\u00a0000 w\u00a0skali ostro\u015bci Scoville\u2019a). Jej\u00a0owoce maj\u0105 cienkie \u015bcianki, s\u0105 okr\u0105g\u0142e, lekko pomarszczone i\u00a0osi\u0105gaj\u0105 d\u0142ugo\u015b\u0107 do\u00a07 cm. Wysiew nasion pod\u00a0ogrzewane os\u0142ony II-III, wysadza\u0107 do\u00a0gruntu w\u00a0drugiej po\u0142owie maja w\u00a0rozstawie 40&#215;40 cm.<\/p>\n<ul>\n<li><b>Siew:<\/b> II\u2013III<\/li>\n<li><b>Zbi\u00f3r:<\/b> IX\u2013X<\/li>\n<li><b>Rozstawa:<\/b> 40&#215;40 cm<\/li>\n<\/ul>\n<\/section><\/div>\n<\/section>\n<section class=\"section\">\n<div class=\"item item-6\">\n<section class=\"image-item\">\n            <img decoding=\"async\" src=\"https:\/\/upload.cdn.baselinker.com\/products\/3018170\/02cfde79a15ba6043e487abce4ebcd14.png\" \/><br \/>\n        <\/section>\n<\/p><\/div>\n<div class=\"item item-6\">\n<section class=\"text-item\">\n<p><b>SPRAWDZONA JAKO\u015a\u0106 NASION<\/b><\/p>\n<p>Oferowane przez nas nasiona s\u0105 testowane w\u00a0<b>Laboratorium Oceny Nasion pod wzgl\u0119dem:<\/b><\/p>\n<p>\u2705<b>kie\u0142kowania<\/b><\/p>\n<p>\u2705<b>wilgotno\u015bci<\/b><\/p>\n<p>\u2705<b>czysto\u015bci ziarna<\/b><\/p>\n<p><b>Dzi\u0119ki czemu udost\u0119pniane nasiona s\u0105 \u015bci\u015ble wyselekcjonowane, tylko wysokiej klasy.<\/b><\/p>\n<p>Torebki zakupione na naszej aukcji s\u0105 w pe\u0142ni bezpieczne, posiadaj\u0105\u00a0<b>dat\u0119 wa\u017cno\u015bci i nr partii na opakowaniu.<\/b>\u00a0Gwarantujemy r\u00f3wnie\u017c jako\u015b\u0107 i oryginalno\u015b\u0107 produkt\u00f3w, poniewa\u017c s\u0105 nabywane bezpo\u015brednio od producenta.<\/p>\n<\/section><\/div>\n<\/section>\n<section class=\"section\">\n<div class=\"item item-6\">\n<section class=\"image-item\">\n            <img decoding=\"async\" src=\"https:\/\/upload.cdn.baselinker.com\/products\/3018170\/21ca394dca7c4912ca0b88ed7a8dfbc2.jpg\" \/><br \/>\n        <\/section>\n<\/p><\/div>\n<div class=\"item item-6\">\n<section class=\"image-item\">\n            <img decoding=\"async\" src=\"https:\/\/upload.cdn.baselinker.com\/products\/3018170\/59d285e32f0a089e79bcfed5eb68138e.jpg\" \/><br \/>\n        <\/section>\n<\/p><\/div>\n<\/section>\n","protected":false},"excerpt":{"rendered":"<p>Nasiona warzyw PAPRYKA OSTRA Habanero Yellow Papryka ostra\u00a0Habanero\u00a0Yellow Capsicum chinense Odmiana o\u00a0wyj\u0105tkowo pikantnym smaku i\u00a0g\u0142\u0119boko \u017c\u00f3\u0142tej barwie, bardzo plenna o\u00a0bujnym wzro\u015bcie i\u00a0zwartym pokroju (300\u00a0000 w\u00a0skali ostro\u015bci Scoville\u2019a). Jej\u00a0owoce maj\u0105 cienkie \u015bcianki, s\u0105 okr\u0105g\u0142e, lekko pomarszczone i\u00a0osi\u0105gaj\u0105 d\u0142ugo\u015b\u0107 do\u00a07 cm. Wysiew nasion pod\u00a0ogrzewane os\u0142ony II-III, wysadza\u0107 do\u00a0gruntu w\u00a0drugiej po\u0142owie maja w\u00a0rozstawie 40&#215;40 cm. Siew: II\u2013III Zbi\u00f3r:&#8230;<\/p>\n","protected":false},"featured_media":19077,"comment_status":"open","ping_status":"closed","template":"","meta":{"inline_featured_image":false},"product_cat":[126,162,188],"product_tag":[],"location":[],"class_list":{"0":"post-19089","1":"product","2":"type-product","3":"status-publish","4":"has-post-thumbnail","6":"product_cat-nasiona-warzyw","7":"product_cat-nasiona","8":"product_cat-nasiona-papryki","9":"nt-post-class","10":"","13":"excerpt-none","16":"first","17":"instock","18":"shipping-taxable","19":"purchasable","20":"product-type-simple"},"_links":{"self":[{"href":"https:\/\/boskienasiona.pl\/en\/wp-json\/wp\/v2\/product\/19089","targetHints":{"allow":["GET"]}}],"collection":[{"href":"https:\/\/boskienasiona.pl\/en\/wp-json\/wp\/v2\/product"}],"about":[{"href":"https:\/\/boskienasiona.pl\/en\/wp-json\/wp\/v2\/types\/product"}],"replies":[{"embeddable":true,"href":"https:\/\/boskienasiona.pl\/en\/wp-json\/wp\/v2\/comments?post=19089"}],"version-history":[{"count":1,"href":"https:\/\/boskienasiona.pl\/en\/wp-json\/wp\/v2\/product\/19089\/revisions"}],"predecessor-version":[{"id":22641,"href":"https:\/\/boskienasiona.pl\/en\/wp-json\/wp\/v2\/product\/19089\/revisions\/22641"}],"wp:featuredmedia":[{"embeddable":true,"href":"https:\/\/boskienasiona.pl\/en\/wp-json\/wp\/v2\/media\/19077"}],"wp:attachment":[{"href":"https:\/\/boskienasiona.pl\/en\/wp-json\/wp\/v2\/media?parent=19089"}],"wp:term":[{"taxonomy":"product_cat","embeddable":true,"href":"https:\/\/boskienasiona.pl\/en\/wp-json\/wp\/v2\/product_cat?post=19089"},{"taxonomy":"product_tag","embeddable":true,"href":"https:\/\/boskienasiona.pl\/en\/wp-json\/wp\/v2\/product_tag?post=19089"},{"taxonomy":"location","embeddable":true,"href":"https:\/\/boskienasiona.pl\/en\/wp-json\/wp\/v2\/location?post=19089"}],"curies":[{"name":"wp","href":"https:\/\/api.w.org\/{rel}","templated":true}]}}