{"id":19102,"date":"2025-02-01T16:48:23","date_gmt":"2025-02-01T15:48:23","guid":{"rendered":"https:\/\/boskienasiona.pl\/product\/nasiona-warzyw-papryka-ostra-habanero-ostrosci-w-skali-scavillea-300-000\/"},"modified":"2026-04-19T14:17:05","modified_gmt":"2026-04-19T12:17:05","slug":"nasiona-warzyw-papryka-ostra-habanero-ostrosci-w-skali-scavillea-300-000","status":"publish","type":"product","link":"https:\/\/boskienasiona.pl\/en\/produkt\/nasiona-warzyw-papryka-ostra-habanero-ostrosci-w-skali-scavillea-300-000\/","title":{"rendered":"Nasiona warzyw PAPRYKA OSTRA Habanero ostro\u015bci w skali Scaville\u2019a  300 000"},"content":{"rendered":"<section class=\"section\">\n<div class=\"item item-12\">\n<section class=\"text-item\">\n<h1>Nasiona warzyw PAPRYKA OSTRA Habanero ostro\u015bci w skali Scaville\u2019a \u00a0300 000<\/h1>\n<\/section><\/div>\n<\/section>\n<section class=\"section\">\n<div class=\"item item-6\">\n<section class=\"image-item\">\n            <img decoding=\"async\" src=\"https:\/\/upload.cdn.baselinker.com\/products\/3018170\/d28241e6a54dc1ac9a7e6b56e7833e2c.png\" \/><br \/>\n        <\/section>\n<\/p><\/div>\n<div class=\"item item-6\">\n<section class=\"text-item\">\n<p><b>Papryka ostra\u00a0Habanero\u00a0Red<\/b><\/p>\n<p>Capsicum chinense<\/p>\n<p>Odmiana \u015brednio p\u00f3\u017ana, \u00a0bardzo ostra w\u00a0smaku (300\u00a0000 w\u00a0skali ostro\u015bci Scaville\u2019a). Cechuje\u00a0si\u0119 ma\u0142ymi czerwonymi owocami i\u00a0wysok\u0105 plenno\u015bci\u0105. Z\u00a0uwagi na\u00a0bardzo ostry smak niepolecana do\u00a0spo\u017cywania w\u00a0postaci surowej. Sprawdzi\u00a0si\u0119 jako dodatek do\u00a0marynat mi\u0119snych, czy\u00a0olejk\u00f3w przyprawowych. Wysiew nasion II-III, siewki pikowa\u0107 do\u00a0doniczek wielko\u015bci 8-10 cm, wysadza\u0107 do\u00a0gruntu w\u00a0drugiej po\u0142owie maja w\u00a0rozstawie 40&#215;40 cm.<\/p>\n<ul>\n<li><b>Siew:<\/b> II\u2013III<\/li>\n<li><b>Zbi\u00f3r:<\/b> IX-X<\/li>\n<li><b>Rozstawa:<\/b> 40&#215;40 cm<\/li>\n<\/ul>\n<\/section><\/div>\n<\/section>\n<section class=\"section\">\n<div class=\"item item-6\">\n<section class=\"image-item\">\n            <img decoding=\"async\" src=\"https:\/\/upload.cdn.baselinker.com\/products\/3018170\/a906792f041a1c71bb477b0d0eb9b3d0.png\" \/><br \/>\n        <\/section>\n<\/p><\/div>\n<div class=\"item item-6\">\n<section class=\"text-item\">\n<p><b>SPRAWDZONA JAKO\u015a\u0106 NASION<\/b><\/p>\n<p>Oferowane przez nas nasiona s\u0105 testowane w\u00a0<b>Laboratorium Oceny Nasion pod wzgl\u0119dem:<\/b><\/p>\n<p>\u2705<b>kie\u0142kowania<\/b><\/p>\n<p>\u2705<b>wilgotno\u015bci<\/b><\/p>\n<p>\u2705<b>czysto\u015bci ziarna<\/b><\/p>\n<p><b>Dzi\u0119ki czemu udost\u0119pniane nasiona s\u0105 \u015bci\u015ble wyselekcjonowane, tylko wysokiej klasy.<\/b><\/p>\n<p>Torebki zakupione na naszej aukcji s\u0105 w pe\u0142ni bezpieczne, posiadaj\u0105\u00a0<b>dat\u0119 wa\u017cno\u015bci i nr partii na opakowaniu.<\/b>\u00a0Gwarantujemy r\u00f3wnie\u017c jako\u015b\u0107 i oryginalno\u015b\u0107 produkt\u00f3w, poniewa\u017c s\u0105 nabywane bezpo\u015brednio od producenta.<\/p>\n<\/section><\/div>\n<\/section>\n<section class=\"section\">\n<div class=\"item item-12\">\n<section class=\"image-item\">\n            <img decoding=\"async\" src=\"https:\/\/upload.cdn.baselinker.com\/products\/3018170\/6a5a968e9e6b5306ad76cc1732cd0a1e.png\" \/><br \/>\n        <\/section>\n<\/p><\/div>\n<\/section>\n<section class=\"section\">\n<div class=\"item item-12\">\n<section class=\"image-item\">\n            <img decoding=\"async\" src=\"https:\/\/upload.cdn.baselinker.com\/products\/3018170\/1efc57049a5d31c8552dd358f352761c.jpg\" \/><br \/>\n        <\/section>\n<\/p><\/div>\n<\/section>\n","protected":false},"excerpt":{"rendered":"<p>Nasiona warzyw PAPRYKA OSTRA Habanero ostro\u015bci w skali Scaville\u2019a \u00a0300 000 Papryka ostra\u00a0Habanero\u00a0Red Capsicum chinense Odmiana \u015brednio p\u00f3\u017ana, \u00a0bardzo ostra w\u00a0smaku (300\u00a0000 w\u00a0skali ostro\u015bci Scaville\u2019a). Cechuje\u00a0si\u0119 ma\u0142ymi czerwonymi owocami i\u00a0wysok\u0105 plenno\u015bci\u0105. Z\u00a0uwagi na\u00a0bardzo ostry smak niepolecana do\u00a0spo\u017cywania w\u00a0postaci surowej. Sprawdzi\u00a0si\u0119 jako dodatek do\u00a0marynat mi\u0119snych, czy\u00a0olejk\u00f3w przyprawowych. Wysiew nasion II-III, siewki pikowa\u0107 do\u00a0doniczek wielko\u015bci 8-10 cm,&#8230;<\/p>\n","protected":false},"featured_media":19090,"comment_status":"open","ping_status":"closed","template":"","meta":{"inline_featured_image":false},"product_cat":[126,162,188],"product_tag":[],"location":[],"class_list":{"0":"post-19102","1":"product","2":"type-product","3":"status-publish","4":"has-post-thumbnail","6":"product_cat-nasiona-warzyw","7":"product_cat-nasiona","8":"product_cat-nasiona-papryki","9":"nt-post-class","10":"","13":"excerpt-none","16":"first","17":"instock","18":"shipping-taxable","19":"purchasable","20":"product-type-simple"},"_links":{"self":[{"href":"https:\/\/boskienasiona.pl\/en\/wp-json\/wp\/v2\/product\/19102","targetHints":{"allow":["GET"]}}],"collection":[{"href":"https:\/\/boskienasiona.pl\/en\/wp-json\/wp\/v2\/product"}],"about":[{"href":"https:\/\/boskienasiona.pl\/en\/wp-json\/wp\/v2\/types\/product"}],"replies":[{"embeddable":true,"href":"https:\/\/boskienasiona.pl\/en\/wp-json\/wp\/v2\/comments?post=19102"}],"version-history":[{"count":1,"href":"https:\/\/boskienasiona.pl\/en\/wp-json\/wp\/v2\/product\/19102\/revisions"}],"predecessor-version":[{"id":22640,"href":"https:\/\/boskienasiona.pl\/en\/wp-json\/wp\/v2\/product\/19102\/revisions\/22640"}],"wp:featuredmedia":[{"embeddable":true,"href":"https:\/\/boskienasiona.pl\/en\/wp-json\/wp\/v2\/media\/19090"}],"wp:attachment":[{"href":"https:\/\/boskienasiona.pl\/en\/wp-json\/wp\/v2\/media?parent=19102"}],"wp:term":[{"taxonomy":"product_cat","embeddable":true,"href":"https:\/\/boskienasiona.pl\/en\/wp-json\/wp\/v2\/product_cat?post=19102"},{"taxonomy":"product_tag","embeddable":true,"href":"https:\/\/boskienasiona.pl\/en\/wp-json\/wp\/v2\/product_tag?post=19102"},{"taxonomy":"location","embeddable":true,"href":"https:\/\/boskienasiona.pl\/en\/wp-json\/wp\/v2\/location?post=19102"}],"curies":[{"name":"wp","href":"https:\/\/api.w.org\/{rel}","templated":true}]}}