{"id":19113,"date":"2025-02-01T16:48:50","date_gmt":"2025-02-01T15:48:50","guid":{"rendered":"https:\/\/boskienasiona.pl\/product\/nasiona-warzyw-pasternak-do-konserwowania-plenny-odporny-i-latwy-w-uprawie\/"},"modified":"2026-04-19T14:17:06","modified_gmt":"2026-04-19T12:17:06","slug":"nasiona-warzyw-pasternak-do-konserwowania-plenny-odporny-i-latwy-w-uprawie","status":"publish","type":"product","link":"https:\/\/boskienasiona.pl\/en\/produkt\/nasiona-warzyw-pasternak-do-konserwowania-plenny-odporny-i-latwy-w-uprawie\/","title":{"rendered":"Nasiona warzyw Pasternak do konserwowania Plenny odporny i \u0142atwy w uprawie"},"content":{"rendered":"<section class=\"section\">\n<div class=\"item item-12\">\n<section class=\"text-item\">\n<h1>Nasiona warzyw Pasternak do konserwowania Plenny odporny i \u0142atwy w uprawie<\/h1>\n<\/section><\/div>\n<\/section>\n<section class=\"section\">\n<div class=\"item item-6\">\n<section class=\"image-item\">\n            <img decoding=\"async\" src=\"https:\/\/upload.cdn.baselinker.com\/products\/3018170\/8369a0b39744b60a828e3a48f2e02007.png\" \/><br \/>\n        <\/section>\n<\/p><\/div>\n<div class=\"item item-6\">\n<section class=\"text-item\">\n<p><b>Pasternak (p\u00f3\u017any)<\/b><\/p>\n<p>Odmiana p\u00f3\u017ana, bardzo plenna. Doskona\u0142a na\u00a0\u015bwie\u017cy rynek, do\u00a0konserwowania, trwa\u0142a w\u00a0przechowywaniu. Uprawa \u0142atwa i\u00a0szybka. Odporny na\u00a0choroby. Korze\u0144 d\u0142ugi, gruby, mi\u0105\u017csz bia\u0142y, aromatyczny. Zast\u0119puje pietruszk\u0105.<\/p>\n<ul>\n<li><b>Waga:<\/b> 5 g<\/li>\n<li><b>Siew:<\/b> III-IV<\/li>\n<li><b>Zbi\u00f3r:<\/b> IX-XI<\/li>\n<\/ul>\n<\/section><\/div>\n<\/section>\n<section class=\"section\">\n<div class=\"item item-6\">\n<section class=\"image-item\">\n            <img decoding=\"async\" src=\"https:\/\/upload.cdn.baselinker.com\/products\/3018170\/8917bf4687c9178fd2a36e351eca3292.png\" \/><br \/>\n        <\/section>\n<\/p><\/div>\n<div class=\"item item-6\">\n<section class=\"text-item\">\n<p><b>SPRAWDZONA JAKO\u015a\u0106 NASION<\/b><\/p>\n<p>Oferowane przez nas nasiona s\u0105 testowane w\u00a0<b>Laboratorium Oceny Nasion pod wzgl\u0119dem:<\/b><\/p>\n<p>\u2705<b>kie\u0142kowania<\/b><\/p>\n<p>\u2705<b>wilgotno\u015bci<\/b><\/p>\n<p>\u2705<b>czysto\u015bci ziarna<\/b><\/p>\n<p><b>Dzi\u0119ki czemu udost\u0119pniane nasiona s\u0105 \u015bci\u015ble wyselekcjonowane, tylko wysokiej klasy.<\/b><\/p>\n<p>Torebki zakupione na naszej aukcji s\u0105 w pe\u0142ni bezpieczne, posiadaj\u0105\u00a0<b>dat\u0119 wa\u017cno\u015bci i nr partii na opakowaniu.<\/b>\u00a0Gwarantujemy r\u00f3wnie\u017c jako\u015b\u0107 i oryginalno\u015b\u0107 produkt\u00f3w, poniewa\u017c s\u0105 nabywane bezpo\u015brednio od producenta.<\/p>\n<\/section><\/div>\n<\/section>\n<section class=\"section\">\n<div class=\"item item-12\">\n<section class=\"image-item\">\n            <img decoding=\"async\" src=\"https:\/\/upload.cdn.baselinker.com\/products\/3018170\/05c30c51140cd13ac975942a5385233c.jpg\" \/><br \/>\n        <\/section>\n<\/p><\/div>\n<\/section>\n","protected":false},"excerpt":{"rendered":"<p>Nasiona warzyw Pasternak do konserwowania Plenny odporny i \u0142atwy w uprawie Pasternak (p\u00f3\u017any) Odmiana p\u00f3\u017ana, bardzo plenna. Doskona\u0142a na\u00a0\u015bwie\u017cy rynek, do\u00a0konserwowania, trwa\u0142a w\u00a0przechowywaniu. Uprawa \u0142atwa i\u00a0szybka. Odporny na\u00a0choroby. Korze\u0144 d\u0142ugi, gruby, mi\u0105\u017csz bia\u0142y, aromatyczny. Zast\u0119puje pietruszk\u0105. Waga: 5 g Siew: III-IV Zbi\u00f3r: IX-XI SPRAWDZONA JAKO\u015a\u0106 NASION Oferowane przez nas nasiona s\u0105 testowane w\u00a0Laboratorium Oceny Nasion&#8230;<\/p>\n","protected":false},"featured_media":19103,"comment_status":"open","ping_status":"closed","template":"","meta":{"inline_featured_image":false},"product_cat":[126,162,182],"product_tag":[],"location":[],"class_list":{"0":"post-19113","1":"product","2":"type-product","3":"status-publish","4":"has-post-thumbnail","6":"product_cat-nasiona-warzyw","7":"product_cat-nasiona","8":"product_cat-nasiona-kwiaty-doniczkowe","9":"nt-post-class","10":"","13":"excerpt-none","16":"first","17":"instock","18":"shipping-taxable","19":"purchasable","20":"product-type-simple"},"_links":{"self":[{"href":"https:\/\/boskienasiona.pl\/en\/wp-json\/wp\/v2\/product\/19113","targetHints":{"allow":["GET"]}}],"collection":[{"href":"https:\/\/boskienasiona.pl\/en\/wp-json\/wp\/v2\/product"}],"about":[{"href":"https:\/\/boskienasiona.pl\/en\/wp-json\/wp\/v2\/types\/product"}],"replies":[{"embeddable":true,"href":"https:\/\/boskienasiona.pl\/en\/wp-json\/wp\/v2\/comments?post=19113"}],"version-history":[{"count":1,"href":"https:\/\/boskienasiona.pl\/en\/wp-json\/wp\/v2\/product\/19113\/revisions"}],"predecessor-version":[{"id":22526,"href":"https:\/\/boskienasiona.pl\/en\/wp-json\/wp\/v2\/product\/19113\/revisions\/22526"}],"wp:featuredmedia":[{"embeddable":true,"href":"https:\/\/boskienasiona.pl\/en\/wp-json\/wp\/v2\/media\/19103"}],"wp:attachment":[{"href":"https:\/\/boskienasiona.pl\/en\/wp-json\/wp\/v2\/media?parent=19113"}],"wp:term":[{"taxonomy":"product_cat","embeddable":true,"href":"https:\/\/boskienasiona.pl\/en\/wp-json\/wp\/v2\/product_cat?post=19113"},{"taxonomy":"product_tag","embeddable":true,"href":"https:\/\/boskienasiona.pl\/en\/wp-json\/wp\/v2\/product_tag?post=19113"},{"taxonomy":"location","embeddable":true,"href":"https:\/\/boskienasiona.pl\/en\/wp-json\/wp\/v2\/location?post=19113"}],"curies":[{"name":"wp","href":"https:\/\/api.w.org\/{rel}","templated":true}]}}