{"id":19134,"date":"2025-02-01T16:49:46","date_gmt":"2025-02-01T15:49:46","guid":{"rendered":"https:\/\/boskienasiona.pl\/product\/nasiona-warzyw-papryka-chili-de-cayenne-bardzo-ostra\/"},"modified":"2026-04-18T06:15:55","modified_gmt":"2026-04-18T04:15:55","slug":"nasiona-warzyw-papryka-chili-de-cayenne-bardzo-ostra","status":"publish","type":"product","link":"https:\/\/boskienasiona.pl\/en\/produkt\/nasiona-warzyw-papryka-chili-de-cayenne-bardzo-ostra\/","title":{"rendered":"Nasiona warzyw Papryka chili De Cayenne Bardzo Ostra"},"content":{"rendered":"<section class=\"section\">\n<div class=\"item item-12\">\n<section class=\"text-item\">\n<h1>Nasiona warzyw Papryka chili De Cayenne Bardzo Ostra<\/h1>\n<\/section><\/div>\n<\/section>\n<section class=\"section\">\n<div class=\"item item-6\">\n<section class=\"image-item\">\n            <img decoding=\"async\" src=\"https:\/\/upload.cdn.baselinker.com\/products\/3018170\/03b2ebd971b473d777bf52fa6b8fc201.png\" \/><br \/>\n        <\/section>\n<\/p><\/div>\n<div class=\"item item-6\">\n<section class=\"text-item\">\n<p><b>Papryka ostra De\u00a0Cayenne\u00a0(Typu chili)<\/b><\/p>\n<p>Capsicum annuum L.<\/p>\n<p>Odmiana o\u00a0ostrym smaku. Wyd\u0142u\u017cone owoce w\u00a0kolorze czerwonym zawieraj\u0105 du\u017co wit. C, likopenu i\u00a0kapsaicyny nadaj\u0105cej owocom pikantny smak. Polecana do\u00a0uprawy w\u00a0gruncie i\u00a0pod\u00a0os\u0142onami. Wysiew do\u00a0skrzynek pod\u00a0os\u0142onami w\u00a0po\u0142owie marca. W\u00a0temp. 18-20\u00b0C wschody nast\u0119puj\u0105 po\u00a010-14 dniach. Wysiewa\u0107 do\u00a0gruntu w\u00a0ko\u0144cu maja. Sadzi\u0107 nale\u017cy w\u00a0gruncie w\u00a0miejscach nas\u0142onecznionych, zacisznych, na\u00a0glebie pr\u00f3chniczej.<\/p>\n<ul>\n<li><b>Siew:<\/b> \u00bd III\u2013V<\/li>\n<li><b>Zbi\u00f3r:<\/b> VIII\u2013IX<\/li>\n<li><b>Rozstawa:<\/b> 40&#215;40 cm<\/li>\n<\/ul>\n<\/section><\/div>\n<\/section>\n<section class=\"section\">\n<div class=\"item item-6\">\n<section class=\"image-item\">\n            <img decoding=\"async\" src=\"https:\/\/upload.cdn.baselinker.com\/products\/3018170\/c398516598562607b4750d1c17610d54.png\" \/><br \/>\n        <\/section>\n<\/p><\/div>\n<div class=\"item item-6\">\n<section class=\"text-item\">\n<p><b>SPRAWDZONA JAKO\u015a\u0106 NASION<\/b><\/p>\n<p>Oferowane przez nas nasiona s\u0105 testowane w\u00a0<b>Laboratorium Oceny Nasion pod wzgl\u0119dem:<\/b><\/p>\n<p>\u2705<b>kie\u0142kowania<\/b><\/p>\n<p>\u2705<b>wilgotno\u015bci<\/b><\/p>\n<p>\u2705<b>czysto\u015bci ziarna<\/b><\/p>\n<p><b>Dzi\u0119ki czemu udost\u0119pniane nasiona s\u0105 \u015bci\u015ble wyselekcjonowane, tylko wysokiej klasy.<\/b><\/p>\n<p>Torebki zakupione na naszej aukcji s\u0105 w pe\u0142ni bezpieczne, posiadaj\u0105\u00a0<b>dat\u0119 wa\u017cno\u015bci i nr partii na opakowaniu.<\/b>\u00a0Gwarantujemy r\u00f3wnie\u017c jako\u015b\u0107 i oryginalno\u015b\u0107 produkt\u00f3w, poniewa\u017c s\u0105 nabywane bezpo\u015brednio od producenta.<\/p>\n<\/section><\/div>\n<\/section>\n<section class=\"section\">\n<div class=\"item item-12\">\n<section class=\"image-item\">\n            <img decoding=\"async\" src=\"https:\/\/upload.cdn.baselinker.com\/products\/3018170\/213ef1065fa57d34484ecebec2bac0d3.png\" \/><br \/>\n        <\/section>\n<\/p><\/div>\n<\/section>\n<section class=\"section\">\n<div class=\"item item-12\">\n<section class=\"image-item\">\n            <img decoding=\"async\" src=\"https:\/\/upload.cdn.baselinker.com\/products\/3018170\/8244428ce2e5b3cda34d7a4aeec2c60a.png\" \/><br \/>\n        <\/section>\n<\/p><\/div>\n<\/section>\n<section class=\"section\">\n<div class=\"item item-12\">\n<section class=\"image-item\">\n            <img decoding=\"async\" src=\"https:\/\/upload.cdn.baselinker.com\/products\/3018170\/bf3a86536b8a5f765bb324b8daff04a1.png\" \/><br \/>\n        <\/section>\n<\/p><\/div>\n<\/section>\n","protected":false},"excerpt":{"rendered":"<p>Nasiona warzyw Papryka chili De Cayenne Bardzo Ostra Papryka ostra De\u00a0Cayenne\u00a0(Typu chili) Capsicum annuum L. Odmiana o\u00a0ostrym smaku. Wyd\u0142u\u017cone owoce w\u00a0kolorze czerwonym zawieraj\u0105 du\u017co wit. C, likopenu i\u00a0kapsaicyny nadaj\u0105cej owocom pikantny smak. Polecana do\u00a0uprawy w\u00a0gruncie i\u00a0pod\u00a0os\u0142onami. Wysiew do\u00a0skrzynek pod\u00a0os\u0142onami w\u00a0po\u0142owie marca. W\u00a0temp. 18-20\u00b0C wschody nast\u0119puj\u0105 po\u00a010-14 dniach. Wysiewa\u0107 do\u00a0gruntu w\u00a0ko\u0144cu maja. Sadzi\u0107 nale\u017cy w\u00a0gruncie w\u00a0miejscach&#8230;<\/p>\n","protected":false},"featured_media":19114,"comment_status":"open","ping_status":"closed","template":"","meta":{"inline_featured_image":false},"product_cat":[126,162,188],"product_tag":[],"location":[],"class_list":{"0":"post-19134","1":"product","2":"type-product","3":"status-publish","4":"has-post-thumbnail","6":"product_cat-nasiona-warzyw","7":"product_cat-nasiona","8":"product_cat-nasiona-papryki","9":"nt-post-class","10":"","13":"excerpt-none","16":"first","17":"instock","18":"shipping-taxable","19":"purchasable","20":"product-type-simple"},"_links":{"self":[{"href":"https:\/\/boskienasiona.pl\/en\/wp-json\/wp\/v2\/product\/19134","targetHints":{"allow":["GET"]}}],"collection":[{"href":"https:\/\/boskienasiona.pl\/en\/wp-json\/wp\/v2\/product"}],"about":[{"href":"https:\/\/boskienasiona.pl\/en\/wp-json\/wp\/v2\/types\/product"}],"replies":[{"embeddable":true,"href":"https:\/\/boskienasiona.pl\/en\/wp-json\/wp\/v2\/comments?post=19134"}],"version-history":[{"count":1,"href":"https:\/\/boskienasiona.pl\/en\/wp-json\/wp\/v2\/product\/19134\/revisions"}],"predecessor-version":[{"id":22639,"href":"https:\/\/boskienasiona.pl\/en\/wp-json\/wp\/v2\/product\/19134\/revisions\/22639"}],"wp:featuredmedia":[{"embeddable":true,"href":"https:\/\/boskienasiona.pl\/en\/wp-json\/wp\/v2\/media\/19114"}],"wp:attachment":[{"href":"https:\/\/boskienasiona.pl\/en\/wp-json\/wp\/v2\/media?parent=19134"}],"wp:term":[{"taxonomy":"product_cat","embeddable":true,"href":"https:\/\/boskienasiona.pl\/en\/wp-json\/wp\/v2\/product_cat?post=19134"},{"taxonomy":"product_tag","embeddable":true,"href":"https:\/\/boskienasiona.pl\/en\/wp-json\/wp\/v2\/product_tag?post=19134"},{"taxonomy":"location","embeddable":true,"href":"https:\/\/boskienasiona.pl\/en\/wp-json\/wp\/v2\/location?post=19134"}],"curies":[{"name":"wp","href":"https:\/\/api.w.org\/{rel}","templated":true}]}}