{"id":19153,"date":"2025-02-01T16:50:42","date_gmt":"2025-02-01T15:50:42","guid":{"rendered":"https:\/\/boskienasiona.pl\/product\/nasiona-warzyw-ogorek-octopus-na-przetwory-plenny-odporny-na-zarazy\/"},"modified":"2026-01-24T01:21:13","modified_gmt":"2026-01-24T00:21:13","slug":"nasiona-warzyw-ogorek-octopus-na-przetwory-plenny-odporny-na-zarazy","status":"publish","type":"product","link":"https:\/\/boskienasiona.pl\/en\/produkt\/nasiona-warzyw-ogorek-octopus-na-przetwory-plenny-odporny-na-zarazy\/","title":{"rendered":"Nasiona warzyw Og\u00f3rek Octopus na przetwory PLENNY ODPORNY NA ZARAZY"},"content":{"rendered":"<section class=\"section\">\n<div class=\"item item-12\">\n<section class=\"text-item\">\n<h1>Nasiona warzyw Og\u00f3rek Octopus na przetwory PLENNY ODPORNY NA ZARAZY<\/h1>\n<\/section><\/div>\n<\/section>\n<section class=\"section\">\n<div class=\"item item-6\">\n<section class=\"image-item\">\n            <img decoding=\"async\" src=\"https:\/\/upload.cdn.baselinker.com\/products\/3018170\/ad3755574180f2da3ca203a8206717a5.png\" \/><br \/>\n        <\/section>\n<\/p><\/div>\n<div class=\"item item-6\">\n<section class=\"text-item\">\n<p><b>Og\u00f3rek gruntowy OCTOPUS F1 (\u015brednio wczesny)<\/b><\/p>\n<p>Odmiana \u015brednio wczesna, bardzo plenna, przeznaczona do\u00a0uprawy w\u00a0gruncie, bardzo dobra do\u00a0konserwowania. Owoce kszta\u0142tne, cylindryczne, o\u00a0dobrej konsystencji mi\u0105\u017cszu. Odmiana tolerancyjna wzgl\u0119dem m\u0105czniaka rzekomego oraz\u00a0wirusa mozaiki og\u00f3rka, odporna na\u00a0parcha dyniowatych. Siew gniazdowo po\u00a02-3 nasiona do\u00a0do\u0142ka na\u00a0g\u0142\u0119boko\u015b\u0107 1-2 cm.<\/p>\n<ul>\n<li><b>Siew:<\/b> V &#8211; \u00bd VI<\/li>\n<li><b>Zbi\u00f3r:<\/b> VII &#8211; IX<\/li>\n<li><b>Rozstawa:<\/b> 15 x 90-110 cm<\/li>\n<\/ul>\n<\/section><\/div>\n<\/section>\n<section class=\"section\">\n<div class=\"item item-6\">\n<section class=\"image-item\">\n            <img decoding=\"async\" src=\"https:\/\/upload.cdn.baselinker.com\/products\/3018170\/4fdfcfd4bfa0baeeb1f91d7215765973.png\" \/><br \/>\n        <\/section>\n<\/p><\/div>\n<div class=\"item item-6\">\n<section class=\"text-item\">\n<p><b>SPRAWDZONA JAKO\u015a\u0106 NASION<\/b><\/p>\n<p>Oferowane przez nas nasiona s\u0105 testowane w <b>Laboratorium Oceny Nasion pod wzgl\u0119dem:<\/b><\/p>\n<p>\u2705<b>kie\u0142kowania<\/b><\/p>\n<p>\u2705<b>wilgotno\u015bci<\/b><\/p>\n<p>\u2705<b>czysto\u015bci ziarna<\/b><\/p>\n<p><b>Dzi\u0119ki czemu udost\u0119pniane nasiona s\u0105 \u015bci\u015ble wyselekcjonowane, tylko wysokiej klasy.<\/b><\/p>\n<p>Torebki zakupione na naszej aukcji s\u0105 w pe\u0142ni bezpieczne, posiadaj\u0105 <b>dat\u0119 wa\u017cno\u015bci i nr partii na opakowaniu.<\/b> Gwarantujemy r\u00f3wnie\u017c jako\u015b\u0107 i oryginalno\u015b\u0107 produkt\u00f3w, poniewa\u017c s\u0105 nabywane bezpo\u015brednio od producenta.<\/p>\n<\/section><\/div>\n<\/section>\n<section class=\"section\">\n<div class=\"item item-6\">\n<section class=\"image-item\">\n            <img decoding=\"async\" src=\"https:\/\/upload.cdn.baselinker.com\/products\/3018170\/f03341aaf0646427a79c2e761fd59eb1.jpg\" \/><br \/>\n        <\/section>\n<\/p><\/div>\n<div class=\"item item-6\">\n<section class=\"image-item\">\n            <img decoding=\"async\" src=\"https:\/\/upload.cdn.baselinker.com\/products\/3018170\/687dd74dc23750ca8bfd818c77657381.jpg\" \/><br \/>\n        <\/section>\n<\/p><\/div>\n<\/section>\n<section class=\"section\">\n<div class=\"item item-12\">\n<section class=\"image-item\">\n            <img decoding=\"async\" src=\"https:\/\/upload.cdn.baselinker.com\/products\/3018170\/3fa706bdc7524328a54d6b264f4d601f.jpg\" \/><br \/>\n        <\/section>\n<\/p><\/div>\n<\/section>\n","protected":false},"excerpt":{"rendered":"<p>Nasiona warzyw Og\u00f3rek Octopus na przetwory PLENNY ODPORNY NA ZARAZY Og\u00f3rek gruntowy OCTOPUS F1 (\u015brednio wczesny) Odmiana \u015brednio wczesna, bardzo plenna, przeznaczona do\u00a0uprawy w\u00a0gruncie, bardzo dobra do\u00a0konserwowania. Owoce kszta\u0142tne, cylindryczne, o\u00a0dobrej konsystencji mi\u0105\u017cszu. Odmiana tolerancyjna wzgl\u0119dem m\u0105czniaka rzekomego oraz\u00a0wirusa mozaiki og\u00f3rka, odporna na\u00a0parcha dyniowatych. Siew gniazdowo po\u00a02-3 nasiona do\u00a0do\u0142ka na\u00a0g\u0142\u0119boko\u015b\u0107 1-2 cm. Siew: V &#8211;&#8230;<\/p>\n","protected":false},"featured_media":19135,"comment_status":"open","ping_status":"closed","template":"","meta":{"inline_featured_image":false},"product_cat":[126,162,190],"product_tag":[],"location":[],"class_list":{"0":"post-19153","1":"product","2":"type-product","3":"status-publish","4":"has-post-thumbnail","6":"product_cat-nasiona-warzyw","7":"product_cat-nasiona","8":"product_cat-nasiona-ogorka","9":"nt-post-class","10":"","13":"excerpt-none","16":"first","17":"outofstock","18":"shipping-taxable","19":"purchasable","20":"product-type-simple"},"_links":{"self":[{"href":"https:\/\/boskienasiona.pl\/en\/wp-json\/wp\/v2\/product\/19153","targetHints":{"allow":["GET"]}}],"collection":[{"href":"https:\/\/boskienasiona.pl\/en\/wp-json\/wp\/v2\/product"}],"about":[{"href":"https:\/\/boskienasiona.pl\/en\/wp-json\/wp\/v2\/types\/product"}],"replies":[{"embeddable":true,"href":"https:\/\/boskienasiona.pl\/en\/wp-json\/wp\/v2\/comments?post=19153"}],"version-history":[{"count":1,"href":"https:\/\/boskienasiona.pl\/en\/wp-json\/wp\/v2\/product\/19153\/revisions"}],"predecessor-version":[{"id":22670,"href":"https:\/\/boskienasiona.pl\/en\/wp-json\/wp\/v2\/product\/19153\/revisions\/22670"}],"wp:featuredmedia":[{"embeddable":true,"href":"https:\/\/boskienasiona.pl\/en\/wp-json\/wp\/v2\/media\/19135"}],"wp:attachment":[{"href":"https:\/\/boskienasiona.pl\/en\/wp-json\/wp\/v2\/media?parent=19153"}],"wp:term":[{"taxonomy":"product_cat","embeddable":true,"href":"https:\/\/boskienasiona.pl\/en\/wp-json\/wp\/v2\/product_cat?post=19153"},{"taxonomy":"product_tag","embeddable":true,"href":"https:\/\/boskienasiona.pl\/en\/wp-json\/wp\/v2\/product_tag?post=19153"},{"taxonomy":"location","embeddable":true,"href":"https:\/\/boskienasiona.pl\/en\/wp-json\/wp\/v2\/location?post=19153"}],"curies":[{"name":"wp","href":"https:\/\/api.w.org\/{rel}","templated":true}]}}