{"id":19172,"date":"2025-02-01T16:51:37","date_gmt":"2025-02-01T15:51:37","guid":{"rendered":"https:\/\/boskienasiona.pl\/product\/nasiona-warzyw-ogorek-anulka-odporny-na-zarazy-odmiana-korniszonowa\/"},"modified":"2026-04-19T14:17:07","modified_gmt":"2026-04-19T12:17:07","slug":"nasiona-warzyw-ogorek-anulka-odporny-na-zarazy-odmiana-korniszonowa","status":"publish","type":"product","link":"https:\/\/boskienasiona.pl\/en\/produkt\/nasiona-warzyw-ogorek-anulka-odporny-na-zarazy-odmiana-korniszonowa\/","title":{"rendered":"Nasiona warzyw OG\u00d3REK ANULKA Odporny na zarazy odmiana korniszonowa"},"content":{"rendered":"<section class=\"section\">\n<div class=\"item item-12\">\n<section class=\"text-item\">\n<h1>Nasiona warzyw OG\u00d3REK ANULKA Odporny na zarazy odmiana korniszonowa<\/h1>\n<\/section><\/div>\n<\/section>\n<section class=\"section\">\n<div class=\"item item-6\">\n<section class=\"image-item\">\n            <img decoding=\"async\" src=\"https:\/\/upload.cdn.baselinker.com\/products\/3018170\/4d86d0dbba23b85511b3c327406bebba.png\" \/><br \/>\n        <\/section>\n<\/p><\/div>\n<div class=\"item item-6\">\n<section class=\"text-item\">\n<p><b>Og\u00f3rek gruntowy Anulka F1<\/b><\/p>\n<p>Odmiana \u015brednio wczesna, (okres wegetacji 56 dni), \u00a0korniszonowa, plenna o\u00a0owocach bardzo kr\u00f3tkich, kszta\u0142tnych, o\u00a0\u00a0jasnozielonej barwie i\u00a0ma\u0142ych brodawkach . Tolerancyjna na\u00a0m\u0105czniaka rzekomego i\u00a0wirusa zwyk\u0142ej mozaiki og\u00f3rka oraz\u00a0odporna na\u00a0parcha dyniowatych. Wysiew do\u00a0gruntu na\u00a0g\u0142. 1-2 cm. od\u00a0po\u0142. V-VI.<\/p>\n<ul>\n<li><b>Waga:<\/b> 5g<\/li>\n<li><b>Siew:<\/b> \u00bd V &#8211; VI<\/li>\n<li><b>Zbi\u00f3r:<\/b> \u2013 \u00bd VII-\u00bd\u00a0 IX<\/li>\n<li><b>Rozstawa:<\/b> 15 x 80-120cm<\/li>\n<\/ul>\n<\/section><\/div>\n<\/section>\n<section class=\"section\">\n<div class=\"item item-6\">\n<section class=\"image-item\">\n            <img decoding=\"async\" src=\"https:\/\/upload.cdn.baselinker.com\/products\/3018170\/eeab9b9e8eafbb22a4f81ce6e5886648.png\" \/><br \/>\n        <\/section>\n<\/p><\/div>\n<div class=\"item item-6\">\n<section class=\"text-item\">\n<p><b>SPRAWDZONA JAKO\u015a\u0106 NASION<\/b><\/p>\n<p>Oferowane przez nas nasiona s\u0105 testowane w <b>Laboratorium Oceny Nasion pod wzgl\u0119dem:<\/b><\/p>\n<p>\u2705<b>kie\u0142kowania<\/b><\/p>\n<p>\u2705<b>wilgotno\u015bci<\/b><\/p>\n<p>\u2705<b>czysto\u015bci ziarna<\/b><\/p>\n<p><b>Dzi\u0119ki czemu udost\u0119pniane nasiona s\u0105 \u015bci\u015ble wyselekcjonowane, tylko wysokiej klasy.<\/b><\/p>\n<p>Torebki zakupione na naszej aukcji s\u0105 w pe\u0142ni bezpieczne, posiadaj\u0105 <b>dat\u0119 wa\u017cno\u015bci i nr partii na opakowaniu.<\/b> Gwarantujemy r\u00f3wnie\u017c jako\u015b\u0107 i oryginalno\u015b\u0107 produkt\u00f3w, poniewa\u017c s\u0105 nabywane bezpo\u015brednio od producenta.<\/p>\n<\/section><\/div>\n<\/section>\n<section class=\"section\">\n<div class=\"item item-6\">\n<section class=\"image-item\">\n            <img decoding=\"async\" src=\"https:\/\/upload.cdn.baselinker.com\/products\/3018170\/8b6320a4dd4704cbdc045ac95d4ec4cc.png\" \/><br \/>\n        <\/section>\n<\/p><\/div>\n<div class=\"item item-6\">\n<section class=\"image-item\">\n            <img decoding=\"async\" src=\"https:\/\/upload.cdn.baselinker.com\/products\/3018170\/ac61cc1eedfb14a91f51cb2efa354d4b.jpg\" \/><br \/>\n        <\/section>\n<\/p><\/div>\n<\/section>\n<section class=\"section\">\n<div class=\"item item-12\">\n<section class=\"image-item\">\n            <img decoding=\"async\" src=\"https:\/\/upload.cdn.baselinker.com\/products\/3018170\/192d2021c9cbc554734ee12fb07c72c6.jpg\" \/><br \/>\n        <\/section>\n<\/p><\/div>\n<\/section>\n","protected":false},"excerpt":{"rendered":"<p>Nasiona warzyw OG\u00d3REK ANULKA Odporny na zarazy odmiana korniszonowa Og\u00f3rek gruntowy Anulka F1 Odmiana \u015brednio wczesna, (okres wegetacji 56 dni), \u00a0korniszonowa, plenna o\u00a0owocach bardzo kr\u00f3tkich, kszta\u0142tnych, o\u00a0\u00a0jasnozielonej barwie i\u00a0ma\u0142ych brodawkach . Tolerancyjna na\u00a0m\u0105czniaka rzekomego i\u00a0wirusa zwyk\u0142ej mozaiki og\u00f3rka oraz\u00a0odporna na\u00a0parcha dyniowatych. Wysiew do\u00a0gruntu na\u00a0g\u0142. 1-2 cm. od\u00a0po\u0142. V-VI. Waga: 5g Siew: \u00bd V &#8211; VI&#8230;<\/p>\n","protected":false},"featured_media":19154,"comment_status":"open","ping_status":"closed","template":"","meta":{"inline_featured_image":false},"product_cat":[126,162,190],"product_tag":[],"location":[],"class_list":{"0":"post-19172","1":"product","2":"type-product","3":"status-publish","4":"has-post-thumbnail","6":"product_cat-nasiona-warzyw","7":"product_cat-nasiona","8":"product_cat-nasiona-ogorka","9":"nt-post-class","10":"","13":"excerpt-none","16":"first","17":"instock","18":"shipping-taxable","19":"purchasable","20":"product-type-simple"},"_links":{"self":[{"href":"https:\/\/boskienasiona.pl\/en\/wp-json\/wp\/v2\/product\/19172","targetHints":{"allow":["GET"]}}],"collection":[{"href":"https:\/\/boskienasiona.pl\/en\/wp-json\/wp\/v2\/product"}],"about":[{"href":"https:\/\/boskienasiona.pl\/en\/wp-json\/wp\/v2\/types\/product"}],"replies":[{"embeddable":true,"href":"https:\/\/boskienasiona.pl\/en\/wp-json\/wp\/v2\/comments?post=19172"}],"version-history":[{"count":1,"href":"https:\/\/boskienasiona.pl\/en\/wp-json\/wp\/v2\/product\/19172\/revisions"}],"predecessor-version":[{"id":22671,"href":"https:\/\/boskienasiona.pl\/en\/wp-json\/wp\/v2\/product\/19172\/revisions\/22671"}],"wp:featuredmedia":[{"embeddable":true,"href":"https:\/\/boskienasiona.pl\/en\/wp-json\/wp\/v2\/media\/19154"}],"wp:attachment":[{"href":"https:\/\/boskienasiona.pl\/en\/wp-json\/wp\/v2\/media?parent=19172"}],"wp:term":[{"taxonomy":"product_cat","embeddable":true,"href":"https:\/\/boskienasiona.pl\/en\/wp-json\/wp\/v2\/product_cat?post=19172"},{"taxonomy":"product_tag","embeddable":true,"href":"https:\/\/boskienasiona.pl\/en\/wp-json\/wp\/v2\/product_tag?post=19172"},{"taxonomy":"location","embeddable":true,"href":"https:\/\/boskienasiona.pl\/en\/wp-json\/wp\/v2\/location?post=19172"}],"curies":[{"name":"wp","href":"https:\/\/api.w.org\/{rel}","templated":true}]}}