{"id":19187,"date":"2025-02-01T16:52:14","date_gmt":"2025-02-01T15:52:14","guid":{"rendered":"https:\/\/boskienasiona.pl\/product\/nasiona-warzyw-marchew-flakkese-na-soki-i-mrozonki\/"},"modified":"2026-04-19T14:17:08","modified_gmt":"2026-04-19T12:17:08","slug":"nasiona-warzyw-marchew-flakkese-na-soki-i-mrozonki","status":"publish","type":"product","link":"https:\/\/boskienasiona.pl\/en\/produkt\/nasiona-warzyw-marchew-flakkese-na-soki-i-mrozonki\/","title":{"rendered":"Nasiona warzyw MARCHEW FLAKKESE na soki i mro\u017conki"},"content":{"rendered":"<section class=\"section\">\n<div class=\"item item-12\">\n<section class=\"text-item\">\n<h1>Nasiona warzyw MARCHEW FLAKKESE na soki i mro\u017conki<\/h1>\n<\/section><\/div>\n<\/section>\n<section class=\"section\">\n<div class=\"item item-6\">\n<section class=\"image-item\">\n            <img decoding=\"async\" src=\"https:\/\/upload.cdn.baselinker.com\/products\/3018170\/8339e55788d27028e6c3321af704f296.png\" \/><br \/>\n        <\/section>\n<\/p><\/div>\n<div class=\"item item-6\">\n<section class=\"text-item\">\n<p><b>Marchew jadalna\u00a0FLAKKESE\u00a02 (p\u00f3\u017ana)<\/b><\/p>\n<p>Odmiana p\u00f3\u017ana, bardzo plenna. Korzenie du\u017ce, d\u0142ugie 17-22 cm, bez\u00a0sk\u0142onno\u015bci do\u00a0gromadzenia azotan\u00f3w. Sk\u00f3rka g\u0142adka. Mi\u0105\u017csz intensywnie pomara\u0144czowy s\u0142odki, zawiera du\u017co karotenu. Nadaje\u00a0si\u0119 do\u00a0bezpo\u015bredniego spo\u017cycia i\u00a0do\u00a0przetw\u00f3rstwa, na\u00a0soki i\u00a0mro\u017conki. Siew od\u00a0po\u0142owy IV do\u00a0ko\u0144ca V.<\/p>\n<ul>\n<li><b>Opakowanie:<\/b> 5g<\/li>\n<li><b>Siew:<\/b> IX-X<\/li>\n<li><b>Zbi\u00f3r:<\/b> IX-X<\/li>\n<li><b>Rozstawa:<\/b> 30-40 x 3-4 cm<\/li>\n<\/ul>\n<\/section><\/div>\n<\/section>\n<section class=\"section\">\n<div class=\"item item-6\">\n<section class=\"image-item\">\n            <img decoding=\"async\" src=\"https:\/\/upload.cdn.baselinker.com\/products\/3018170\/a441f11c8a8762279fa0c84a5c74ab60.png\" \/><br \/>\n        <\/section>\n<\/p><\/div>\n<div class=\"item item-6\">\n<section class=\"text-item\">\n<p><b>SPRAWDZONA JAKO\u015a\u0106 NASION<\/b><\/p>\n<p>Oferowane przez nas nasiona s\u0105 testowane w\u00a0<b>Laboratorium Oceny Nasion pod wzgl\u0119dem:<\/b><\/p>\n<p>\u2705<b>kie\u0142kowania<\/b><\/p>\n<p>\u2705<b>wilgotno\u015bci<\/b><\/p>\n<p>\u2705<b>czysto\u015bci ziarna<\/b><\/p>\n<p><b>Dzi\u0119ki czemu udost\u0119pniane nasiona s\u0105 \u015bci\u015ble wyselekcjonowane, tylko wysokiej klasy.<\/b><\/p>\n<p>Torebki zakupione na naszej aukcji s\u0105 w pe\u0142ni bezpieczne, posiadaj\u0105\u00a0<b>dat\u0119 wa\u017cno\u015bci i nr partii na opakowaniu.<\/b>\u00a0Gwarantujemy r\u00f3wnie\u017c jako\u015b\u0107 i oryginalno\u015b\u0107 produkt\u00f3w, poniewa\u017c s\u0105 nabywane bezpo\u015brednio od producenta.<\/p>\n<\/section><\/div>\n<\/section>\n<section class=\"section\">\n<div class=\"item item-6\">\n<section class=\"image-item\">\n            <img decoding=\"async\" src=\"https:\/\/upload.cdn.baselinker.com\/products\/3018170\/0705db3439a17136be367ed1d665da8e.jpg\" \/><br \/>\n        <\/section>\n<\/p><\/div>\n<div class=\"item item-6\">\n<section class=\"image-item\">\n            <img decoding=\"async\" src=\"https:\/\/upload.cdn.baselinker.com\/products\/3018170\/bb35672541fd207984c1a21fb9a2927f.jpg\" \/><br \/>\n        <\/section>\n<\/p><\/div>\n<\/section>\n<section class=\"section\">\n<div class=\"item item-12\">\n<section class=\"image-item\">\n            <img decoding=\"async\" src=\"https:\/\/upload.cdn.baselinker.com\/products\/3018170\/895b4f831d4122f12644251c87d76a99.jpg\" \/><br \/>\n        <\/section>\n<\/p><\/div>\n<\/section>\n","protected":false},"excerpt":{"rendered":"<p>Nasiona warzyw MARCHEW FLAKKESE na soki i mro\u017conki Marchew jadalna\u00a0FLAKKESE\u00a02 (p\u00f3\u017ana) Odmiana p\u00f3\u017ana, bardzo plenna. Korzenie du\u017ce, d\u0142ugie 17-22 cm, bez\u00a0sk\u0142onno\u015bci do\u00a0gromadzenia azotan\u00f3w. Sk\u00f3rka g\u0142adka. Mi\u0105\u017csz intensywnie pomara\u0144czowy s\u0142odki, zawiera du\u017co karotenu. Nadaje\u00a0si\u0119 do\u00a0bezpo\u015bredniego spo\u017cycia i\u00a0do\u00a0przetw\u00f3rstwa, na\u00a0soki i\u00a0mro\u017conki. Siew od\u00a0po\u0142owy IV do\u00a0ko\u0144ca V. Opakowanie: 5g Siew: IX-X Zbi\u00f3r: IX-X Rozstawa: 30-40 x 3-4 cm SPRAWDZONA&#8230;<\/p>\n","protected":false},"featured_media":19173,"comment_status":"open","ping_status":"closed","template":"","meta":{"inline_featured_image":false},"product_cat":[126,162,186],"product_tag":[],"location":[],"class_list":{"0":"post-19187","1":"product","2":"type-product","3":"status-publish","4":"has-post-thumbnail","6":"product_cat-nasiona-warzyw","7":"product_cat-nasiona","8":"product_cat-nasiona-marchwi","9":"nt-post-class","10":"","13":"excerpt-none","16":"first","17":"instock","18":"shipping-taxable","19":"purchasable","20":"product-type-simple"},"_links":{"self":[{"href":"https:\/\/boskienasiona.pl\/en\/wp-json\/wp\/v2\/product\/19187","targetHints":{"allow":["GET"]}}],"collection":[{"href":"https:\/\/boskienasiona.pl\/en\/wp-json\/wp\/v2\/product"}],"about":[{"href":"https:\/\/boskienasiona.pl\/en\/wp-json\/wp\/v2\/types\/product"}],"replies":[{"embeddable":true,"href":"https:\/\/boskienasiona.pl\/en\/wp-json\/wp\/v2\/comments?post=19187"}],"version-history":[{"count":1,"href":"https:\/\/boskienasiona.pl\/en\/wp-json\/wp\/v2\/product\/19187\/revisions"}],"predecessor-version":[{"id":22608,"href":"https:\/\/boskienasiona.pl\/en\/wp-json\/wp\/v2\/product\/19187\/revisions\/22608"}],"wp:featuredmedia":[{"embeddable":true,"href":"https:\/\/boskienasiona.pl\/en\/wp-json\/wp\/v2\/media\/19173"}],"wp:attachment":[{"href":"https:\/\/boskienasiona.pl\/en\/wp-json\/wp\/v2\/media?parent=19187"}],"wp:term":[{"taxonomy":"product_cat","embeddable":true,"href":"https:\/\/boskienasiona.pl\/en\/wp-json\/wp\/v2\/product_cat?post=19187"},{"taxonomy":"product_tag","embeddable":true,"href":"https:\/\/boskienasiona.pl\/en\/wp-json\/wp\/v2\/product_tag?post=19187"},{"taxonomy":"location","embeddable":true,"href":"https:\/\/boskienasiona.pl\/en\/wp-json\/wp\/v2\/location?post=19187"}],"curies":[{"name":"wp","href":"https:\/\/api.w.org\/{rel}","templated":true}]}}