{"id":19202,"date":"2025-02-01T16:52:51","date_gmt":"2025-02-01T15:52:51","guid":{"rendered":"https:\/\/boskienasiona.pl\/product\/nasiona-warzyw-marchew-bardzo-wczesna-na-przetwory\/"},"modified":"2026-04-16T14:20:48","modified_gmt":"2026-04-16T12:20:48","slug":"nasiona-warzyw-marchew-bardzo-wczesna-na-przetwory","status":"publish","type":"product","link":"https:\/\/boskienasiona.pl\/en\/produkt\/nasiona-warzyw-marchew-bardzo-wczesna-na-przetwory\/","title":{"rendered":"Nasiona warzyw Marchew BARDZO WCZESNA na przetwory"},"content":{"rendered":"<section class=\"section\">\n<div class=\"item item-12\">\n<section class=\"text-item\">\n<h1>Nasiona warzyw Marchew BARDZO WCZESNA na przetwory<\/h1>\n<\/section><\/div>\n<\/section>\n<section class=\"section\">\n<div class=\"item item-6\">\n<section class=\"image-item\">\n            <img decoding=\"async\" src=\"https:\/\/upload.cdn.baselinker.com\/products\/3018170\/e70dfc1ed2d28d7de810a7046d2030b4.png\" \/><br \/>\n        <\/section>\n<\/p><\/div>\n<div class=\"item item-6\">\n<section class=\"text-item\">\n<p><b>Marchew jadalna CHANTENAY (bardzo wczesna)<\/b><\/p>\n<p>Odmiana bardzo wczesna przeznaczona do\u00a0najwcze\u015bniejszej uprawy w\u00a0gruncie i\u00a0pod\u00a0os\u0142onami. Polecana na\u00a0uprawy na\u00a0wczesny zbi\u00f3r p\u0119czkowy oraz\u00a0do\u00a0produkcji soku, przetwor\u00f3w i\u00a0bezpo\u015bredniego spo\u017cycia. Tworz\u0105cy sto\u017ckowate, \u015brednio d\u0142ugie ciemnopomara\u0144czowe korzenie o\u00a0owalnych ko\u0144cach o\u00a0du\u017cej zawarto\u015bci cukru i\u00a0karotenu. Wysiew na\u00a0g\u0142\u0119boko\u015b\u0107 1-2cm od\u00a0po\u0142owy III do\u00a0po\u0142owy VI. Zbi\u00f3r od\u00a0VI do\u00a0VIII. Na\u00a0zbi\u00f3r wczesno wiosenny mo\u017cna stosowa\u0107 siew ozimy od\u00a0po\u0142owy XI do\u00a0po\u0142owy XII.<\/p>\n<ul>\n<li><b>Siew:<\/b> III-VI<\/li>\n<li><b>Zbi\u00f3r:<\/b> VI-VIII<\/li>\n<li><b>Siew Ozimy:<\/b> XI-XII<\/li>\n<li><b>Zbi\u00f3r:<\/b> V<\/li>\n<li><b>Rozstawa:<\/b> 3-4\u00a0cm x 30-40 cm<\/li>\n<\/ul>\n<\/section><\/div>\n<\/section>\n<section class=\"section\">\n<div class=\"item item-6\">\n<section class=\"image-item\">\n            <img decoding=\"async\" src=\"https:\/\/upload.cdn.baselinker.com\/products\/3018170\/47d70ef51dfc100e82858a4da9dd5d35.jpg\" \/><br \/>\n        <\/section>\n<\/p><\/div>\n<div class=\"item item-6\">\n<section class=\"text-item\">\n<p><b>SPRAWDZONA JAKO\u015a\u0106 NASION<\/b><\/p>\n<p>Oferowane przez nas nasiona s\u0105 testowane w\u00a0<b>Laboratorium Oceny Nasion pod wzgl\u0119dem:<\/b><\/p>\n<p>\u2705<b>kie\u0142kowania<\/b><\/p>\n<p>\u2705<b>wilgotno\u015bci<\/b><\/p>\n<p>\u2705<b>czysto\u015bci ziarna<\/b><\/p>\n<p><b>Dzi\u0119ki czemu udost\u0119pniane nasiona s\u0105 \u015bci\u015ble wyselekcjonowane, tylko wysokiej klasy.<\/b><\/p>\n<p>Torebki zakupione na naszej aukcji s\u0105 w pe\u0142ni bezpieczne, posiadaj\u0105\u00a0<b>dat\u0119 wa\u017cno\u015bci i nr partii na opakowaniu.<\/b>\u00a0Gwarantujemy r\u00f3wnie\u017c jako\u015b\u0107 i oryginalno\u015b\u0107 produkt\u00f3w, poniewa\u017c s\u0105 nabywane bezpo\u015brednio od producenta.<\/p>\n<\/section><\/div>\n<\/section>\n<section class=\"section\">\n<div class=\"item item-6\">\n<section class=\"image-item\">\n            <img decoding=\"async\" src=\"https:\/\/upload.cdn.baselinker.com\/products\/3018170\/9af31bad288e07638522aba5728c1f0c.jpg\" \/><br \/>\n        <\/section>\n<\/p><\/div>\n<div class=\"item item-6\">\n<section class=\"image-item\">\n            <img decoding=\"async\" src=\"https:\/\/upload.cdn.baselinker.com\/products\/3018170\/9475531593a4d92fe08b786b2a38c95b.jpg\" \/><br \/>\n        <\/section>\n<\/p><\/div>\n<\/section>\n<section class=\"section\">\n<div class=\"item item-12\">\n<section class=\"image-item\">\n            <img decoding=\"async\" src=\"https:\/\/upload.cdn.baselinker.com\/products\/3018170\/b366535bca851dcbbd9d4eff6400443d.jpg\" \/><br \/>\n        <\/section>\n<\/p><\/div>\n<\/section>\n","protected":false},"excerpt":{"rendered":"<p>Nasiona warzyw Marchew BARDZO WCZESNA na przetwory Marchew jadalna CHANTENAY (bardzo wczesna) Odmiana bardzo wczesna przeznaczona do\u00a0najwcze\u015bniejszej uprawy w\u00a0gruncie i\u00a0pod\u00a0os\u0142onami. Polecana na\u00a0uprawy na\u00a0wczesny zbi\u00f3r p\u0119czkowy oraz\u00a0do\u00a0produkcji soku, przetwor\u00f3w i\u00a0bezpo\u015bredniego spo\u017cycia. Tworz\u0105cy sto\u017ckowate, \u015brednio d\u0142ugie ciemnopomara\u0144czowe korzenie o\u00a0owalnych ko\u0144cach o\u00a0du\u017cej zawarto\u015bci cukru i\u00a0karotenu. Wysiew na\u00a0g\u0142\u0119boko\u015b\u0107 1-2cm od\u00a0po\u0142owy III do\u00a0po\u0142owy VI. Zbi\u00f3r od\u00a0VI do\u00a0VIII. Na\u00a0zbi\u00f3r wczesno wiosenny&#8230;<\/p>\n","protected":false},"featured_media":19188,"comment_status":"open","ping_status":"closed","template":"","meta":{"inline_featured_image":false},"product_cat":[126,162,186],"product_tag":[],"location":[],"class_list":{"0":"post-19202","1":"product","2":"type-product","3":"status-publish","4":"has-post-thumbnail","6":"product_cat-nasiona-warzyw","7":"product_cat-nasiona","8":"product_cat-nasiona-marchwi","9":"nt-post-class","10":"","13":"excerpt-none","16":"first","17":"instock","18":"shipping-taxable","19":"purchasable","20":"product-type-simple"},"_links":{"self":[{"href":"https:\/\/boskienasiona.pl\/en\/wp-json\/wp\/v2\/product\/19202","targetHints":{"allow":["GET"]}}],"collection":[{"href":"https:\/\/boskienasiona.pl\/en\/wp-json\/wp\/v2\/product"}],"about":[{"href":"https:\/\/boskienasiona.pl\/en\/wp-json\/wp\/v2\/types\/product"}],"replies":[{"embeddable":true,"href":"https:\/\/boskienasiona.pl\/en\/wp-json\/wp\/v2\/comments?post=19202"}],"version-history":[{"count":1,"href":"https:\/\/boskienasiona.pl\/en\/wp-json\/wp\/v2\/product\/19202\/revisions"}],"predecessor-version":[{"id":22607,"href":"https:\/\/boskienasiona.pl\/en\/wp-json\/wp\/v2\/product\/19202\/revisions\/22607"}],"wp:featuredmedia":[{"embeddable":true,"href":"https:\/\/boskienasiona.pl\/en\/wp-json\/wp\/v2\/media\/19188"}],"wp:attachment":[{"href":"https:\/\/boskienasiona.pl\/en\/wp-json\/wp\/v2\/media?parent=19202"}],"wp:term":[{"taxonomy":"product_cat","embeddable":true,"href":"https:\/\/boskienasiona.pl\/en\/wp-json\/wp\/v2\/product_cat?post=19202"},{"taxonomy":"product_tag","embeddable":true,"href":"https:\/\/boskienasiona.pl\/en\/wp-json\/wp\/v2\/product_tag?post=19202"},{"taxonomy":"location","embeddable":true,"href":"https:\/\/boskienasiona.pl\/en\/wp-json\/wp\/v2\/location?post=19202"}],"curies":[{"name":"wp","href":"https:\/\/api.w.org\/{rel}","templated":true}]}}